{"id":2470,"date":"2026-01-31T07:20:00","date_gmt":"2026-01-31T07:20:00","guid":{"rendered":"https:\/\/www.lechaocandy.com\/?post_type=product&#038;p=2470"},"modified":"2026-01-31T07:29:40","modified_gmt":"2026-01-31T07:29:40","slug":"wholesale-crunchy-gummy-rings","status":"publish","type":"product","link":"https:\/\/www.lechaocandy.com\/es\/producto\/wholesale-crunchy-gummy-rings\/","title":{"rendered":"Mayorista Anillos de Gominolas Crujientes, Caramelos Masticables Crujientes a Granel"},"content":{"rendered":"<div class=\"wp-block-columns is-layout-flex wp-container-core-columns-is-layout-9d6595d7 wp-block-columns-is-layout-flex\"><div class=\"wp-block-column is-layout-flow wp-block-column-is-layout-flow\"><h2 class=\"wp-block-heading\">Aspectos destacados del producto Anillos de gominola crujientes al por mayor<\/h2>\n\n<ul class=\"wp-block-list\"><li><strong>Dise\u00f1o de doble impacto visual: <\/strong>Nuestros anillos de gominola crujientes al por mayor presentan una combinaci\u00f3n de colores en degradado arco iris, con cada pieza cubierta de brillantes perlas de az\u00facar. Combinados con opciones de presentaci\u00f3n din\u00e1micas, resultan muy atractivos en los estantes de las tiendas.<\/li>\n\n<li><strong>Experiencia gustativa en tres niveles:<\/strong> La capa exterior de nuestras gominolas nonpareil al por mayor es crujiente con perlas de az\u00facar, mientras que la gominola interior conserva una textura masticable, creando una sensaci\u00f3n de sabor continua.<\/li>\n\n<li><strong>Sistema de adaptaci\u00f3n de escenarios comerciales: <\/strong>Ofrecemos un sistema de productos de tres niveles para nuestros anillos de gominola crujientes al por mayor: envasado b\u00e1sico a granel, envasado en caja de regalo y kits de estilismo para mesa de postres. Tambi\u00e9n ofrecemos envases transparentes especialmente dise\u00f1ados para una exposici\u00f3n f\u00e1cil y llamativa.<\/li>\n\n<li><strong>Doble certificaci\u00f3n de seguridad alimentaria:<\/strong> Las perlas de az\u00facar comestible exteriores de estos anillos de gominola crujientes al por mayor utilizan pigmentos naturales, y la gominola interior cuenta con la certificaci\u00f3n Halal y se produce conforme a las normas ISO22000, con informes de pruebas de conformidad disponibles para la venta al por mayor transfronteriza.<\/li>\n\n<li><strong>Dise\u00f1o anti-da\u00f1os por embarque:<\/strong> El proceso especial de recubrimiento de az\u00facar de nuestras gominolas nonpareil al por mayor garantiza que m\u00e1s de 95% de las perlas de az\u00facar permanezcan intactas durante el transporte. Su naturaleza independiente y no pegajosa facilita la gesti\u00f3n del almacenamiento y reduce los costes por p\u00e9rdidas.<\/li><\/ul><\/div>\n\n<div class=\"wp-block-column is-layout-flow wp-block-column-is-layout-flow\"><figure class=\"wp-block-image size-full\"><img decoding=\"async\" width=\"1000\" height=\"1000\" src=\"https:\/\/www.lechaocandy.com\/wp-content\/uploads\/2026\/01\/Wholesale-Crunchy-Gummy-Rings-Bulk-Crispy-Chewy-Candies-6.webp\" alt=\"Mayorista Anillos de Gominolas Crujientes, Caramelos Masticables Crujientes a Granel-6\" class=\"wp-image-2476\" srcset=\"https:\/\/www.lechaocandy.com\/wp-content\/uploads\/2026\/01\/Wholesale-Crunchy-Gummy-Rings-Bulk-Crispy-Chewy-Candies-6.webp 1000w, https:\/\/www.lechaocandy.com\/wp-content\/uploads\/2026\/01\/Wholesale-Crunchy-Gummy-Rings-Bulk-Crispy-Chewy-Candies-6-300x300.webp 300w, https:\/\/www.lechaocandy.com\/wp-content\/uploads\/2026\/01\/Wholesale-Crunchy-Gummy-Rings-Bulk-Crispy-Chewy-Candies-6-150x150.webp 150w, https:\/\/www.lechaocandy.com\/wp-content\/uploads\/2026\/01\/Wholesale-Crunchy-Gummy-Rings-Bulk-Crispy-Chewy-Candies-6-768x768.webp 768w, https:\/\/www.lechaocandy.com\/wp-content\/uploads\/2026\/01\/Wholesale-Crunchy-Gummy-Rings-Bulk-Crispy-Chewy-Candies-6-12x12.webp 12w, https:\/\/www.lechaocandy.com\/wp-content\/uploads\/2026\/01\/Wholesale-Crunchy-Gummy-Rings-Bulk-Crispy-Chewy-Candies-6-600x600.webp 600w, https:\/\/www.lechaocandy.com\/wp-content\/uploads\/2026\/01\/Wholesale-Crunchy-Gummy-Rings-Bulk-Crispy-Chewy-Candies-6-100x100.webp 100w\" sizes=\"(max-width: 1000px) 100vw, 1000px\" \/><\/figure><\/div><\/div>","protected":false},"excerpt":{"rendered":"<p>\u00a1Bienvenido a nuestras gominolas nonpareil al por mayor! Nuestros anillos de gominola crujientes al por mayor ofrecen una textura \u00fanica \"crujiente por fuera, masticable por dentro\". Disponibles en una variedad de combinaciones de sabores de frutas como azul, verde, naranja y blanco, son tan vibrantes como un arco iris.<\/p>\n<table style=\"border-collapse: collapse; width: 300.02pt;\" border=\"0\" width=\"300\" cellspacing=\"0\" cellpadding=\"0\">\n<tbody>\n<tr style=\"height: 17.60pt;\">\n<td class=\"et2\" style=\"height: 17.60pt; width: 110.80pt;\" width=\"110\" height=\"17\">Fabricante<\/td>\n<td class=\"et2\" style=\"width: 189.95pt;\" width=\"189\">Caramelos LeChao<\/td>\n<\/tr>\n<tr style=\"height: 18.00pt;\">\n<td class=\"et2\" style=\"height: 18.00pt;\" height=\"18\">Tipo de producto<\/td>\n<td class=\"et3\" style=\"width: 189.95pt;\" width=\"189\">Gominolas Nonpareil<\/td>\n<\/tr>\n<tr style=\"height: 18.00pt;\">\n<td class=\"et2\" style=\"height: 18.00pt;\" height=\"18\">Pruebe<\/td>\n<td class=\"et3\" style=\"width: 189.95pt;\" width=\"189\">Agridulce y crujiente<\/td>\n<\/tr>\n<tr style=\"height: 17.60pt;\">\n<td class=\"et2\" style=\"height: 17.60pt;\" height=\"17\">Paquete<\/td>\n<td class=\"et2\">Granel, Caja, Botella, Bolsa<\/td>\n<\/tr>\n<tr style=\"height: 17.60pt;\">\n<td class=\"et2\" style=\"height: 17.60pt;\" height=\"17\">MOQ<\/td>\n<td class=\"et2\">500CTNS<\/td>\n<\/tr>\n<tr style=\"height: 17.60pt;\">\n<td class=\"et2\" style=\"height: 17.60pt;\" height=\"17\">Muestra<\/td>\n<td class=\"et2\">Disponible<\/td>\n<\/tr>\n<\/tbody>\n<\/table>\n<p>&nbsp;<\/p>\n<p>&nbsp;<\/p>\n<p>&nbsp;<\/p>","protected":false},"featured_media":2474,"comment_status":"open","ping_status":"closed","template":"","meta":{"_acf_changed":false},"product_brand":[],"product_cat":[19,40],"product_tag":[],"class_list":{"0":"post-2470","1":"product","2":"type-product","3":"status-publish","4":"has-post-thumbnail","6":"product_cat-wholesale-gummy-manufacturer","7":"product_cat-wholesale-nonpareils-gummy","9":"first","10":"instock","11":"shipping-taxable","12":"product-type-simple"},"acf":[],"_links":{"self":[{"href":"https:\/\/www.lechaocandy.com\/es\/wp-json\/wp\/v2\/product\/2470","targetHints":{"allow":["GET"]}}],"collection":[{"href":"https:\/\/www.lechaocandy.com\/es\/wp-json\/wp\/v2\/product"}],"about":[{"href":"https:\/\/www.lechaocandy.com\/es\/wp-json\/wp\/v2\/types\/product"}],"replies":[{"embeddable":true,"href":"https:\/\/www.lechaocandy.com\/es\/wp-json\/wp\/v2\/comments?post=2470"}],"wp:featuredmedia":[{"embeddable":true,"href":"https:\/\/www.lechaocandy.com\/es\/wp-json\/wp\/v2\/media\/2474"}],"wp:attachment":[{"href":"https:\/\/www.lechaocandy.com\/es\/wp-json\/wp\/v2\/media?parent=2470"}],"wp:term":[{"taxonomy":"product_brand","embeddable":true,"href":"https:\/\/www.lechaocandy.com\/es\/wp-json\/wp\/v2\/product_brand?post=2470"},{"taxonomy":"product_cat","embeddable":true,"href":"https:\/\/www.lechaocandy.com\/es\/wp-json\/wp\/v2\/product_cat?post=2470"},{"taxonomy":"product_tag","embeddable":true,"href":"https:\/\/www.lechaocandy.com\/es\/wp-json\/wp\/v2\/product_tag?post=2470"}],"curies":[{"name":"wp","href":"https:\/\/api.w.org\/{rel}","templated":true}]}}