{"id":2529,"date":"2026-02-26T01:30:59","date_gmt":"2026-02-26T01:30:59","guid":{"rendered":"https:\/\/www.lechaocandy.com\/?post_type=product&#038;p=2529"},"modified":"2026-02-26T01:35:18","modified_gmt":"2026-02-26T01:35:18","slug":"chewy-candy-wholesale","status":"publish","type":"product","link":"https:\/\/www.lechaocandy.com\/es\/producto\/chewy-candy-wholesale\/","title":{"rendered":"Lechao Caramelos masticables al por mayor, Gominolas de sandia agria a granel"},"content":{"rendered":"<div class=\"wp-block-columns is-layout-flex wp-container-core-columns-is-layout-9d6595d7 wp-block-columns-is-layout-flex\"><div class=\"wp-block-column is-layout-flow wp-block-column-is-layout-flow\"><h2 class=\"wp-block-heading\">Productos destacados de Caramelos masticables al por mayor<\/h2>\n\n<ul class=\"wp-block-list\"><li><strong>Sabor cl\u00e1sico a sand\u00eda:<\/strong> Este caramelo masticable al por mayor se elabora con sabor a sand\u00eda cuidadosamente seleccionado, ofreciendo un equilibrio perfecto de dulce y \u00e1cido. Los gr\u00e1nulos de az\u00facar de la capa exterior aportan una textura \"\u00e1cida y jugosa\" \u00fanica, que lo hace apetitoso y satisfactorio.<\/li>\n\n<li><strong>Dise\u00f1o realista:<\/strong> Nuestros caramelos de goma a granel presentan un dise\u00f1o rojo, verde y blanco que reproduce a la perfecci\u00f3n el aspecto de las rodajas de sand\u00eda. La forma viva e interesante es visualmente atractiva.<\/li>\n\n<li><strong>Ingredientes de primera calidad:<\/strong> Nuestro caramelo masticable al por mayor utiliza gelatina de alta calidad e ingredientes con sabor a fruta, lo que da como resultado una textura masticable y el\u00e1stica que reproduce a la perfecci\u00f3n el sabor cl\u00e1sico del caramelo de goma tradicional.<\/li>\n\n<li><strong>C\u00f3modo paquete para compartir: <\/strong>Este caramelo de goma a granel se presenta en un c\u00f3modo tama\u00f1o de 120 g, perfecto para disfrutar individualmente o para compartir en fiestas. El envase transparente facilita la comprobaci\u00f3n de la cantidad restante.<\/li>\n\n<li><strong>Garant\u00eda de calidad de la marca:<\/strong> La marca Lechao se centra en la producci\u00f3n de caramelos, controlando estrictamente el proceso de producci\u00f3n y la seguridad alimentaria para garantizar que nuestro Chewy Candy Wholesale cumple con altos est\u00e1ndares de calidad.<\/li><\/ul><\/div>\n\n<div class=\"wp-block-column is-layout-flow wp-block-column-is-layout-flow\"><figure class=\"wp-block-image size-full\"><img decoding=\"async\" width=\"1000\" height=\"1000\" src=\"https:\/\/www.lechaocandy.com\/wp-content\/uploads\/2026\/02\/Lechao-Chewy-Candy-Wholesale-Bulk-Sour-Watermelon-Gummies-1.webp\" alt=\"Lechao Caramelos masticables al por mayor, Gominolas de sandia agria a granel-1\" class=\"wp-image-2530\" srcset=\"https:\/\/www.lechaocandy.com\/wp-content\/uploads\/2026\/02\/Lechao-Chewy-Candy-Wholesale-Bulk-Sour-Watermelon-Gummies-1.webp 1000w, https:\/\/www.lechaocandy.com\/wp-content\/uploads\/2026\/02\/Lechao-Chewy-Candy-Wholesale-Bulk-Sour-Watermelon-Gummies-1-300x300.webp 300w, https:\/\/www.lechaocandy.com\/wp-content\/uploads\/2026\/02\/Lechao-Chewy-Candy-Wholesale-Bulk-Sour-Watermelon-Gummies-1-150x150.webp 150w, https:\/\/www.lechaocandy.com\/wp-content\/uploads\/2026\/02\/Lechao-Chewy-Candy-Wholesale-Bulk-Sour-Watermelon-Gummies-1-768x768.webp 768w, https:\/\/www.lechaocandy.com\/wp-content\/uploads\/2026\/02\/Lechao-Chewy-Candy-Wholesale-Bulk-Sour-Watermelon-Gummies-1-12x12.webp 12w, https:\/\/www.lechaocandy.com\/wp-content\/uploads\/2026\/02\/Lechao-Chewy-Candy-Wholesale-Bulk-Sour-Watermelon-Gummies-1-600x600.webp 600w, https:\/\/www.lechaocandy.com\/wp-content\/uploads\/2026\/02\/Lechao-Chewy-Candy-Wholesale-Bulk-Sour-Watermelon-Gummies-1-100x100.webp 100w\" sizes=\"(max-width: 1000px) 100vw, 1000px\" \/><\/figure><\/div><\/div>","protected":false},"excerpt":{"rendered":"<p>\u00a1Bienvenido a comprar caramelos de goma al por mayor! Este caramelo masticable al por mayor con sabor a sand\u00eda tiene forma de sand\u00eda con rayas rojas, verdes y blancas. Su sabor agridulce, combinado con un recubrimiento de az\u00facar \u00fanico, lo convierte en un tentempi\u00e9 muy popular.<\/p>\n<table style=\"border-collapse: collapse; width: 300.02pt;\" border=\"0\" width=\"300\" cellspacing=\"0\" cellpadding=\"0\">\n<tbody>\n<tr style=\"height: 17.60pt;\">\n<td class=\"et2\" style=\"height: 17.60pt; width: 110.80pt;\" width=\"110\" height=\"17\">Fabricante<\/td>\n<td class=\"et2\" style=\"width: 189.95pt;\" width=\"189\">Caramelos LeChao<\/td>\n<\/tr>\n<tr style=\"height: 18.00pt;\">\n<td class=\"et2\" style=\"height: 18.00pt;\" height=\"18\">Tipo de producto<\/td>\n<td class=\"et3\" style=\"width: 189.95pt;\" width=\"189\">Gominolas \u00e1cidas<\/td>\n<\/tr>\n<tr style=\"height: 18.00pt;\">\n<td class=\"et2\" style=\"height: 18.00pt;\" height=\"18\">Pruebe<\/td>\n<td class=\"et3\" style=\"width: 189.95pt;\" width=\"189\">Agridulce y resistente<\/td>\n<\/tr>\n<tr style=\"height: 17.60pt;\">\n<td class=\"et2\" style=\"height: 17.60pt;\" height=\"17\">Especificaci\u00f3n<\/td>\n<td class=\"et2\">120gX48bolsas<\/td>\n<\/tr>\n<tr style=\"height: 17.60pt;\">\n<td class=\"et2\" style=\"height: 17.60pt;\" height=\"17\">Tama\u00f1o de la caja<\/td>\n<td class=\"et2\">39*26*24CM<\/td>\n<\/tr>\n<tr style=\"height: 17.60pt;\">\n<td class=\"et2\" style=\"height: 17.60pt;\" height=\"17\">N.W.\/Cart\u00f3n<\/td>\n<td class=\"et2\">7,5 kg<\/td>\n<\/tr>\n<tr style=\"height: 17.60pt;\">\n<td class=\"et2\" style=\"height: 17.60pt;\" height=\"17\">Precio<\/td>\n<td class=\"et2\">0,55-0,57USD\/bolsa<\/td>\n<\/tr>\n<tr style=\"height: 17.60pt;\">\n<td class=\"et2\" style=\"height: 17.60pt;\" height=\"17\">MOQ<\/td>\n<td class=\"et2\">500CTN<\/td>\n<\/tr>\n<tr style=\"height: 17.60pt;\">\n<td class=\"et2\" style=\"height: 17.60pt;\" height=\"17\">Muestra<\/td>\n<td class=\"et2\">Disponible<\/td>\n<\/tr>\n<\/tbody>\n<\/table>\n<p>&nbsp;<\/p>\n<p>&nbsp;<\/p>\n<p>&nbsp;<\/p>","protected":false},"featured_media":2531,"comment_status":"open","ping_status":"closed","template":"","meta":{"_acf_changed":false},"product_brand":[],"product_cat":[19,28],"product_tag":[],"class_list":{"0":"post-2529","1":"product","2":"type-product","3":"status-publish","4":"has-post-thumbnail","6":"product_cat-wholesale-gummy-manufacturer","7":"product_cat-bulk-sour-gummies","9":"first","10":"instock","11":"shipping-taxable","12":"product-type-simple"},"acf":[],"_links":{"self":[{"href":"https:\/\/www.lechaocandy.com\/es\/wp-json\/wp\/v2\/product\/2529","targetHints":{"allow":["GET"]}}],"collection":[{"href":"https:\/\/www.lechaocandy.com\/es\/wp-json\/wp\/v2\/product"}],"about":[{"href":"https:\/\/www.lechaocandy.com\/es\/wp-json\/wp\/v2\/types\/product"}],"replies":[{"embeddable":true,"href":"https:\/\/www.lechaocandy.com\/es\/wp-json\/wp\/v2\/comments?post=2529"}],"wp:featuredmedia":[{"embeddable":true,"href":"https:\/\/www.lechaocandy.com\/es\/wp-json\/wp\/v2\/media\/2531"}],"wp:attachment":[{"href":"https:\/\/www.lechaocandy.com\/es\/wp-json\/wp\/v2\/media?parent=2529"}],"wp:term":[{"taxonomy":"product_brand","embeddable":true,"href":"https:\/\/www.lechaocandy.com\/es\/wp-json\/wp\/v2\/product_brand?post=2529"},{"taxonomy":"product_cat","embeddable":true,"href":"https:\/\/www.lechaocandy.com\/es\/wp-json\/wp\/v2\/product_cat?post=2529"},{"taxonomy":"product_tag","embeddable":true,"href":"https:\/\/www.lechaocandy.com\/es\/wp-json\/wp\/v2\/product_tag?post=2529"}],"curies":[{"name":"wp","href":"https:\/\/api.w.org\/{rel}","templated":true}]}}