{"id":2570,"date":"2026-03-17T06:46:58","date_gmt":"2026-03-17T06:46:58","guid":{"rendered":"https:\/\/www.lechaocandy.com\/?post_type=product&#038;p=2570"},"modified":"2026-03-17T06:52:55","modified_gmt":"2026-03-17T06:52:55","slug":"halal-jelly-sweets-bulk","status":"publish","type":"product","link":"https:\/\/www.lechaocandy.com\/es\/producto\/halal-jelly-sweets-bulk\/","title":{"rendered":"Caramelos de goma sabor naranja Halal Caramelos de goma a granel al por mayor"},"content":{"rendered":"<div class=\"wp-block-columns is-layout-flex wp-container-core-columns-is-layout-9d6595d7 wp-block-columns-is-layout-flex\"><div class=\"wp-block-column is-layout-flow wp-block-column-is-layout-flow\"><h2 class=\"wp-block-heading\">Productos destacados de los caramelos de gelatina halal a granel<\/h2>\n\n<ul class=\"wp-block-list\"><li><strong>Certificado Halal:<\/strong> Estos dulces de gelatina halal con sabor a naranja a granel cumplen estrictamente las normas alimentarias halal, lo que facilita su entrada en los principales mercados del Sudeste Asi\u00e1tico y Oriente Medio.<\/li>\n\n<li><strong>Sabor a naranja fresca:<\/strong> Nuestros caramelos de goma al por mayor capturan el aut\u00e9ntico sabor del aut\u00e9ntico zumo de naranja -perfectamente equilibrado entre acidez y dulzor-, atrayendo la preferencia del p\u00fablico en general por los dulces con sabor a fruta.<\/li>\n\n<li><strong>Resistencia superior al calor:<\/strong> La f\u00f3rmula de nuestros caramelos de gelatina halal a granel se ha optimizado para climas tropicales, lo que garantiza que el caramelo mantenga su forma y no se pegue dentro de su envase, incluso en entornos de altas temperaturas.<\/li>\n\n<li><strong>Dise\u00f1o visualmente atractivo:<\/strong> Nuestro caramelo de goma naranja al por mayor presenta un exclusivo dise\u00f1o jaspeado en amarillo y blanco. Cada pieza es regordeta y redonda, ofreciendo un atractivo visual excepcional y una gran comerciabilidad.<\/li>\n\n<li><strong>Ventajas de la venta al por mayor:<\/strong> Ofrecemos un suministro estable de caramelos de gelatina halal a granel, admitimos opciones de envasado personalizado para grandes cantidades y proporcionamos una excelente relaci\u00f3n calidad-precio, satisfaciendo las necesidades de distribuci\u00f3n de diversos canales de venta.<\/li><\/ul><\/div>\n\n<div class=\"wp-block-column is-layout-flow wp-block-column-is-layout-flow\"><figure class=\"wp-block-image size-full\"><img decoding=\"async\" width=\"1000\" height=\"1000\" src=\"https:\/\/www.lechaocandy.com\/wp-content\/uploads\/2026\/03\/Orange-Flavor-Halal-Jelly-Sweets-Bulk-Gummy-Candy-Wholesale-2.webp\" alt=\"Caramelos de goma sabor naranja Halal Caramelos de goma a granel al por mayor-2\" class=\"wp-image-2572\" srcset=\"https:\/\/www.lechaocandy.com\/wp-content\/uploads\/2026\/03\/Orange-Flavor-Halal-Jelly-Sweets-Bulk-Gummy-Candy-Wholesale-2.webp 1000w, https:\/\/www.lechaocandy.com\/wp-content\/uploads\/2026\/03\/Orange-Flavor-Halal-Jelly-Sweets-Bulk-Gummy-Candy-Wholesale-2-300x300.webp 300w, https:\/\/www.lechaocandy.com\/wp-content\/uploads\/2026\/03\/Orange-Flavor-Halal-Jelly-Sweets-Bulk-Gummy-Candy-Wholesale-2-150x150.webp 150w, https:\/\/www.lechaocandy.com\/wp-content\/uploads\/2026\/03\/Orange-Flavor-Halal-Jelly-Sweets-Bulk-Gummy-Candy-Wholesale-2-768x768.webp 768w, https:\/\/www.lechaocandy.com\/wp-content\/uploads\/2026\/03\/Orange-Flavor-Halal-Jelly-Sweets-Bulk-Gummy-Candy-Wholesale-2-12x12.webp 12w, https:\/\/www.lechaocandy.com\/wp-content\/uploads\/2026\/03\/Orange-Flavor-Halal-Jelly-Sweets-Bulk-Gummy-Candy-Wholesale-2-600x600.webp 600w, https:\/\/www.lechaocandy.com\/wp-content\/uploads\/2026\/03\/Orange-Flavor-Halal-Jelly-Sweets-Bulk-Gummy-Candy-Wholesale-2-100x100.webp 100w\" sizes=\"(max-width: 1000px) 100vw, 1000px\" \/><\/figure><\/div><\/div>","protected":false},"excerpt":{"rendered":"<p>Caramelos de goma halal sabor naranja de primera calidad al por mayor. Nuestros caramelos de goma al por mayor de alta calidad se elaboran espec\u00edficamente para el mercado mayorista mundial, utilizando una f\u00f3rmula premium que cumple con la Halal. Un patr\u00f3n de color naranja vibrante y llamativo encierra un interior masticable y suave, que exuda un rico aroma a fruta natural.<\/p>\n<table style=\"border-collapse: collapse; width: 300.02pt;\" border=\"0\" width=\"300\" cellspacing=\"0\" cellpadding=\"0\">\n<tbody>\n<tr style=\"height: 17.60pt;\">\n<td class=\"et2\" style=\"height: 17.60pt; width: 110.80pt;\" width=\"110\" height=\"17\">Fabricante<\/td>\n<td class=\"et2\" style=\"width: 189.95pt;\" width=\"189\">Caramelos LeChao<\/td>\n<\/tr>\n<tr style=\"height: 18.00pt;\">\n<td class=\"et2\" style=\"height: 18.00pt;\" height=\"18\">Tipo de producto<\/td>\n<td class=\"et3\" style=\"width: 189.95pt;\" width=\"189\">Gominolas recubiertas de chocolate<\/td>\n<\/tr>\n<tr style=\"height: 18.00pt;\">\n<td class=\"et2\" style=\"height: 18.00pt;\" height=\"18\">Pruebe<\/td>\n<td class=\"et3\" style=\"width: 189.95pt;\" width=\"189\">Dulce y resistente<\/td>\n<\/tr>\n<tr style=\"height: 17.60pt;\">\n<td class=\"et2\" style=\"height: 17.60pt;\" height=\"17\">MOQ<\/td>\n<td class=\"et2\">500CTN<\/td>\n<\/tr>\n<tr style=\"height: 17.60pt;\">\n<td class=\"et2\" style=\"height: 17.60pt;\" height=\"17\">Muestra<\/td>\n<td class=\"et2\">Disponible<\/td>\n<\/tr>\n<tr style=\"height: 17.60pt;\">\n<td class=\"et2\" style=\"height: 17.60pt;\" height=\"17\">Paquete<\/td>\n<td class=\"et2\">Personalizado<\/td>\n<\/tr>\n<\/tbody>\n<\/table>\n<p>&nbsp;<\/p>\n<p>&nbsp;<\/p>\n<p>&nbsp;<\/p>","protected":false},"featured_media":2571,"comment_status":"open","ping_status":"closed","template":"","meta":{"_acf_changed":false},"product_brand":[],"product_cat":[19,23],"product_tag":[],"class_list":{"0":"post-2570","1":"product","2":"type-product","3":"status-publish","4":"has-post-thumbnail","6":"product_cat-wholesale-gummy-manufacturer","7":"product_cat-wholesale-chocolate-candy","9":"first","10":"instock","11":"shipping-taxable","12":"product-type-simple"},"acf":[],"_links":{"self":[{"href":"https:\/\/www.lechaocandy.com\/es\/wp-json\/wp\/v2\/product\/2570","targetHints":{"allow":["GET"]}}],"collection":[{"href":"https:\/\/www.lechaocandy.com\/es\/wp-json\/wp\/v2\/product"}],"about":[{"href":"https:\/\/www.lechaocandy.com\/es\/wp-json\/wp\/v2\/types\/product"}],"replies":[{"embeddable":true,"href":"https:\/\/www.lechaocandy.com\/es\/wp-json\/wp\/v2\/comments?post=2570"}],"wp:featuredmedia":[{"embeddable":true,"href":"https:\/\/www.lechaocandy.com\/es\/wp-json\/wp\/v2\/media\/2571"}],"wp:attachment":[{"href":"https:\/\/www.lechaocandy.com\/es\/wp-json\/wp\/v2\/media?parent=2570"}],"wp:term":[{"taxonomy":"product_brand","embeddable":true,"href":"https:\/\/www.lechaocandy.com\/es\/wp-json\/wp\/v2\/product_brand?post=2570"},{"taxonomy":"product_cat","embeddable":true,"href":"https:\/\/www.lechaocandy.com\/es\/wp-json\/wp\/v2\/product_cat?post=2570"},{"taxonomy":"product_tag","embeddable":true,"href":"https:\/\/www.lechaocandy.com\/es\/wp-json\/wp\/v2\/product_tag?post=2570"}],"curies":[{"name":"wp","href":"https:\/\/api.w.org\/{rel}","templated":true}]}}