{"id":437,"date":"2025-05-14T03:28:30","date_gmt":"2025-05-14T03:28:30","guid":{"rendered":"https:\/\/www.lechaocandy.com\/?post_type=product&#038;p=437"},"modified":"2025-05-14T07:05:30","modified_gmt":"2025-05-14T07:05:30","slug":"gummy-candy-wholesale","status":"publish","type":"product","link":"https:\/\/www.lechaocandy.com\/es\/producto\/gummy-candy-wholesale\/","title":{"rendered":"Caramelos de goma con forma de seta al por mayor, Caramelos masticables a granel"},"content":{"rendered":"<div class=\"wp-block-columns is-layout-flex wp-container-core-columns-is-layout-9d6595d7 wp-block-columns-is-layout-flex\"><div class=\"wp-block-column is-layout-flow wp-block-column-is-layout-flow\"><h2 class=\"wp-block-heading\">Productos destacados de Caramelos de goma con forma de seta al por mayor<\/h2>\n\n<ul class=\"wp-block-list\"><li><strong>Bonita forma de seta, llamativa:<\/strong> Estos caramelos de goma al por mayor tienen un dise\u00f1o \u00fanico en forma de seta, colores brillantes, aspecto simp\u00e1tico y un gran atractivo visual.<\/li>\n\n<li><strong>Suave y masticable, rico sabor: <\/strong>Nuestros caramelos masticables a granel con forma de seta ofrecen una experiencia de masticaci\u00f3n flexible y el\u00e1stica, dulce pero no grasienta, apta para todas las edades.<\/li>\n\n<li><strong>M\u00faltiples combinaciones de colores, efectos visuales excepcionales<\/strong>: Nuestro caramelo de goma en forma de seta al por mayor ofrece amarillo, verde, azul, rojo, blanco y otros colores brillantes, y se puede personalizar seg\u00fan las necesidades del cliente.<\/li>\n\n<li><strong>Aplicaci\u00f3n multiescena, los canales de aperitivos m\u00e1s vendidos: <\/strong>Nuestros caramelos masticables a granel son adecuados para la venta minorista en supermercados, tiendas de aperitivos, comercio electr\u00f3nico en l\u00ednea, cajas de regalo navide\u00f1as y mercados de regalos, y son aperitivos ideales para el ocio, las reuniones y las fiestas.<\/li>\n\n<li><strong>Admite envases y f\u00f3rmulas personalizados: <\/strong>Nuestro mayorista de caramelos de goma puede personalizar las formas de envasado, el logotipo de la marca y las f\u00f3rmulas de sabor bajo demanda para satisfacer las necesidades de cooperaci\u00f3n OEM\/ODM y mejorar el reconocimiento de la marca.<\/li><\/ul><\/div>\n\n<div class=\"wp-block-column is-layout-flow wp-block-column-is-layout-flow\"><figure class=\"wp-block-image size-full\"><img decoding=\"async\" width=\"800\" height=\"800\" src=\"https:\/\/www.lechaocandy.com\/wp-content\/uploads\/2025\/05\/Mushroom-Shape-Gummy-Candy-Wholesale-Bulk-Chewy-Candy-2.webp\" alt=\"Caramelos de goma con forma de seta al por mayor, Caramelos masticables a granel-2\" class=\"wp-image-445\" srcset=\"https:\/\/www.lechaocandy.com\/wp-content\/uploads\/2025\/05\/Mushroom-Shape-Gummy-Candy-Wholesale-Bulk-Chewy-Candy-2.webp 800w, https:\/\/www.lechaocandy.com\/wp-content\/uploads\/2025\/05\/Mushroom-Shape-Gummy-Candy-Wholesale-Bulk-Chewy-Candy-2-300x300.webp 300w, https:\/\/www.lechaocandy.com\/wp-content\/uploads\/2025\/05\/Mushroom-Shape-Gummy-Candy-Wholesale-Bulk-Chewy-Candy-2-150x150.webp 150w, https:\/\/www.lechaocandy.com\/wp-content\/uploads\/2025\/05\/Mushroom-Shape-Gummy-Candy-Wholesale-Bulk-Chewy-Candy-2-768x768.webp 768w, https:\/\/www.lechaocandy.com\/wp-content\/uploads\/2025\/05\/Mushroom-Shape-Gummy-Candy-Wholesale-Bulk-Chewy-Candy-2-600x600.webp 600w, https:\/\/www.lechaocandy.com\/wp-content\/uploads\/2025\/05\/Mushroom-Shape-Gummy-Candy-Wholesale-Bulk-Chewy-Candy-2-100x100.webp 100w\" sizes=\"(max-width: 800px) 100vw, 800px\" \/><\/figure><\/div><\/div>","protected":false},"excerpt":{"rendered":"<p>Bienvenido a comprar caramelos masticables al por mayor. Nuestros caramelos de goma con forma de seta al por mayor gustan tanto a los ni\u00f1os como a los amantes de los aperitivos por su bonito aspecto y su sabor masticable y delicioso. Admite recetas, sabores y envases personalizados, y puede adaptarse a varios canales de venta.<\/p>\n<table style=\"border-collapse: collapse; width: 314.02pt;\" border=\"0\" width=\"314\" cellspacing=\"0\" cellpadding=\"0\">\n<tbody>\n<tr style=\"height: 17.60pt;\">\n<td class=\"et2\" style=\"height: 17.60pt; width: 110.80pt;\" width=\"110\" height=\"17\">Fabricante<\/td>\n<td class=\"et2\" style=\"width: 204.10pt;\" width=\"204\">Caramelos LeChao<\/td>\n<\/tr>\n<tr style=\"height: 18.00pt;\">\n<td class=\"et2\" style=\"height: 18.00pt;\" height=\"18\">Tipo de producto<\/td>\n<td class=\"et3\" style=\"width: 204.10pt;\" width=\"204\">Caramelo de goma 3D Champi\u00f1\u00f3n<\/td>\n<\/tr>\n<tr style=\"height: 18.00pt;\">\n<td class=\"et2\" style=\"height: 18.00pt;\" height=\"18\">Pruebe<\/td>\n<td class=\"et3\" style=\"width: 204.10pt;\" width=\"204\">Agridulce y resistente<\/td>\n<\/tr>\n<tr style=\"height: 17.60pt;\">\n<td class=\"et2\" style=\"height: 17.60pt;\" height=\"17\">Especificaci\u00f3n<\/td>\n<td class=\"et2\">22gX20bolsasX12cajas<\/td>\n<\/tr>\n<tr style=\"height: 17.60pt;\">\n<td class=\"et2\" style=\"height: 17.60pt;\" height=\"17\">Tama\u00f1o de la caja<\/td>\n<td class=\"et2\">39.5X31.5X31cm<\/td>\n<\/tr>\n<tr style=\"height: 17.60pt;\">\n<td class=\"et2\" style=\"height: 17.60pt;\" height=\"17\">N.W.\/Cart\u00f3n<\/td>\n<td class=\"et2\">8,2 kg<\/td>\n<\/tr>\n<tr style=\"height: 17.60pt;\">\n<td class=\"et2\" style=\"height: 17.60pt;\" height=\"17\">Precio<\/td>\n<td class=\"et2\">0,1-0,12USD<\/td>\n<\/tr>\n<tr style=\"height: 17.60pt;\">\n<td class=\"et2\" style=\"height: 17.60pt;\" height=\"17\">MOQ<\/td>\n<td class=\"et2\">800 cajas<\/td>\n<\/tr>\n<tr style=\"height: 17.60pt;\">\n<td class=\"et2\" style=\"height: 17.60pt;\" height=\"17\">Muestra<\/td>\n<td class=\"et2\">Disponible<\/td>\n<\/tr>\n<\/tbody>\n<\/table>","protected":false},"featured_media":450,"comment_status":"open","ping_status":"closed","template":"","meta":{"_acf_changed":false},"product_brand":[],"product_cat":[19,24],"product_tag":[],"class_list":{"0":"post-437","1":"product","2":"type-product","3":"status-publish","4":"has-post-thumbnail","6":"product_cat-wholesale-gummy-manufacturer","7":"product_cat-3d-gummy-candy-manufacturer","9":"first","10":"instock","11":"shipping-taxable","12":"product-type-simple"},"acf":[],"_links":{"self":[{"href":"https:\/\/www.lechaocandy.com\/es\/wp-json\/wp\/v2\/product\/437","targetHints":{"allow":["GET"]}}],"collection":[{"href":"https:\/\/www.lechaocandy.com\/es\/wp-json\/wp\/v2\/product"}],"about":[{"href":"https:\/\/www.lechaocandy.com\/es\/wp-json\/wp\/v2\/types\/product"}],"replies":[{"embeddable":true,"href":"https:\/\/www.lechaocandy.com\/es\/wp-json\/wp\/v2\/comments?post=437"}],"wp:featuredmedia":[{"embeddable":true,"href":"https:\/\/www.lechaocandy.com\/es\/wp-json\/wp\/v2\/media\/450"}],"wp:attachment":[{"href":"https:\/\/www.lechaocandy.com\/es\/wp-json\/wp\/v2\/media?parent=437"}],"wp:term":[{"taxonomy":"product_brand","embeddable":true,"href":"https:\/\/www.lechaocandy.com\/es\/wp-json\/wp\/v2\/product_brand?post=437"},{"taxonomy":"product_cat","embeddable":true,"href":"https:\/\/www.lechaocandy.com\/es\/wp-json\/wp\/v2\/product_cat?post=437"},{"taxonomy":"product_tag","embeddable":true,"href":"https:\/\/www.lechaocandy.com\/es\/wp-json\/wp\/v2\/product_tag?post=437"}],"curies":[{"name":"wp","href":"https:\/\/api.w.org\/{rel}","templated":true}]}}