{"id":453,"date":"2025-05-14T07:51:20","date_gmt":"2025-05-14T07:51:20","guid":{"rendered":"https:\/\/www.lechaocandy.com\/?post_type=product&#038;p=453"},"modified":"2025-05-14T07:51:21","modified_gmt":"2025-05-14T07:51:21","slug":"gummies-wholesale","status":"publish","type":"product","link":"https:\/\/www.lechaocandy.com\/es\/producto\/gummies-wholesale\/","title":{"rendered":"4D Gominolas de Fresa al por mayor, Caramelos de goma de fruta a granel"},"content":{"rendered":"<div class=\"wp-block-columns is-layout-flex wp-container-core-columns-is-layout-9d6595d7 wp-block-columns-is-layout-flex\"><div class=\"wp-block-column is-layout-flow wp-block-column-is-layout-flow\"><h2 class=\"wp-block-heading\">Aspectos destacados del producto Gominolas de fresa 4D al por mayor<\/h2>\n\n<ul class=\"wp-block-list\"><li><strong>Forma tridimensional, a\u00f1ade diversi\u00f3n: <\/strong>estas gominolas al por mayor recuperan realmente la forma de las fresas, la forma 4D es m\u00e1s interesante e interactiva, lo que atrae a ni\u00f1os y j\u00f3venes consumidores a detenerse y comprar.<\/li>\n\n<li><strong>Fragante, rico sabor afrutado: <\/strong>nuestros caramelos de goma de frutas a granel selecciona el sabor de fresa de alta calidad y extracto de jugo, rico aroma, sabor natural es m\u00e1s popular entre los consumidores.<\/li>\n\n<li><strong>Materias primas de alta calidad, seguras y protegidas: <\/strong>nuestras gominolas de fresa al por mayor utilizan goma base de calidad alimentaria, pigmentos naturales e ingredientes de alta calidad, cumplen las normas de seguridad alimentaria para la exportaci\u00f3n, aptas para la venta en el mercado mundial.<\/li>\n\n<li><strong>Venta al por mayor flexible, adaptable a m\u00faltiples canales: <\/strong>Estos caramelos de goma de frutas a granel admiten envases a granel, peque\u00f1os envases independientes, cajas de regalo y otros m\u00e9todos de envasado, adecuados para supermercados, comercio electr\u00f3nico, regalos OEM y personalizaci\u00f3n de marcas.<\/li>\n\n<li><strong>Proporcionar soluciones personalizadas exclusivas: <\/strong>nuestras gominolas a granel al por mayor pueden personalizarse en forma, tama\u00f1o, color, sabor, dulzor, envasado con LOGO, etc., para crear un estilo de marca exclusivo que satisfaga las diversas necesidades del mercado.<\/li><\/ul><\/div>\n\n<div class=\"wp-block-column is-layout-flow wp-block-column-is-layout-flow\"><figure class=\"wp-block-image size-full\"><img decoding=\"async\" width=\"800\" height=\"800\" src=\"https:\/\/www.lechaocandy.com\/wp-content\/uploads\/2025\/05\/4D-Strawberry-Gummies-Wholesale-Fruit-Gummy-Candy-Bulk-3.webp\" alt=\"4D Gominolas de Fresa al por mayor, Caramelos de goma de fruta a granel-3\" class=\"wp-image-456\" srcset=\"https:\/\/www.lechaocandy.com\/wp-content\/uploads\/2025\/05\/4D-Strawberry-Gummies-Wholesale-Fruit-Gummy-Candy-Bulk-3.webp 800w, https:\/\/www.lechaocandy.com\/wp-content\/uploads\/2025\/05\/4D-Strawberry-Gummies-Wholesale-Fruit-Gummy-Candy-Bulk-3-300x300.webp 300w, https:\/\/www.lechaocandy.com\/wp-content\/uploads\/2025\/05\/4D-Strawberry-Gummies-Wholesale-Fruit-Gummy-Candy-Bulk-3-150x150.webp 150w, https:\/\/www.lechaocandy.com\/wp-content\/uploads\/2025\/05\/4D-Strawberry-Gummies-Wholesale-Fruit-Gummy-Candy-Bulk-3-768x768.webp 768w, https:\/\/www.lechaocandy.com\/wp-content\/uploads\/2025\/05\/4D-Strawberry-Gummies-Wholesale-Fruit-Gummy-Candy-Bulk-3-600x600.webp 600w, https:\/\/www.lechaocandy.com\/wp-content\/uploads\/2025\/05\/4D-Strawberry-Gummies-Wholesale-Fruit-Gummy-Candy-Bulk-3-100x100.webp 100w\" sizes=\"(max-width: 800px) 100vw, 800px\" \/><\/figure><\/div><\/div>","protected":false},"excerpt":{"rendered":"<p>Bienvenido a comprar caramelos de goma de fruta al por mayor. Nuestras gominolas de fresa 4D al por mayor destacan en el mercado de los aperitivos por su aspecto simulado y su sabor afrutado. El producto tiene un bonito aspecto, es dulce y suave, y admite una personalizaci\u00f3n completa desde la f\u00f3rmula hasta el envase.<\/p>\n<table style=\"border-collapse: collapse; width: 314.02pt;\" border=\"0\" width=\"314\" cellspacing=\"0\" cellpadding=\"0\">\n<tbody>\n<tr style=\"height: 17.60pt;\">\n<td class=\"et2\" style=\"height: 17.60pt; width: 110.80pt;\" width=\"110\" height=\"17\">Fabricante<\/td>\n<td class=\"et2\" style=\"width: 204.10pt;\" width=\"204\">Caramelos LeChao<\/td>\n<\/tr>\n<tr style=\"height: 18.00pt;\">\n<td class=\"et2\" style=\"height: 18.00pt;\" height=\"18\">Tipo de producto<\/td>\n<td class=\"et3\" style=\"width: 204.10pt;\" width=\"204\">Caramelo de goma 4D Fresa<\/td>\n<\/tr>\n<tr style=\"height: 18.00pt;\">\n<td class=\"et2\" style=\"height: 18.00pt;\" height=\"18\">Pruebe<\/td>\n<td class=\"et3\" style=\"width: 204.10pt;\" width=\"204\">Agridulce y resistente<\/td>\n<\/tr>\n<tr style=\"height: 17.60pt;\">\n<td class=\"et2\" style=\"height: 17.60pt;\" height=\"17\">Especificaci\u00f3n<\/td>\n<td class=\"et2\">60gX10bolsasX6cajas<\/td>\n<\/tr>\n<tr style=\"height: 17.60pt;\">\n<td class=\"et2\" style=\"height: 17.60pt;\" height=\"17\">Tama\u00f1o de la caja<\/td>\n<td class=\"et2\">36,5X22X33,5cm<\/td>\n<\/tr>\n<tr style=\"height: 17.60pt;\">\n<td class=\"et2\" style=\"height: 17.60pt;\" height=\"17\">N.W.\/Cart\u00f3n<\/td>\n<td class=\"et2\">5,8 kg<\/td>\n<\/tr>\n<tr style=\"height: 17.60pt;\">\n<td class=\"et2\" style=\"height: 17.60pt;\" height=\"17\">Precio<\/td>\n<td class=\"et2\">0,3-0,33USD<\/td>\n<\/tr>\n<tr style=\"height: 17.60pt;\">\n<td class=\"et2\" style=\"height: 17.60pt;\" height=\"17\">MOQ<\/td>\n<td class=\"et2\">500 cajas<\/td>\n<\/tr>\n<tr style=\"height: 17.60pt;\">\n<td class=\"et2\" style=\"height: 17.60pt;\" height=\"17\">Muestra<\/td>\n<td class=\"et2\">Disponible<\/td>\n<\/tr>\n<\/tbody>\n<\/table>","protected":false},"featured_media":457,"comment_status":"open","ping_status":"closed","template":"","meta":{"_acf_changed":false},"product_brand":[],"product_cat":[19,24],"product_tag":[],"class_list":{"0":"post-453","1":"product","2":"type-product","3":"status-publish","4":"has-post-thumbnail","6":"product_cat-wholesale-gummy-manufacturer","7":"product_cat-3d-gummy-candy-manufacturer","9":"first","10":"instock","11":"shipping-taxable","12":"product-type-simple"},"acf":[],"_links":{"self":[{"href":"https:\/\/www.lechaocandy.com\/es\/wp-json\/wp\/v2\/product\/453","targetHints":{"allow":["GET"]}}],"collection":[{"href":"https:\/\/www.lechaocandy.com\/es\/wp-json\/wp\/v2\/product"}],"about":[{"href":"https:\/\/www.lechaocandy.com\/es\/wp-json\/wp\/v2\/types\/product"}],"replies":[{"embeddable":true,"href":"https:\/\/www.lechaocandy.com\/es\/wp-json\/wp\/v2\/comments?post=453"}],"wp:featuredmedia":[{"embeddable":true,"href":"https:\/\/www.lechaocandy.com\/es\/wp-json\/wp\/v2\/media\/457"}],"wp:attachment":[{"href":"https:\/\/www.lechaocandy.com\/es\/wp-json\/wp\/v2\/media?parent=453"}],"wp:term":[{"taxonomy":"product_brand","embeddable":true,"href":"https:\/\/www.lechaocandy.com\/es\/wp-json\/wp\/v2\/product_brand?post=453"},{"taxonomy":"product_cat","embeddable":true,"href":"https:\/\/www.lechaocandy.com\/es\/wp-json\/wp\/v2\/product_cat?post=453"},{"taxonomy":"product_tag","embeddable":true,"href":"https:\/\/www.lechaocandy.com\/es\/wp-json\/wp\/v2\/product_tag?post=453"}],"curies":[{"name":"wp","href":"https:\/\/api.w.org\/{rel}","templated":true}]}}