{"id":465,"date":"2025-05-14T08:07:29","date_gmt":"2025-05-14T08:07:29","guid":{"rendered":"https:\/\/www.lechaocandy.com\/?post_type=product&#038;p=465"},"modified":"2025-05-14T08:14:40","modified_gmt":"2025-05-14T08:14:40","slug":"candy-gummies-in-bulk","status":"publish","type":"product","link":"https:\/\/www.lechaocandy.com\/es\/producto\/candy-gummies-in-bulk\/","title":{"rendered":"4D Grape Candy Gummies Al Por Mayor, Caramelos blandos masticables al por mayor"},"content":{"rendered":"<div class=\"wp-block-columns is-layout-flex wp-container-core-columns-is-layout-9d6595d7 wp-block-columns-is-layout-flex\"><div class=\"wp-block-column is-layout-flow wp-block-column-is-layout-flow\"><h2 class=\"wp-block-heading\">Aspectos destacados de las gominolas de caramelo de uva 4D a granel<\/h2>\n\n<ul class=\"wp-block-list\"><li><strong>Forma de uva real, llena de sentido tridimensional: <\/strong>Estas gominolas de caramelo a granel recuperan el aspecto de la fruta de uva, con ricas capas, fuerte impacto visual y doble atractivo, adecuadas para crear series de productos especiales.<\/li>\n\n<li><strong>Rico sabor a uva, dulce y tentador:<\/strong> Nuestros caramelos masticables al por mayor se seleccionan a partir de sabores y extractos de zumo de alta calidad, con una rica fragancia afrutada, dulce y \u00e1cida, y un regusto duradero, adecuado para las preferencias gustativas de consumidores de todas las edades.<\/li>\n\n<li><strong>Suave y el\u00e1stico, mejor sabor: <\/strong>Nuestras gominolas de caramelo de uva a granel son masticables, blandas y duras, y no se pegan a los dientes despu\u00e9s de masticarlas durante mucho tiempo, lo que aumenta el placer de masticar y es representativo de las gominolas de caramelo de alta calidad.<\/li>\n\n<li><strong>Admite m\u00faltiples escenarios de envasado y venta:<\/strong> Proporcionamos caramelos masticables al por mayor a granel, paquetes peque\u00f1os independientes, latas, bolsas y otras formas, adecuados para supermercados, comercio electr\u00f3nico, venta al por menor de marca, cajas de regalo para festivales y otras ventas multicanal.<\/li>\n\n<li><strong>Proporcionar servicios de personalizaci\u00f3n OEM\/ODM: <\/strong>Nuestras gominolas de caramelo a granel ofrecen servicios personalizados de color, dulzor, sabor, forma, envasado y logotipo de marca para satisfacer las necesidades exclusivas de diferentes mercados y marcas.<\/li><\/ul><\/div>\n\n<div class=\"wp-block-column is-layout-flow wp-block-column-is-layout-flow\"><figure class=\"wp-block-image size-full\"><img decoding=\"async\" width=\"800\" height=\"800\" src=\"https:\/\/www.lechaocandy.com\/wp-content\/uploads\/2025\/05\/4D-Grape-Candy-Gummies-In-Bulk-Wholesale-Chewy-Soft-Candy-3.webp\" alt=\"Caramelos de goma de uva 4D a granel, caramelos blandos masticables al por mayor-3\" class=\"wp-image-468\" srcset=\"https:\/\/www.lechaocandy.com\/wp-content\/uploads\/2025\/05\/4D-Grape-Candy-Gummies-In-Bulk-Wholesale-Chewy-Soft-Candy-3.webp 800w, https:\/\/www.lechaocandy.com\/wp-content\/uploads\/2025\/05\/4D-Grape-Candy-Gummies-In-Bulk-Wholesale-Chewy-Soft-Candy-3-300x300.webp 300w, https:\/\/www.lechaocandy.com\/wp-content\/uploads\/2025\/05\/4D-Grape-Candy-Gummies-In-Bulk-Wholesale-Chewy-Soft-Candy-3-150x150.webp 150w, https:\/\/www.lechaocandy.com\/wp-content\/uploads\/2025\/05\/4D-Grape-Candy-Gummies-In-Bulk-Wholesale-Chewy-Soft-Candy-3-768x768.webp 768w, https:\/\/www.lechaocandy.com\/wp-content\/uploads\/2025\/05\/4D-Grape-Candy-Gummies-In-Bulk-Wholesale-Chewy-Soft-Candy-3-600x600.webp 600w, https:\/\/www.lechaocandy.com\/wp-content\/uploads\/2025\/05\/4D-Grape-Candy-Gummies-In-Bulk-Wholesale-Chewy-Soft-Candy-3-100x100.webp 100w\" sizes=\"(max-width: 800px) 100vw, 800px\" \/><\/figure><\/div><\/div>","protected":false},"excerpt":{"rendered":"<p>Bienvenido a comprar caramelos masticables al por mayor. Nuestras gominolas de caramelo de uva 4D al por mayor son conocidas por sus formas realistas y su rico aroma afrutado. Son la primera elecci\u00f3n como tentempi\u00e9 para ni\u00f1os y j\u00f3venes. Adecuadas para la venta al por menor, el comercio electr\u00f3nico y la promoci\u00f3n de marcas.<\/p>\n<table style=\"border-collapse: collapse; width: 314.02pt;\" border=\"0\" width=\"314\" cellspacing=\"0\" cellpadding=\"0\">\n<tbody>\n<tr style=\"height: 17.60pt;\">\n<td class=\"et2\" style=\"height: 17.60pt; width: 110.80pt;\" width=\"110\" height=\"17\">Fabricante<\/td>\n<td class=\"et2\" style=\"width: 204.10pt;\" width=\"204\">Caramelos LeChao<\/td>\n<\/tr>\n<tr style=\"height: 18.00pt;\">\n<td class=\"et2\" style=\"height: 18.00pt;\" height=\"18\">Tipo de producto<\/td>\n<td class=\"et3\" style=\"width: 204.10pt;\" width=\"204\">Caramelos de goma 4D Grape<\/td>\n<\/tr>\n<tr style=\"height: 18.00pt;\">\n<td class=\"et2\" style=\"height: 18.00pt;\" height=\"18\">Pruebe<\/td>\n<td class=\"et3\" style=\"width: 204.10pt;\" width=\"204\">Agridulce y resistente<\/td>\n<\/tr>\n<tr style=\"height: 17.60pt;\">\n<td class=\"et2\" style=\"height: 17.60pt;\" height=\"17\">Especificaci\u00f3n<\/td>\n<td class=\"et2\">60gX10bolsasX6cajas<\/td>\n<\/tr>\n<tr style=\"height: 17.60pt;\">\n<td class=\"et2\" style=\"height: 17.60pt;\" height=\"17\">Tama\u00f1o de la caja<\/td>\n<td class=\"et2\">36,5X22X33,5cm<\/td>\n<\/tr>\n<tr style=\"height: 17.60pt;\">\n<td class=\"et2\" style=\"height: 17.60pt;\" height=\"17\">N.W.\/Cart\u00f3n<\/td>\n<td class=\"et2\">5,8 kg<\/td>\n<\/tr>\n<tr style=\"height: 17.60pt;\">\n<td class=\"et2\" style=\"height: 17.60pt;\" height=\"17\">Precio<\/td>\n<td class=\"et2\">0,3-0,33USD<\/td>\n<\/tr>\n<tr style=\"height: 17.60pt;\">\n<td class=\"et2\" style=\"height: 17.60pt;\" height=\"17\">MOQ<\/td>\n<td class=\"et2\">500 cajas<\/td>\n<\/tr>\n<tr style=\"height: 17.60pt;\">\n<td class=\"et2\" style=\"height: 17.60pt;\" height=\"17\">Muestra<\/td>\n<td class=\"et2\">Disponible<\/td>\n<\/tr>\n<\/tbody>\n<\/table>","protected":false},"featured_media":470,"comment_status":"open","ping_status":"closed","template":"","meta":{"_acf_changed":false},"product_brand":[],"product_cat":[19,24],"product_tag":[],"class_list":{"0":"post-465","1":"product","2":"type-product","3":"status-publish","4":"has-post-thumbnail","6":"product_cat-wholesale-gummy-manufacturer","7":"product_cat-3d-gummy-candy-manufacturer","9":"first","10":"instock","11":"shipping-taxable","12":"product-type-simple"},"acf":[],"_links":{"self":[{"href":"https:\/\/www.lechaocandy.com\/es\/wp-json\/wp\/v2\/product\/465","targetHints":{"allow":["GET"]}}],"collection":[{"href":"https:\/\/www.lechaocandy.com\/es\/wp-json\/wp\/v2\/product"}],"about":[{"href":"https:\/\/www.lechaocandy.com\/es\/wp-json\/wp\/v2\/types\/product"}],"replies":[{"embeddable":true,"href":"https:\/\/www.lechaocandy.com\/es\/wp-json\/wp\/v2\/comments?post=465"}],"wp:featuredmedia":[{"embeddable":true,"href":"https:\/\/www.lechaocandy.com\/es\/wp-json\/wp\/v2\/media\/470"}],"wp:attachment":[{"href":"https:\/\/www.lechaocandy.com\/es\/wp-json\/wp\/v2\/media?parent=465"}],"wp:term":[{"taxonomy":"product_brand","embeddable":true,"href":"https:\/\/www.lechaocandy.com\/es\/wp-json\/wp\/v2\/product_brand?post=465"},{"taxonomy":"product_cat","embeddable":true,"href":"https:\/\/www.lechaocandy.com\/es\/wp-json\/wp\/v2\/product_cat?post=465"},{"taxonomy":"product_tag","embeddable":true,"href":"https:\/\/www.lechaocandy.com\/es\/wp-json\/wp\/v2\/product_tag?post=465"}],"curies":[{"name":"wp","href":"https:\/\/api.w.org\/{rel}","templated":true}]}}