{"id":477,"date":"2025-05-14T08:44:12","date_gmt":"2025-05-14T08:44:12","guid":{"rendered":"https:\/\/www.lechaocandy.com\/?post_type=product&#038;p=477"},"modified":"2025-05-14T08:54:46","modified_gmt":"2025-05-14T08:54:46","slug":"gummy-wholesale","status":"publish","type":"product","link":"https:\/\/www.lechaocandy.com\/es\/producto\/gummy-wholesale\/","title":{"rendered":"Gominolas con forma de botella al por mayor, Caramelos de Cola a granel"},"content":{"rendered":"<div class=\"wp-block-columns is-layout-flex wp-container-core-columns-is-layout-9d6595d7 wp-block-columns-is-layout-flex\"><div class=\"wp-block-column is-layout-flow wp-block-column-is-layout-flow\"><h2 class=\"wp-block-heading\">Productos destacados de Cola Gummy al por mayor<\/h2>\n\n<ul class=\"wp-block-list\"><li><strong>Forma cl\u00e1sica de botella de cola, retro e interesante: <\/strong>Nuestra gominola de botella de cola al por mayor tiene una forma \u00fanica y es bastante identificable, lo que contribuye a la diversi\u00f3n y al \u00e9xito comercial del producto.<\/li>\n\n<li><strong>Rico sabor a cola, refrescante y satisfactorio: <\/strong>Nuestros caramelos de goma de cola a granel combinan el dulce sabor de la cola con un gusto ligeramente efervescente, con un regusto dulce y una acidez y dulzor medios, que es un sabor cl\u00e1sico que gusta a todo el mundo.<\/li>\n\n<li><strong>Q-el\u00e1stica y flexible, con ricas capas de sabor:<\/strong> Nuestra gominola de cola al por mayor est\u00e1 hecha de gelatina de alta calidad, con una fuerte sensaci\u00f3n al masticar, dureza y suavidad moderadas, aportando una experiencia de masticaci\u00f3n real e interesante, apta para todas las edades.<\/li>\n\n<li><strong>Admite m\u00faltiples envases y especificaciones:<\/strong> Estos caramelos de goma de cola a granel admiten formas a granel, embolsadas, enlatadas y otras, adecuadas para el comercio electr\u00f3nico, tiendas de recogida de aperitivos, m\u00e1quinas expendedoras y cajas de regalo para fiestas, etc.<\/li>\n\n<li><strong>Apoye los servicios personalizados para crear caramelos exclusivos de marca: <\/strong>Nuestro mayorista de gominolas al por mayor puede personalizar los colores de los productos, los sabores, los detalles de los frascos, el dise\u00f1o de los envases y los logotipos de las marcas para satisfacer las necesidades personalizadas de los distintos mercados y clientes.<\/li><\/ul><\/div>\n\n<div class=\"wp-block-column is-layout-flow wp-block-column-is-layout-flow\"><figure class=\"wp-block-image size-full\"><img decoding=\"async\" width=\"800\" height=\"800\" src=\"https:\/\/www.lechaocandy.com\/wp-content\/uploads\/2025\/05\/Bottle-Shaped-Gummy-Wholesale-Bulk-Cola-Gummies-Candy-5.webp\" alt=\"Gominolas con forma de botella al por mayor, Gominolas de Cola a granel Candy-5\" class=\"wp-image-482\" srcset=\"https:\/\/www.lechaocandy.com\/wp-content\/uploads\/2025\/05\/Bottle-Shaped-Gummy-Wholesale-Bulk-Cola-Gummies-Candy-5.webp 800w, https:\/\/www.lechaocandy.com\/wp-content\/uploads\/2025\/05\/Bottle-Shaped-Gummy-Wholesale-Bulk-Cola-Gummies-Candy-5-300x300.webp 300w, https:\/\/www.lechaocandy.com\/wp-content\/uploads\/2025\/05\/Bottle-Shaped-Gummy-Wholesale-Bulk-Cola-Gummies-Candy-5-150x150.webp 150w, https:\/\/www.lechaocandy.com\/wp-content\/uploads\/2025\/05\/Bottle-Shaped-Gummy-Wholesale-Bulk-Cola-Gummies-Candy-5-768x768.webp 768w, https:\/\/www.lechaocandy.com\/wp-content\/uploads\/2025\/05\/Bottle-Shaped-Gummy-Wholesale-Bulk-Cola-Gummies-Candy-5-600x600.webp 600w, https:\/\/www.lechaocandy.com\/wp-content\/uploads\/2025\/05\/Bottle-Shaped-Gummy-Wholesale-Bulk-Cola-Gummies-Candy-5-100x100.webp 100w\" sizes=\"(max-width: 800px) 100vw, 800px\" \/><\/figure><\/div><\/div>","protected":false},"excerpt":{"rendered":"<p>Bienvenido a comprar gominolas con forma personalizada al por mayor. El refrescante sabor de nuestras gominolas de cola al por mayor cautiva las papilas gustativas de todo el mundo. Admite compras al por mayor y m\u00faltiples personalizaciones, es una opci\u00f3n ideal para que las marcas creen productos de caramelo superventas.<\/p>\n<table style=\"border-collapse: collapse; width: 314.02pt;\" border=\"0\" width=\"314\" cellspacing=\"0\" cellpadding=\"0\">\n<tbody>\n<tr style=\"height: 17.60pt;\">\n<td class=\"et2\" style=\"height: 17.60pt; width: 110.80pt;\" width=\"110\" height=\"17\">Fabricante<\/td>\n<td class=\"et2\" style=\"width: 204.10pt;\" width=\"204\">Caramelos LeChao<\/td>\n<\/tr>\n<tr style=\"height: 18.00pt;\">\n<td class=\"et2\" style=\"height: 18.00pt;\" height=\"18\">Tipo de producto<\/td>\n<td class=\"et3\" style=\"width: 204.10pt;\" width=\"204\">Gominolas de Cola<\/td>\n<\/tr>\n<tr style=\"height: 18.00pt;\">\n<td class=\"et2\" style=\"height: 18.00pt;\" height=\"18\">Pruebe<\/td>\n<td class=\"et3\" style=\"width: 204.10pt;\" width=\"204\">Agridulce y resistente<\/td>\n<\/tr>\n<tr style=\"height: 17.60pt;\">\n<td class=\"et2\" style=\"height: 17.60pt;\" height=\"17\">Especificaci\u00f3n<\/td>\n<td class=\"et2\">120gX48bolsas<\/td>\n<\/tr>\n<tr style=\"height: 17.60pt;\">\n<td class=\"et2\" style=\"height: 17.60pt;\" height=\"17\">Tama\u00f1o de la caja<\/td>\n<td class=\"et2\">39*26*24cm<\/td>\n<\/tr>\n<tr style=\"height: 17.60pt;\">\n<td class=\"et2\" style=\"height: 17.60pt;\" height=\"17\">N.W.\/Cart\u00f3n<\/td>\n<td class=\"et2\">7,5 kg<\/td>\n<\/tr>\n<tr style=\"height: 17.60pt;\">\n<td class=\"et2\" style=\"height: 17.60pt;\" height=\"17\">Precio<\/td>\n<td class=\"et2\">0,55-0,57USD\/bolsa<\/td>\n<\/tr>\n<tr style=\"height: 17.60pt;\">\n<td class=\"et2\" style=\"height: 17.60pt;\" height=\"17\">MOQ<\/td>\n<td class=\"et2\">500 cajas<\/td>\n<\/tr>\n<tr style=\"height: 17.60pt;\">\n<td class=\"et2\" style=\"height: 17.60pt;\" height=\"17\">Muestra<\/td>\n<td class=\"et2\">Disponible<\/td>\n<\/tr>\n<\/tbody>\n<\/table>","protected":false},"featured_media":479,"comment_status":"open","ping_status":"closed","template":"","meta":{"_acf_changed":false},"product_brand":[],"product_cat":[19],"product_tag":[],"class_list":{"0":"post-477","1":"product","2":"type-product","3":"status-publish","4":"has-post-thumbnail","6":"product_cat-wholesale-gummy-manufacturer","8":"first","9":"instock","10":"shipping-taxable","11":"product-type-simple"},"acf":[],"_links":{"self":[{"href":"https:\/\/www.lechaocandy.com\/es\/wp-json\/wp\/v2\/product\/477","targetHints":{"allow":["GET"]}}],"collection":[{"href":"https:\/\/www.lechaocandy.com\/es\/wp-json\/wp\/v2\/product"}],"about":[{"href":"https:\/\/www.lechaocandy.com\/es\/wp-json\/wp\/v2\/types\/product"}],"replies":[{"embeddable":true,"href":"https:\/\/www.lechaocandy.com\/es\/wp-json\/wp\/v2\/comments?post=477"}],"wp:featuredmedia":[{"embeddable":true,"href":"https:\/\/www.lechaocandy.com\/es\/wp-json\/wp\/v2\/media\/479"}],"wp:attachment":[{"href":"https:\/\/www.lechaocandy.com\/es\/wp-json\/wp\/v2\/media?parent=477"}],"wp:term":[{"taxonomy":"product_brand","embeddable":true,"href":"https:\/\/www.lechaocandy.com\/es\/wp-json\/wp\/v2\/product_brand?post=477"},{"taxonomy":"product_cat","embeddable":true,"href":"https:\/\/www.lechaocandy.com\/es\/wp-json\/wp\/v2\/product_cat?post=477"},{"taxonomy":"product_tag","embeddable":true,"href":"https:\/\/www.lechaocandy.com\/es\/wp-json\/wp\/v2\/product_tag?post=477"}],"curies":[{"name":"wp","href":"https:\/\/api.w.org\/{rel}","templated":true}]}}