{"id":489,"date":"2025-05-14T09:13:44","date_gmt":"2025-05-14T09:13:44","guid":{"rendered":"https:\/\/www.lechaocandy.com\/?post_type=product&#038;p=489"},"modified":"2025-05-14T09:32:44","modified_gmt":"2025-05-14T09:32:44","slug":"bulk-jelly-beans","status":"publish","type":"product","link":"https:\/\/www.lechaocandy.com\/es\/producto\/bulk-jelly-beans\/","title":{"rendered":"Gominolas a granel afrutadas, Gominolas al por mayor personalizadas"},"content":{"rendered":"<div class=\"wp-block-columns is-layout-flex wp-container-core-columns-is-layout-9d6595d7 wp-block-columns-is-layout-flex\"><div class=\"wp-block-column is-layout-flow wp-block-column-is-layout-flow\"><h2 class=\"wp-block-heading\">Caracter\u00edsticas de las gominolas a granel afrutadas<\/h2>\n\n<ul class=\"wp-block-list\"><li><strong>Color brillante, fuerte efecto visual: <\/strong>Nuestras gominolas a granel son de colores intensos, con un recubrimiento de az\u00facar brillante y suave, que resulta muy atractivo a la vista, potencia el efecto visual y hace que los consumidores se detengan a comprar.<\/li>\n\n<li><strong>Rica combinaci\u00f3n de sabores frutales, sabor inconfundible: <\/strong>Nuestra mezcla personalizada para gominolas abarca una gran variedad de sabores de fruta cl\u00e1sicos e innovadores, como fresa, manzana, naranja, uva, sand\u00eda, lim\u00f3n, etc., con un dulzor moderado y sabores diversos.<\/li>\n\n<li><strong>Sabor crujiente, dulce pero no grasiento: <\/strong>Nuestras gominolas a granel poseen una c\u00e1scara fresca, un interior blando, un dulzor moderado y el aroma a fruta se extiende en la boca al masticar, lo que resulta adecuado para personas de todas las edades.<\/li>\n\n<li><strong>Admite la personalizaci\u00f3n mixta y personalizada:<\/strong> Nuestra mezcla de gominolas a medida puede personalizar combinaciones de sabores, proporciones de color, patrones de recubrimiento de az\u00facar y envasado de marca bajo demanda para satisfacer las necesidades de desarrollo de productos personalizados de los clientes.<\/li>\n\n<li><strong>Adecuado para m\u00faltiples canales de venta: <\/strong>Estas gominolas a granel pueden suministrarse a granel para supermercados, tiendas de aperitivos, m\u00e1quinas expendedoras, barras de caramelo, cajas de regalo festivas, caramelos sueltos para eventos y otros escenarios de venta al por menor.<\/li><\/ul><\/div>\n\n<div class=\"wp-block-column is-layout-flow wp-block-column-is-layout-flow\"><figure class=\"wp-block-image size-full\"><img decoding=\"async\" width=\"800\" height=\"800\" src=\"https:\/\/www.lechaocandy.com\/wp-content\/uploads\/2025\/05\/Fruity-Bulk-Jelly-Beans-Wholesale-Custom-Jelly-Bean-Mix-5.webp\" alt=\"Gominolas a granel afrutadas, Gominolas personalizadas al por mayor Mix-5\" class=\"wp-image-494\" srcset=\"https:\/\/www.lechaocandy.com\/wp-content\/uploads\/2025\/05\/Fruity-Bulk-Jelly-Beans-Wholesale-Custom-Jelly-Bean-Mix-5.webp 800w, https:\/\/www.lechaocandy.com\/wp-content\/uploads\/2025\/05\/Fruity-Bulk-Jelly-Beans-Wholesale-Custom-Jelly-Bean-Mix-5-300x300.webp 300w, https:\/\/www.lechaocandy.com\/wp-content\/uploads\/2025\/05\/Fruity-Bulk-Jelly-Beans-Wholesale-Custom-Jelly-Bean-Mix-5-150x150.webp 150w, https:\/\/www.lechaocandy.com\/wp-content\/uploads\/2025\/05\/Fruity-Bulk-Jelly-Beans-Wholesale-Custom-Jelly-Bean-Mix-5-768x768.webp 768w, https:\/\/www.lechaocandy.com\/wp-content\/uploads\/2025\/05\/Fruity-Bulk-Jelly-Beans-Wholesale-Custom-Jelly-Bean-Mix-5-600x600.webp 600w, https:\/\/www.lechaocandy.com\/wp-content\/uploads\/2025\/05\/Fruity-Bulk-Jelly-Beans-Wholesale-Custom-Jelly-Bean-Mix-5-100x100.webp 100w\" sizes=\"(max-width: 800px) 100vw, 800px\" \/><\/figure><\/div><\/div>","protected":false},"excerpt":{"rendered":"<p>Bienvenido a comprar gominolas a granel personalizadas. Nuestras gominolas afrutadas a granel son crujientes por fuera y blandas por dentro, dulces y \u00e1cidas, y gustan mucho a los consumidores. Al admitir mezclas y envases personalizados, es una opci\u00f3n ideal para crear productos de caramelo populares.<\/p>\n<table style=\"border-collapse: collapse; width: 314.02pt;\" border=\"0\" width=\"314\" cellspacing=\"0\" cellpadding=\"0\">\n<tbody>\n<tr style=\"height: 17.60pt;\">\n<td class=\"et2\" style=\"height: 17.60pt; width: 110.80pt;\" width=\"110\" height=\"17\">Fabricante<\/td>\n<td class=\"et2\" style=\"width: 204.10pt;\" width=\"204\">Caramelos LeChao<\/td>\n<\/tr>\n<tr style=\"height: 18.00pt;\">\n<td class=\"et2\" style=\"height: 18.00pt;\" height=\"18\">Tipo de producto<\/td>\n<td class=\"et3\" style=\"width: 204.10pt;\" width=\"204\">Gominolas<\/td>\n<\/tr>\n<tr style=\"height: 18.00pt;\">\n<td class=\"et2\" style=\"height: 18.00pt;\" height=\"18\">Pruebe<\/td>\n<td class=\"et3\" style=\"width: 204.10pt;\" width=\"204\">Agridulce y resistente<\/td>\n<\/tr>\n<tr style=\"height: 17.60pt;\">\n<td class=\"et2\" style=\"height: 17.60pt;\" height=\"17\">Especificaci\u00f3n<\/td>\n<td class=\"et2\">102gX6caja miniX18cajas<\/td>\n<\/tr>\n<tr style=\"height: 17.60pt;\">\n<td class=\"et2\" style=\"height: 17.60pt;\" height=\"17\">Tama\u00f1o de la caja<\/td>\n<td class=\"et2\">35,5X23,5X13cm<\/td>\n<\/tr>\n<tr style=\"height: 17.60pt;\">\n<td class=\"et2\" style=\"height: 17.60pt;\" height=\"17\">N.W.\/Cart\u00f3n<\/td>\n<td class=\"et2\">6,8 kg<\/td>\n<\/tr>\n<tr style=\"height: 17.60pt;\">\n<td class=\"et2\" style=\"height: 17.60pt;\" height=\"17\">Muestra<\/td>\n<td class=\"et2\">Disponible<\/td>\n<\/tr>\n<\/tbody>\n<\/table>","protected":false},"featured_media":493,"comment_status":"open","ping_status":"closed","template":"","meta":{"_acf_changed":false},"product_brand":[],"product_cat":[21],"product_tag":[],"class_list":{"0":"post-489","1":"product","2":"type-product","3":"status-publish","4":"has-post-thumbnail","6":"product_cat-jelly-bean-wholesale","8":"first","9":"instock","10":"shipping-taxable","11":"product-type-simple"},"acf":[],"_links":{"self":[{"href":"https:\/\/www.lechaocandy.com\/es\/wp-json\/wp\/v2\/product\/489","targetHints":{"allow":["GET"]}}],"collection":[{"href":"https:\/\/www.lechaocandy.com\/es\/wp-json\/wp\/v2\/product"}],"about":[{"href":"https:\/\/www.lechaocandy.com\/es\/wp-json\/wp\/v2\/types\/product"}],"replies":[{"embeddable":true,"href":"https:\/\/www.lechaocandy.com\/es\/wp-json\/wp\/v2\/comments?post=489"}],"wp:featuredmedia":[{"embeddable":true,"href":"https:\/\/www.lechaocandy.com\/es\/wp-json\/wp\/v2\/media\/493"}],"wp:attachment":[{"href":"https:\/\/www.lechaocandy.com\/es\/wp-json\/wp\/v2\/media?parent=489"}],"wp:term":[{"taxonomy":"product_brand","embeddable":true,"href":"https:\/\/www.lechaocandy.com\/es\/wp-json\/wp\/v2\/product_brand?post=489"},{"taxonomy":"product_cat","embeddable":true,"href":"https:\/\/www.lechaocandy.com\/es\/wp-json\/wp\/v2\/product_cat?post=489"},{"taxonomy":"product_tag","embeddable":true,"href":"https:\/\/www.lechaocandy.com\/es\/wp-json\/wp\/v2\/product_tag?post=489"}],"curies":[{"name":"wp","href":"https:\/\/api.w.org\/{rel}","templated":true}]}}