{"id":498,"date":"2025-05-14T09:35:56","date_gmt":"2025-05-14T09:35:56","guid":{"rendered":"https:\/\/www.lechaocandy.com\/?post_type=product&#038;p=498"},"modified":"2025-05-14T09:45:28","modified_gmt":"2025-05-14T09:45:28","slug":"bulk-sour-gummy-candy","status":"publish","type":"product","link":"https:\/\/www.lechaocandy.com\/es\/producto\/bulk-sour-gummy-candy\/","title":{"rendered":"Caramelos de goma \u00e1cidos de pescado a granel, caramelos de goma de tibur\u00f3n al por mayor"},"content":{"rendered":"<div class=\"wp-block-columns is-layout-flex wp-container-core-columns-is-layout-9d6595d7 wp-block-columns-is-layout-flex\"><div class=\"wp-block-column is-layout-flow wp-block-column-is-layout-flow\"><h2 class=\"wp-block-heading\">Aspectos destacados del caramelo de goma Fish Bulk Sour<\/h2>\n\n<ul class=\"wp-block-list\"><li><strong>Interesante forma de pez, muy llamativo: <\/strong>Este caramelo de goma \u00e1cido a granel adopta la forma de un tibur\u00f3n, con forma viva e interesante, ricos colores y gran atractivo visual.<\/li>\n\n<li><strong>Capas agridulces y ricas: <\/strong>Nuestro caramelo de gominola de tibur\u00f3n al por mayor tiene un refrescante sabor \u00e1cido al principio, y luego se vuelve dulce y afrutado, aportando una experiencia de sabor \u00fanica que no tiene fin.<\/li>\n\n<li><strong>Suave y masticable, buena sensaci\u00f3n al masticar: <\/strong>Nuestros caramelos de goma \u00e1cidos a granel utilizan una f\u00f3rmula de alta calidad y materias primas de gel, el cuerpo de az\u00facar es flexible y el\u00e1stico, el sabor es masticable, adecuado para masticar a largo plazo, y aumenta la diversi\u00f3n de comer.<\/li>\n\n<li><strong>Adecuado para la venta y exposici\u00f3n en m\u00faltiples escenarios: <\/strong>Este caramelo de goma agria de tibur\u00f3n al por mayor puede utilizarse a granel, en paquetes peque\u00f1os independientes, en paquetes de regalo para las fiestas y de otras formas, y se utiliza ampliamente en supermercados, tiendas de caramelos, plataformas de comercio electr\u00f3nico y otros canales de venta.<\/li>\n\n<li><strong>Apoyar los servicios de personalizaci\u00f3n exclusivos de la marca: <\/strong>Nuestros caramelos de goma \u00e1cidos a granel pueden personalizarse seg\u00fan las necesidades. Sabor, color, detalles de forma y soluciones de envasado para satisfacer las necesidades personalizadas de los clientes para el desarrollo de productos de marca.<\/li><\/ul><\/div>\n\n<div class=\"wp-block-column is-layout-flow wp-block-column-is-layout-flow\"><figure class=\"wp-block-image size-full\"><img decoding=\"async\" width=\"800\" height=\"800\" src=\"https:\/\/www.lechaocandy.com\/wp-content\/uploads\/2025\/05\/Fish-Bulk-Sour-Gummy-Candy-Gummy-Shark-Candy-Wholesale-1.webp\" alt=\"Caramelos de goma \u00e1cidos de pescado a granel, caramelos de goma de tibur\u00f3n al por mayor-1\" class=\"wp-image-499\" srcset=\"https:\/\/www.lechaocandy.com\/wp-content\/uploads\/2025\/05\/Fish-Bulk-Sour-Gummy-Candy-Gummy-Shark-Candy-Wholesale-1.webp 800w, https:\/\/www.lechaocandy.com\/wp-content\/uploads\/2025\/05\/Fish-Bulk-Sour-Gummy-Candy-Gummy-Shark-Candy-Wholesale-1-300x300.webp 300w, https:\/\/www.lechaocandy.com\/wp-content\/uploads\/2025\/05\/Fish-Bulk-Sour-Gummy-Candy-Gummy-Shark-Candy-Wholesale-1-150x150.webp 150w, https:\/\/www.lechaocandy.com\/wp-content\/uploads\/2025\/05\/Fish-Bulk-Sour-Gummy-Candy-Gummy-Shark-Candy-Wholesale-1-768x768.webp 768w, https:\/\/www.lechaocandy.com\/wp-content\/uploads\/2025\/05\/Fish-Bulk-Sour-Gummy-Candy-Gummy-Shark-Candy-Wholesale-1-600x600.webp 600w, https:\/\/www.lechaocandy.com\/wp-content\/uploads\/2025\/05\/Fish-Bulk-Sour-Gummy-Candy-Gummy-Shark-Candy-Wholesale-1-100x100.webp 100w\" sizes=\"(max-width: 800px) 100vw, 800px\" \/><\/figure><\/div><\/div>","protected":false},"excerpt":{"rendered":"<p>Bienvenido a comprar caramelos de goma \u00e1cidos al por mayor. Nuestros caramelos de goma agria de tibur\u00f3n al por mayor tienen interesantes formas oce\u00e1nicas con sabores agridulces, colores brillantes, y son a la vez ornamentales y deliciosos. Admitimos compras al por mayor y personalizaci\u00f3n de marcas.<\/p>\n<table style=\"border-collapse: collapse; width: 314.02pt;\" border=\"0\" width=\"314\" cellspacing=\"0\" cellpadding=\"0\">\n<tbody>\n<tr style=\"height: 17.60pt;\">\n<td class=\"et2\" style=\"height: 17.60pt; width: 110.80pt;\" width=\"110\" height=\"17\">Fabricante<\/td>\n<td class=\"et2\" style=\"width: 204.10pt;\" width=\"204\">Caramelos LeChao<\/td>\n<\/tr>\n<tr style=\"height: 18.00pt;\">\n<td class=\"et2\" style=\"height: 18.00pt;\" height=\"18\">Tipo de producto<\/td>\n<td class=\"et3\" style=\"width: 204.10pt;\" width=\"204\">Caramelo de goma Shark Sour<\/td>\n<\/tr>\n<tr style=\"height: 18.00pt;\">\n<td class=\"et2\" style=\"height: 18.00pt;\" height=\"18\">Pruebe<\/td>\n<td class=\"et3\" style=\"width: 204.10pt;\" width=\"204\">Agrio<\/td>\n<\/tr>\n<tr style=\"height: 17.60pt;\">\n<td class=\"et2\" style=\"height: 17.60pt;\" height=\"17\">Especificaci\u00f3n<\/td>\n<td class=\"et2\">118gx48bolsas<\/td>\n<\/tr>\n<tr style=\"height: 17.60pt;\">\n<td class=\"et2\" style=\"height: 17.60pt;\" height=\"17\">Tama\u00f1o de la caja<\/td>\n<td class=\"et2\">39*26*24cm<\/td>\n<\/tr>\n<tr style=\"height: 17.60pt;\">\n<td class=\"et2\" style=\"height: 17.60pt;\" height=\"17\">N.W.\/Cart\u00f3n<\/td>\n<td class=\"et2\">7,5 kg<\/td>\n<\/tr>\n<tr style=\"height: 17.60pt;\">\n<td class=\"et2\" style=\"height: 17.60pt;\" height=\"17\">Precio<\/td>\n<td class=\"et2\">24USD<\/td>\n<\/tr>\n<tr style=\"height: 17.60pt;\">\n<td class=\"et2\" style=\"height: 17.60pt;\" height=\"17\">MOQ<\/td>\n<td class=\"et2\">500 cajas<\/td>\n<\/tr>\n<tr style=\"height: 17.60pt;\">\n<td class=\"et2\" style=\"height: 17.60pt;\" height=\"17\">Muestra<\/td>\n<td class=\"et2\">Disponible<\/td>\n<\/tr>\n<\/tbody>\n<\/table>","protected":false},"featured_media":500,"comment_status":"open","ping_status":"closed","template":"","meta":{"_acf_changed":false},"product_brand":[],"product_cat":[19,28],"product_tag":[],"class_list":{"0":"post-498","1":"product","2":"type-product","3":"status-publish","4":"has-post-thumbnail","6":"product_cat-wholesale-gummy-manufacturer","7":"product_cat-bulk-sour-gummies","9":"first","10":"instock","11":"shipping-taxable","12":"product-type-simple"},"acf":[],"_links":{"self":[{"href":"https:\/\/www.lechaocandy.com\/es\/wp-json\/wp\/v2\/product\/498","targetHints":{"allow":["GET"]}}],"collection":[{"href":"https:\/\/www.lechaocandy.com\/es\/wp-json\/wp\/v2\/product"}],"about":[{"href":"https:\/\/www.lechaocandy.com\/es\/wp-json\/wp\/v2\/types\/product"}],"replies":[{"embeddable":true,"href":"https:\/\/www.lechaocandy.com\/es\/wp-json\/wp\/v2\/comments?post=498"}],"wp:featuredmedia":[{"embeddable":true,"href":"https:\/\/www.lechaocandy.com\/es\/wp-json\/wp\/v2\/media\/500"}],"wp:attachment":[{"href":"https:\/\/www.lechaocandy.com\/es\/wp-json\/wp\/v2\/media?parent=498"}],"wp:term":[{"taxonomy":"product_brand","embeddable":true,"href":"https:\/\/www.lechaocandy.com\/es\/wp-json\/wp\/v2\/product_brand?post=498"},{"taxonomy":"product_cat","embeddable":true,"href":"https:\/\/www.lechaocandy.com\/es\/wp-json\/wp\/v2\/product_cat?post=498"},{"taxonomy":"product_tag","embeddable":true,"href":"https:\/\/www.lechaocandy.com\/es\/wp-json\/wp\/v2\/product_tag?post=498"}],"curies":[{"name":"wp","href":"https:\/\/api.w.org\/{rel}","templated":true}]}}