{"id":504,"date":"2025-05-14T09:51:15","date_gmt":"2025-05-14T09:51:15","guid":{"rendered":"https:\/\/www.lechaocandy.com\/?post_type=product&#038;p=504"},"modified":"2025-05-14T09:59:03","modified_gmt":"2025-05-14T09:59:03","slug":"fruit-gummy-candy-bulk","status":"publish","type":"product","link":"https:\/\/www.lechaocandy.com\/es\/producto\/fruit-gummy-candy-bulk\/","title":{"rendered":"Caramelos de goma de frutas a granel, Caramelos de mango pelables al por mayor"},"content":{"rendered":"<div class=\"wp-block-columns is-layout-flex wp-container-core-columns-is-layout-9d6595d7 wp-block-columns-is-layout-flex\"><div class=\"wp-block-column is-layout-flow wp-block-column-is-layout-flow\"><h2 class=\"wp-block-heading\">Aspectos destacados de los caramelos de goma de frutas a granel<\/h2>\n\n<ul class=\"wp-block-list\"><li><strong>Innovador dise\u00f1o pelable, lleno de diversi\u00f3n: <\/strong>Este caramelo de goma de fruta a granel adopta un dise\u00f1o con forma de mango simulado, que se puede \"pelar\" como una fruta, lo que aumenta la experiencia interactiva e interesante de comerlo, y es muy apreciado por los ni\u00f1os y los consumidores j\u00f3venes.<\/li>\n\n<li><strong>Aut\u00e9ntico aroma frutal, rico sabor a mango: <\/strong>El n\u00facleo interior de nuestros caramelos de goma de mango pelables al por mayor presenta un aroma natural a mango, agridulce, que se deshace en la boca y proporciona un placer gustativo similar al de degustar mango fresco.<\/li>\n\n<li><strong>Suave y masticable, ricas capas: <\/strong>Este caramelo de goma de fruta a granel tiene una suave capa de az\u00facar, un rico sabor al masticar, dulce pero no graso, y cumple los requisitos de sabor de alta calidad.<\/li>\n\n<li><strong>Adecuado para la venta y exposici\u00f3n en m\u00faltiples escenarios: <\/strong>Estos caramelos de goma de mango pelables al por mayor tienen un aspecto \u00fanico y colores brillantes, adecuados para tiendas de aperitivos, bares de caramelos, supermercados a granel, cajas de regalo de vacaciones y otras formas de venta y envasado.<\/li>\n\n<li><strong>Apoye los servicios personalizados para crear productos exclusivos:<\/strong> Nuestros caramelos de goma de frutas a granel pueden personalizarse en forma, tama\u00f1o, concentraci\u00f3n de sabor, forma de envasado y logotipo de la marca seg\u00fan las necesidades del cliente.<\/li><\/ul><\/div>\n\n<div class=\"wp-block-column is-layout-flow wp-block-column-is-layout-flow\"><figure class=\"wp-block-image size-full\"><img decoding=\"async\" width=\"800\" height=\"800\" src=\"https:\/\/www.lechaocandy.com\/wp-content\/uploads\/2025\/05\/Fruit-Gummy-Candy-Bulk-Wholesale-Peelable-Mango-Candy-1.webp\" alt=\"Caramelos de goma de frutas a granel, Caramelos de mango pelables al por mayor-1\" class=\"wp-image-505\" srcset=\"https:\/\/www.lechaocandy.com\/wp-content\/uploads\/2025\/05\/Fruit-Gummy-Candy-Bulk-Wholesale-Peelable-Mango-Candy-1.webp 800w, https:\/\/www.lechaocandy.com\/wp-content\/uploads\/2025\/05\/Fruit-Gummy-Candy-Bulk-Wholesale-Peelable-Mango-Candy-1-300x300.webp 300w, https:\/\/www.lechaocandy.com\/wp-content\/uploads\/2025\/05\/Fruit-Gummy-Candy-Bulk-Wholesale-Peelable-Mango-Candy-1-150x150.webp 150w, https:\/\/www.lechaocandy.com\/wp-content\/uploads\/2025\/05\/Fruit-Gummy-Candy-Bulk-Wholesale-Peelable-Mango-Candy-1-768x768.webp 768w, https:\/\/www.lechaocandy.com\/wp-content\/uploads\/2025\/05\/Fruit-Gummy-Candy-Bulk-Wholesale-Peelable-Mango-Candy-1-600x600.webp 600w, https:\/\/www.lechaocandy.com\/wp-content\/uploads\/2025\/05\/Fruit-Gummy-Candy-Bulk-Wholesale-Peelable-Mango-Candy-1-100x100.webp 100w\" sizes=\"(max-width: 800px) 100vw, 800px\" \/><\/figure><\/div><\/div>","protected":false},"excerpt":{"rendered":"<p>Bienvenido a comprar caramelos de goma de frutas al por mayor. Este caramelo de goma de mango pelable al por mayor es divertido y delicioso. La capa de az\u00facar pelable y el n\u00facleo blando con sabor a mango proporcionan una experiencia gastron\u00f3mica \u00fanica. Admite la compra al por mayor y la personalizaci\u00f3n de la marca.<\/p>\n<table style=\"border-collapse: collapse; width: 329.02pt;\" border=\"0\" width=\"329\" cellspacing=\"0\" cellpadding=\"0\">\n<tbody>\n<tr style=\"height: 17.60pt;\">\n<td class=\"et2\" style=\"height: 17.60pt; width: 110.80pt;\" width=\"110\" height=\"17\">Fabricante<\/td>\n<td class=\"et2\" style=\"width: 219.15pt;\" width=\"219\">Caramelos LeChao<\/td>\n<\/tr>\n<tr style=\"height: 18.00pt;\">\n<td class=\"et2\" style=\"height: 18.00pt;\" height=\"18\">Tipo de producto<\/td>\n<td class=\"et3\" style=\"width: 219.15pt;\" width=\"219\">Caramelo de goma pelado de mango verde<\/td>\n<\/tr>\n<tr style=\"height: 18.00pt;\">\n<td class=\"et2\" style=\"height: 18.00pt;\" height=\"18\">Pruebe<\/td>\n<td class=\"et3\" style=\"width: 219.15pt;\" width=\"219\">Pelado, jugoso<\/td>\n<\/tr>\n<tr style=\"height: 17.60pt;\">\n<td class=\"et2\" style=\"height: 17.60pt;\" height=\"17\">Especificaci\u00f3n<\/td>\n<td class=\"et2\">80g*10bolsas*6cajas<\/td>\n<\/tr>\n<tr style=\"height: 17.60pt;\">\n<td class=\"et2\" style=\"height: 17.60pt;\" height=\"17\">Tama\u00f1o de la caja<\/td>\n<td class=\"et2\">38*19*35cm<\/td>\n<\/tr>\n<tr style=\"height: 17.60pt;\">\n<td class=\"et2\" style=\"height: 17.60pt;\" height=\"17\">N.W.\/Cart\u00f3n<\/td>\n<td class=\"et2\">7.0kg<\/td>\n<\/tr>\n<tr style=\"height: 17.60pt;\">\n<td class=\"et2\" style=\"height: 17.60pt;\" height=\"17\">Precio<\/td>\n<td class=\"et2\">22,8USD<\/td>\n<\/tr>\n<tr style=\"height: 17.60pt;\">\n<td class=\"et2\" style=\"height: 17.60pt;\" height=\"17\">MOQ<\/td>\n<td class=\"et2\">500 cajas<\/td>\n<\/tr>\n<tr style=\"height: 17.60pt;\">\n<td class=\"et2\" style=\"height: 17.60pt;\" height=\"17\">Muestra<\/td>\n<td class=\"et2\">Disponible<\/td>\n<\/tr>\n<\/tbody>\n<\/table>","protected":false},"featured_media":507,"comment_status":"open","ping_status":"closed","template":"","meta":{"_acf_changed":false},"product_brand":[],"product_cat":[19,29],"product_tag":[],"class_list":{"0":"post-504","1":"product","2":"type-product","3":"status-publish","4":"has-post-thumbnail","6":"product_cat-wholesale-gummy-manufacturer","7":"product_cat-peelable-gummy-candy-supplier","9":"first","10":"instock","11":"shipping-taxable","12":"product-type-simple"},"acf":[],"_links":{"self":[{"href":"https:\/\/www.lechaocandy.com\/es\/wp-json\/wp\/v2\/product\/504","targetHints":{"allow":["GET"]}}],"collection":[{"href":"https:\/\/www.lechaocandy.com\/es\/wp-json\/wp\/v2\/product"}],"about":[{"href":"https:\/\/www.lechaocandy.com\/es\/wp-json\/wp\/v2\/types\/product"}],"replies":[{"embeddable":true,"href":"https:\/\/www.lechaocandy.com\/es\/wp-json\/wp\/v2\/comments?post=504"}],"wp:featuredmedia":[{"embeddable":true,"href":"https:\/\/www.lechaocandy.com\/es\/wp-json\/wp\/v2\/media\/507"}],"wp:attachment":[{"href":"https:\/\/www.lechaocandy.com\/es\/wp-json\/wp\/v2\/media?parent=504"}],"wp:term":[{"taxonomy":"product_brand","embeddable":true,"href":"https:\/\/www.lechaocandy.com\/es\/wp-json\/wp\/v2\/product_brand?post=504"},{"taxonomy":"product_cat","embeddable":true,"href":"https:\/\/www.lechaocandy.com\/es\/wp-json\/wp\/v2\/product_cat?post=504"},{"taxonomy":"product_tag","embeddable":true,"href":"https:\/\/www.lechaocandy.com\/es\/wp-json\/wp\/v2\/product_tag?post=504"}],"curies":[{"name":"wp","href":"https:\/\/api.w.org\/{rel}","templated":true}]}}