{"id":510,"date":"2025-05-14T10:00:02","date_gmt":"2025-05-14T10:00:02","guid":{"rendered":"https:\/\/www.lechaocandy.com\/?post_type=product&#038;p=510"},"modified":"2025-05-14T10:08:29","modified_gmt":"2025-05-14T10:08:29","slug":"gummies-bulk","status":"publish","type":"product","link":"https:\/\/www.lechaocandy.com\/es\/producto\/gummies-bulk\/","title":{"rendered":"Gominolas de pl\u00e1tano pelables al por mayor, Gominolas de frutas al por mayor"},"content":{"rendered":"<div class=\"wp-block-columns is-layout-flex wp-container-core-columns-is-layout-9d6595d7 wp-block-columns-is-layout-flex\"><div class=\"wp-block-column is-layout-flow wp-block-column-is-layout-flow\"><h2 class=\"wp-block-heading\">Caracter\u00edsticas de las gominolas de pl\u00e1tano pelable a granel<\/h2>\n\n<ul class=\"wp-block-list\"><li><strong>Divertido dise\u00f1o pelable, mejora la experiencia interactiva: <\/strong>La capa exterior de az\u00facar de nuestras gominolas de pl\u00e1tano pelables a granel se puede \"pelar\" como un pl\u00e1tano, lo que aumenta la diversi\u00f3n de comer y encanta a ni\u00f1os y j\u00f3venes consumidores.<\/li>\n\n<li><strong>Aut\u00e9ntico sabor a pl\u00e1tano, dulce y rico: <\/strong>El n\u00facleo interior de estos caramelos de goma afrutados al por mayor es rico en aroma de pl\u00e1tano, dulce pero no graso, y aporta un sabor afrutado natural y suave, igual que si degustara pl\u00e1tanos de verdad.<\/li>\n\n<li><strong>Suave y masticable, doble experiencia de sabor: <\/strong>La capa exterior de nuestras gominolas de pl\u00e1tano pelables a granel es blanda y pelable, y el n\u00facleo interior es masticable. La estructura distinta hace que cada bocado m\u00e1s capas y satisfactorio.<\/li>\n\n<li><strong>Gran atractivo visual, mejora el efecto de exposici\u00f3n: <\/strong>La forma de pl\u00e1tano amarillo brillante de estos caramelos de goma afrutados al por mayor es muy reconocible, lo que resulta muy f\u00e1cil de atraer la atenci\u00f3n en los estantes de las tiendas y mejorar el rendimiento general de las ventas.<\/li>\n\n<li><strong>Admite m\u00faltiples opciones de personalizaci\u00f3n: <\/strong>Nuestras gominolas de pl\u00e1tano pelables a granel pueden personalizarse con el envase y los logotipos de la marca seg\u00fan las necesidades del cliente para ayudar a crear art\u00edculos superventas exclusivos.<\/li><\/ul><\/div>\n\n<div class=\"wp-block-column is-layout-flow wp-block-column-is-layout-flow\"><figure class=\"wp-block-image size-full\"><img decoding=\"async\" width=\"800\" height=\"800\" src=\"https:\/\/www.lechaocandy.com\/wp-content\/uploads\/2025\/05\/Peelable-Banana-Gummies-Bulk-Wholesale-Fruity-Gummy-Candy-1.webp\" alt=\"Gominolas de pl\u00e1tano pelables a granel, caramelos de goma con sabor a fruta al por mayor-1\" class=\"wp-image-511\" srcset=\"https:\/\/www.lechaocandy.com\/wp-content\/uploads\/2025\/05\/Peelable-Banana-Gummies-Bulk-Wholesale-Fruity-Gummy-Candy-1.webp 800w, https:\/\/www.lechaocandy.com\/wp-content\/uploads\/2025\/05\/Peelable-Banana-Gummies-Bulk-Wholesale-Fruity-Gummy-Candy-1-300x300.webp 300w, https:\/\/www.lechaocandy.com\/wp-content\/uploads\/2025\/05\/Peelable-Banana-Gummies-Bulk-Wholesale-Fruity-Gummy-Candy-1-150x150.webp 150w, https:\/\/www.lechaocandy.com\/wp-content\/uploads\/2025\/05\/Peelable-Banana-Gummies-Bulk-Wholesale-Fruity-Gummy-Candy-1-768x768.webp 768w, https:\/\/www.lechaocandy.com\/wp-content\/uploads\/2025\/05\/Peelable-Banana-Gummies-Bulk-Wholesale-Fruity-Gummy-Candy-1-600x600.webp 600w, https:\/\/www.lechaocandy.com\/wp-content\/uploads\/2025\/05\/Peelable-Banana-Gummies-Bulk-Wholesale-Fruity-Gummy-Candy-1-100x100.webp 100w\" sizes=\"(max-width: 800px) 100vw, 800px\" \/><\/figure><\/div><\/div>","protected":false},"excerpt":{"rendered":"<p>Bienvenido a la compra al por mayor de caramelos de goma afrutados. Nuestras gominolas de pl\u00e1tano pelables a granel presentan una forma simulada de pl\u00e1tano y un dise\u00f1o pelable, con un sabor dulce y rico, que es a la vez visualmente interesante y agradable. Adecuadas para todo tipo de canales de venta, admiten compras al por mayor y servicios de personalizaci\u00f3n OEM.<\/p>\n<table style=\"border-collapse: collapse; width: 329.02pt;\" border=\"0\" width=\"329\" cellspacing=\"0\" cellpadding=\"0\">\n<tbody>\n<tr style=\"height: 17.60pt;\">\n<td class=\"et2\" style=\"height: 17.60pt; width: 110.80pt;\" width=\"110\" height=\"17\">Fabricante<\/td>\n<td class=\"et2\" style=\"width: 219.15pt;\" width=\"219\">Caramelos LeChao<\/td>\n<\/tr>\n<tr style=\"height: 18.00pt;\">\n<td class=\"et2\" style=\"height: 18.00pt;\" height=\"18\">Tipo de producto<\/td>\n<td class=\"et3\" style=\"width: 219.15pt;\" width=\"219\">Caramelos de goma pelables de pl\u00e1tano<\/td>\n<\/tr>\n<tr style=\"height: 18.00pt;\">\n<td class=\"et2\" style=\"height: 18.00pt;\" height=\"18\">Pruebe<\/td>\n<td class=\"et3\" style=\"width: 219.15pt;\" width=\"219\">Pelado, jugoso<\/td>\n<\/tr>\n<tr style=\"height: 17.60pt;\">\n<td class=\"et2\" style=\"height: 17.60pt;\" height=\"17\">Especificaci\u00f3n<\/td>\n<td class=\"et2\">80g*10bolsas*6cajas<\/td>\n<\/tr>\n<tr style=\"height: 17.60pt;\">\n<td class=\"et2\" style=\"height: 17.60pt;\" height=\"17\">Tama\u00f1o de la caja<\/td>\n<td class=\"et2\">38*19*35cm<\/td>\n<\/tr>\n<tr style=\"height: 17.60pt;\">\n<td class=\"et2\" style=\"height: 17.60pt;\" height=\"17\">N.W.\/Cart\u00f3n<\/td>\n<td class=\"et2\">7.0kg<\/td>\n<\/tr>\n<tr style=\"height: 17.60pt;\">\n<td class=\"et2\" style=\"height: 17.60pt;\" height=\"17\">Precio<\/td>\n<td class=\"et2\">22,8USD<\/td>\n<\/tr>\n<tr style=\"height: 17.60pt;\">\n<td class=\"et2\" style=\"height: 17.60pt;\" height=\"17\">MOQ<\/td>\n<td class=\"et2\">500 cajas<\/td>\n<\/tr>\n<tr style=\"height: 17.60pt;\">\n<td class=\"et2\" style=\"height: 17.60pt;\" height=\"17\">Muestra<\/td>\n<td class=\"et2\">Disponible<\/td>\n<\/tr>\n<\/tbody>\n<\/table>\n<p>&nbsp;<\/p>","protected":false},"featured_media":512,"comment_status":"open","ping_status":"closed","template":"","meta":{"_acf_changed":false},"product_brand":[],"product_cat":[19,29],"product_tag":[],"class_list":{"0":"post-510","1":"product","2":"type-product","3":"status-publish","4":"has-post-thumbnail","6":"product_cat-wholesale-gummy-manufacturer","7":"product_cat-peelable-gummy-candy-supplier","9":"first","10":"instock","11":"shipping-taxable","12":"product-type-simple"},"acf":[],"_links":{"self":[{"href":"https:\/\/www.lechaocandy.com\/es\/wp-json\/wp\/v2\/product\/510","targetHints":{"allow":["GET"]}}],"collection":[{"href":"https:\/\/www.lechaocandy.com\/es\/wp-json\/wp\/v2\/product"}],"about":[{"href":"https:\/\/www.lechaocandy.com\/es\/wp-json\/wp\/v2\/types\/product"}],"replies":[{"embeddable":true,"href":"https:\/\/www.lechaocandy.com\/es\/wp-json\/wp\/v2\/comments?post=510"}],"wp:featuredmedia":[{"embeddable":true,"href":"https:\/\/www.lechaocandy.com\/es\/wp-json\/wp\/v2\/media\/512"}],"wp:attachment":[{"href":"https:\/\/www.lechaocandy.com\/es\/wp-json\/wp\/v2\/media?parent=510"}],"wp:term":[{"taxonomy":"product_brand","embeddable":true,"href":"https:\/\/www.lechaocandy.com\/es\/wp-json\/wp\/v2\/product_brand?post=510"},{"taxonomy":"product_cat","embeddable":true,"href":"https:\/\/www.lechaocandy.com\/es\/wp-json\/wp\/v2\/product_cat?post=510"},{"taxonomy":"product_tag","embeddable":true,"href":"https:\/\/www.lechaocandy.com\/es\/wp-json\/wp\/v2\/product_tag?post=510"}],"curies":[{"name":"wp","href":"https:\/\/api.w.org\/{rel}","templated":true}]}}