{"id":597,"date":"2025-05-15T01:21:14","date_gmt":"2025-05-15T01:21:14","guid":{"rendered":"https:\/\/www.lechaocandy.com\/?post_type=product&#038;p=597"},"modified":"2025-05-15T02:02:48","modified_gmt":"2025-05-15T02:02:48","slug":"marshmallows-bulk","status":"publish","type":"product","link":"https:\/\/www.lechaocandy.com\/es\/producto\/marshmallows-bulk\/","title":{"rendered":"LeChao Multicolor Marshmallows Granel, Soporte Paquete Personalizado"},"content":{"rendered":"<div class=\"wp-block-columns is-layout-flex wp-container-core-columns-is-layout-9d6595d7 wp-block-columns-is-layout-flex\"><div class=\"wp-block-column is-layout-flow wp-block-column-is-layout-flow\"><h2 class=\"wp-block-heading\">Aspectos destacados del producto Malvaviscos multicolores a granel<\/h2>\n\n<ul class=\"wp-block-list\"><li><strong>Aspecto colorido, visualmente atractivo: <\/strong>Nuestros malvaviscos de colores a granel est\u00e1n disponibles en rosa, amarillo, azul y verde, lo que aumenta el atractivo de la exposici\u00f3n del producto y resulta adecuado para festivales, fiestas y la venta diaria al por menor.<\/li>\n\n<li><strong>Suave y esponjoso, dulce pero no grasiento:<\/strong> Estos malvaviscos aromatizados al por mayor son ligeros y densos, con un dulzor moderado, se deshacen en la boca y gustan tanto a ni\u00f1os como a adultos, siendo adecuados para todo tipo de consumidores.<\/li>\n\n<li><strong>Uso polivalente, amplia gama de escenarios: <\/strong>Nuestros malvaviscos de colores a granel no s\u00f3lo son adecuados para el consumo directo, sino que tambi\u00e9n se pueden utilizar para el cacao caliente, la decoraci\u00f3n de hornear, postres de bricolaje y la disposici\u00f3n del festival, que es pr\u00e1ctico.<\/li>\n\n<li><strong>Suministro a granel, calidad estable: <\/strong>Nuestros malvaviscos aromatizados al por mayor son suministrados directamente por la f\u00e1brica, y la producci\u00f3n estandarizada garantiza que la calidad de cada lote de productos sea constante para satisfacer las necesidades de diversos canales.<\/li>\n\n<li><strong>Apoyo a la personalizaci\u00f3n del envase para satisfacer las necesidades de la marca: <\/strong>Nuestros malvaviscos afrutados a granel pueden personalizar el tama\u00f1o de la bolsa de embalaje, el patr\u00f3n, el idioma y el logotipo de la marca de acuerdo con las necesidades del cliente para ayudar a crear productos diferenciados.<\/li><\/ul><\/div>\n\n<div class=\"wp-block-column is-layout-flow wp-block-column-is-layout-flow\"><figure class=\"wp-block-image size-full\"><img decoding=\"async\" width=\"750\" height=\"800\" src=\"https:\/\/www.lechaocandy.com\/wp-content\/uploads\/2025\/05\/LeChao-Multicolor-Marshmallows-Bulk-Support-Custom-Package-4-1.webp\" alt=\"LeChao Malvaviscos multicolores a granel, paquete personalizado de soporte-4\" class=\"wp-image-607\" srcset=\"https:\/\/www.lechaocandy.com\/wp-content\/uploads\/2025\/05\/LeChao-Multicolor-Marshmallows-Bulk-Support-Custom-Package-4-1.webp 750w, https:\/\/www.lechaocandy.com\/wp-content\/uploads\/2025\/05\/LeChao-Multicolor-Marshmallows-Bulk-Support-Custom-Package-4-1-281x300.webp 281w, https:\/\/www.lechaocandy.com\/wp-content\/uploads\/2025\/05\/LeChao-Multicolor-Marshmallows-Bulk-Support-Custom-Package-4-1-600x640.webp 600w\" sizes=\"(max-width: 750px) 100vw, 750px\" \/><\/figure><\/div><\/div>","protected":false},"excerpt":{"rendered":"<p>Bienvenido a comprar malvaviscos aromatizados al por mayor. Los malvaviscos afrutados multicolor al por mayor LeChao tienen una textura suave y permiten la compra al por mayor y la personalizaci\u00f3n del envase. Es adecuado para diversos usos, como la venta al por menor, la reposter\u00eda y la decoraci\u00f3n de festivales.<\/p>\n<table style=\"border-collapse: collapse; width: 329.02pt;\" border=\"0\" width=\"329\" cellspacing=\"0\" cellpadding=\"0\">\n<tbody>\n<tr style=\"height: 17.60pt;\">\n<td class=\"et2\" style=\"height: 17.60pt; width: 110.80pt;\" width=\"110\" height=\"17\">Fabricante<\/td>\n<td class=\"et2\" style=\"width: 219.15pt;\" width=\"219\">Caramelos LeChao<\/td>\n<\/tr>\n<tr style=\"height: 18.00pt;\">\n<td class=\"et2\" style=\"height: 18.00pt;\" height=\"18\">Tipo de producto<\/td>\n<td class=\"et3\" style=\"width: 219.15pt;\" width=\"219\">Anillo de color Marshmallow<\/td>\n<\/tr>\n<tr style=\"height: 18.00pt;\">\n<td class=\"et2\" style=\"height: 18.00pt;\" height=\"18\">Pruebe<\/td>\n<td class=\"et3\" style=\"width: 219.15pt;\" width=\"219\">Esponjoso y dulce<\/td>\n<\/tr>\n<tr style=\"height: 17.60pt;\">\n<td class=\"et2\" style=\"height: 17.60pt;\" height=\"17\">Especificaci\u00f3n<\/td>\n<td class=\"et2\">100gX24bolsas<\/td>\n<\/tr>\n<tr style=\"height: 17.60pt;\">\n<td class=\"et2\" style=\"height: 17.60pt;\" height=\"17\">Tama\u00f1o de la caja<\/td>\n<td class=\"et2\">43X26X24cm<\/td>\n<\/tr>\n<tr style=\"height: 17.60pt;\">\n<td class=\"et2\" style=\"height: 17.60pt;\" height=\"17\">N.W.\/Cart\u00f3n<\/td>\n<td class=\"et2\">3,5 kg<\/td>\n<\/tr>\n<tr style=\"height: 17.60pt;\">\n<td class=\"et2\" style=\"height: 17.60pt;\" height=\"17\">Precio<\/td>\n<td class=\"et2\">9,2-10 USD<\/td>\n<\/tr>\n<tr style=\"height: 17.60pt;\">\n<td class=\"et2\" style=\"height: 17.60pt;\" height=\"17\">MOQ<\/td>\n<td class=\"et2\">800 cajas<\/td>\n<\/tr>\n<tr style=\"height: 17.60pt;\">\n<td class=\"et2\" style=\"height: 17.60pt;\" height=\"17\">Muestra<\/td>\n<td class=\"et2\">Disponible<\/td>\n<\/tr>\n<\/tbody>\n<\/table>","protected":false},"featured_media":604,"comment_status":"open","ping_status":"closed","template":"","meta":{"_acf_changed":false},"product_brand":[],"product_cat":[22],"product_tag":[],"class_list":{"0":"post-597","1":"product","2":"type-product","3":"status-publish","4":"has-post-thumbnail","6":"product_cat-wholesale-marshmallows","8":"first","9":"instock","10":"shipping-taxable","11":"product-type-simple"},"acf":[],"_links":{"self":[{"href":"https:\/\/www.lechaocandy.com\/es\/wp-json\/wp\/v2\/product\/597","targetHints":{"allow":["GET"]}}],"collection":[{"href":"https:\/\/www.lechaocandy.com\/es\/wp-json\/wp\/v2\/product"}],"about":[{"href":"https:\/\/www.lechaocandy.com\/es\/wp-json\/wp\/v2\/types\/product"}],"replies":[{"embeddable":true,"href":"https:\/\/www.lechaocandy.com\/es\/wp-json\/wp\/v2\/comments?post=597"}],"wp:featuredmedia":[{"embeddable":true,"href":"https:\/\/www.lechaocandy.com\/es\/wp-json\/wp\/v2\/media\/604"}],"wp:attachment":[{"href":"https:\/\/www.lechaocandy.com\/es\/wp-json\/wp\/v2\/media?parent=597"}],"wp:term":[{"taxonomy":"product_brand","embeddable":true,"href":"https:\/\/www.lechaocandy.com\/es\/wp-json\/wp\/v2\/product_brand?post=597"},{"taxonomy":"product_cat","embeddable":true,"href":"https:\/\/www.lechaocandy.com\/es\/wp-json\/wp\/v2\/product_cat?post=597"},{"taxonomy":"product_tag","embeddable":true,"href":"https:\/\/www.lechaocandy.com\/es\/wp-json\/wp\/v2\/product_tag?post=597"}],"curies":[{"name":"wp","href":"https:\/\/api.w.org\/{rel}","templated":true}]}}