{"id":624,"date":"2025-05-15T02:42:55","date_gmt":"2025-05-15T02:42:55","guid":{"rendered":"https:\/\/www.lechaocandy.com\/?post_type=product&#038;p=624"},"modified":"2025-05-15T02:56:01","modified_gmt":"2025-05-15T02:56:01","slug":"jelly-beans-in-bulk","status":"publish","type":"product","link":"https:\/\/www.lechaocandy.com\/es\/producto\/jelly-beans-in-bulk\/","title":{"rendered":"Paquete de 1KG de gominolas a granel, gominolas de colores personalizados"},"content":{"rendered":"<div class=\"wp-block-columns is-layout-flex wp-container-core-columns-is-layout-9d6595d7 wp-block-columns-is-layout-flex\"><div class=\"wp-block-column is-layout-flow wp-block-column-is-layout-flow\"><h2 class=\"wp-block-heading\">Caracter\u00edsticas de las gominolas a granel<\/h2>\n\n<ul class=\"wp-block-list\"><li><strong>Envase grande de 1KG:<\/strong> Nuestras gominolas de 1 kg a granel son adecuadas para envasar al por menor, para compartir en fiestas o para uso comercial, con un alto rendimiento de costes y una c\u00f3moda reposici\u00f3n de existencias.<\/li>\n\n<li><strong>Admite personalizaci\u00f3n de colores y sabores, adaptaci\u00f3n flexible a las necesidades de la marca: <\/strong>Nuestras gominolas de colores personalizadas pueden personalizarse con combinaciones de colores y sabores seg\u00fan los requisitos del cliente para mejorar la competitividad de diferenciaci\u00f3n del producto.<\/li>\n\n<li><strong>Colorido y atractivo visual: <\/strong>Nuestras gominolas a granel tienen un aspecto brillante y ricos colores, adecuados para exposici\u00f3n y venta, y tambi\u00e9n pueden decorar mesas de postres, escenarios de fiestas y otras escenas.<\/li>\n\n<li><strong>C\u00e1scara crujiente, n\u00facleo masticable, rico sabor: <\/strong>Nuestras gominolas de colores personalizados son crujientes y est\u00e1n envueltas en un suave n\u00facleo de az\u00facar afrutado, lo que aporta una doble experiencia de sabor agridulce que gusta a personas de todas las edades.<\/li>\n\n<li><strong>Adecuado para m\u00faltiples escenarios, flexible y de amplia aplicaci\u00f3n:<\/strong> Nuestras gominolas a granel son id\u00f3neas para cajas de regalo navide\u00f1as, m\u00e1quinas expendedoras, combinaci\u00f3n de postres, paquetes mixtos de aperitivos y otros canales para ampliar el espacio de ventas.<\/li><\/ul><\/div>\n\n<div class=\"wp-block-column is-layout-flow wp-block-column-is-layout-flow\"><figure class=\"wp-block-image size-full\"><img decoding=\"async\" width=\"800\" height=\"800\" src=\"https:\/\/www.lechaocandy.com\/wp-content\/uploads\/2025\/05\/1KG-Pack-Jelly-Beans-In-Bulk-Custom-Color-Jelly-Beans-2.webp\" alt=\"1KG Paquete Jelly Beans A Granel, Color Personalizado Jelly Beans-2\" class=\"wp-image-626\" srcset=\"https:\/\/www.lechaocandy.com\/wp-content\/uploads\/2025\/05\/1KG-Pack-Jelly-Beans-In-Bulk-Custom-Color-Jelly-Beans-2.webp 800w, https:\/\/www.lechaocandy.com\/wp-content\/uploads\/2025\/05\/1KG-Pack-Jelly-Beans-In-Bulk-Custom-Color-Jelly-Beans-2-300x300.webp 300w, https:\/\/www.lechaocandy.com\/wp-content\/uploads\/2025\/05\/1KG-Pack-Jelly-Beans-In-Bulk-Custom-Color-Jelly-Beans-2-150x150.webp 150w, https:\/\/www.lechaocandy.com\/wp-content\/uploads\/2025\/05\/1KG-Pack-Jelly-Beans-In-Bulk-Custom-Color-Jelly-Beans-2-768x768.webp 768w, https:\/\/www.lechaocandy.com\/wp-content\/uploads\/2025\/05\/1KG-Pack-Jelly-Beans-In-Bulk-Custom-Color-Jelly-Beans-2-600x600.webp 600w, https:\/\/www.lechaocandy.com\/wp-content\/uploads\/2025\/05\/1KG-Pack-Jelly-Beans-In-Bulk-Custom-Color-Jelly-Beans-2-100x100.webp 100w\" sizes=\"(max-width: 800px) 100vw, 800px\" \/><\/figure><\/div><\/div>","protected":false},"excerpt":{"rendered":"<p>Bienvenido a comprar gominolas de colores personalizados. Nuestras gominolas a granel est\u00e1n ricamente coloreadas y aromatizadas, y son adecuadas para el envasado al por menor. El color y el sabor pueden personalizarse en funci\u00f3n de los requisitos de los distintos mercados y marcas.<\/p>\n<table style=\"border-collapse: collapse; width: 329.02pt;\" border=\"0\" width=\"329\" cellspacing=\"0\" cellpadding=\"0\">\n<tbody>\n<tr style=\"height: 17.60pt;\">\n<td class=\"et2\" style=\"height: 17.60pt; width: 110.80pt;\" width=\"110\" height=\"17\">Fabricante<\/td>\n<td class=\"et2\" style=\"width: 219.15pt;\" width=\"219\">Caramelos LeChao<\/td>\n<\/tr>\n<tr style=\"height: 18.00pt;\">\n<td class=\"et2\" style=\"height: 18.00pt;\" height=\"18\">Tipo de producto<\/td>\n<td class=\"et3\" style=\"width: 219.15pt;\" width=\"219\">1kg de gominolas a granel<\/td>\n<\/tr>\n<tr style=\"height: 18.00pt;\">\n<td class=\"et2\" style=\"height: 18.00pt;\" height=\"18\">Pruebe<\/td>\n<td class=\"et3\" style=\"width: 219.15pt;\" width=\"219\">Agridulce y resistente<\/td>\n<\/tr>\n<tr style=\"height: 17.60pt;\">\n<td class=\"et2\" style=\"height: 17.60pt;\" height=\"17\">Especificaci\u00f3n<\/td>\n<td class=\"et2\">1kgx10bolsas<\/td>\n<\/tr>\n<tr style=\"height: 17.60pt;\">\n<td class=\"et2\" style=\"height: 17.60pt;\" height=\"17\">Tama\u00f1o de la caja<\/td>\n<td class=\"et2\">38x24x21cm<\/td>\n<\/tr>\n<tr style=\"height: 17.60pt;\">\n<td class=\"et2\" style=\"height: 17.60pt;\" height=\"17\">N.W.\/Cart\u00f3n<\/td>\n<td class=\"et2\">14 kg<\/td>\n<\/tr>\n<tr style=\"height: 17.60pt;\">\n<td class=\"et2\" style=\"height: 17.60pt;\" height=\"17\">Muestra<\/td>\n<td class=\"et2\">Disponible<\/td>\n<\/tr>\n<\/tbody>\n<\/table>","protected":false},"featured_media":627,"comment_status":"open","ping_status":"closed","template":"","meta":{"_acf_changed":false},"product_brand":[],"product_cat":[21],"product_tag":[30],"class_list":{"0":"post-624","1":"product","2":"type-product","3":"status-publish","4":"has-post-thumbnail","6":"product_cat-jelly-bean-wholesale","7":"product_tag-bulk-candies-collection","9":"first","10":"instock","11":"shipping-taxable","12":"product-type-simple"},"acf":[],"_links":{"self":[{"href":"https:\/\/www.lechaocandy.com\/es\/wp-json\/wp\/v2\/product\/624","targetHints":{"allow":["GET"]}}],"collection":[{"href":"https:\/\/www.lechaocandy.com\/es\/wp-json\/wp\/v2\/product"}],"about":[{"href":"https:\/\/www.lechaocandy.com\/es\/wp-json\/wp\/v2\/types\/product"}],"replies":[{"embeddable":true,"href":"https:\/\/www.lechaocandy.com\/es\/wp-json\/wp\/v2\/comments?post=624"}],"wp:featuredmedia":[{"embeddable":true,"href":"https:\/\/www.lechaocandy.com\/es\/wp-json\/wp\/v2\/media\/627"}],"wp:attachment":[{"href":"https:\/\/www.lechaocandy.com\/es\/wp-json\/wp\/v2\/media?parent=624"}],"wp:term":[{"taxonomy":"product_brand","embeddable":true,"href":"https:\/\/www.lechaocandy.com\/es\/wp-json\/wp\/v2\/product_brand?post=624"},{"taxonomy":"product_cat","embeddable":true,"href":"https:\/\/www.lechaocandy.com\/es\/wp-json\/wp\/v2\/product_cat?post=624"},{"taxonomy":"product_tag","embeddable":true,"href":"https:\/\/www.lechaocandy.com\/es\/wp-json\/wp\/v2\/product_tag?post=624"}],"curies":[{"name":"wp","href":"https:\/\/api.w.org\/{rel}","templated":true}]}}