{"id":655,"date":"2025-05-15T06:10:33","date_gmt":"2025-05-15T06:10:33","guid":{"rendered":"https:\/\/www.lechaocandy.com\/?post_type=product&#038;p=655"},"modified":"2025-05-15T06:23:57","modified_gmt":"2025-05-15T06:23:57","slug":"jelly-beans-bulk","status":"publish","type":"product","link":"https:\/\/www.lechaocandy.com\/es\/producto\/jelly-beans-bulk\/","title":{"rendered":"LeChao Jelly Beans Granel, Caramelos rellenos de gelatina de frutas al por mayor"},"content":{"rendered":"<div class=\"wp-block-columns is-layout-flex wp-container-core-columns-is-layout-9d6595d7 wp-block-columns-is-layout-flex\"><div class=\"wp-block-column is-layout-flow wp-block-column-is-layout-flow\"><h2 class=\"wp-block-heading\">Caracter\u00edsticas de las gominolas a granel<\/h2>\n\n<ul class=\"wp-block-list\"><li><strong>Relleno jugoso, sabor desbordante: <\/strong>Estas gominolas a granel contienen ricos rellenos afrutados, y el jugo se desborda al morderlas, con un estallido agridulce lleno de sorpresas.<\/li>\n\n<li><strong>Cuatro colores y sabores afrutados naturales: <\/strong>Nuestros caramelos de gelatina rellenos al por mayor se seleccionan entre cuatro sabores de fruta populares, como manzana, naranja, ar\u00e1ndano y fresa, con capas de aroma afrutado y sabor fresco.<\/li>\n\n<li><strong>Colores vivos y aspecto llamativo: <\/strong>Nuestras gominolas a granel est\u00e1n recubiertas de az\u00facar de colores intensos y brillantes, adecuadas para decoraciones de fiestas y exhibiciones festivas, con un atractivo tanto visual como gustativo.<\/li>\n\n<li><strong>Adecuado para una gran variedad de comercios y eventos: <\/strong>Nuestros caramelos de gelatina rellenos al por mayor son adecuados para barras de caramelo, fiestas, cajas de caramelos de boda, bolsas de aperitivos y otros escenarios de uso.<\/li>\n\n<li><strong>Apoyo a las compras al por mayor y servicios personalizados: <\/strong>Nuestras gominolas a granel est\u00e1n disponibles a granel o envasadas, y admiten m\u00faltiples personalizaciones como el color, el sabor y el envase para satisfacer diversas necesidades.<\/li><\/ul><\/div>\n\n<div class=\"wp-block-column is-layout-flow wp-block-column-is-layout-flow\"><figure class=\"wp-block-image size-full\"><img decoding=\"async\" width=\"800\" height=\"800\" src=\"https:\/\/www.lechaocandy.com\/wp-content\/uploads\/2025\/05\/LeChao-Jelly-Beans-Bulk-Fruity-Jelly-Filled-Candy-Wholesale-3.webp\" alt=\"LeChao Jelly Beans a granel, caramelos rellenos de gelatina de frutas al por mayor-3\" class=\"wp-image-658\" srcset=\"https:\/\/www.lechaocandy.com\/wp-content\/uploads\/2025\/05\/LeChao-Jelly-Beans-Bulk-Fruity-Jelly-Filled-Candy-Wholesale-3.webp 800w, https:\/\/www.lechaocandy.com\/wp-content\/uploads\/2025\/05\/LeChao-Jelly-Beans-Bulk-Fruity-Jelly-Filled-Candy-Wholesale-3-300x300.webp 300w, https:\/\/www.lechaocandy.com\/wp-content\/uploads\/2025\/05\/LeChao-Jelly-Beans-Bulk-Fruity-Jelly-Filled-Candy-Wholesale-3-150x150.webp 150w, https:\/\/www.lechaocandy.com\/wp-content\/uploads\/2025\/05\/LeChao-Jelly-Beans-Bulk-Fruity-Jelly-Filled-Candy-Wholesale-3-768x768.webp 768w, https:\/\/www.lechaocandy.com\/wp-content\/uploads\/2025\/05\/LeChao-Jelly-Beans-Bulk-Fruity-Jelly-Filled-Candy-Wholesale-3-600x600.webp 600w, https:\/\/www.lechaocandy.com\/wp-content\/uploads\/2025\/05\/LeChao-Jelly-Beans-Bulk-Fruity-Jelly-Filled-Candy-Wholesale-3-100x100.webp 100w\" sizes=\"(max-width: 800px) 100vw, 800px\" \/><\/figure><\/div><\/div>","protected":false},"excerpt":{"rendered":"<p>Bienvenido a comprar caramelos de goma rellenos al por mayor. Las gominolas LeChao al por mayor tienen cuatro sabores: manzana, naranja, ar\u00e1ndano y fresa. Son coloridas y ricas en sabor. Adecuadas para la venta al por mayor y la personalizaci\u00f3n, son ideales para caramelos de festivales, caramelos para ni\u00f1os y promoci\u00f3n de marcas.<\/p>\n<table style=\"border-collapse: collapse; width: 329.02pt;\" border=\"0\" width=\"329\" cellspacing=\"0\" cellpadding=\"0\">\n<tbody>\n<tr style=\"height: 17.60pt;\">\n<td class=\"et2\" style=\"height: 17.60pt; width: 110.80pt;\" width=\"110\" height=\"17\">Fabricante<\/td>\n<td class=\"et2\" style=\"width: 219.15pt;\" width=\"219\">Caramelos LeChao<\/td>\n<\/tr>\n<tr style=\"height: 18.00pt;\">\n<td class=\"et2\" style=\"height: 18.00pt;\" height=\"18\">Tipo de producto<\/td>\n<td class=\"et3\" style=\"width: 219.15pt;\" width=\"219\">Gominolas rellenas<\/td>\n<\/tr>\n<tr style=\"height: 18.00pt;\">\n<td class=\"et2\" style=\"height: 18.00pt;\" height=\"18\">Pruebe<\/td>\n<td class=\"et3\" style=\"width: 219.15pt;\" width=\"219\">Agridulce y resistente<\/td>\n<\/tr>\n<tr style=\"height: 17.60pt;\">\n<td class=\"et2\" style=\"height: 17.60pt;\" height=\"17\">Especificaci\u00f3n<\/td>\n<td class=\"et2\">22gX12bolsasX20cajas<\/td>\n<\/tr>\n<tr style=\"height: 17.60pt;\">\n<td class=\"et2\" style=\"height: 17.60pt;\" height=\"17\">Tama\u00f1o de la caja<\/td>\n<td class=\"et2\">52X26X32cm<\/td>\n<\/tr>\n<tr style=\"height: 17.60pt;\">\n<td class=\"et2\" style=\"height: 17.60pt;\" height=\"17\">N.W.\/Cart\u00f3n<\/td>\n<td class=\"et2\">7,2 kg<\/td>\n<\/tr>\n<tr style=\"height: 17.60pt;\">\n<td class=\"et2\" style=\"height: 17.60pt;\" height=\"17\">Muestra<\/td>\n<td class=\"et2\">Disponible<\/td>\n<\/tr>\n<\/tbody>\n<\/table>","protected":false},"featured_media":656,"comment_status":"open","ping_status":"closed","template":"","meta":{"_acf_changed":false},"product_brand":[],"product_cat":[21],"product_tag":[],"class_list":{"0":"post-655","1":"product","2":"type-product","3":"status-publish","4":"has-post-thumbnail","6":"product_cat-jelly-bean-wholesale","8":"first","9":"instock","10":"shipping-taxable","11":"product-type-simple"},"acf":[],"_links":{"self":[{"href":"https:\/\/www.lechaocandy.com\/es\/wp-json\/wp\/v2\/product\/655","targetHints":{"allow":["GET"]}}],"collection":[{"href":"https:\/\/www.lechaocandy.com\/es\/wp-json\/wp\/v2\/product"}],"about":[{"href":"https:\/\/www.lechaocandy.com\/es\/wp-json\/wp\/v2\/types\/product"}],"replies":[{"embeddable":true,"href":"https:\/\/www.lechaocandy.com\/es\/wp-json\/wp\/v2\/comments?post=655"}],"wp:featuredmedia":[{"embeddable":true,"href":"https:\/\/www.lechaocandy.com\/es\/wp-json\/wp\/v2\/media\/656"}],"wp:attachment":[{"href":"https:\/\/www.lechaocandy.com\/es\/wp-json\/wp\/v2\/media?parent=655"}],"wp:term":[{"taxonomy":"product_brand","embeddable":true,"href":"https:\/\/www.lechaocandy.com\/es\/wp-json\/wp\/v2\/product_brand?post=655"},{"taxonomy":"product_cat","embeddable":true,"href":"https:\/\/www.lechaocandy.com\/es\/wp-json\/wp\/v2\/product_cat?post=655"},{"taxonomy":"product_tag","embeddable":true,"href":"https:\/\/www.lechaocandy.com\/es\/wp-json\/wp\/v2\/product_tag?post=655"}],"curies":[{"name":"wp","href":"https:\/\/api.w.org\/{rel}","templated":true}]}}