{"id":662,"date":"2025-05-15T06:28:25","date_gmt":"2025-05-15T06:28:25","guid":{"rendered":"https:\/\/www.lechaocandy.com\/?post_type=product&#038;p=662"},"modified":"2025-05-15T06:39:29","modified_gmt":"2025-05-15T06:39:29","slug":"gummy-candies-in-bulk","status":"publish","type":"product","link":"https:\/\/www.lechaocandy.com\/es\/producto\/gummy-candies-in-bulk\/","title":{"rendered":"Caramelos de goma recubiertos de chocolate a granel, Gominolas al por mayor"},"content":{"rendered":"<div class=\"wp-block-columns is-layout-flex wp-container-core-columns-is-layout-9d6595d7 wp-block-columns-is-layout-flex\"><div class=\"wp-block-column is-layout-flow wp-block-column-is-layout-flow\"><h2 class=\"wp-block-heading\">Productos destacados de Caramelos de goma recubiertos de chocolate a granel<\/h2>\n\n<ul class=\"wp-block-list\"><li><strong>La fusi\u00f3n perfecta de chocolate y caramelos de goma afrutados: <\/strong>Nuestros caramelos de goma recubiertos de chocolate a granel est\u00e1n recubiertos de exquisito chocolate y tienen en su interior caramelos de goma blandos y masticables de fruta, lo que proporciona una delicia de doble sabor.<\/li>\n\n<li><strong>Variedad de sabores de gominolas:<\/strong> Nuestras gominolas al por mayor est\u00e1n disponibles en numerosos sabores como fresa, naranja, uva, etc., con colores brillantes y un excelente atractivo visual.<\/li>\n\n<li><strong>Adecuado para cajas de regalo navide\u00f1as y envases de venta al por menor: <\/strong>Nuestros caramelos de goma a granel admiten varios envases personalizados y son perfectos para diversas ocasiones, como cajas para regalos navide\u00f1os, bolsas de regalo y venta de paquetes peque\u00f1os.<\/li>\n\n<li><strong>Admite la venta al por mayor y la personalizaci\u00f3n OEM: <\/strong>Las gominolas al por mayor de LeChao ofrecen opciones de envasado a granel o personalizadas para satisfacer las necesidades de compra al por mayor de minoristas, marcas y distribuidores.<\/li>\n\n<li><strong>Adecuado para consumidores de todas las edades: <\/strong>Nuestros caramelos de goma recubiertos de chocolate a granel combinan la rica dulzura del chocolate con la diversi\u00f3n masticable de los caramelos de goma, una combinaci\u00f3n de postres que gusta a ni\u00f1os y mayores.<\/li><\/ul><\/div>\n\n<div class=\"wp-block-column is-layout-flow wp-block-column-is-layout-flow\"><figure class=\"wp-block-image size-full\"><img decoding=\"async\" width=\"800\" height=\"800\" src=\"https:\/\/www.lechaocandy.com\/wp-content\/uploads\/2025\/05\/Chocolate-Covered-Gummy-Candies-In-Bulk-Wholesale-Gummies-2.webp\" alt=\"Caramelos de goma recubiertos de chocolate a granel, Gominolas al por mayor-2\" class=\"wp-image-663\" srcset=\"https:\/\/www.lechaocandy.com\/wp-content\/uploads\/2025\/05\/Chocolate-Covered-Gummy-Candies-In-Bulk-Wholesale-Gummies-2.webp 800w, https:\/\/www.lechaocandy.com\/wp-content\/uploads\/2025\/05\/Chocolate-Covered-Gummy-Candies-In-Bulk-Wholesale-Gummies-2-300x300.webp 300w, https:\/\/www.lechaocandy.com\/wp-content\/uploads\/2025\/05\/Chocolate-Covered-Gummy-Candies-In-Bulk-Wholesale-Gummies-2-150x150.webp 150w, https:\/\/www.lechaocandy.com\/wp-content\/uploads\/2025\/05\/Chocolate-Covered-Gummy-Candies-In-Bulk-Wholesale-Gummies-2-768x768.webp 768w, https:\/\/www.lechaocandy.com\/wp-content\/uploads\/2025\/05\/Chocolate-Covered-Gummy-Candies-In-Bulk-Wholesale-Gummies-2-600x600.webp 600w, https:\/\/www.lechaocandy.com\/wp-content\/uploads\/2025\/05\/Chocolate-Covered-Gummy-Candies-In-Bulk-Wholesale-Gummies-2-100x100.webp 100w\" sizes=\"(max-width: 800px) 100vw, 800px\" \/><\/figure><\/div><\/div>","protected":false},"excerpt":{"rendered":"<p>Bienvenido a comprar las gominolas al por mayor de LeChao. Nuestras gominolas al por mayor recubiertas de chocolate tienen un rico sabor y son dulces pero no grasientas. Apoyamos la venta al por mayor y la personalizaci\u00f3n, y somos uno de los caramelos combinados m\u00e1s vendidos en el mercado minorista.<\/p>\n<table style=\"border-collapse: collapse; width: 329.02pt;\" border=\"0\" width=\"329\" cellspacing=\"0\" cellpadding=\"0\">\n<tbody>\n<tr style=\"height: 17.60pt;\">\n<td class=\"et2\" style=\"height: 17.60pt; width: 110.80pt;\" width=\"110\" height=\"17\">Fabricante<\/td>\n<td class=\"et2\" style=\"width: 219.15pt;\" width=\"219\">Caramelos LeChao<\/td>\n<\/tr>\n<tr style=\"height: 18.00pt;\">\n<td class=\"et2\" style=\"height: 18.00pt;\" height=\"18\">Tipo de producto<\/td>\n<td class=\"et3\" style=\"width: 219.15pt;\" width=\"219\">Gominolas<\/td>\n<\/tr>\n<tr style=\"height: 18.00pt;\">\n<td class=\"et2\" style=\"height: 18.00pt;\" height=\"18\">Pruebe<\/td>\n<td class=\"et3\" style=\"width: 219.15pt;\" width=\"219\">Agridulce y resistente<\/td>\n<\/tr>\n<tr style=\"height: 17.60pt;\">\n<td class=\"et2\" style=\"height: 17.60pt;\" height=\"17\">Especificaci\u00f3n<\/td>\n<td class=\"et2\">10gX50bolsasX12cajas<\/td>\n<\/tr>\n<tr style=\"height: 17.60pt;\">\n<td class=\"et2\" style=\"height: 17.60pt;\" height=\"17\">Tama\u00f1o de la caja<\/td>\n<td class=\"et2\">40X33X36cm<\/td>\n<\/tr>\n<tr style=\"height: 17.60pt;\">\n<td class=\"et2\" style=\"height: 17.60pt;\" height=\"17\">N.W.\/Cart\u00f3n<\/td>\n<td class=\"et2\">8.0kg<\/td>\n<\/tr>\n<tr style=\"height: 17.60pt;\">\n<td class=\"et2\" style=\"height: 17.60pt;\" height=\"17\">Muestra<\/td>\n<td class=\"et2\">Disponible<\/td>\n<\/tr>\n<\/tbody>\n<\/table>","protected":false},"featured_media":664,"comment_status":"open","ping_status":"closed","template":"","meta":{"_acf_changed":false},"product_brand":[],"product_cat":[23],"product_tag":[],"class_list":{"0":"post-662","1":"product","2":"type-product","3":"status-publish","4":"has-post-thumbnail","6":"product_cat-wholesale-chocolate-candy","8":"first","9":"instock","10":"shipping-taxable","11":"product-type-simple"},"acf":[],"_links":{"self":[{"href":"https:\/\/www.lechaocandy.com\/es\/wp-json\/wp\/v2\/product\/662","targetHints":{"allow":["GET"]}}],"collection":[{"href":"https:\/\/www.lechaocandy.com\/es\/wp-json\/wp\/v2\/product"}],"about":[{"href":"https:\/\/www.lechaocandy.com\/es\/wp-json\/wp\/v2\/types\/product"}],"replies":[{"embeddable":true,"href":"https:\/\/www.lechaocandy.com\/es\/wp-json\/wp\/v2\/comments?post=662"}],"wp:featuredmedia":[{"embeddable":true,"href":"https:\/\/www.lechaocandy.com\/es\/wp-json\/wp\/v2\/media\/664"}],"wp:attachment":[{"href":"https:\/\/www.lechaocandy.com\/es\/wp-json\/wp\/v2\/media?parent=662"}],"wp:term":[{"taxonomy":"product_brand","embeddable":true,"href":"https:\/\/www.lechaocandy.com\/es\/wp-json\/wp\/v2\/product_brand?post=662"},{"taxonomy":"product_cat","embeddable":true,"href":"https:\/\/www.lechaocandy.com\/es\/wp-json\/wp\/v2\/product_cat?post=662"},{"taxonomy":"product_tag","embeddable":true,"href":"https:\/\/www.lechaocandy.com\/es\/wp-json\/wp\/v2\/product_tag?post=662"}],"curies":[{"name":"wp","href":"https:\/\/api.w.org\/{rel}","templated":true}]}}