{"id":668,"date":"2025-05-15T06:43:21","date_gmt":"2025-05-15T06:43:21","guid":{"rendered":"https:\/\/www.lechaocandy.com\/?post_type=product&#038;p=668"},"modified":"2026-03-10T08:43:18","modified_gmt":"2026-03-10T08:43:18","slug":"gummies-in-bulk","status":"publish","type":"product","link":"https:\/\/www.lechaocandy.com\/es\/producto\/gummies-in-bulk\/","title":{"rendered":"Gominolas de pi\u00f1a a granel, caramelos rellenos de gelatina al por mayor"},"content":{"rendered":"<div class=\"wp-block-columns is-layout-flex wp-container-core-columns-is-layout-9d6595d7 wp-block-columns-is-layout-flex\"><div class=\"wp-block-column is-layout-flow wp-block-column-is-layout-flow\"><h2 class=\"wp-block-heading\">Caracter\u00edsticas de las gominolas de pi\u00f1a a granel<\/h2>\n\n<ul class=\"wp-block-list\"><li><strong>Rico aroma a pi\u00f1a, sabor tropical:<\/strong> Nuestras gominolas de pi\u00f1a rellenas de gelatina a granel contienen aroma natural de pi\u00f1a, agridulce, refrescante y delicioso, aportando una experiencia de sabor veraniega.<\/li>\n\n<li><strong>Relleno gelatinoso, sabor revent\u00f3n: <\/strong>Estos caramelos masticables al por mayor contienen suaves rellenos de mermelada, que estallan en cuanto se abren a mordiscos, rebosando zumo, y tienen una rica capa de sabor, que no tiene fin.<\/li>\n\n<li><strong>Suave y agradable al paladar: <\/strong>La capa exterior de estas gominolas de pi\u00f1a rellenas de gelatina a granel es flexible y masticable, y la mermelada interior forma una textura dual \u00fanica.<\/li>\n\n<li><strong>Adecuado para una gran variedad de escenarios de venta: <\/strong>Nuestros caramelos masticables al por mayor son adecuados para una gran variedad de aplicaciones, como ventas al por mayor, envases de regalo, barras de caramelo, fiestas infantiles, etc.<\/li>\n\n<li><strong>Admite la personalizaci\u00f3n y la venta al por mayor: <\/strong>Nuestras gominolas de pi\u00f1a rellenas de gelatina a granel ofrecen una gran variedad de formas de envasado, admiten OEM y personalizaci\u00f3n del sabor, para satisfacer las necesidades de marcas y distribuidores.<\/li><\/ul><\/div>\n\n<div class=\"wp-block-column is-layout-flow wp-block-column-is-layout-flow\"><figure class=\"wp-block-image size-full\"><img decoding=\"async\" width=\"800\" height=\"800\" src=\"https:\/\/www.lechaocandy.com\/wp-content\/uploads\/2025\/05\/Pineapple-Gummies-In-Bulk-Jelly-Filled-Candies-Wholesale-3.webp\" alt=\"Gominolas de pi\u00f1a a granel, caramelos rellenos de gelatina al por mayor-3\" class=\"wp-image-671\" srcset=\"https:\/\/www.lechaocandy.com\/wp-content\/uploads\/2025\/05\/Pineapple-Gummies-In-Bulk-Jelly-Filled-Candies-Wholesale-3.webp 800w, https:\/\/www.lechaocandy.com\/wp-content\/uploads\/2025\/05\/Pineapple-Gummies-In-Bulk-Jelly-Filled-Candies-Wholesale-3-300x300.webp 300w, https:\/\/www.lechaocandy.com\/wp-content\/uploads\/2025\/05\/Pineapple-Gummies-In-Bulk-Jelly-Filled-Candies-Wholesale-3-150x150.webp 150w, https:\/\/www.lechaocandy.com\/wp-content\/uploads\/2025\/05\/Pineapple-Gummies-In-Bulk-Jelly-Filled-Candies-Wholesale-3-768x768.webp 768w, https:\/\/www.lechaocandy.com\/wp-content\/uploads\/2025\/05\/Pineapple-Gummies-In-Bulk-Jelly-Filled-Candies-Wholesale-3-600x600.webp 600w, https:\/\/www.lechaocandy.com\/wp-content\/uploads\/2025\/05\/Pineapple-Gummies-In-Bulk-Jelly-Filled-Candies-Wholesale-3-100x100.webp 100w\" sizes=\"(max-width: 800px) 100vw, 800px\" \/><\/figure><\/div><\/div>","protected":false},"excerpt":{"rendered":"<p>Bienvenido a comprar caramelos masticables al por mayor. Nuestras gominolas de pi\u00f1a rellenas de gelatina al por mayor tienen aut\u00e9ntico aroma a pi\u00f1a y sabor a zumo. Adecuado para la venta al por menor de vacaciones, compras al por mayor y personalizaci\u00f3n de la marca, es una de las categor\u00edas de caramelos de frutas m\u00e1s populares en el mercado.<\/p>\n<table style=\"border-collapse: collapse; width: 329.02pt;\" border=\"0\" width=\"329\" cellspacing=\"0\" cellpadding=\"0\">\n<tbody>\n<tr style=\"height: 17.60pt;\">\n<td class=\"et2\" style=\"height: 17.60pt; width: 110.80pt;\" width=\"110\" height=\"17\">Fabricante<\/td>\n<td class=\"et2\" style=\"width: 219.15pt;\" width=\"219\">Caramelos LeChao<\/td>\n<\/tr>\n<tr style=\"height: 18.00pt;\">\n<td class=\"et2\" style=\"height: 18.00pt;\" height=\"18\">Tipo de producto<\/td>\n<td class=\"et3\" style=\"width: 219.15pt;\" width=\"219\">Gominolas de pi\u00f1a rellenas de gelatina<\/td>\n<\/tr>\n<tr style=\"height: 18.00pt;\">\n<td class=\"et2\" style=\"height: 18.00pt;\" height=\"18\">Pruebe<\/td>\n<td class=\"et3\" style=\"width: 219.15pt;\" width=\"219\">Agridulce y resistente<\/td>\n<\/tr>\n<tr style=\"height: 17.60pt;\">\n<td class=\"et2\" style=\"height: 17.60pt;\" height=\"17\">Especificaci\u00f3n<\/td>\n<td class=\"et2\">72gX10bolsasX6cajas<\/td>\n<\/tr>\n<tr style=\"height: 17.60pt;\">\n<td class=\"et2\" style=\"height: 17.60pt;\" height=\"17\">Tama\u00f1o de la caja<\/td>\n<td class=\"et2\">36X22X33cm<\/td>\n<\/tr>\n<tr style=\"height: 17.60pt;\">\n<td class=\"et2\" style=\"height: 17.60pt;\" height=\"17\">N.W.\/Cart\u00f3n<\/td>\n<td class=\"et2\">6,4 kg<\/td>\n<\/tr>\n<tr style=\"height: 17.60pt;\">\n<td class=\"et2\" style=\"height: 17.60pt;\" height=\"17\">Precio<\/td>\n<td class=\"et2\">0,1-0,12USD<\/td>\n<\/tr>\n<tr style=\"height: 17.60pt;\">\n<td class=\"et2\" style=\"height: 17.60pt;\" height=\"17\">MOQ<\/td>\n<td class=\"et2\">500CTNS<\/td>\n<\/tr>\n<tr style=\"height: 17.60pt;\">\n<td class=\"et2\" style=\"height: 17.60pt;\" height=\"17\">Muestra<\/td>\n<td class=\"et2\">Disponible<\/td>\n<\/tr>\n<\/tbody>\n<\/table>","protected":false},"featured_media":675,"comment_status":"open","ping_status":"closed","template":"","meta":{"_acf_changed":false},"product_brand":[],"product_cat":[19,24,27],"product_tag":[],"class_list":{"0":"post-668","1":"product","2":"type-product","3":"status-publish","4":"has-post-thumbnail","6":"product_cat-wholesale-gummy-manufacturer","7":"product_cat-3d-gummy-candy-manufacturer","8":"product_cat-filled-gummy-candies-supplier","10":"first","11":"instock","12":"shipping-taxable","13":"product-type-simple"},"acf":[],"_links":{"self":[{"href":"https:\/\/www.lechaocandy.com\/es\/wp-json\/wp\/v2\/product\/668","targetHints":{"allow":["GET"]}}],"collection":[{"href":"https:\/\/www.lechaocandy.com\/es\/wp-json\/wp\/v2\/product"}],"about":[{"href":"https:\/\/www.lechaocandy.com\/es\/wp-json\/wp\/v2\/types\/product"}],"replies":[{"embeddable":true,"href":"https:\/\/www.lechaocandy.com\/es\/wp-json\/wp\/v2\/comments?post=668"}],"wp:featuredmedia":[{"embeddable":true,"href":"https:\/\/www.lechaocandy.com\/es\/wp-json\/wp\/v2\/media\/675"}],"wp:attachment":[{"href":"https:\/\/www.lechaocandy.com\/es\/wp-json\/wp\/v2\/media?parent=668"}],"wp:term":[{"taxonomy":"product_brand","embeddable":true,"href":"https:\/\/www.lechaocandy.com\/es\/wp-json\/wp\/v2\/product_brand?post=668"},{"taxonomy":"product_cat","embeddable":true,"href":"https:\/\/www.lechaocandy.com\/es\/wp-json\/wp\/v2\/product_cat?post=668"},{"taxonomy":"product_tag","embeddable":true,"href":"https:\/\/www.lechaocandy.com\/es\/wp-json\/wp\/v2\/product_tag?post=668"}],"curies":[{"name":"wp","href":"https:\/\/api.w.org\/{rel}","templated":true}]}}