{"id":728,"date":"2025-05-16T03:47:34","date_gmt":"2025-05-16T03:47:34","guid":{"rendered":"https:\/\/www.lechaocandy.com\/?post_type=product&#038;p=728"},"modified":"2025-05-16T03:59:34","modified_gmt":"2025-05-16T03:59:34","slug":"wholesale-marshmallow","status":"publish","type":"product","link":"https:\/\/www.lechaocandy.com\/es\/producto\/wholesale-marshmallow\/","title":{"rendered":"LeChao Flower Venta al por mayor de malvaviscos, caramelos esponjosos a granel"},"content":{"rendered":"<div class=\"wp-block-columns is-layout-flex wp-container-core-columns-is-layout-9d6595d7 wp-block-columns-is-layout-flex\"><div class=\"wp-block-column is-layout-flow wp-block-column-is-layout-flow\"><h2 class=\"wp-block-heading\">Productos destacados de la flor de malvavisco al por mayor<\/h2>\n\n<ul class=\"wp-block-list\"><li><strong>Exquisita forma de flor: <\/strong>Estos malvaviscos al por mayor tienen forma de flor viva, que es visualmente hermosa y aplicable a la decoraci\u00f3n de vacaciones y la exhibici\u00f3n de valor a\u00f1adido.<\/li>\n\n<li><strong>Sabor suave y delicioso: <\/strong>Nuestros caramelos esponjosos a granel son esponjosos y ligeros, se deshacen en la boca, dulces pero no grasos, aptos para todas las edades.<\/li>\n\n<li><strong>Aplicaci\u00f3n multiescena: <\/strong>Nuestros malvaviscos de flores al por mayor son adecuados para diversas ocasiones, como venta al por menor, fiestas, bodas, cajas de regalo navide\u00f1as, etc.<\/li>\n\n<li><strong>Admite la personalizaci\u00f3n masiva: <\/strong>Nuestros caramelos esponjosos a granel pueden ofrecer una gran variedad de especificaciones de envasado y sabores para satisfacer las distintas necesidades del mercado.<\/li>\n\n<li><strong>Cumplir las normas de seguridad alimentaria:<\/strong> La f\u00e1brica de caramelos LeChao ha pasado las certificaciones ISO y otras certificaciones de seguridad alimentaria, y nuestros malvaviscos al por mayor son de calidad estable y fiable y se exportan a muchos pa\u00edses y regiones de todo el mundo.<\/li><\/ul><\/div>\n\n<div class=\"wp-block-column is-layout-flow wp-block-column-is-layout-flow\"><figure class=\"wp-block-image size-full\"><img decoding=\"async\" width=\"800\" height=\"800\" src=\"https:\/\/www.lechaocandy.com\/wp-content\/uploads\/2025\/05\/LeChao-Flower-Wholesale-Marshmallows-Fluffy-Candy-In-Bulk-7.webp\" alt=\"LeChao Flower Venta al por mayor de malvaviscos, caramelos esponjosos a granel-7\" class=\"wp-image-735\" srcset=\"https:\/\/www.lechaocandy.com\/wp-content\/uploads\/2025\/05\/LeChao-Flower-Wholesale-Marshmallows-Fluffy-Candy-In-Bulk-7.webp 800w, https:\/\/www.lechaocandy.com\/wp-content\/uploads\/2025\/05\/LeChao-Flower-Wholesale-Marshmallows-Fluffy-Candy-In-Bulk-7-300x300.webp 300w, https:\/\/www.lechaocandy.com\/wp-content\/uploads\/2025\/05\/LeChao-Flower-Wholesale-Marshmallows-Fluffy-Candy-In-Bulk-7-150x150.webp 150w, https:\/\/www.lechaocandy.com\/wp-content\/uploads\/2025\/05\/LeChao-Flower-Wholesale-Marshmallows-Fluffy-Candy-In-Bulk-7-768x768.webp 768w, https:\/\/www.lechaocandy.com\/wp-content\/uploads\/2025\/05\/LeChao-Flower-Wholesale-Marshmallows-Fluffy-Candy-In-Bulk-7-600x600.webp 600w, https:\/\/www.lechaocandy.com\/wp-content\/uploads\/2025\/05\/LeChao-Flower-Wholesale-Marshmallows-Fluffy-Candy-In-Bulk-7-100x100.webp 100w\" sizes=\"(max-width: 800px) 100vw, 800px\" \/><\/figure><\/div><\/div>","protected":false},"excerpt":{"rendered":"<p>Bienvenido a comprar caramelos esponjosos al por mayor. LeChao flor malvaviscos al por mayor integrar exquisitas formas de flores con sabor suave, que est\u00e1 fuertemente favorecida por los ni\u00f1os y los amantes del caramelo, y es una buena opci\u00f3n para la compra al por mayor.<\/p>\n<table style=\"border-collapse: collapse; width: 329.02pt;\" border=\"0\" width=\"329\" cellspacing=\"0\" cellpadding=\"0\">\n<tbody>\n<tr style=\"height: 17.60pt;\">\n<td class=\"et2\" style=\"height: 17.60pt; width: 110.80pt;\" width=\"110\" height=\"17\">Fabricante<\/td>\n<td class=\"et2\" style=\"width: 219.15pt;\" width=\"219\">Caramelos LeChao<\/td>\n<\/tr>\n<tr style=\"height: 18.00pt;\">\n<td class=\"et2\" style=\"height: 18.00pt;\" height=\"18\">Tipo de producto<\/td>\n<td class=\"et3\" style=\"width: 219.15pt;\" width=\"219\">Malvaviscos de flores<\/td>\n<\/tr>\n<tr style=\"height: 18.00pt;\">\n<td class=\"et2\" style=\"height: 18.00pt;\" height=\"18\">Pruebe<\/td>\n<td class=\"et3\" style=\"width: 219.15pt;\" width=\"219\">Suave y dulce<\/td>\n<\/tr>\n<tr style=\"height: 17.60pt;\">\n<td class=\"et2\" style=\"height: 17.60pt;\" height=\"17\">Especificaci\u00f3n<\/td>\n<td class=\"et2\">10gX60pcsX12bolsas<\/td>\n<\/tr>\n<tr style=\"height: 17.60pt;\">\n<td class=\"et2\" style=\"height: 17.60pt;\" height=\"17\">Tama\u00f1o de la caja<\/td>\n<td class=\"et2\">69X48X292cm<\/td>\n<\/tr>\n<tr style=\"height: 17.60pt;\">\n<td class=\"et2\" style=\"height: 17.60pt;\" height=\"17\">N.W.\/Cart\u00f3n<\/td>\n<td class=\"et2\">10.0kg<\/td>\n<\/tr>\n<tr style=\"height: 17.60pt;\">\n<td class=\"et2\" style=\"height: 17.60pt;\" height=\"17\">Precio<\/td>\n<td class=\"et2\">26,5-28USD<\/td>\n<\/tr>\n<tr style=\"height: 17.60pt;\">\n<td class=\"et2\" style=\"height: 17.60pt;\" height=\"17\">MOQ<\/td>\n<td class=\"et2\">400CTNS<\/td>\n<\/tr>\n<tr style=\"height: 17.60pt;\">\n<td class=\"et2\" style=\"height: 17.60pt;\" height=\"17\">Muestra<\/td>\n<td class=\"et2\">Disponible<\/td>\n<\/tr>\n<\/tbody>\n<\/table>","protected":false},"featured_media":729,"comment_status":"open","ping_status":"closed","template":"","meta":{"_acf_changed":false},"product_brand":[],"product_cat":[22],"product_tag":[],"class_list":{"0":"post-728","1":"product","2":"type-product","3":"status-publish","4":"has-post-thumbnail","6":"product_cat-wholesale-marshmallows","8":"first","9":"instock","10":"shipping-taxable","11":"product-type-simple"},"acf":[],"_links":{"self":[{"href":"https:\/\/www.lechaocandy.com\/es\/wp-json\/wp\/v2\/product\/728","targetHints":{"allow":["GET"]}}],"collection":[{"href":"https:\/\/www.lechaocandy.com\/es\/wp-json\/wp\/v2\/product"}],"about":[{"href":"https:\/\/www.lechaocandy.com\/es\/wp-json\/wp\/v2\/types\/product"}],"replies":[{"embeddable":true,"href":"https:\/\/www.lechaocandy.com\/es\/wp-json\/wp\/v2\/comments?post=728"}],"wp:featuredmedia":[{"embeddable":true,"href":"https:\/\/www.lechaocandy.com\/es\/wp-json\/wp\/v2\/media\/729"}],"wp:attachment":[{"href":"https:\/\/www.lechaocandy.com\/es\/wp-json\/wp\/v2\/media?parent=728"}],"wp:term":[{"taxonomy":"product_brand","embeddable":true,"href":"https:\/\/www.lechaocandy.com\/es\/wp-json\/wp\/v2\/product_brand?post=728"},{"taxonomy":"product_cat","embeddable":true,"href":"https:\/\/www.lechaocandy.com\/es\/wp-json\/wp\/v2\/product_cat?post=728"},{"taxonomy":"product_tag","embeddable":true,"href":"https:\/\/www.lechaocandy.com\/es\/wp-json\/wp\/v2\/product_tag?post=728"}],"curies":[{"name":"wp","href":"https:\/\/api.w.org\/{rel}","templated":true}]}}