{"id":736,"date":"2025-05-16T04:01:34","date_gmt":"2025-05-16T04:01:34","guid":{"rendered":"https:\/\/www.lechaocandy.com\/?post_type=product&#038;p=736"},"modified":"2026-03-30T08:58:20","modified_gmt":"2026-03-30T08:58:20","slug":"marshmallow-in-bulk","status":"publish","type":"product","link":"https:\/\/www.lechaocandy.com\/es\/producto\/marshmallow-in-bulk\/","title":{"rendered":"Malvavisco blando en forma de coraz\u00f3n al por mayor, caramelos blandos al por mayor"},"content":{"rendered":"<div class=\"wp-block-columns is-layout-flex wp-container-core-columns-is-layout-9d6595d7 wp-block-columns-is-layout-flex\"><div class=\"wp-block-column is-layout-flow wp-block-column-is-layout-flow\"><h2 class=\"wp-block-heading\">Aspectos destacados del malvavisco coraz\u00f3n a granel<\/h2>\n\n<ul class=\"wp-block-list\"><li><strong>Bonita forma de coraz\u00f3n: <\/strong>Este malvavisco a granel tiene la cl\u00e1sica forma de coraz\u00f3n, que expresa un sentimiento azucarado, ideal para momentos acogedores como San Valent\u00edn y las bodas.<\/li>\n\n<li><strong>Sabor suave y delicado: <\/strong>Nuestros malvaviscos al por mayor son esponjosos, de sabor suave y blando, dulzor suave y capas pesadas.<\/li>\n\n<li><strong>Diversos escenarios de aplicaci\u00f3n: <\/strong>Nuestro malvavisco a granel es adecuado para la venta al por menor de aperitivos, decoraci\u00f3n de festivales, reposter\u00eda y combinaciones de dulces DIY.<\/li>\n\n<li><strong>Suministro al por mayor de paquetes a granel: <\/strong>Nuestros malvaviscos al por mayor admiten compras al por mayor y envases personalizados para satisfacer las necesidades de minoristas, distribuidores y clientes de marca.<\/li>\n\n<li><strong>Calidad fiable y certificaci\u00f3n de seguridad:<\/strong> La f\u00e1brica de Lechao ha superado la certificaci\u00f3n ISO de gesti\u00f3n de calidad y seguridad alimentaria, controla estrictamente el proceso de producci\u00f3n, y nuestro malvavisco a granel cumple las normas internacionales de exportaci\u00f3n.<\/li><\/ul><\/div>\n\n<div class=\"wp-block-column is-layout-flow wp-block-column-is-layout-flow\"><figure class=\"wp-block-image size-full\"><img decoding=\"async\" width=\"800\" height=\"800\" src=\"https:\/\/www.lechaocandy.com\/wp-content\/uploads\/2025\/05\/Soft-Heart-Shape-Marshmallow-In-Bulk-Fluffy-Candy-Wholesale-1.webp\" alt=\"Malvavisco blando en forma de corazon al por mayor, caramelo esponjoso al por mayor-1\" class=\"wp-image-737\" srcset=\"https:\/\/www.lechaocandy.com\/wp-content\/uploads\/2025\/05\/Soft-Heart-Shape-Marshmallow-In-Bulk-Fluffy-Candy-Wholesale-1.webp 800w, https:\/\/www.lechaocandy.com\/wp-content\/uploads\/2025\/05\/Soft-Heart-Shape-Marshmallow-In-Bulk-Fluffy-Candy-Wholesale-1-300x300.webp 300w, https:\/\/www.lechaocandy.com\/wp-content\/uploads\/2025\/05\/Soft-Heart-Shape-Marshmallow-In-Bulk-Fluffy-Candy-Wholesale-1-150x150.webp 150w, https:\/\/www.lechaocandy.com\/wp-content\/uploads\/2025\/05\/Soft-Heart-Shape-Marshmallow-In-Bulk-Fluffy-Candy-Wholesale-1-768x768.webp 768w, https:\/\/www.lechaocandy.com\/wp-content\/uploads\/2025\/05\/Soft-Heart-Shape-Marshmallow-In-Bulk-Fluffy-Candy-Wholesale-1-600x600.webp 600w, https:\/\/www.lechaocandy.com\/wp-content\/uploads\/2025\/05\/Soft-Heart-Shape-Marshmallow-In-Bulk-Fluffy-Candy-Wholesale-1-100x100.webp 100w\" sizes=\"(max-width: 800px) 100vw, 800px\" \/><\/figure><\/div><\/div><figure class=\"wp-block-embed is-type-video is-provider-youtube wp-block-embed-youtube wp-embed-aspect-16-9 wp-has-aspect-ratio\"><div class=\"wp-block-embed__wrapper\">\n<iframe title=\"Malvavisco Suave En Forma De Corazon Al Por Mayor, Caramelos Esponjosos Lechao Candy\" width=\"500\" height=\"281\" src=\"https:\/\/www.youtube.com\/embed\/tpSJ4b4Oycw?feature=oembed\" frameborder=\"0\" allow=\"accelerometer; autoplay; clipboard-write; encrypted-media; gyroscope; picture-in-picture; web-share\" referrerpolicy=\"strict-origin-when-cross-origin\" allowfullscreen><\/iframe>\n<\/div><\/figure>","protected":false},"excerpt":{"rendered":"<p>Bienvenido a comprar malvaviscos al por mayor. Nuestros malvaviscos en forma de coraz\u00f3n al por mayor son tiernos, aireados y lindos, aplicables a cualquier ocasi\u00f3n como cajas de regalo de vacaciones, dulces de boda, dulces de fiesta, etc. Es un maravilloso producto al por mayor.<\/p>\n<table style=\"border-collapse: collapse; width: 329.02pt;\" border=\"0\" width=\"329\" cellspacing=\"0\" cellpadding=\"0\">\n<tbody>\n<tr style=\"height: 17.60pt;\">\n<td class=\"et2\" style=\"height: 17.60pt; width: 110.80pt;\" width=\"110\" height=\"17\">Fabricante<\/td>\n<td class=\"et2\" style=\"width: 219.15pt;\" width=\"219\">Caramelos LeChao<\/td>\n<\/tr>\n<tr style=\"height: 18.00pt;\">\n<td class=\"et2\" style=\"height: 18.00pt;\" height=\"18\">Tipo de producto<\/td>\n<td class=\"et3\" style=\"width: 219.15pt;\" width=\"219\">Malvaviscos coraz\u00f3n<\/td>\n<\/tr>\n<tr style=\"height: 18.00pt;\">\n<td class=\"et2\" style=\"height: 18.00pt;\" height=\"18\">Pruebe<\/td>\n<td class=\"et3\" style=\"width: 219.15pt;\" width=\"219\">Suave y dulce<\/td>\n<\/tr>\n<tr style=\"height: 17.60pt;\">\n<td class=\"et2\" style=\"height: 17.60pt;\" height=\"17\">Especificaci\u00f3n<\/td>\n<td class=\"et2\">20gX24pcsX12cajas<\/td>\n<\/tr>\n<tr style=\"height: 17.60pt;\">\n<td class=\"et2\" style=\"height: 17.60pt;\" height=\"17\">Tama\u00f1o de la caja<\/td>\n<td class=\"et2\">58,5X29,5X40,5cm<\/td>\n<\/tr>\n<tr style=\"height: 17.60pt;\">\n<td class=\"et2\" style=\"height: 17.60pt;\" height=\"17\">N.W.\/Cart\u00f3n<\/td>\n<td class=\"et2\">8.0kg<\/td>\n<\/tr>\n<tr style=\"height: 17.60pt;\">\n<td class=\"et2\" style=\"height: 17.60pt;\" height=\"17\">Precio<\/td>\n<td class=\"et2\">22-23,5USD<\/td>\n<\/tr>\n<tr style=\"height: 17.60pt;\">\n<td class=\"et2\" style=\"height: 17.60pt;\" height=\"17\">MOQ<\/td>\n<td class=\"et2\">400CTNS<\/td>\n<\/tr>\n<tr style=\"height: 17.60pt;\">\n<td class=\"et2\" style=\"height: 17.60pt;\" height=\"17\">Muestra<\/td>\n<td class=\"et2\">Disponible<\/td>\n<\/tr>\n<\/tbody>\n<\/table>","protected":false},"featured_media":739,"comment_status":"open","ping_status":"closed","template":"","meta":{"_acf_changed":false},"product_brand":[],"product_cat":[22],"product_tag":[],"class_list":{"0":"post-736","1":"product","2":"type-product","3":"status-publish","4":"has-post-thumbnail","6":"product_cat-wholesale-marshmallows","8":"first","9":"instock","10":"shipping-taxable","11":"product-type-simple"},"acf":[],"_links":{"self":[{"href":"https:\/\/www.lechaocandy.com\/es\/wp-json\/wp\/v2\/product\/736","targetHints":{"allow":["GET"]}}],"collection":[{"href":"https:\/\/www.lechaocandy.com\/es\/wp-json\/wp\/v2\/product"}],"about":[{"href":"https:\/\/www.lechaocandy.com\/es\/wp-json\/wp\/v2\/types\/product"}],"replies":[{"embeddable":true,"href":"https:\/\/www.lechaocandy.com\/es\/wp-json\/wp\/v2\/comments?post=736"}],"wp:featuredmedia":[{"embeddable":true,"href":"https:\/\/www.lechaocandy.com\/es\/wp-json\/wp\/v2\/media\/739"}],"wp:attachment":[{"href":"https:\/\/www.lechaocandy.com\/es\/wp-json\/wp\/v2\/media?parent=736"}],"wp:term":[{"taxonomy":"product_brand","embeddable":true,"href":"https:\/\/www.lechaocandy.com\/es\/wp-json\/wp\/v2\/product_brand?post=736"},{"taxonomy":"product_cat","embeddable":true,"href":"https:\/\/www.lechaocandy.com\/es\/wp-json\/wp\/v2\/product_cat?post=736"},{"taxonomy":"product_tag","embeddable":true,"href":"https:\/\/www.lechaocandy.com\/es\/wp-json\/wp\/v2\/product_tag?post=736"}],"curies":[{"name":"wp","href":"https:\/\/api.w.org\/{rel}","templated":true}]}}