{"id":749,"date":"2025-05-16T06:25:36","date_gmt":"2025-05-16T06:25:36","guid":{"rendered":"https:\/\/www.lechaocandy.com\/?post_type=product&#038;p=749"},"modified":"2025-05-16T06:40:51","modified_gmt":"2025-05-16T06:40:51","slug":"bulk-marshmallows","status":"publish","type":"product","link":"https:\/\/www.lechaocandy.com\/es\/producto\/bulk-marshmallows\/","title":{"rendered":"20g LeChao Sand\u00eda Granel Marshmallows Bites Venta al por mayor"},"content":{"rendered":"<div class=\"wp-block-columns is-layout-flex wp-container-core-columns-is-layout-9d6595d7 wp-block-columns-is-layout-flex\"><div class=\"wp-block-column is-layout-flow wp-block-column-is-layout-flow\"><h2 class=\"wp-block-heading\">Productos destacados de Watermelon Bulk Marshmallows<\/h2>\n\n<ul class=\"wp-block-list\"><li><strong>Sabor sand\u00eda Refrescante verano: <\/strong>Estos malvaviscos a granel est\u00e1n especialmente dise\u00f1ados con sabor a sand\u00eda, frescos y dulces en boca, creando un ambiente veraniego relajante y acogedor.<\/li>\n\n<li><strong>Embalaje peque\u00f1o Distribuci\u00f3n c\u00f3moda:<\/strong> Estos caramelos de malvavisco al por mayor en envases de 20 g son adecuados para la venta al por menor en porciones individuales, la combinaci\u00f3n de cajas de regalo o regalos para eventos.<\/li>\n\n<li><strong>Suave y dulce Alto \u00edndice de recompra: <\/strong>Nuestros malvaviscos a granel tienen una textura suave y esponjosa, combinada con un sabor afrutado, y gustan mucho a ni\u00f1os y j\u00f3venes.<\/li>\n\n<li><strong>Adecuado para m\u00faltiples canales de venta: <\/strong>Nuestros caramelos de malvavisco al por mayor son adecuados para tiendas de conveniencia, supermercados, venta al por mayor de aperitivos, regalos para ni\u00f1os, promociones navide\u00f1as y otros escenarios.<\/li>\n\n<li><strong>Cumplir las normas internacionales de exportaci\u00f3n: <\/strong>Nuestros malvaviscos a granel han superado la certificaci\u00f3n de seguridad alimentaria para garantizar la calidad del producto y el cumplimiento de las normas mundiales de exportaci\u00f3n.<\/li><\/ul><\/div>\n\n<div class=\"wp-block-column is-layout-flow wp-block-column-is-layout-flow\"><figure class=\"wp-block-image size-full\"><img decoding=\"async\" width=\"679\" height=\"599\" src=\"https:\/\/www.lechaocandy.com\/wp-content\/uploads\/2025\/05\/20g-LeChao-Watermelon-Bulk-Marshmallows-Bites-Wholesale-5.webp\" alt=\"20g LeChao Sand\u00eda Marshmallows Bites al por mayor-5\" class=\"wp-image-754\" srcset=\"https:\/\/www.lechaocandy.com\/wp-content\/uploads\/2025\/05\/20g-LeChao-Watermelon-Bulk-Marshmallows-Bites-Wholesale-5.webp 679w, https:\/\/www.lechaocandy.com\/wp-content\/uploads\/2025\/05\/20g-LeChao-Watermelon-Bulk-Marshmallows-Bites-Wholesale-5-300x265.webp 300w, https:\/\/www.lechaocandy.com\/wp-content\/uploads\/2025\/05\/20g-LeChao-Watermelon-Bulk-Marshmallows-Bites-Wholesale-5-600x529.webp 600w\" sizes=\"(max-width: 679px) 100vw, 679px\" \/><\/figure><\/div><\/div>","protected":false},"excerpt":{"rendered":"<p>Bienvenido a comprar caramelos de malvavisco al por mayor. Este paquete de 20 g de malvaviscos a granel de sand\u00eda es mini y lindo, con un sabor suave y dulce y sabor a sand\u00eda fresca, llena de fragancia de verano.<\/p>\n<table style=\"border-collapse: collapse; width: 329.02pt;\" border=\"0\" width=\"329\" cellspacing=\"0\" cellpadding=\"0\">\n<tbody>\n<tr style=\"height: 17.60pt;\">\n<td class=\"et2\" style=\"height: 17.60pt; width: 110.80pt;\" width=\"110\" height=\"17\">Fabricante<\/td>\n<td class=\"et2\" style=\"width: 219.15pt;\" width=\"219\">Caramelos LeChao<\/td>\n<\/tr>\n<tr style=\"height: 18.00pt;\">\n<td class=\"et2\" style=\"height: 18.00pt;\" height=\"18\">Tipo de producto<\/td>\n<td class=\"et3\" style=\"width: 219.15pt;\" width=\"219\">Malvaviscos de sand\u00eda<\/td>\n<\/tr>\n<tr style=\"height: 18.00pt;\">\n<td class=\"et2\" style=\"height: 18.00pt;\" height=\"18\">Pruebe<\/td>\n<td class=\"et3\" style=\"width: 219.15pt;\" width=\"219\">Suave y dulce<\/td>\n<\/tr>\n<tr style=\"height: 17.60pt;\">\n<td class=\"et2\" style=\"height: 17.60pt;\" height=\"17\">Especificaci\u00f3n<\/td>\n<td class=\"et2\">20gX24pcsX12cajas<\/td>\n<\/tr>\n<tr style=\"height: 17.60pt;\">\n<td class=\"et2\" style=\"height: 17.60pt;\" height=\"17\">Tama\u00f1o de la caja<\/td>\n<td class=\"et2\">58,5X29,5X40,5cm<\/td>\n<\/tr>\n<tr style=\"height: 17.60pt;\">\n<td class=\"et2\" style=\"height: 17.60pt;\" height=\"17\">N.W.\/Cart\u00f3n<\/td>\n<td class=\"et2\">8.0kg<\/td>\n<\/tr>\n<tr style=\"height: 17.60pt;\">\n<td class=\"et2\" style=\"height: 17.60pt;\" height=\"17\">Precio<\/td>\n<td class=\"et2\">22-23,5USD<\/td>\n<\/tr>\n<tr style=\"height: 17.60pt;\">\n<td class=\"et2\" style=\"height: 17.60pt;\" height=\"17\">MOQ<\/td>\n<td class=\"et2\">400CTNS<\/td>\n<\/tr>\n<tr style=\"height: 17.60pt;\">\n<td class=\"et2\" style=\"height: 17.60pt;\" height=\"17\">Muestra<\/td>\n<td class=\"et2\">Disponible<\/td>\n<\/tr>\n<\/tbody>\n<\/table>","protected":false},"featured_media":751,"comment_status":"open","ping_status":"closed","template":"","meta":{"_acf_changed":false},"product_brand":[],"product_cat":[22],"product_tag":[],"class_list":{"0":"post-749","1":"product","2":"type-product","3":"status-publish","4":"has-post-thumbnail","6":"product_cat-wholesale-marshmallows","8":"first","9":"instock","10":"shipping-taxable","11":"product-type-simple"},"acf":[],"_links":{"self":[{"href":"https:\/\/www.lechaocandy.com\/es\/wp-json\/wp\/v2\/product\/749","targetHints":{"allow":["GET"]}}],"collection":[{"href":"https:\/\/www.lechaocandy.com\/es\/wp-json\/wp\/v2\/product"}],"about":[{"href":"https:\/\/www.lechaocandy.com\/es\/wp-json\/wp\/v2\/types\/product"}],"replies":[{"embeddable":true,"href":"https:\/\/www.lechaocandy.com\/es\/wp-json\/wp\/v2\/comments?post=749"}],"wp:featuredmedia":[{"embeddable":true,"href":"https:\/\/www.lechaocandy.com\/es\/wp-json\/wp\/v2\/media\/751"}],"wp:attachment":[{"href":"https:\/\/www.lechaocandy.com\/es\/wp-json\/wp\/v2\/media?parent=749"}],"wp:term":[{"taxonomy":"product_brand","embeddable":true,"href":"https:\/\/www.lechaocandy.com\/es\/wp-json\/wp\/v2\/product_brand?post=749"},{"taxonomy":"product_cat","embeddable":true,"href":"https:\/\/www.lechaocandy.com\/es\/wp-json\/wp\/v2\/product_cat?post=749"},{"taxonomy":"product_tag","embeddable":true,"href":"https:\/\/www.lechaocandy.com\/es\/wp-json\/wp\/v2\/product_tag?post=749"}],"curies":[{"name":"wp","href":"https:\/\/api.w.org\/{rel}","templated":true}]}}