{"id":755,"date":"2025-05-16T06:41:08","date_gmt":"2025-05-16T06:41:08","guid":{"rendered":"https:\/\/www.lechaocandy.com\/?post_type=product&#038;p=755"},"modified":"2025-05-16T06:49:24","modified_gmt":"2025-05-16T06:49:24","slug":"vegan-marshmallows-wholesale","status":"publish","type":"product","link":"https:\/\/www.lechaocandy.com\/es\/producto\/vegan-marshmallows-wholesale\/","title":{"rendered":"Malvaviscos veganos con forma de sandia al por mayor en paquete de 10g"},"content":{"rendered":"<div class=\"wp-block-columns is-layout-flex wp-container-core-columns-is-layout-9d6595d7 wp-block-columns-is-layout-flex\"><div class=\"wp-block-column is-layout-flow wp-block-column-is-layout-flow\"><h2 class=\"wp-block-heading\">Productos destacados de Watermelon Vegan Marshmallows al por mayor<\/h2>\n\n<ul class=\"wp-block-list\"><li><strong>Las f\u00f3rmulas vegetales son m\u00e1s seguras: <\/strong>Nuestros malvaviscos veganos al por mayor utilizan materias primas veganas 100% y no contienen materias primas animales, por lo que pueden ser adecuados para vegetarianos y personas preocupadas por su salud.<\/li>\n\n<li><strong>Divertida forma de sand\u00eda: <\/strong>Estos malvaviscos a granel utilizan rodajas de sand\u00eda realistas en rojo y verde, son bonitos y llamativos, ideales para fiestas, festivales y otros entornos de uso.<\/li>\n\n<li><strong>Los peque\u00f1os envases individuales son f\u00e1ciles de distribuir: <\/strong>Estos malvaviscos veganos al por mayor vienen en paquetes de 10 g, lo que resulta muy pr\u00e1ctico para la venta al por menor, para llevar y para regalar, y es una opci\u00f3n pr\u00e1ctica para actividades y ventas.<\/li>\n\n<li><strong>Suave y dulce, regusto interminable: <\/strong>Nuestro malvavisco a granel tiene un sabor esponjoso, con sabor afrutado natural, dulce pero no graso, y hace que la gente se enamore de \u00e9l al primer bocado.<\/li>\n\n<li><strong>Conforme a las normas de exportaci\u00f3n y calidad fiable: <\/strong>Nuestros malvaviscos veganos al por mayor han superado m\u00faltiples certificaciones de calidad y seguridad alimentaria, son aptos para diversos mercados nacionales e internacionales y constituyen una elecci\u00f3n mayorista de confianza.<\/li><\/ul><\/div>\n\n<div class=\"wp-block-column is-layout-flow wp-block-column-is-layout-flow\"><figure class=\"wp-block-image size-full\"><img decoding=\"async\" width=\"668\" height=\"582\" src=\"https:\/\/www.lechaocandy.com\/wp-content\/uploads\/2025\/05\/Watermelon-Shape-Vegan-Marshmallows-Wholesale-In-10g-Pack-3.webp\" alt=\"Malvaviscos veganos con forma de sand\u00eda al por mayor en paquetes de 10g-3\" class=\"wp-image-758\" srcset=\"https:\/\/www.lechaocandy.com\/wp-content\/uploads\/2025\/05\/Watermelon-Shape-Vegan-Marshmallows-Wholesale-In-10g-Pack-3.webp 668w, https:\/\/www.lechaocandy.com\/wp-content\/uploads\/2025\/05\/Watermelon-Shape-Vegan-Marshmallows-Wholesale-In-10g-Pack-3-300x261.webp 300w, https:\/\/www.lechaocandy.com\/wp-content\/uploads\/2025\/05\/Watermelon-Shape-Vegan-Marshmallows-Wholesale-In-10g-Pack-3-600x523.webp 600w\" sizes=\"(max-width: 668px) 100vw, 668px\" \/><\/figure><\/div><\/div>","protected":false},"excerpt":{"rendered":"<p>Bienvenido a comprar malvaviscos veganos al por mayor. Nuestra 10g malvavisco en forma de sand\u00eda a granel utiliza una f\u00f3rmula vegana, con colores brillantes, suave sensaci\u00f3n en la boca, dulce y no grasa, por lo que es una opci\u00f3n ideal para el mercado de dulces veganos.<\/p>\n<table style=\"border-collapse: collapse; width: 329.02pt;\" border=\"0\" width=\"329\" cellspacing=\"0\" cellpadding=\"0\">\n<tbody>\n<tr style=\"height: 17.60pt;\">\n<td class=\"et2\" style=\"height: 17.60pt; width: 110.80pt;\" width=\"110\" height=\"17\">Fabricante<\/td>\n<td class=\"et2\" style=\"width: 219.15pt;\" width=\"219\">Caramelos LeChao<\/td>\n<\/tr>\n<tr style=\"height: 18.00pt;\">\n<td class=\"et2\" style=\"height: 18.00pt;\" height=\"18\">Tipo de producto<\/td>\n<td class=\"et3\" style=\"width: 219.15pt;\" width=\"219\">Malvaviscos de sand\u00eda<\/td>\n<\/tr>\n<tr style=\"height: 18.00pt;\">\n<td class=\"et2\" style=\"height: 18.00pt;\" height=\"18\">Pruebe<\/td>\n<td class=\"et3\" style=\"width: 219.15pt;\" width=\"219\">Suave y dulce<\/td>\n<\/tr>\n<tr style=\"height: 17.60pt;\">\n<td class=\"et2\" style=\"height: 17.60pt;\" height=\"17\">Especificaci\u00f3n<\/td>\n<td class=\"et2\">10gX60pcsX12bolsas<\/td>\n<\/tr>\n<tr style=\"height: 17.60pt;\">\n<td class=\"et2\" style=\"height: 17.60pt;\" height=\"17\">Tama\u00f1o de la caja<\/td>\n<td class=\"et2\">69X48X292cm<\/td>\n<\/tr>\n<tr style=\"height: 17.60pt;\">\n<td class=\"et2\" style=\"height: 17.60pt;\" height=\"17\">N.W.\/Cart\u00f3n<\/td>\n<td class=\"et2\">10.0kg<\/td>\n<\/tr>\n<tr style=\"height: 17.60pt;\">\n<td class=\"et2\" style=\"height: 17.60pt;\" height=\"17\">Precio<\/td>\n<td class=\"et2\">26,5-28USD<\/td>\n<\/tr>\n<tr style=\"height: 17.60pt;\">\n<td class=\"et2\" style=\"height: 17.60pt;\" height=\"17\">MOQ<\/td>\n<td class=\"et2\">400CTNS<\/td>\n<\/tr>\n<tr style=\"height: 17.60pt;\">\n<td class=\"et2\" style=\"height: 17.60pt;\" height=\"17\">Muestra<\/td>\n<td class=\"et2\">Disponible<\/td>\n<\/tr>\n<\/tbody>\n<\/table>","protected":false},"featured_media":756,"comment_status":"open","ping_status":"closed","template":"","meta":{"_acf_changed":false},"product_brand":[],"product_cat":[22],"product_tag":[],"class_list":{"0":"post-755","1":"product","2":"type-product","3":"status-publish","4":"has-post-thumbnail","6":"product_cat-wholesale-marshmallows","8":"first","9":"instock","10":"shipping-taxable","11":"product-type-simple"},"acf":[],"_links":{"self":[{"href":"https:\/\/www.lechaocandy.com\/es\/wp-json\/wp\/v2\/product\/755","targetHints":{"allow":["GET"]}}],"collection":[{"href":"https:\/\/www.lechaocandy.com\/es\/wp-json\/wp\/v2\/product"}],"about":[{"href":"https:\/\/www.lechaocandy.com\/es\/wp-json\/wp\/v2\/types\/product"}],"replies":[{"embeddable":true,"href":"https:\/\/www.lechaocandy.com\/es\/wp-json\/wp\/v2\/comments?post=755"}],"wp:featuredmedia":[{"embeddable":true,"href":"https:\/\/www.lechaocandy.com\/es\/wp-json\/wp\/v2\/media\/756"}],"wp:attachment":[{"href":"https:\/\/www.lechaocandy.com\/es\/wp-json\/wp\/v2\/media?parent=755"}],"wp:term":[{"taxonomy":"product_brand","embeddable":true,"href":"https:\/\/www.lechaocandy.com\/es\/wp-json\/wp\/v2\/product_brand?post=755"},{"taxonomy":"product_cat","embeddable":true,"href":"https:\/\/www.lechaocandy.com\/es\/wp-json\/wp\/v2\/product_cat?post=755"},{"taxonomy":"product_tag","embeddable":true,"href":"https:\/\/www.lechaocandy.com\/es\/wp-json\/wp\/v2\/product_tag?post=755"}],"curies":[{"name":"wp","href":"https:\/\/api.w.org\/{rel}","templated":true}]}}