{"id":798,"date":"2025-05-20T08:59:34","date_gmt":"2025-05-20T08:59:34","guid":{"rendered":"https:\/\/www.lechaocandy.com\/?post_type=product&#038;p=798"},"modified":"2025-05-20T09:18:33","modified_gmt":"2025-05-20T09:18:33","slug":"gummy-bulk-candy","status":"publish","type":"product","link":"https:\/\/www.lechaocandy.com\/es\/producto\/gummy-bulk-candy\/","title":{"rendered":"Caramelos de goma a granel, Caramelos de goma juguetones al por mayor"},"content":{"rendered":"<div class=\"wp-block-columns is-layout-flex wp-container-core-columns-is-layout-9d6595d7 wp-block-columns-is-layout-flex\"><div class=\"wp-block-column is-layout-flow wp-block-column-is-layout-flow\"><h2 class=\"wp-block-heading\">Aspectos destacados de los caramelos de goma Hotdog a granel<\/h2>\n\n<ul class=\"wp-block-list\"><li><strong>Desmontaje y dise\u00f1o l\u00fadico:<\/strong> Este caramelo de goma a granel de perrito caliente consta de \"pan\" y \"salchicha\" y otras partes, que se pueden desmontar y montar para crear diversi\u00f3n, y los ni\u00f1os pueden jugar mientras comen, lo que resulta muy divertido.<\/li>\n\n<li><strong>Embalaje individual independiente:<\/strong> Estos caramelos de goma al por mayor tienen un envase independiente, seguro y limpio, f\u00e1cil de transportar y compartir, e ideal para la venta en supermercados, m\u00e1quinas expendedoras y bolsas de regalo para fiestas.<\/li>\n\n<li><strong>Forma de perrito caliente realista, llamativa y divertida:<\/strong> Este caramelo de goma a granel tiene forma de perrito caliente simulado, colores brillantes, Q el\u00e1stico y suave, que no s\u00f3lo es delicioso sino tambi\u00e9n divertido, y es muy querido por los ni\u00f1os y j\u00f3venes.<\/li>\n\n<li><strong>Adecuado para una gran variedad de escenarios de venta: <\/strong>Nuestros caramelos de goma al por mayor admiten la venta al por mayor en paquetes grandes, adecuados para una gran variedad de escenarios de venta, como tiendas de aperitivos, proveedores de fiestas, regalos para festivales, etc., flexibles y pr\u00e1cticos.<\/li>\n\n<li><strong>Ingredientes de alta calidad, seguros y deliciosos:<\/strong> Nuestros caramelos de goma a granel seleccionan ingredientes, sin conservantes artificiales, dulces y deliciosos, Q el\u00e1sticos y suaves, aportando una experiencia segura y deliciosa, apta para consumidores de todas las edades.<\/li><\/ul><\/div>\n\n<div class=\"wp-block-column is-layout-flow wp-block-column-is-layout-flow\"><figure class=\"wp-block-image size-full\"><img decoding=\"async\" width=\"800\" height=\"800\" src=\"https:\/\/www.lechaocandy.com\/wp-content\/uploads\/2025\/05\/Hotdog-Gummy-Bulk-Candy-Playful-Gummy-Candy-Wholesale-5.webp\" alt=\"Caramelos de goma a granel Hotdog, Caramelos de goma juguetones al por mayor-5\" class=\"wp-image-803\" srcset=\"https:\/\/www.lechaocandy.com\/wp-content\/uploads\/2025\/05\/Hotdog-Gummy-Bulk-Candy-Playful-Gummy-Candy-Wholesale-5.webp 800w, https:\/\/www.lechaocandy.com\/wp-content\/uploads\/2025\/05\/Hotdog-Gummy-Bulk-Candy-Playful-Gummy-Candy-Wholesale-5-300x300.webp 300w, https:\/\/www.lechaocandy.com\/wp-content\/uploads\/2025\/05\/Hotdog-Gummy-Bulk-Candy-Playful-Gummy-Candy-Wholesale-5-150x150.webp 150w, https:\/\/www.lechaocandy.com\/wp-content\/uploads\/2025\/05\/Hotdog-Gummy-Bulk-Candy-Playful-Gummy-Candy-Wholesale-5-768x768.webp 768w, https:\/\/www.lechaocandy.com\/wp-content\/uploads\/2025\/05\/Hotdog-Gummy-Bulk-Candy-Playful-Gummy-Candy-Wholesale-5-600x600.webp 600w, https:\/\/www.lechaocandy.com\/wp-content\/uploads\/2025\/05\/Hotdog-Gummy-Bulk-Candy-Playful-Gummy-Candy-Wholesale-5-100x100.webp 100w\" sizes=\"(max-width: 800px) 100vw, 800px\" \/><\/figure><\/div><\/div>","protected":false},"excerpt":{"rendered":"<p>Bienvenido a comprar caramelos de goma al por mayor. Estos caramelos de goma al por mayor con forma de perrito caliente no s\u00f3lo son realistas y bonitos, sino que tambi\u00e9n se pueden desmontar y montar para a\u00f1adir diversi\u00f3n. Cada pieza est\u00e1 empaquetada individualmente, adecuada para fiestas, tiendas de aperitivos y ventas al por mayor.<\/p>\n<table style=\"border-collapse: collapse; width: 329.02pt;\" border=\"0\" width=\"329\" cellspacing=\"0\" cellpadding=\"0\">\n<tbody>\n<tr style=\"height: 17.60pt;\">\n<td class=\"et2\" style=\"height: 17.60pt; width: 110.80pt;\" width=\"110\" height=\"17\">Fabricante<\/td>\n<td class=\"et2\" style=\"width: 219.15pt;\" width=\"219\">Caramelos LeChao<\/td>\n<\/tr>\n<tr style=\"height: 18.00pt;\">\n<td class=\"et2\" style=\"height: 18.00pt;\" height=\"18\">Tipo de producto<\/td>\n<td class=\"et3\" style=\"width: 219.15pt;\" width=\"219\">Caramelos de goma Hotdog<\/td>\n<\/tr>\n<tr style=\"height: 18.00pt;\">\n<td class=\"et2\" style=\"height: 18.00pt;\" height=\"18\">Pruebe<\/td>\n<td class=\"et3\" style=\"width: 219.15pt;\" width=\"219\">Agridulce y resistente<\/td>\n<\/tr>\n<tr style=\"height: 17.60pt;\">\n<td class=\"et2\" style=\"height: 17.60pt;\" height=\"17\">Especificaci\u00f3n<\/td>\n<td class=\"et2\">108gx48bolsas<\/td>\n<\/tr>\n<tr style=\"height: 17.60pt;\">\n<td class=\"et2\" style=\"height: 17.60pt;\" height=\"17\">Tama\u00f1o de la caja<\/td>\n<td class=\"et2\">44*30*26cm<\/td>\n<\/tr>\n<tr style=\"height: 17.60pt;\">\n<td class=\"et2\" style=\"height: 17.60pt;\" height=\"17\">N.W.\/Cart\u00f3n<\/td>\n<td class=\"et2\">6,4 kg<\/td>\n<\/tr>\n<tr style=\"height: 17.60pt;\">\n<td class=\"et2\" style=\"height: 17.60pt;\" height=\"17\">Muestra<\/td>\n<td class=\"et2\">Disponible<\/td>\n<\/tr>\n<\/tbody>\n<\/table>","protected":false},"featured_media":804,"comment_status":"open","ping_status":"closed","template":"","meta":{"_acf_changed":false},"product_brand":[],"product_cat":[19],"product_tag":[],"class_list":{"0":"post-798","1":"product","2":"type-product","3":"status-publish","4":"has-post-thumbnail","6":"product_cat-wholesale-gummy-manufacturer","8":"first","9":"instock","10":"shipping-taxable","11":"product-type-simple"},"acf":[],"_links":{"self":[{"href":"https:\/\/www.lechaocandy.com\/es\/wp-json\/wp\/v2\/product\/798","targetHints":{"allow":["GET"]}}],"collection":[{"href":"https:\/\/www.lechaocandy.com\/es\/wp-json\/wp\/v2\/product"}],"about":[{"href":"https:\/\/www.lechaocandy.com\/es\/wp-json\/wp\/v2\/types\/product"}],"replies":[{"embeddable":true,"href":"https:\/\/www.lechaocandy.com\/es\/wp-json\/wp\/v2\/comments?post=798"}],"wp:featuredmedia":[{"embeddable":true,"href":"https:\/\/www.lechaocandy.com\/es\/wp-json\/wp\/v2\/media\/804"}],"wp:attachment":[{"href":"https:\/\/www.lechaocandy.com\/es\/wp-json\/wp\/v2\/media?parent=798"}],"wp:term":[{"taxonomy":"product_brand","embeddable":true,"href":"https:\/\/www.lechaocandy.com\/es\/wp-json\/wp\/v2\/product_brand?post=798"},{"taxonomy":"product_cat","embeddable":true,"href":"https:\/\/www.lechaocandy.com\/es\/wp-json\/wp\/v2\/product_cat?post=798"},{"taxonomy":"product_tag","embeddable":true,"href":"https:\/\/www.lechaocandy.com\/es\/wp-json\/wp\/v2\/product_tag?post=798"}],"curies":[{"name":"wp","href":"https:\/\/api.w.org\/{rel}","templated":true}]}}