{"id":810,"date":"2025-05-20T09:54:50","date_gmt":"2025-05-20T09:54:50","guid":{"rendered":"https:\/\/www.lechaocandy.com\/?post_type=product&#038;p=810"},"modified":"2025-05-20T10:03:35","modified_gmt":"2025-05-20T10:03:35","slug":"bulk-candy-gummy","status":"publish","type":"product","link":"https:\/\/www.lechaocandy.com\/es\/producto\/bulk-candy-gummy\/","title":{"rendered":"Caramelos de goma a granel envueltos individualmente al por mayor"},"content":{"rendered":"<div class=\"wp-block-columns is-layout-flex wp-container-core-columns-is-layout-9d6595d7 wp-block-columns-is-layout-flex\"><div class=\"wp-block-column is-layout-flow wp-block-column-is-layout-flow\"><h2 class=\"wp-block-heading\">Aspectos destacados del producto Caramelos de goma a granel Sandwich<\/h2>\n\n<ul class=\"wp-block-list\"><li><strong>Envasado individualmente, limpio y port\u00e1til: <\/strong>Estas gominolas de caramelo a granel se envasan individualmente en paquetes peque\u00f1os, lo que resulta c\u00f3modo para su distribuci\u00f3n, transporte y almacenamiento, manteniendo los caramelos frescos e higi\u00e9nicos, y resultan adecuadas para la venta al por menor, las m\u00e1quinas expendedoras y las fiestas infantiles.<\/li>\n\n<li><strong>La bolsa entera pesa 108 g, lo que es suficiente y asequible:<\/strong> La cantidad total de estas gominolas al por mayor es de 108 gramos, lo que resulta rentable y sustancioso, adecuado para los estantes de los supermercados, los paquetes de regalos navide\u00f1os y las ventas al por mayor.<\/li>\n\n<li><strong>Se puede desmontar y combinar, jugar y comer: <\/strong>La forma de s\u00e1ndwich de esta gominola de caramelo a granel se compone de m\u00faltiples capas de \"pan\", \"lechuga\" y \"jam\u00f3n\", que se pueden desmontar y volver a montar, llenas de diversi\u00f3n, lo que permite a los ni\u00f1os experimentar la alegr\u00eda de comer y jugar.<\/li>\n\n<li><strong>Forma realista y colores atractivos: <\/strong>Estas gominolas simuladas de s\u00e1ndwich al por mayor son ricas en colores, no s\u00f3lo llamativas y divertidas, sino tambi\u00e9n apetitosas, y son populares entre los dulces creativos.<\/li>\n\n<li><strong>Adecuado para ventas al por mayor en m\u00faltiples escenarios: <\/strong>Nuestras gominolas de caramelo a granel admiten la venta al por mayor en paquetes grandes, adecuados para ventas multicanal como cadenas de aperitivos, tiendas de regalos, tiendas en l\u00ednea y plataformas de comercio electr\u00f3nico, para satisfacer las necesidades de festivales, diarios y regalos.<\/li><\/ul><\/div>\n\n<div class=\"wp-block-column is-layout-flow wp-block-column-is-layout-flow\"><figure class=\"wp-block-image size-full\"><img decoding=\"async\" width=\"800\" height=\"800\" src=\"https:\/\/www.lechaocandy.com\/wp-content\/uploads\/2025\/05\/Individually-Wrapped-Sandwich-Bulk-Candy-Gummy-Wholesale-4.webp\" alt=\"Caramelos de goma a granel envueltos individualmente al por mayor-4\" class=\"wp-image-814\" srcset=\"https:\/\/www.lechaocandy.com\/wp-content\/uploads\/2025\/05\/Individually-Wrapped-Sandwich-Bulk-Candy-Gummy-Wholesale-4.webp 800w, https:\/\/www.lechaocandy.com\/wp-content\/uploads\/2025\/05\/Individually-Wrapped-Sandwich-Bulk-Candy-Gummy-Wholesale-4-300x300.webp 300w, https:\/\/www.lechaocandy.com\/wp-content\/uploads\/2025\/05\/Individually-Wrapped-Sandwich-Bulk-Candy-Gummy-Wholesale-4-150x150.webp 150w, https:\/\/www.lechaocandy.com\/wp-content\/uploads\/2025\/05\/Individually-Wrapped-Sandwich-Bulk-Candy-Gummy-Wholesale-4-768x768.webp 768w, https:\/\/www.lechaocandy.com\/wp-content\/uploads\/2025\/05\/Individually-Wrapped-Sandwich-Bulk-Candy-Gummy-Wholesale-4-600x600.webp 600w, https:\/\/www.lechaocandy.com\/wp-content\/uploads\/2025\/05\/Individually-Wrapped-Sandwich-Bulk-Candy-Gummy-Wholesale-4-100x100.webp 100w\" sizes=\"(max-width: 800px) 100vw, 800px\" \/><\/figure><\/div><\/div>","protected":false},"excerpt":{"rendered":"<p>Bienvenido a comprar gominolas al por mayor. Esta gominola de caramelo al por mayor en forma de s\u00e1ndwich est\u00e1 dise\u00f1ada con un \u00fanico envase independiente, f\u00e1cil de transportar y compartir. La apariencia simulada se puede desmontar y montar, lo que resulta ideal para fiestas infantiles y ventas creativas de aperitivos.<\/p>\n<table style=\"border-collapse: collapse; width: 329.02pt;\" border=\"0\" width=\"329\" cellspacing=\"0\" cellpadding=\"0\">\n<tbody>\n<tr style=\"height: 17.60pt;\">\n<td class=\"et2\" style=\"height: 17.60pt; width: 110.80pt;\" width=\"110\" height=\"17\">Fabricante<\/td>\n<td class=\"et2\" style=\"width: 219.15pt;\" width=\"219\">Caramelos LeChao<\/td>\n<\/tr>\n<tr style=\"height: 18.00pt;\">\n<td class=\"et2\" style=\"height: 18.00pt;\" height=\"18\">Tipo de producto<\/td>\n<td class=\"et3\" style=\"width: 219.15pt;\" width=\"219\">Caramelos de goma Sandwich<\/td>\n<\/tr>\n<tr style=\"height: 18.00pt;\">\n<td class=\"et2\" style=\"height: 18.00pt;\" height=\"18\">Pruebe<\/td>\n<td class=\"et3\" style=\"width: 219.15pt;\" width=\"219\">Agridulce y resistente<\/td>\n<\/tr>\n<tr style=\"height: 17.60pt;\">\n<td class=\"et2\" style=\"height: 17.60pt;\" height=\"17\">Especificaci\u00f3n<\/td>\n<td class=\"et2\">108gx48bolsas<\/td>\n<\/tr>\n<tr style=\"height: 17.60pt;\">\n<td class=\"et2\" style=\"height: 17.60pt;\" height=\"17\">Tama\u00f1o de la caja<\/td>\n<td class=\"et2\">44*30*26cm<\/td>\n<\/tr>\n<tr style=\"height: 17.60pt;\">\n<td class=\"et2\" style=\"height: 17.60pt;\" height=\"17\">N.W.\/Cart\u00f3n<\/td>\n<td class=\"et2\">6,4 kg<\/td>\n<\/tr>\n<tr style=\"height: 17.60pt;\">\n<td class=\"et2\" style=\"height: 17.60pt;\" height=\"17\">Muestra<\/td>\n<td class=\"et2\">Disponible<\/td>\n<\/tr>\n<\/tbody>\n<\/table>","protected":false},"featured_media":813,"comment_status":"open","ping_status":"closed","template":"","meta":{"_acf_changed":false},"product_brand":[],"product_cat":[19],"product_tag":[],"class_list":{"0":"post-810","1":"product","2":"type-product","3":"status-publish","4":"has-post-thumbnail","6":"product_cat-wholesale-gummy-manufacturer","8":"first","9":"instock","10":"shipping-taxable","11":"product-type-simple"},"acf":[],"_links":{"self":[{"href":"https:\/\/www.lechaocandy.com\/es\/wp-json\/wp\/v2\/product\/810","targetHints":{"allow":["GET"]}}],"collection":[{"href":"https:\/\/www.lechaocandy.com\/es\/wp-json\/wp\/v2\/product"}],"about":[{"href":"https:\/\/www.lechaocandy.com\/es\/wp-json\/wp\/v2\/types\/product"}],"replies":[{"embeddable":true,"href":"https:\/\/www.lechaocandy.com\/es\/wp-json\/wp\/v2\/comments?post=810"}],"wp:featuredmedia":[{"embeddable":true,"href":"https:\/\/www.lechaocandy.com\/es\/wp-json\/wp\/v2\/media\/813"}],"wp:attachment":[{"href":"https:\/\/www.lechaocandy.com\/es\/wp-json\/wp\/v2\/media?parent=810"}],"wp:term":[{"taxonomy":"product_brand","embeddable":true,"href":"https:\/\/www.lechaocandy.com\/es\/wp-json\/wp\/v2\/product_brand?post=810"},{"taxonomy":"product_cat","embeddable":true,"href":"https:\/\/www.lechaocandy.com\/es\/wp-json\/wp\/v2\/product_cat?post=810"},{"taxonomy":"product_tag","embeddable":true,"href":"https:\/\/www.lechaocandy.com\/es\/wp-json\/wp\/v2\/product_tag?post=810"}],"curies":[{"name":"wp","href":"https:\/\/api.w.org\/{rel}","templated":true}]}}