{"id":863,"date":"2025-05-22T08:41:41","date_gmt":"2025-05-22T08:41:41","guid":{"rendered":"https:\/\/www.lechaocandy.com\/?post_type=product&#038;p=863"},"modified":"2025-10-09T06:24:35","modified_gmt":"2025-10-09T06:24:35","slug":"bulk-candy-gummies","status":"publish","type":"product","link":"https:\/\/www.lechaocandy.com\/es\/producto\/bulk-candy-gummies\/","title":{"rendered":"Caramelos de goma de menta a granel, caramelos de goma de menta con recubrimiento \u00e1cido"},"content":{"rendered":"<div class=\"wp-block-columns is-layout-flex wp-container-core-columns-is-layout-9d6595d7 wp-block-columns-is-layout-flex\"><div class=\"wp-block-column is-layout-flow wp-block-column-is-layout-flow\"><h2 class=\"wp-block-heading\">Aspectos destacados de las gominolas de caramelo de menta a granel<\/h2>\n\n<ul class=\"wp-block-list\"><li><strong>Doble experiencia de sabor:<\/strong> Nuestras gominolas de caramelo a granel con sabor a menta tienen un suave n\u00facleo interior y una capa exterior de az\u00facar en polvo, fresca y dulce, con ricas capas.<\/li>\n\n<li><strong>Sabor a menta natural: <\/strong>Estas gominolas al por mayor con sabor a menta utilizan esencia de menta de alta calidad para proporcionar un aliento fresco y duradero.<\/li>\n\n<li><strong>Formas diversas y colores vivos: <\/strong>Estas gominolas de caramelo a granel tienen un aspecto brillante y realzan el atractivo visual, adecuado para festivales y fines decorativos.<\/li>\n\n<li><strong>Apoyo a la venta al por mayor: <\/strong>Nuestras gominolas con sabor a menta al por mayor son grandes y asequibles, adecuadas para minoristas, f\u00e1bricas de envases y compras en festivales.<\/li>\n\n<li><strong>Proceso de producci\u00f3n de alto nivel: <\/strong>Estas gominolas de caramelo a granel tienen un estricto control de seguridad alimentaria y una calidad estable, y son adecuadas para los mercados nacionales y extranjeros.<\/li><\/ul><\/div>\n\n<div class=\"wp-block-column is-layout-flow wp-block-column-is-layout-flow\"><figure class=\"wp-block-image size-full\"><img decoding=\"async\" width=\"800\" height=\"800\" src=\"https:\/\/www.lechaocandy.com\/wp-content\/uploads\/2025\/05\/Minty-Bulk-Candy-Gummies-Sugar-Coated-Mint-Gummy-Candy-5.webp\" alt=\"Caramelos de goma de menta a granel, caramelos de goma de menta recubiertos de az\u00facar-5\" class=\"wp-image-868\" srcset=\"https:\/\/www.lechaocandy.com\/wp-content\/uploads\/2025\/05\/Minty-Bulk-Candy-Gummies-Sugar-Coated-Mint-Gummy-Candy-5.webp 800w, https:\/\/www.lechaocandy.com\/wp-content\/uploads\/2025\/05\/Minty-Bulk-Candy-Gummies-Sugar-Coated-Mint-Gummy-Candy-5-300x300.webp 300w, https:\/\/www.lechaocandy.com\/wp-content\/uploads\/2025\/05\/Minty-Bulk-Candy-Gummies-Sugar-Coated-Mint-Gummy-Candy-5-150x150.webp 150w, https:\/\/www.lechaocandy.com\/wp-content\/uploads\/2025\/05\/Minty-Bulk-Candy-Gummies-Sugar-Coated-Mint-Gummy-Candy-5-768x768.webp 768w, https:\/\/www.lechaocandy.com\/wp-content\/uploads\/2025\/05\/Minty-Bulk-Candy-Gummies-Sugar-Coated-Mint-Gummy-Candy-5-600x600.webp 600w, https:\/\/www.lechaocandy.com\/wp-content\/uploads\/2025\/05\/Minty-Bulk-Candy-Gummies-Sugar-Coated-Mint-Gummy-Candy-5-100x100.webp 100w\" sizes=\"(max-width: 800px) 100vw, 800px\" \/><\/figure><\/div><\/div>","protected":false},"excerpt":{"rendered":"<p>Bienvenido a comprar gominolas de caramelo al por mayor. Nuestras gominolas al por mayor con sabor a menta en tubo de papel combinan refrescantes sabores a menta y a fruta dulce, y est\u00e1n recubiertas de fino az\u00facar en polvo. Es una combinaci\u00f3n perfecta de aliento fresco y delicioso placer, adecuada para una gran variedad de escenarios de venta.<\/p>\n<table style=\"border-collapse: collapse; width: 329.02pt;\" border=\"0\" width=\"329\" cellspacing=\"0\" cellpadding=\"0\">\n<tbody>\n<tr style=\"height: 17.60pt;\">\n<td class=\"et2\" style=\"height: 17.60pt; width: 110.80pt;\" width=\"110\" height=\"17\">Fabricante<\/td>\n<td class=\"et2\" style=\"width: 219.15pt;\" width=\"219\">Caramelos LeChao<\/td>\n<\/tr>\n<tr style=\"height: 18.00pt;\">\n<td class=\"et2\" style=\"height: 18.00pt;\" height=\"18\">Tipo de producto<\/td>\n<td class=\"et3\" style=\"width: 219.15pt;\" width=\"219\">Caramelos de goma de menta<\/td>\n<\/tr>\n<tr style=\"height: 18.00pt;\">\n<td class=\"et2\" style=\"height: 18.00pt;\" height=\"18\">Pruebe<\/td>\n<td class=\"et3\" style=\"width: 219.15pt;\" width=\"219\">Agridulce y resistente<\/td>\n<\/tr>\n<tr style=\"height: 17.60pt;\">\n<td class=\"et2\" style=\"height: 17.60pt;\" height=\"17\">Especificaci\u00f3n<\/td>\n<td class=\"et2\">60g*12botellas*6cajas<\/td>\n<\/tr>\n<tr style=\"height: 17.60pt;\">\n<td class=\"et2\" style=\"height: 17.60pt;\" height=\"17\">Tama\u00f1o de la caja<\/td>\n<td class=\"et2\">44.5*17*25.7cm<\/td>\n<\/tr>\n<tr style=\"height: 17.60pt;\">\n<td class=\"et2\" style=\"height: 17.60pt;\" height=\"17\">N.W.\/Cart\u00f3n<\/td>\n<td class=\"et2\">5,7 kg<\/td>\n<\/tr>\n<tr style=\"height: 17.60pt;\">\n<td class=\"et2\" style=\"height: 17.60pt;\" height=\"17\">Muestra<\/td>\n<td class=\"et2\">Disponible<\/td>\n<\/tr>\n<\/tbody>\n<\/table>","protected":false},"featured_media":865,"comment_status":"open","ping_status":"closed","template":"","meta":{"_acf_changed":false},"product_brand":[],"product_cat":[19,28],"product_tag":[],"class_list":{"0":"post-863","1":"product","2":"type-product","3":"status-publish","4":"has-post-thumbnail","6":"product_cat-wholesale-gummy-manufacturer","7":"product_cat-bulk-sour-gummies","9":"first","10":"instock","11":"shipping-taxable","12":"product-type-simple"},"acf":[],"_links":{"self":[{"href":"https:\/\/www.lechaocandy.com\/es\/wp-json\/wp\/v2\/product\/863","targetHints":{"allow":["GET"]}}],"collection":[{"href":"https:\/\/www.lechaocandy.com\/es\/wp-json\/wp\/v2\/product"}],"about":[{"href":"https:\/\/www.lechaocandy.com\/es\/wp-json\/wp\/v2\/types\/product"}],"replies":[{"embeddable":true,"href":"https:\/\/www.lechaocandy.com\/es\/wp-json\/wp\/v2\/comments?post=863"}],"wp:featuredmedia":[{"embeddable":true,"href":"https:\/\/www.lechaocandy.com\/es\/wp-json\/wp\/v2\/media\/865"}],"wp:attachment":[{"href":"https:\/\/www.lechaocandy.com\/es\/wp-json\/wp\/v2\/media?parent=863"}],"wp:term":[{"taxonomy":"product_brand","embeddable":true,"href":"https:\/\/www.lechaocandy.com\/es\/wp-json\/wp\/v2\/product_brand?post=863"},{"taxonomy":"product_cat","embeddable":true,"href":"https:\/\/www.lechaocandy.com\/es\/wp-json\/wp\/v2\/product_cat?post=863"},{"taxonomy":"product_tag","embeddable":true,"href":"https:\/\/www.lechaocandy.com\/es\/wp-json\/wp\/v2\/product_tag?post=863"}],"curies":[{"name":"wp","href":"https:\/\/api.w.org\/{rel}","templated":true}]}}