{"id":869,"date":"2025-05-22T09:17:24","date_gmt":"2025-05-22T09:17:24","guid":{"rendered":"https:\/\/www.lechaocandy.com\/?post_type=product&#038;p=869"},"modified":"2025-05-22T09:17:25","modified_gmt":"2025-05-22T09:17:25","slug":"jelly-bean-wholesale","status":"publish","type":"product","link":"https:\/\/www.lechaocandy.com\/es\/producto\/jelly-bean-wholesale\/","title":{"rendered":"Mayorista de gominolas recubiertas de chocolate LeChao en tubo de papel"},"content":{"rendered":"<div class=\"wp-block-columns is-layout-flex wp-container-core-columns-is-layout-9d6595d7 wp-block-columns-is-layout-flex\"><div class=\"wp-block-column is-layout-flow wp-block-column-is-layout-flow\"><h2 class=\"wp-block-heading\">Productos destacados de la venta al por mayor de gominolas recubiertas de chocolate<\/h2>\n\n<ul class=\"wp-block-list\"><li><strong>C\u00e1scara de chocolate con sorpresas ocultas: <\/strong>Esta gominola al por mayor recubierta de chocolate est\u00e1 envuelta con un n\u00facleo blando afrutado con rico chocolate negro. Cuando lo muerdas, te sorprender\u00e1n sus capas, y su rico sabor te har\u00e1 querer parar.<\/li>\n\n<li><strong>Envases ligeros de tubo de papel, tan bonitos como pr\u00e1cticos:<\/strong> El envase de estas gominolas a granel es f\u00e1cil de transportar y almacenar, por lo que es respetuoso con el medio ambiente y est\u00e1 de moda. Ya sea en la estanter\u00eda de aperitivos o en una caja de regalo, demuestra sensaci\u00f3n de calidad.<\/li>\n\n<li><strong>Herramienta de exposici\u00f3n de gran valor para potenciar las ventas:<\/strong> Esta gominola recubierta de chocolate al por mayor tiene un envase de tubo de papel sencillo y de alta gama, que es adecuado para la presentaci\u00f3n en supermercados, exposiciones y combinaci\u00f3n de envases de aperitivos, ayudando a aumentar las ventas de terminales.<\/li>\n\n<li><strong>Materias primas seleccionadas, m\u00e1s seguras para el consumo:<\/strong> Nuestras gominolas a granel seleccionan estrictamente chocolate de alta calidad y n\u00facleo interior afrutado, sin a\u00f1adir sabores artificiales, dulzor moderado, aptas para todas las edades.<\/li>\n\n<li><strong>Facilidad de venta al por mayor, amplio margen de beneficio: <\/strong>Nuestra gominola recubierta de chocolate al por mayor est\u00e1 dise\u00f1ada para minoristas, comercio electr\u00f3nico y clientes OEM en grandes soluciones de envasado, con suministro estable, alto rendimiento de costes y soporte para la personalizaci\u00f3n.<\/li><\/ul><\/div>\n\n<div class=\"wp-block-column is-layout-flow wp-block-column-is-layout-flow\"><figure class=\"wp-block-image size-full\"><img decoding=\"async\" width=\"800\" height=\"800\" src=\"https:\/\/www.lechaocandy.com\/wp-content\/uploads\/2025\/05\/LeChao-Chocolate-Covered-Jelly-Bean-Wholesale-In-Paper-Tube-1.webp\" alt=\"Mayorista de gominolas recubiertas de chocolate LeChao en tubo de papel-1\" class=\"wp-image-870\" srcset=\"https:\/\/www.lechaocandy.com\/wp-content\/uploads\/2025\/05\/LeChao-Chocolate-Covered-Jelly-Bean-Wholesale-In-Paper-Tube-1.webp 800w, https:\/\/www.lechaocandy.com\/wp-content\/uploads\/2025\/05\/LeChao-Chocolate-Covered-Jelly-Bean-Wholesale-In-Paper-Tube-1-300x300.webp 300w, https:\/\/www.lechaocandy.com\/wp-content\/uploads\/2025\/05\/LeChao-Chocolate-Covered-Jelly-Bean-Wholesale-In-Paper-Tube-1-150x150.webp 150w, https:\/\/www.lechaocandy.com\/wp-content\/uploads\/2025\/05\/LeChao-Chocolate-Covered-Jelly-Bean-Wholesale-In-Paper-Tube-1-768x768.webp 768w, https:\/\/www.lechaocandy.com\/wp-content\/uploads\/2025\/05\/LeChao-Chocolate-Covered-Jelly-Bean-Wholesale-In-Paper-Tube-1-600x600.webp 600w, https:\/\/www.lechaocandy.com\/wp-content\/uploads\/2025\/05\/LeChao-Chocolate-Covered-Jelly-Bean-Wholesale-In-Paper-Tube-1-100x100.webp 100w\" sizes=\"(max-width: 800px) 100vw, 800px\" \/><\/figure><\/div><\/div>","protected":false},"excerpt":{"rendered":"<p>Bienvenido a comprar gominolas al por mayor. Nuestras gominolas recubiertas de chocolate al por mayor son dulces pero no grasientas, con distintos niveles de sabor. El dise\u00f1o ecol\u00f3gico del envase de tubo de papel es f\u00e1cil de transportar y exponer, y admite compras al por mayor al por mayor.<\/p>\n<table style=\"border-collapse: collapse; width: 329.02pt;\" border=\"0\" width=\"329\" cellspacing=\"0\" cellpadding=\"0\">\n<tbody>\n<tr style=\"height: 17.60pt;\">\n<td class=\"et2\" style=\"height: 17.60pt; width: 110.80pt;\" width=\"110\" height=\"17\">Fabricante<\/td>\n<td class=\"et2\" style=\"width: 219.15pt;\" width=\"219\">Caramelos LeChao<\/td>\n<\/tr>\n<tr style=\"height: 18.00pt;\">\n<td class=\"et2\" style=\"height: 18.00pt;\" height=\"18\">Tipo de producto<\/td>\n<td class=\"et3\" style=\"width: 219.15pt;\" width=\"219\">Gominolas recubiertas de chocolate<\/td>\n<\/tr>\n<tr style=\"height: 18.00pt;\">\n<td class=\"et2\" style=\"height: 18.00pt;\" height=\"18\">Pruebe<\/td>\n<td class=\"et3\" style=\"width: 219.15pt;\" width=\"219\">Rico, dulce y resistente<\/td>\n<\/tr>\n<tr style=\"height: 17.60pt;\">\n<td class=\"et2\" style=\"height: 17.60pt;\" height=\"17\">Especificaci\u00f3n<\/td>\n<td class=\"et2\">60g*12botellas*6cajas<\/td>\n<\/tr>\n<tr style=\"height: 17.60pt;\">\n<td class=\"et2\" style=\"height: 17.60pt;\" height=\"17\">Tama\u00f1o de la caja<\/td>\n<td class=\"et2\">44.5*17*25.7cm<\/td>\n<\/tr>\n<tr style=\"height: 17.60pt;\">\n<td class=\"et2\" style=\"height: 17.60pt;\" height=\"17\">N.W.\/Cart\u00f3n<\/td>\n<td class=\"et2\">5,7 kg<\/td>\n<\/tr>\n<tr style=\"height: 17.60pt;\">\n<td class=\"et2\" style=\"height: 17.60pt;\" height=\"17\">Muestra<\/td>\n<td class=\"et2\">Disponible<\/td>\n<\/tr>\n<\/tbody>\n<\/table>","protected":false},"featured_media":873,"comment_status":"open","ping_status":"closed","template":"","meta":{"_acf_changed":false},"product_brand":[],"product_cat":[21,23],"product_tag":[],"class_list":{"0":"post-869","1":"product","2":"type-product","3":"status-publish","4":"has-post-thumbnail","6":"product_cat-jelly-bean-wholesale","7":"product_cat-wholesale-chocolate-candy","9":"first","10":"instock","11":"shipping-taxable","12":"product-type-simple"},"acf":[],"_links":{"self":[{"href":"https:\/\/www.lechaocandy.com\/es\/wp-json\/wp\/v2\/product\/869","targetHints":{"allow":["GET"]}}],"collection":[{"href":"https:\/\/www.lechaocandy.com\/es\/wp-json\/wp\/v2\/product"}],"about":[{"href":"https:\/\/www.lechaocandy.com\/es\/wp-json\/wp\/v2\/types\/product"}],"replies":[{"embeddable":true,"href":"https:\/\/www.lechaocandy.com\/es\/wp-json\/wp\/v2\/comments?post=869"}],"wp:featuredmedia":[{"embeddable":true,"href":"https:\/\/www.lechaocandy.com\/es\/wp-json\/wp\/v2\/media\/873"}],"wp:attachment":[{"href":"https:\/\/www.lechaocandy.com\/es\/wp-json\/wp\/v2\/media?parent=869"}],"wp:term":[{"taxonomy":"product_brand","embeddable":true,"href":"https:\/\/www.lechaocandy.com\/es\/wp-json\/wp\/v2\/product_brand?post=869"},{"taxonomy":"product_cat","embeddable":true,"href":"https:\/\/www.lechaocandy.com\/es\/wp-json\/wp\/v2\/product_cat?post=869"},{"taxonomy":"product_tag","embeddable":true,"href":"https:\/\/www.lechaocandy.com\/es\/wp-json\/wp\/v2\/product_tag?post=869"}],"curies":[{"name":"wp","href":"https:\/\/api.w.org\/{rel}","templated":true}]}}