{"id":875,"date":"2025-05-22T09:38:12","date_gmt":"2025-05-22T09:38:12","guid":{"rendered":"https:\/\/www.lechaocandy.com\/?post_type=product&#038;p=875"},"modified":"2025-10-09T06:23:16","modified_gmt":"2025-10-09T06:23:16","slug":"blue-gummy-candy-bulk","status":"publish","type":"product","link":"https:\/\/www.lechaocandy.com\/es\/producto\/blue-gummy-candy-bulk\/","title":{"rendered":"Botella Caramelos de goma azul menta a granel, gominolas recubiertas \u00e1cidas"},"content":{"rendered":"<div class=\"wp-block-columns is-layout-flex wp-container-core-columns-is-layout-9d6595d7 wp-block-columns-is-layout-flex\"><div class=\"wp-block-column is-layout-flow wp-block-column-is-layout-flow\"><h2 class=\"wp-block-heading\">Aspectos destacados del producto Caramelos de goma azul menta a granel<\/h2>\n\n<ul class=\"wp-block-list\"><li><strong>Sabor fresco y refrescante: <\/strong>Este caramelo de goma azul a granel tiene una sensaci\u00f3n duradera y refrescante, y es un tentempi\u00e9 imprescindible para aliviar la grasa en verano.<\/li>\n\n<li><strong>Aspecto gomoso azul: <\/strong>Este caramelo blando al por mayor es de color azul brillante con un recubrimiento de az\u00facar en polvo, que resulta visualmente llamativo y adecuado para crear una l\u00ednea de productos de caramelo de moda.<\/li>\n\n<li><strong>Dise\u00f1o de botella port\u00e1til: <\/strong>Este caramelo de goma azul a granel tiene un dise\u00f1o a prueba de humedad y botella sellada, que es f\u00e1cil de llevar y adecuado para la oficina, los desplazamientos, viajes y otros escenarios.<\/li>\n\n<li><strong>Doble sabor: <\/strong>Estos caramelos blandos al por mayor est\u00e1n recubiertos de una capa de az\u00facar ligeramente crujiente por fuera, y el n\u00facleo interior es blando y masticable, con un entretejido refrescante y dulce, lleno de regusto.<\/li>\n\n<li><strong>Margen de beneficios suficiente: <\/strong>Nuestros caramelos de goma azules a granel son adecuados para la venta al por menor, la personalizaci\u00f3n de marcas, la combinaci\u00f3n de cajas de regalo y otros escenarios, con un envasado unificado y listos para vender en el estante.<\/li><\/ul><\/div>\n\n<div class=\"wp-block-column is-layout-flow wp-block-column-is-layout-flow\"><figure class=\"wp-block-image size-full\"><img decoding=\"async\" width=\"800\" height=\"800\" src=\"https:\/\/www.lechaocandy.com\/wp-content\/uploads\/2025\/05\/Bottle-Minty-Blue-Gummy-Candy-Bulk-Cool-Sugar-Coated-Gummy-3.webp\" alt=\"Botella Caramelo de goma azul menta a granel, Caramelo de goma recubierto de az\u00facar fr\u00edo-3\" class=\"wp-image-878\" srcset=\"https:\/\/www.lechaocandy.com\/wp-content\/uploads\/2025\/05\/Bottle-Minty-Blue-Gummy-Candy-Bulk-Cool-Sugar-Coated-Gummy-3.webp 800w, https:\/\/www.lechaocandy.com\/wp-content\/uploads\/2025\/05\/Bottle-Minty-Blue-Gummy-Candy-Bulk-Cool-Sugar-Coated-Gummy-3-300x300.webp 300w, https:\/\/www.lechaocandy.com\/wp-content\/uploads\/2025\/05\/Bottle-Minty-Blue-Gummy-Candy-Bulk-Cool-Sugar-Coated-Gummy-3-150x150.webp 150w, https:\/\/www.lechaocandy.com\/wp-content\/uploads\/2025\/05\/Bottle-Minty-Blue-Gummy-Candy-Bulk-Cool-Sugar-Coated-Gummy-3-768x768.webp 768w, https:\/\/www.lechaocandy.com\/wp-content\/uploads\/2025\/05\/Bottle-Minty-Blue-Gummy-Candy-Bulk-Cool-Sugar-Coated-Gummy-3-600x600.webp 600w, https:\/\/www.lechaocandy.com\/wp-content\/uploads\/2025\/05\/Bottle-Minty-Blue-Gummy-Candy-Bulk-Cool-Sugar-Coated-Gummy-3-100x100.webp 100w\" sizes=\"(max-width: 800px) 100vw, 800px\" \/><\/figure><\/div><\/div>","protected":false},"excerpt":{"rendered":"<p>Bienvenido a comprar caramelos de goma azules al por mayor. Nuestro refrescante caramelo blando al por mayor con sabor a menta est\u00e1 recubierto de fino az\u00facar en polvo, que se funde en la boca y aporta una experiencia de sabor fresca y refrescante. Adopta un dise\u00f1o de botella port\u00e1til y admite la compra al por mayor y servicios de personalizaci\u00f3n.<\/p>\n<table style=\"border-collapse: collapse; width: 329.02pt;\" border=\"0\" width=\"329\" cellspacing=\"0\" cellpadding=\"0\">\n<tbody>\n<tr style=\"height: 17.60pt;\">\n<td class=\"et2\" style=\"height: 17.60pt; width: 110.80pt;\" width=\"110\" height=\"17\">Fabricante<\/td>\n<td class=\"et2\" style=\"width: 219.15pt;\" width=\"219\">Caramelos LeChao<\/td>\n<\/tr>\n<tr style=\"height: 18.00pt;\">\n<td class=\"et2\" style=\"height: 18.00pt;\" height=\"18\">Tipo de producto<\/td>\n<td class=\"et3\" style=\"width: 219.15pt;\" width=\"219\">Gominolas recubiertas de chocolate<\/td>\n<\/tr>\n<tr style=\"height: 18.00pt;\">\n<td class=\"et2\" style=\"height: 18.00pt;\" height=\"18\">Pruebe<\/td>\n<td class=\"et3\" style=\"width: 219.15pt;\" width=\"219\">Fresco, dulce y resistente<\/td>\n<\/tr>\n<tr style=\"height: 17.60pt;\">\n<td class=\"et2\" style=\"height: 17.60pt;\" height=\"17\">Especificaci\u00f3n<\/td>\n<td class=\"et2\">68gx8botellasx10cajas<\/td>\n<\/tr>\n<tr style=\"height: 17.60pt;\">\n<td class=\"et2\" style=\"height: 17.60pt;\" height=\"17\">Tama\u00f1o de la caja<\/td>\n<td class=\"et2\">49*19,8*20cm<\/td>\n<\/tr>\n<tr style=\"height: 17.60pt;\">\n<td class=\"et2\" style=\"height: 17.60pt;\" height=\"17\">N.W.\/Cart\u00f3n<\/td>\n<td class=\"et2\">7.0kg<\/td>\n<\/tr>\n<tr style=\"height: 17.60pt;\">\n<td class=\"et2\" style=\"height: 17.60pt;\" height=\"17\">MOQ<\/td>\n<td class=\"et2\">500CTNS<\/td>\n<\/tr>\n<tr style=\"height: 17.60pt;\">\n<td class=\"et2\" style=\"height: 17.60pt;\" height=\"17\">Muestra<\/td>\n<td class=\"et2\">Disponible<\/td>\n<\/tr>\n<\/tbody>\n<\/table>","protected":false},"featured_media":879,"comment_status":"open","ping_status":"closed","template":"","meta":{"_acf_changed":false},"product_brand":[],"product_cat":[19,28],"product_tag":[],"class_list":{"0":"post-875","1":"product","2":"type-product","3":"status-publish","4":"has-post-thumbnail","6":"product_cat-wholesale-gummy-manufacturer","7":"product_cat-bulk-sour-gummies","9":"first","10":"instock","11":"shipping-taxable","12":"product-type-simple"},"acf":[],"_links":{"self":[{"href":"https:\/\/www.lechaocandy.com\/es\/wp-json\/wp\/v2\/product\/875","targetHints":{"allow":["GET"]}}],"collection":[{"href":"https:\/\/www.lechaocandy.com\/es\/wp-json\/wp\/v2\/product"}],"about":[{"href":"https:\/\/www.lechaocandy.com\/es\/wp-json\/wp\/v2\/types\/product"}],"replies":[{"embeddable":true,"href":"https:\/\/www.lechaocandy.com\/es\/wp-json\/wp\/v2\/comments?post=875"}],"wp:featuredmedia":[{"embeddable":true,"href":"https:\/\/www.lechaocandy.com\/es\/wp-json\/wp\/v2\/media\/879"}],"wp:attachment":[{"href":"https:\/\/www.lechaocandy.com\/es\/wp-json\/wp\/v2\/media?parent=875"}],"wp:term":[{"taxonomy":"product_brand","embeddable":true,"href":"https:\/\/www.lechaocandy.com\/es\/wp-json\/wp\/v2\/product_brand?post=875"},{"taxonomy":"product_cat","embeddable":true,"href":"https:\/\/www.lechaocandy.com\/es\/wp-json\/wp\/v2\/product_cat?post=875"},{"taxonomy":"product_tag","embeddable":true,"href":"https:\/\/www.lechaocandy.com\/es\/wp-json\/wp\/v2\/product_tag?post=875"}],"curies":[{"name":"wp","href":"https:\/\/api.w.org\/{rel}","templated":true}]}}