{"id":887,"date":"2025-05-23T02:59:52","date_gmt":"2025-05-23T02:59:52","guid":{"rendered":"https:\/\/www.lechaocandy.com\/?post_type=product&#038;p=887"},"modified":"2025-10-09T06:20:50","modified_gmt":"2025-10-09T06:20:50","slug":"gummy-bulk","status":"publish","type":"product","link":"https:\/\/www.lechaocandy.com\/es\/producto\/gummy-bulk\/","title":{"rendered":"Caramelos de goma recubiertos de az\u00facar a granel, caramelos masticables al por mayor"},"content":{"rendered":"<div class=\"wp-block-columns is-layout-flex wp-container-core-columns-is-layout-9d6595d7 wp-block-columns-is-layout-flex\"><div class=\"wp-block-column is-layout-flow wp-block-column-is-layout-flow\"><h2 class=\"wp-block-heading\">Product Highlights of Sour Mushroom Gummy Bulk<\/h2>\n\n<ul class=\"wp-block-list\"><li><strong>Forma de seta, bonita y llamativa: <\/strong>Este caramelo de goma a granel adopta un bonito dise\u00f1o en forma de seta, que resulta realista e interesante. Es muy apreciado por los ni\u00f1os y los j\u00f3venes consumidores y tiene un gran atractivo visual.<\/li>\n\n<li><strong>Azucarado, doble placer gustativo: <\/strong>Este caramelo blando a granel est\u00e1 delicadamente recubierto de az\u00facar por fuera, y el n\u00facleo interior es gomoso y masticable. Sabe dulce primero y duro despu\u00e9s, aportando una rica sensaci\u00f3n de estratificaci\u00f3n, y no podr\u00e1s parar de comerlo.<\/li>\n\n<li><strong>Una variedad de sabores frutales, dulces y \u00e1cidos: <\/strong>Nuestras gominolas de caramelo de champi\u00f1\u00f3n a granel tienen varios sabores de fruta fresca que presentan un equilibrio entre dulzor y acidez adecuado para todas las edades.<\/li>\n\n<li><strong>Proporcionar apoyo para la venta al por mayor y la personalizaci\u00f3n de marcas: <\/strong>Nuestros caramelos blandos a granel est\u00e1n personalizados para compradores al por mayor y de marca, y pueden ofrecer personalizaci\u00f3n de marca privada para adaptarse din\u00e1micamente a las diferentes necesidades de los distintos canales de venta, es decir, supermercados, tiendas de aperitivos, cajas de regalo, etc.<\/li>\n\n<li><strong>Adecuado para ventas en varias escenas:<\/strong> Ya sea en un armario de aperitivos, en la zona de dulces de una fiesta o en el embalaje de una caja de regalo navide\u00f1a, nuestras gominolas de caramelo a granel pueden integrarse f\u00e1cilmente para mejorar el valor a\u00f1adido del producto y la experiencia del consumidor.<\/li><\/ul><\/div>\n\n<div class=\"wp-block-column is-layout-flow wp-block-column-is-layout-flow\"><figure class=\"wp-block-image size-full\"><img decoding=\"async\" width=\"800\" height=\"800\" src=\"https:\/\/www.lechaocandy.com\/wp-content\/uploads\/2025\/05\/Sugar-Coated-Mushroom-Gummy-Bulk-Chewy-Candy-Wholesale-2.webp\" alt=\"Caramelos de goma recubiertos de az\u00facar a granel, caramelos masticables al por mayor-2\" class=\"wp-image-889\" srcset=\"https:\/\/www.lechaocandy.com\/wp-content\/uploads\/2025\/05\/Sugar-Coated-Mushroom-Gummy-Bulk-Chewy-Candy-Wholesale-2.webp 800w, https:\/\/www.lechaocandy.com\/wp-content\/uploads\/2025\/05\/Sugar-Coated-Mushroom-Gummy-Bulk-Chewy-Candy-Wholesale-2-300x300.webp 300w, https:\/\/www.lechaocandy.com\/wp-content\/uploads\/2025\/05\/Sugar-Coated-Mushroom-Gummy-Bulk-Chewy-Candy-Wholesale-2-150x150.webp 150w, https:\/\/www.lechaocandy.com\/wp-content\/uploads\/2025\/05\/Sugar-Coated-Mushroom-Gummy-Bulk-Chewy-Candy-Wholesale-2-768x768.webp 768w, https:\/\/www.lechaocandy.com\/wp-content\/uploads\/2025\/05\/Sugar-Coated-Mushroom-Gummy-Bulk-Chewy-Candy-Wholesale-2-600x600.webp 600w, https:\/\/www.lechaocandy.com\/wp-content\/uploads\/2025\/05\/Sugar-Coated-Mushroom-Gummy-Bulk-Chewy-Candy-Wholesale-2-100x100.webp 100w\" sizes=\"(max-width: 800px) 100vw, 800px\" \/><\/figure><\/div><\/div>","protected":false},"excerpt":{"rendered":"<p>Bienvenido a comprar caramelos blandos a granel. Esta gominola a granel con mezcla de az\u00facar y setas presenta una bonita forma de seta con una cubierta recubierta de az\u00facar y un n\u00facleo interior afrutado y masticable. Tiene un aspecto encantador y es adecuado para la venta al por mayor y la personalizaci\u00f3n de marcas. Se utiliza mucho en los mercados minorista, de regalos navide\u00f1os y de aperitivos.<\/p>\n<table style=\"border-collapse: collapse; width: 329.02pt;\" border=\"0\" width=\"329\" cellspacing=\"0\" cellpadding=\"0\">\n<tbody>\n<tr style=\"height: 17.60pt;\">\n<td class=\"et2\" style=\"height: 17.60pt; width: 110.80pt;\" width=\"110\" height=\"17\">Fabricante<\/td>\n<td class=\"et2\" style=\"width: 219.15pt;\" width=\"219\">Caramelos LeChao<\/td>\n<\/tr>\n<tr style=\"height: 18.00pt;\">\n<td class=\"et2\" style=\"height: 18.00pt;\" height=\"18\">Tipo de producto<\/td>\n<td class=\"et3\" style=\"width: 219.15pt;\" width=\"219\">Caramelos de goma con setas<\/td>\n<\/tr>\n<tr style=\"height: 18.00pt;\">\n<td class=\"et2\" style=\"height: 18.00pt;\" height=\"18\">Pruebe<\/td>\n<td class=\"et3\" style=\"width: 219.15pt;\" width=\"219\">Agridulce y resistente<\/td>\n<\/tr>\n<tr style=\"height: 17.60pt;\">\n<td class=\"et2\" style=\"height: 17.60pt;\" height=\"17\">Especificaci\u00f3n<\/td>\n<td class=\"et2\">10gx24bolsasx24cajas<\/td>\n<\/tr>\n<tr style=\"height: 17.60pt;\">\n<td class=\"et2\" style=\"height: 17.60pt;\" height=\"17\">Tama\u00f1o de la caja<\/td>\n<td class=\"et2\">37x33x29cm<\/td>\n<\/tr>\n<tr style=\"height: 17.60pt;\">\n<td class=\"et2\" style=\"height: 17.60pt;\" height=\"17\">N.W.\/Cart\u00f3n<\/td>\n<td class=\"et2\">7.0kg<\/td>\n<\/tr>\n<tr style=\"height: 17.60pt;\">\n<td class=\"et2\" style=\"height: 17.60pt;\" height=\"17\">Precio<\/td>\n<td class=\"et2\">26.5USD<\/td>\n<\/tr>\n<tr style=\"height: 17.60pt;\">\n<td class=\"et2\" style=\"height: 17.60pt;\" height=\"17\">MOQ<\/td>\n<td class=\"et2\">500CTNS<\/td>\n<\/tr>\n<tr style=\"height: 17.60pt;\">\n<td class=\"et2\" style=\"height: 17.60pt;\" height=\"17\">Muestra<\/td>\n<td class=\"et2\">Disponible<\/td>\n<\/tr>\n<\/tbody>\n<\/table>","protected":false},"featured_media":888,"comment_status":"open","ping_status":"closed","template":"","meta":{"_acf_changed":false},"product_brand":[],"product_cat":[19,28],"product_tag":[],"class_list":{"0":"post-887","1":"product","2":"type-product","3":"status-publish","4":"has-post-thumbnail","6":"product_cat-wholesale-gummy-manufacturer","7":"product_cat-bulk-sour-gummies","9":"first","10":"instock","11":"shipping-taxable","12":"product-type-simple"},"acf":[],"_links":{"self":[{"href":"https:\/\/www.lechaocandy.com\/es\/wp-json\/wp\/v2\/product\/887","targetHints":{"allow":["GET"]}}],"collection":[{"href":"https:\/\/www.lechaocandy.com\/es\/wp-json\/wp\/v2\/product"}],"about":[{"href":"https:\/\/www.lechaocandy.com\/es\/wp-json\/wp\/v2\/types\/product"}],"replies":[{"embeddable":true,"href":"https:\/\/www.lechaocandy.com\/es\/wp-json\/wp\/v2\/comments?post=887"}],"wp:featuredmedia":[{"embeddable":true,"href":"https:\/\/www.lechaocandy.com\/es\/wp-json\/wp\/v2\/media\/888"}],"wp:attachment":[{"href":"https:\/\/www.lechaocandy.com\/es\/wp-json\/wp\/v2\/media?parent=887"}],"wp:term":[{"taxonomy":"product_brand","embeddable":true,"href":"https:\/\/www.lechaocandy.com\/es\/wp-json\/wp\/v2\/product_brand?post=887"},{"taxonomy":"product_cat","embeddable":true,"href":"https:\/\/www.lechaocandy.com\/es\/wp-json\/wp\/v2\/product_cat?post=887"},{"taxonomy":"product_tag","embeddable":true,"href":"https:\/\/www.lechaocandy.com\/es\/wp-json\/wp\/v2\/product_tag?post=887"}],"curies":[{"name":"wp","href":"https:\/\/api.w.org\/{rel}","templated":true}]}}