{"id":892,"date":"2025-05-23T03:16:39","date_gmt":"2025-05-23T03:16:39","guid":{"rendered":"https:\/\/www.lechaocandy.com\/?post_type=product&#038;p=892"},"modified":"2026-04-09T02:20:41","modified_gmt":"2026-04-09T02:20:41","slug":"bulk-chewy-candy","status":"publish","type":"product","link":"https:\/\/www.lechaocandy.com\/es\/producto\/bulk-chewy-candy\/","title":{"rendered":"Caramelos masticables a granel con forma de cerebro, caramelos de goma rellenos al por mayor"},"content":{"rendered":"<div class=\"wp-block-columns is-layout-flex wp-container-core-columns-is-layout-9d6595d7 wp-block-columns-is-layout-flex\"><div class=\"wp-block-column is-layout-flow wp-block-column-is-layout-flow\"><h2 class=\"wp-block-heading\">Caracter\u00edsticas del caramelo masticable a granel Brain Shape<\/h2>\n\n<ul class=\"wp-block-list\"><li><strong>Dise\u00f1o en forma de cerebro, lleno de diversi\u00f3n: <\/strong>Este singular caramelo masticable a granel con forma de cerebro es realista, creativo, interesante y visualmente impactante y atractivo, especialmente adecuado para festivales y fiestas.<\/li>\n\n<li><strong>Relleno revent\u00f3n, doble sabor: <\/strong>Estos caramelos de goma al por mayor contienen relleno de mermelada, el jugo se desborda despu\u00e9s de morder, el exterior es masticable y el interior es suave, con ricas capas, aportando una sorprendente experiencia de explosi\u00f3n.<\/li>\n\n<li><strong>Tres colores, vistosos y atractivos: <\/strong>Este caramelo masticable a granel est\u00e1 disponible en tres vistosos colores rojo, azul y verde, con un fuerte impacto visual y un aspecto elegante, que realza el disfrute de los aperitivos y la alegr\u00eda de compartir.<\/li>\n\n<li><strong>Rico sabor afrutado, dulce y no grasiento: <\/strong>Nuestro mayorista de caramelos de goma rellenos de mermelada selecciona una mezcla de sabores frutales, con el dulzor y la acidez adecuados, y un fuerte aroma para satisfacer las necesidades del paladar de los consumidores infantiles y juveniles.<\/li>\n\n<li><strong>Admite la venta al por mayor y la personalizaci\u00f3n de la marca: <\/strong>Nuestros caramelos masticables a granel pueden proporcionar servicios de personalizaci\u00f3n al por mayor y de marca blanca que son adecuados para supermercados, tiendas de caramelos, vendedores por Internet y centros comerciales de regalos navide\u00f1os, lo que permite crear una l\u00ednea de productos de aperitivo personalizada.<\/li><\/ul><\/div>\n\n<div class=\"wp-block-column is-layout-flow wp-block-column-is-layout-flow\"><figure class=\"wp-block-image size-full\"><img decoding=\"async\" width=\"750\" height=\"800\" src=\"https:\/\/www.lechaocandy.com\/wp-content\/uploads\/2025\/05\/Brain-Shape-Bulk-Chewy-Candy-Jam-Filled-Gummy-Candy-3.webp\" alt=\"Caramelos masticables a granel con forma de cerebro, caramelos de goma rellenos de mermelada-3\" class=\"wp-image-895\" srcset=\"https:\/\/www.lechaocandy.com\/wp-content\/uploads\/2025\/05\/Brain-Shape-Bulk-Chewy-Candy-Jam-Filled-Gummy-Candy-3.webp 750w, https:\/\/www.lechaocandy.com\/wp-content\/uploads\/2025\/05\/Brain-Shape-Bulk-Chewy-Candy-Jam-Filled-Gummy-Candy-3-281x300.webp 281w, https:\/\/www.lechaocandy.com\/wp-content\/uploads\/2025\/05\/Brain-Shape-Bulk-Chewy-Candy-Jam-Filled-Gummy-Candy-3-600x640.webp 600w\" sizes=\"(max-width: 750px) 100vw, 750px\" \/><\/figure><\/div><\/div>","protected":false},"excerpt":{"rendered":"<p>Bienvenido a comprar caramelos masticables al por mayor. Estos caramelos de goma rellenos de mermelada con forma de cerebro al por mayor combinan formas creativas con mermelada de bayas explosiva. Los colores rojo, azul y verde son deslumbrantes, agridulces y llenos de diversi\u00f3n. Es adecuado para tiendas de aperitivos, actividades de fiesta y personalizaci\u00f3n de marcas. Se trata de un llamativo y delicioso caramelo \u00e9xito de ventas.<\/p>\n<table style=\"border-collapse: collapse; width: 329.02pt;\" border=\"0\" width=\"329\" cellspacing=\"0\" cellpadding=\"0\">\n<tbody>\n<tr style=\"height: 17.60pt;\">\n<td class=\"et2\" style=\"height: 17.60pt; width: 110.80pt;\" width=\"110\" height=\"17\">Fabricante<\/td>\n<td class=\"et2\" style=\"width: 219.15pt;\" width=\"219\">Caramelos LeChao<\/td>\n<\/tr>\n<tr style=\"height: 18.00pt;\">\n<td class=\"et2\" style=\"height: 18.00pt;\" height=\"18\">Tipo de producto<\/td>\n<td class=\"et3\" style=\"width: 219.15pt;\" width=\"219\">Gominolas cerebrales rellenas de mermelada<\/td>\n<\/tr>\n<tr style=\"height: 18.00pt;\">\n<td class=\"et2\" style=\"height: 18.00pt;\" height=\"18\">Pruebe<\/td>\n<td class=\"et3\" style=\"width: 219.15pt;\" width=\"219\">Dulce y resistente<\/td>\n<\/tr>\n<tr style=\"height: 17.60pt;\">\n<td class=\"et2\" style=\"height: 17.60pt;\" height=\"17\">Especificaci\u00f3n<\/td>\n<td class=\"et2\">118gx48bolsas<\/td>\n<\/tr>\n<tr style=\"height: 17.60pt;\">\n<td class=\"et2\" style=\"height: 17.60pt;\" height=\"17\">Tama\u00f1o de la caja<\/td>\n<td class=\"et2\">39*26*23cm<\/td>\n<\/tr>\n<tr style=\"height: 17.60pt;\">\n<td class=\"et2\" style=\"height: 17.60pt;\" height=\"17\">N.W.\/Cart\u00f3n<\/td>\n<td class=\"et2\">8.0kg<\/td>\n<\/tr>\n<tr style=\"height: 17.60pt;\">\n<td class=\"et2\" style=\"height: 17.60pt;\" height=\"17\">Precio<\/td>\n<td class=\"et2\">24USD<\/td>\n<\/tr>\n<tr style=\"height: 17.60pt;\">\n<td class=\"et2\" style=\"height: 17.60pt;\" height=\"17\">MOQ<\/td>\n<td class=\"et2\">500CTNS<\/td>\n<\/tr>\n<tr style=\"height: 17.60pt;\">\n<td class=\"et2\" style=\"height: 17.60pt;\" height=\"17\">Muestra<\/td>\n<td class=\"et2\">Disponible<\/td>\n<\/tr>\n<\/tbody>\n<\/table>","protected":false},"featured_media":894,"comment_status":"open","ping_status":"closed","template":"","meta":{"_acf_changed":false},"product_brand":[],"product_cat":[27,19],"product_tag":[41],"class_list":{"0":"post-892","1":"product","2":"type-product","3":"status-publish","4":"has-post-thumbnail","6":"product_cat-filled-gummy-candies-supplier","7":"product_cat-wholesale-gummy-manufacturer","8":"product_tag-wholesale-halloween-gummies","10":"first","11":"instock","12":"shipping-taxable","13":"product-type-simple"},"acf":[],"_links":{"self":[{"href":"https:\/\/www.lechaocandy.com\/es\/wp-json\/wp\/v2\/product\/892","targetHints":{"allow":["GET"]}}],"collection":[{"href":"https:\/\/www.lechaocandy.com\/es\/wp-json\/wp\/v2\/product"}],"about":[{"href":"https:\/\/www.lechaocandy.com\/es\/wp-json\/wp\/v2\/types\/product"}],"replies":[{"embeddable":true,"href":"https:\/\/www.lechaocandy.com\/es\/wp-json\/wp\/v2\/comments?post=892"}],"wp:featuredmedia":[{"embeddable":true,"href":"https:\/\/www.lechaocandy.com\/es\/wp-json\/wp\/v2\/media\/894"}],"wp:attachment":[{"href":"https:\/\/www.lechaocandy.com\/es\/wp-json\/wp\/v2\/media?parent=892"}],"wp:term":[{"taxonomy":"product_brand","embeddable":true,"href":"https:\/\/www.lechaocandy.com\/es\/wp-json\/wp\/v2\/product_brand?post=892"},{"taxonomy":"product_cat","embeddable":true,"href":"https:\/\/www.lechaocandy.com\/es\/wp-json\/wp\/v2\/product_cat?post=892"},{"taxonomy":"product_tag","embeddable":true,"href":"https:\/\/www.lechaocandy.com\/es\/wp-json\/wp\/v2\/product_tag?post=892"}],"curies":[{"name":"wp","href":"https:\/\/api.w.org\/{rel}","templated":true}]}}