{"id":899,"date":"2025-05-23T03:55:17","date_gmt":"2025-05-23T03:55:17","guid":{"rendered":"https:\/\/www.lechaocandy.com\/?post_type=product&#038;p=899"},"modified":"2025-05-23T04:06:22","modified_gmt":"2025-05-23T04:06:22","slug":"gummy-bears-bulk","status":"publish","type":"product","link":"https:\/\/www.lechaocandy.com\/es\/producto\/gummy-bears-bulk\/","title":{"rendered":"Caramelos de goma 3D a granel, caramelos de goma masticables al por mayor"},"content":{"rendered":"<div class=\"wp-block-columns is-layout-flex wp-container-core-columns-is-layout-9d6595d7 wp-block-columns-is-layout-flex\"><div class=\"wp-block-column is-layout-flow wp-block-column-is-layout-flow\"><h2 class=\"wp-block-heading\">Caracter\u00edsticas principales de las gominolas 3D a granel<\/h2>\n\n<ul class=\"wp-block-list\"><li><strong>Forma de oso tridimensional, bonito y vivo:<\/strong> Estos exquisitos ositos de gominola a granel son realistas, bonitos y atractivos, y son uno de los aperitivos favoritos de ni\u00f1os y j\u00f3venes.<\/li>\n\n<li><strong>Mezcla de cuatro colores, colorido: <\/strong>Estos caramelos de goma al por mayor est\u00e1n disponibles en envases mixtos de color rojo, amarillo, verde y azul, con colores brillantes y una rica experiencia visual, adecuados para cajas de regalo navide\u00f1as, mesas de dulces y paquetes mixtos de aperitivos.<\/li>\n\n<li><strong>Masticable y masticable, regusto interminable: <\/strong>La f\u00f3rmula especial de estos ositos de gominola a granel hace que cada osito tenga un sabor perfecto de suave y duro, cuanto m\u00e1s se mastica, m\u00e1s fragante es, dulce pero no graso, apto para todas las edades.<\/li>\n\n<li><strong>Afrutado, natural y fresco: <\/strong>Nuestros caramelos de goma al por mayor utilizan una variedad de sabores frutales, como fresa, lim\u00f3n, manzana verde, naranja, etc., con fragancia frutal natural, que hace que la gente se convierta en cliente despu\u00e9s de probarlos.<\/li>\n\n<li><strong>Adecuado para servicios al por mayor y personalizados: <\/strong>Nuestros ositos de gominola a granel admiten la venta al por mayor y la personalizaci\u00f3n de marcas blancas, adecuadas para minoristas, plataformas de comercio electr\u00f3nico, mercados vacacionales y actividades de marketing de marca, ayudando a crear una l\u00ednea de productos diversificada.<\/li><\/ul><\/div>\n\n<div class=\"wp-block-column is-layout-flow wp-block-column-is-layout-flow\"><figure class=\"wp-block-image size-full\"><img decoding=\"async\" width=\"750\" height=\"800\" src=\"https:\/\/www.lechaocandy.com\/wp-content\/uploads\/2025\/05\/Fruity-3D-Gummy-Bears-Bulk-Chewy-Gummy-Sweets-Wholesale-1.webp\" alt=\"Caramelos de goma 3D a granel, caramelos de goma masticables al por mayor-1\" class=\"wp-image-900\" srcset=\"https:\/\/www.lechaocandy.com\/wp-content\/uploads\/2025\/05\/Fruity-3D-Gummy-Bears-Bulk-Chewy-Gummy-Sweets-Wholesale-1.webp 750w, https:\/\/www.lechaocandy.com\/wp-content\/uploads\/2025\/05\/Fruity-3D-Gummy-Bears-Bulk-Chewy-Gummy-Sweets-Wholesale-1-281x300.webp 281w, https:\/\/www.lechaocandy.com\/wp-content\/uploads\/2025\/05\/Fruity-3D-Gummy-Bears-Bulk-Chewy-Gummy-Sweets-Wholesale-1-600x640.webp 600w\" sizes=\"(max-width: 750px) 100vw, 750px\" \/><\/figure><\/div><\/div>","protected":false},"excerpt":{"rendered":"<p>Bienvenido a comprar caramelos de goma al por mayor. Nuestros 3D osos de goma a granel tiene una textura masticable combinado con cuatro sabores afrutados y colores coloridos. Es bonito y lleno de sabor. Es una buena elecci\u00f3n de caramelos divertidos adecuados para ventas al por mayor y personalizaci\u00f3n de marca.<\/p>\n<table style=\"border-collapse: collapse; width: 329.02pt;\" border=\"0\" width=\"329\" cellspacing=\"0\" cellpadding=\"0\">\n<tbody>\n<tr style=\"height: 17.60pt;\">\n<td class=\"et2\" style=\"height: 17.60pt; width: 110.80pt;\" width=\"110\" height=\"17\">Fabricante<\/td>\n<td class=\"et2\" style=\"width: 219.15pt;\" width=\"219\">Caramelos LeChao<\/td>\n<\/tr>\n<tr style=\"height: 18.00pt;\">\n<td class=\"et2\" style=\"height: 18.00pt;\" height=\"18\">Tipo de producto<\/td>\n<td class=\"et3\" style=\"width: 219.15pt;\" width=\"219\">Caramelos de goma 3D<\/td>\n<\/tr>\n<tr style=\"height: 18.00pt;\">\n<td class=\"et2\" style=\"height: 18.00pt;\" height=\"18\">Pruebe<\/td>\n<td class=\"et3\" style=\"width: 219.15pt;\" width=\"219\">Agridulce y resistente<\/td>\n<\/tr>\n<tr style=\"height: 17.60pt;\">\n<td class=\"et2\" style=\"height: 17.60pt;\" height=\"17\">Especificaci\u00f3n<\/td>\n<td class=\"et2\">118gX48cajas<\/td>\n<\/tr>\n<tr style=\"height: 17.60pt;\">\n<td class=\"et2\" style=\"height: 17.60pt;\" height=\"17\">Tama\u00f1o de la caja<\/td>\n<td class=\"et2\">39X26X23cm<\/td>\n<\/tr>\n<tr style=\"height: 17.60pt;\">\n<td class=\"et2\" style=\"height: 17.60pt;\" height=\"17\">N.W.\/Cart\u00f3n<\/td>\n<td class=\"et2\">7,6 kg<\/td>\n<\/tr>\n<tr style=\"height: 17.60pt;\">\n<td class=\"et2\" style=\"height: 17.60pt;\" height=\"17\">Precio<\/td>\n<td class=\"et2\">0,55-0,57USD\/bolsa<\/td>\n<\/tr>\n<tr style=\"height: 17.60pt;\">\n<td class=\"et2\" style=\"height: 17.60pt;\" height=\"17\">MOQ<\/td>\n<td class=\"et2\">800CTNS<\/td>\n<\/tr>\n<tr style=\"height: 17.60pt;\">\n<td class=\"et2\" style=\"height: 17.60pt;\" height=\"17\">Muestra<\/td>\n<td class=\"et2\">Disponible<\/td>\n<\/tr>\n<\/tbody>\n<\/table>","protected":false},"featured_media":901,"comment_status":"open","ping_status":"closed","template":"","meta":{"_acf_changed":false},"product_brand":[],"product_cat":[19,24],"product_tag":[],"class_list":{"0":"post-899","1":"product","2":"type-product","3":"status-publish","4":"has-post-thumbnail","6":"product_cat-wholesale-gummy-manufacturer","7":"product_cat-3d-gummy-candy-manufacturer","9":"first","10":"instock","11":"shipping-taxable","12":"product-type-simple"},"acf":[],"_links":{"self":[{"href":"https:\/\/www.lechaocandy.com\/es\/wp-json\/wp\/v2\/product\/899","targetHints":{"allow":["GET"]}}],"collection":[{"href":"https:\/\/www.lechaocandy.com\/es\/wp-json\/wp\/v2\/product"}],"about":[{"href":"https:\/\/www.lechaocandy.com\/es\/wp-json\/wp\/v2\/types\/product"}],"replies":[{"embeddable":true,"href":"https:\/\/www.lechaocandy.com\/es\/wp-json\/wp\/v2\/comments?post=899"}],"wp:featuredmedia":[{"embeddable":true,"href":"https:\/\/www.lechaocandy.com\/es\/wp-json\/wp\/v2\/media\/901"}],"wp:attachment":[{"href":"https:\/\/www.lechaocandy.com\/es\/wp-json\/wp\/v2\/media?parent=899"}],"wp:term":[{"taxonomy":"product_brand","embeddable":true,"href":"https:\/\/www.lechaocandy.com\/es\/wp-json\/wp\/v2\/product_brand?post=899"},{"taxonomy":"product_cat","embeddable":true,"href":"https:\/\/www.lechaocandy.com\/es\/wp-json\/wp\/v2\/product_cat?post=899"},{"taxonomy":"product_tag","embeddable":true,"href":"https:\/\/www.lechaocandy.com\/es\/wp-json\/wp\/v2\/product_tag?post=899"}],"curies":[{"name":"wp","href":"https:\/\/api.w.org\/{rel}","templated":true}]}}