{"id":906,"date":"2025-05-23T06:17:26","date_gmt":"2025-05-23T06:17:26","guid":{"rendered":"https:\/\/www.lechaocandy.com\/?post_type=product&#038;p=906"},"modified":"2025-05-23T06:48:03","modified_gmt":"2025-05-23T06:48:03","slug":"bulk-gummy","status":"publish","type":"product","link":"https:\/\/www.lechaocandy.com\/es\/producto\/bulk-gummy\/","title":{"rendered":"Patos de gominola 3D masticables a granel, caramelos de gominola blandos al por mayor"},"content":{"rendered":"<div class=\"wp-block-columns is-layout-flex wp-container-core-columns-is-layout-9d6595d7 wp-block-columns-is-layout-flex\"><div class=\"wp-block-column is-layout-flow wp-block-column-is-layout-flow\"><h2 class=\"wp-block-heading\">Aspectos destacados del pato de gominola 3D a granel<\/h2>\n\n<ul class=\"wp-block-list\"><li><strong>Forma de pato tridimensional, super bonito y llamativo: <\/strong>Estos exquisitos patos de gominola 3D a granel son alegres y simp\u00e1ticos, muy interesantes y reconocibles, y son una elecci\u00f3n popular para expositores de aperitivos y festivales.<\/li>\n\n<li><strong>Combinaci\u00f3n de dos colores, diferentes sabores para la cabeza y el cuerpo: <\/strong>La cabeza de pato y el cuerpo de estos caramelos de goma al por mayor utilizan diferentes combinaciones de color y sabor, un caramelo tiene dos experiencias, trayendo un doble disfrute de la visi\u00f3n y el gusto, lleno de diversi\u00f3n.<\/li>\n\n<li><strong>Suave y masticable, rico sabor: <\/strong>Nuestros patos de gominola a granel utilizan una f\u00f3rmula especial de gominola, de masticaci\u00f3n moderada, suave en la boca y m\u00e1s deliciosa cuanto m\u00e1s se mastica, adecuada para ni\u00f1os, adolescentes y amantes de los dulces.<\/li>\n\n<li><strong>Una variedad de sabores afrutados, agridulces: <\/strong>Nuestros caramelos de goma al por mayor incluyen fresa, naranja, manzana verde, ar\u00e1ndanos y otras combinaciones afrutadas, con rico aroma afrutado, para satisfacer diferentes preferencias de sabor, aptas para todas las edades.<\/li>\n\n<li><strong>Gran cantidad al por mayor, soporte para etiquetas personalizadas: <\/strong>Nuestros patos de gominola a granel ofrecen servicios de venta al por mayor y de marca blanca, adecuados para supermercados, comercio electr\u00f3nico, bolsas de regalo para fiestas, cajas de regalo para vacaciones y promoci\u00f3n de personalizaci\u00f3n de marcas.<\/li><\/ul><\/div>\n\n<div class=\"wp-block-column is-layout-flow wp-block-column-is-layout-flow\"><figure class=\"wp-block-image size-full\"><img decoding=\"async\" width=\"750\" height=\"800\" src=\"https:\/\/www.lechaocandy.com\/wp-content\/uploads\/2025\/05\/Chewy-3D-Bulk-Gummy-Ducks-Soft-Gummy-Candy-Wholesale-1.webp\" alt=\"Patos de gominola 3D masticables a granel, caramelos de gominola blandos al por mayor-1\" class=\"wp-image-907\" srcset=\"https:\/\/www.lechaocandy.com\/wp-content\/uploads\/2025\/05\/Chewy-3D-Bulk-Gummy-Ducks-Soft-Gummy-Candy-Wholesale-1.webp 750w, https:\/\/www.lechaocandy.com\/wp-content\/uploads\/2025\/05\/Chewy-3D-Bulk-Gummy-Ducks-Soft-Gummy-Candy-Wholesale-1-281x300.webp 281w, https:\/\/www.lechaocandy.com\/wp-content\/uploads\/2025\/05\/Chewy-3D-Bulk-Gummy-Ducks-Soft-Gummy-Candy-Wholesale-1-600x640.webp 600w\" sizes=\"(max-width: 750px) 100vw, 750px\" \/><\/figure><\/div><\/div>","protected":false},"excerpt":{"rendered":"<p>Bienvenido a comprar caramelos de goma al por mayor. Nuestros caramelos de goma 3D al por mayor son simp\u00e1ticos dise\u00f1os tridimensionales con dos colores y sabores. Son coloridos y afrutados, adecuados para mercados minoristas y mayoristas, y son ideales para crear l\u00edneas de productos de caramelos personalizados.<\/p>\n<table style=\"border-collapse: collapse; width: 329.02pt;\" border=\"0\" width=\"329\" cellspacing=\"0\" cellpadding=\"0\">\n<tbody>\n<tr style=\"height: 17.60pt;\">\n<td class=\"et2\" style=\"height: 17.60pt; width: 110.80pt;\" width=\"110\" height=\"17\">Fabricante<\/td>\n<td class=\"et2\" style=\"width: 219.15pt;\" width=\"219\">Caramelos LeChao<\/td>\n<\/tr>\n<tr style=\"height: 18.00pt;\">\n<td class=\"et2\" style=\"height: 18.00pt;\" height=\"18\">Tipo de producto<\/td>\n<td class=\"et3\" style=\"width: 219.15pt;\" width=\"219\">Caramelos de goma 3D<\/td>\n<\/tr>\n<tr style=\"height: 18.00pt;\">\n<td class=\"et2\" style=\"height: 18.00pt;\" height=\"18\">Pruebe<\/td>\n<td class=\"et3\" style=\"width: 219.15pt;\" width=\"219\">Agridulce y resistente<\/td>\n<\/tr>\n<tr style=\"height: 17.60pt;\">\n<td class=\"et2\" style=\"height: 17.60pt;\" height=\"17\">Especificaci\u00f3n<\/td>\n<td class=\"et2\">118gX48cajas<\/td>\n<\/tr>\n<tr style=\"height: 17.60pt;\">\n<td class=\"et2\" style=\"height: 17.60pt;\" height=\"17\">Tama\u00f1o de la caja<\/td>\n<td class=\"et2\">39X26X23cm<\/td>\n<\/tr>\n<tr style=\"height: 17.60pt;\">\n<td class=\"et2\" style=\"height: 17.60pt;\" height=\"17\">N.W.\/Cart\u00f3n<\/td>\n<td class=\"et2\">7,6 kg<\/td>\n<\/tr>\n<tr style=\"height: 17.60pt;\">\n<td class=\"et2\" style=\"height: 17.60pt;\" height=\"17\">Precio<\/td>\n<td class=\"et2\">0,55-0,57USD\/bolsa<\/td>\n<\/tr>\n<tr style=\"height: 17.60pt;\">\n<td class=\"et2\" style=\"height: 17.60pt;\" height=\"17\">MOQ<\/td>\n<td class=\"et2\">800CTNS<\/td>\n<\/tr>\n<tr style=\"height: 17.60pt;\">\n<td class=\"et2\" style=\"height: 17.60pt;\" height=\"17\">Muestra<\/td>\n<td class=\"et2\">Disponible<\/td>\n<\/tr>\n<\/tbody>\n<\/table>","protected":false},"featured_media":910,"comment_status":"open","ping_status":"closed","template":"","meta":{"_acf_changed":false},"product_brand":[],"product_cat":[19,24],"product_tag":[],"class_list":{"0":"post-906","1":"product","2":"type-product","3":"status-publish","4":"has-post-thumbnail","6":"product_cat-wholesale-gummy-manufacturer","7":"product_cat-3d-gummy-candy-manufacturer","9":"first","10":"instock","11":"shipping-taxable","12":"product-type-simple"},"acf":[],"_links":{"self":[{"href":"https:\/\/www.lechaocandy.com\/es\/wp-json\/wp\/v2\/product\/906","targetHints":{"allow":["GET"]}}],"collection":[{"href":"https:\/\/www.lechaocandy.com\/es\/wp-json\/wp\/v2\/product"}],"about":[{"href":"https:\/\/www.lechaocandy.com\/es\/wp-json\/wp\/v2\/types\/product"}],"replies":[{"embeddable":true,"href":"https:\/\/www.lechaocandy.com\/es\/wp-json\/wp\/v2\/comments?post=906"}],"wp:featuredmedia":[{"embeddable":true,"href":"https:\/\/www.lechaocandy.com\/es\/wp-json\/wp\/v2\/media\/910"}],"wp:attachment":[{"href":"https:\/\/www.lechaocandy.com\/es\/wp-json\/wp\/v2\/media?parent=906"}],"wp:term":[{"taxonomy":"product_brand","embeddable":true,"href":"https:\/\/www.lechaocandy.com\/es\/wp-json\/wp\/v2\/product_brand?post=906"},{"taxonomy":"product_cat","embeddable":true,"href":"https:\/\/www.lechaocandy.com\/es\/wp-json\/wp\/v2\/product_cat?post=906"},{"taxonomy":"product_tag","embeddable":true,"href":"https:\/\/www.lechaocandy.com\/es\/wp-json\/wp\/v2\/product_tag?post=906"}],"curies":[{"name":"wp","href":"https:\/\/api.w.org\/{rel}","templated":true}]}}