{"id":920,"date":"2025-05-23T07:06:00","date_gmt":"2025-05-23T07:06:00","guid":{"rendered":"https:\/\/www.lechaocandy.com\/?post_type=product&#038;p=920"},"modified":"2025-05-23T07:56:58","modified_gmt":"2025-05-23T07:56:58","slug":"dinosaur-gummy-candy-bulk","status":"publish","type":"product","link":"https:\/\/www.lechaocandy.com\/es\/producto\/dinosaur-gummy-candy-bulk\/","title":{"rendered":"Caramelos de goma 4D Dinosaurios a granel, Caramelos masticables al por mayor"},"content":{"rendered":"<div class=\"wp-block-columns is-layout-flex wp-container-core-columns-is-layout-9d6595d7 wp-block-columns-is-layout-flex\"><div class=\"wp-block-column is-layout-flow wp-block-column-is-layout-flow\"><h2 class=\"wp-block-heading\">Aspectos destacados del caramelo de goma 4D Dinosaurio a granel<\/h2>\n\n<ul class=\"wp-block-list\"><li><strong>Forma de dinosaurio 4D, lleno de diversi\u00f3n: <\/strong>Nuestros caramelos de goma de dinosaurio a granel est\u00e1n fabricados con una avanzada tecnolog\u00eda de moldeado, tienen un fuerte impacto visual, son muy divertidos de coleccionar y comer, y gustan mucho a los ni\u00f1os y j\u00f3venes consumidores.<\/li>\n\n<li><strong>Mezcla bicolor, doble experiencia afrutada: <\/strong>Estos caramelos masticables de dinosaurio al por mayor utilizan diferentes colores y sabores afrutados para la cabeza y el cuerpo respectivamente, y un caramelo trae dos sabores, d\u00e1ndole una sensaci\u00f3n de novedad y sorpresa.<\/li>\n\n<li><strong>Suave y masticable, rico sabor: <\/strong>Estos caramelos de goma de dinosaurio a granel utilizan una f\u00f3rmula de caramelo blando formulada con precisi\u00f3n, con una masticabilidad moderada, sin pegajosidad y capas diferenciadas, lo que hace que cada bocado est\u00e9 lleno de diversi\u00f3n y satisfacci\u00f3n.<\/li>\n\n<li><strong>Rico aroma afrutado y colores brillantes: <\/strong>Nuestros caramelos masticables al por mayor combinan una variedad de sabores afrutados populares, dulces pero no grasos, adecuados para todas las ocasiones.<\/li>\n\n<li><strong>Venta al por mayor flexible, admite personalizaci\u00f3n de marcas blancas: <\/strong>Nuestros caramelos de goma de dinosaurio a granel ofrecen servicios de personalizaci\u00f3n de marca y venta al por mayor a granel, adecuados para supermercados, plataformas de comercio electr\u00f3nico, promociones navide\u00f1as, bolsas de caramelos para fiestas y otros canales comerciales.<\/li><\/ul><\/div>\n\n<div class=\"wp-block-column is-layout-flow wp-block-column-is-layout-flow\"><figure class=\"wp-block-image size-full\"><img decoding=\"async\" width=\"750\" height=\"800\" src=\"https:\/\/www.lechaocandy.com\/wp-content\/uploads\/2025\/05\/Fun-4D-Dinosaur-Gummy-Candy-Bulk-Wholesale-Chewy-Candy-1.webp\" alt=\"Caramelos de goma 4D Dinosaurio Divertido a Granel, Caramelos masticables al por mayor-1\" class=\"wp-image-921\" srcset=\"https:\/\/www.lechaocandy.com\/wp-content\/uploads\/2025\/05\/Fun-4D-Dinosaur-Gummy-Candy-Bulk-Wholesale-Chewy-Candy-1.webp 750w, https:\/\/www.lechaocandy.com\/wp-content\/uploads\/2025\/05\/Fun-4D-Dinosaur-Gummy-Candy-Bulk-Wholesale-Chewy-Candy-1-281x300.webp 281w, https:\/\/www.lechaocandy.com\/wp-content\/uploads\/2025\/05\/Fun-4D-Dinosaur-Gummy-Candy-Bulk-Wholesale-Chewy-Candy-1-600x640.webp 600w\" sizes=\"(max-width: 750px) 100vw, 750px\" \/><\/figure><\/div><\/div>","protected":false},"excerpt":{"rendered":"<p>Bienvenido a comprar caramelos masticables al por mayor. Este caramelo de goma 4D dinosaurio a granel es colorido y realista, con una textura masticable y m\u00faltiples sabores afrutados. Es un popular producto de caramelo blando que combina lo visual, el sabor y la diversi\u00f3n.<\/p>\n<table style=\"border-collapse: collapse; width: 329.02pt;\" border=\"0\" width=\"329\" cellspacing=\"0\" cellpadding=\"0\">\n<tbody>\n<tr style=\"height: 17.60pt;\">\n<td class=\"et2\" style=\"height: 17.60pt; width: 110.80pt;\" width=\"110\" height=\"17\">Fabricante<\/td>\n<td class=\"et2\" style=\"width: 219.15pt;\" width=\"219\">Caramelos LeChao<\/td>\n<\/tr>\n<tr style=\"height: 18.00pt;\">\n<td class=\"et2\" style=\"height: 18.00pt;\" height=\"18\">Tipo de producto<\/td>\n<td class=\"et3\" style=\"width: 219.15pt;\" width=\"219\">Caramelos de goma 4D Dinosaurio<\/td>\n<\/tr>\n<tr style=\"height: 18.00pt;\">\n<td class=\"et2\" style=\"height: 18.00pt;\" height=\"18\">Pruebe<\/td>\n<td class=\"et3\" style=\"width: 219.15pt;\" width=\"219\">Agridulce y resistente<\/td>\n<\/tr>\n<tr style=\"height: 17.60pt;\">\n<td class=\"et2\" style=\"height: 17.60pt;\" height=\"17\">Especificaci\u00f3n<\/td>\n<td class=\"et2\">118gX48cajas<\/td>\n<\/tr>\n<tr style=\"height: 17.60pt;\">\n<td class=\"et2\" style=\"height: 17.60pt;\" height=\"17\">Tama\u00f1o de la caja<\/td>\n<td class=\"et2\">39X26X23cm<\/td>\n<\/tr>\n<tr style=\"height: 17.60pt;\">\n<td class=\"et2\" style=\"height: 17.60pt;\" height=\"17\">N.W.\/Cart\u00f3n<\/td>\n<td class=\"et2\">7,6 kg<\/td>\n<\/tr>\n<tr style=\"height: 17.60pt;\">\n<td class=\"et2\" style=\"height: 17.60pt;\" height=\"17\">Precio<\/td>\n<td class=\"et2\">0,55-0,57USD\/bolsa<\/td>\n<\/tr>\n<tr style=\"height: 17.60pt;\">\n<td class=\"et2\" style=\"height: 17.60pt;\" height=\"17\">MOQ<\/td>\n<td class=\"et2\">800CTNS<\/td>\n<\/tr>\n<tr style=\"height: 17.60pt;\">\n<td class=\"et2\" style=\"height: 17.60pt;\" height=\"17\">Muestra<\/td>\n<td class=\"et2\">Disponible<\/td>\n<\/tr>\n<\/tbody>\n<\/table>\n<p>&nbsp;<\/p>","protected":false},"featured_media":923,"comment_status":"open","ping_status":"closed","template":"","meta":{"_acf_changed":false},"product_brand":[],"product_cat":[24,19],"product_tag":[],"class_list":{"0":"post-920","1":"product","2":"type-product","3":"status-publish","4":"has-post-thumbnail","6":"product_cat-3d-gummy-candy-manufacturer","7":"product_cat-wholesale-gummy-manufacturer","9":"first","10":"instock","11":"shipping-taxable","12":"product-type-simple"},"acf":[],"_links":{"self":[{"href":"https:\/\/www.lechaocandy.com\/es\/wp-json\/wp\/v2\/product\/920","targetHints":{"allow":["GET"]}}],"collection":[{"href":"https:\/\/www.lechaocandy.com\/es\/wp-json\/wp\/v2\/product"}],"about":[{"href":"https:\/\/www.lechaocandy.com\/es\/wp-json\/wp\/v2\/types\/product"}],"replies":[{"embeddable":true,"href":"https:\/\/www.lechaocandy.com\/es\/wp-json\/wp\/v2\/comments?post=920"}],"wp:featuredmedia":[{"embeddable":true,"href":"https:\/\/www.lechaocandy.com\/es\/wp-json\/wp\/v2\/media\/923"}],"wp:attachment":[{"href":"https:\/\/www.lechaocandy.com\/es\/wp-json\/wp\/v2\/media?parent=920"}],"wp:term":[{"taxonomy":"product_brand","embeddable":true,"href":"https:\/\/www.lechaocandy.com\/es\/wp-json\/wp\/v2\/product_brand?post=920"},{"taxonomy":"product_cat","embeddable":true,"href":"https:\/\/www.lechaocandy.com\/es\/wp-json\/wp\/v2\/product_cat?post=920"},{"taxonomy":"product_tag","embeddable":true,"href":"https:\/\/www.lechaocandy.com\/es\/wp-json\/wp\/v2\/product_tag?post=920"}],"curies":[{"name":"wp","href":"https:\/\/api.w.org\/{rel}","templated":true}]}}