{"id":927,"date":"2025-05-23T07:59:39","date_gmt":"2025-05-23T07:59:39","guid":{"rendered":"https:\/\/www.lechaocandy.com\/?post_type=product&#038;p=927"},"modified":"2025-05-23T08:21:25","modified_gmt":"2025-05-23T08:21:25","slug":"cactus-gummies-bulk","status":"publish","type":"product","link":"https:\/\/www.lechaocandy.com\/es\/producto\/cactus-gummies-bulk\/","title":{"rendered":"Gominolas 4D Cactus a Granel, Caramelos de goma al por mayor"},"content":{"rendered":"<div class=\"wp-block-columns is-layout-flex wp-container-core-columns-is-layout-9d6595d7 wp-block-columns-is-layout-flex\"><div class=\"wp-block-column is-layout-flow wp-block-column-is-layout-flow\"><h2 class=\"wp-block-heading\">Aspectos destacados del producto 4D Cactus Gummies Bulk<\/h2>\n\n<ul class=\"wp-block-list\"><li><strong>Creativa forma de cactus, llamativa e interesante:<\/strong> Este granel de gominolas de cactus 4D tiene detalles v\u00edvidos, combinados con elementos de dibujos animados y plantas, llenos de diversi\u00f3n, y tiene un gran valor de exposici\u00f3n.<\/li>\n\n<li><strong>Combinaci\u00f3n multicolor y multisabor, un caramelo con m\u00faltiples sorpresas: <\/strong>Este caramelo de goma al por mayor utiliza diferentes colores y sabores de frutas, colores brillantes, sabores ricos, y trae una experiencia de sabor en capas.<\/li>\n\n<li><strong>Los dientes no pegajosos son m\u00e1s deliciosos: <\/strong>Nuestras gominolas de cactus 4D a granel tienen un sabor suave y el\u00e1stico, son moderadamente masticables y gustan tanto a ni\u00f1os como a adultos. No son grasientas ni pegajosas.<\/li>\n\n<li><strong>Adecuado para fiestas navide\u00f1as y divertidas escenas de venta al por menor: <\/strong>Este caramelo de goma al por mayor tiene una forma \u00fanica y es una opci\u00f3n ideal para caramelos festivos, tiendas tem\u00e1ticas y armarios de art\u00edculos novedosos.<\/li>\n\n<li><strong>Soporta la venta al por mayor y la personalizaci\u00f3n, una herramienta de ventas multiescenario: <\/strong>Nuestras gominolas de cactus 4D a granel pueden proporcionar venta al por mayor a granel y apoyar la personalizaci\u00f3n OEM de la marca, lo que es adecuado para plataformas de comercio electr\u00f3nico, venta al por menor fuera de l\u00ednea, cadenas de supermercados y canales especializados en aperitivos importados.<\/li><\/ul><\/div>\n\n<div class=\"wp-block-column is-layout-flow wp-block-column-is-layout-flow\"><figure class=\"wp-block-image size-full\"><img decoding=\"async\" width=\"750\" height=\"800\" src=\"https:\/\/www.lechaocandy.com\/wp-content\/uploads\/2025\/05\/Novelty-4D-Cactus-Gummies-Bulk-Gummy-Candy-Wholesale-3.webp\" alt=\"Gominolas 4D Cactus a Granel, Caramelos de goma al por mayor-3\" class=\"wp-image-930\" srcset=\"https:\/\/www.lechaocandy.com\/wp-content\/uploads\/2025\/05\/Novelty-4D-Cactus-Gummies-Bulk-Gummy-Candy-Wholesale-3.webp 750w, https:\/\/www.lechaocandy.com\/wp-content\/uploads\/2025\/05\/Novelty-4D-Cactus-Gummies-Bulk-Gummy-Candy-Wholesale-3-281x300.webp 281w, https:\/\/www.lechaocandy.com\/wp-content\/uploads\/2025\/05\/Novelty-4D-Cactus-Gummies-Bulk-Gummy-Candy-Wholesale-3-600x640.webp 600w\" sizes=\"(max-width: 750px) 100vw, 750px\" \/><\/figure><\/div><\/div>","protected":false},"excerpt":{"rendered":"<p>Bienvenido a comprar caramelos de goma al por mayor. Estas gominolas de cactus 4D al por mayor aportan un doble disfrute visual y gustativo. Ya sea en el mercado de aperitivos, cajas de regalo de vacaciones, caramelos de fiesta, o exhibiciones de nuevos productos divertidos, es una opci\u00f3n creativa gomosa llamativo y popular.<\/p>\n<table style=\"border-collapse: collapse; width: 329.02pt;\" border=\"0\" width=\"329\" cellspacing=\"0\" cellpadding=\"0\">\n<tbody>\n<tr style=\"height: 17.60pt;\">\n<td class=\"et2\" style=\"height: 17.60pt; width: 110.80pt;\" width=\"110\" height=\"17\">Fabricante<\/td>\n<td class=\"et2\" style=\"width: 219.15pt;\" width=\"219\">Caramelos LeChao<\/td>\n<\/tr>\n<tr style=\"height: 18.00pt;\">\n<td class=\"et2\" style=\"height: 18.00pt;\" height=\"18\">Tipo de producto<\/td>\n<td class=\"et3\" style=\"width: 219.15pt;\" width=\"219\">Caramelos de goma 3D Cactus<\/td>\n<\/tr>\n<tr style=\"height: 18.00pt;\">\n<td class=\"et2\" style=\"height: 18.00pt;\" height=\"18\">Pruebe<\/td>\n<td class=\"et3\" style=\"width: 219.15pt;\" width=\"219\">Agridulce y resistente<\/td>\n<\/tr>\n<tr style=\"height: 17.60pt;\">\n<td class=\"et2\" style=\"height: 17.60pt;\" height=\"17\">Especificaci\u00f3n<\/td>\n<td class=\"et2\">118gX48cajas<\/td>\n<\/tr>\n<tr style=\"height: 17.60pt;\">\n<td class=\"et2\" style=\"height: 17.60pt;\" height=\"17\">Tama\u00f1o de la caja<\/td>\n<td class=\"et2\">39X26X23cm<\/td>\n<\/tr>\n<tr style=\"height: 17.60pt;\">\n<td class=\"et2\" style=\"height: 17.60pt;\" height=\"17\">N.W.\/Cart\u00f3n<\/td>\n<td class=\"et2\">7,6 kg<\/td>\n<\/tr>\n<tr style=\"height: 17.60pt;\">\n<td class=\"et2\" style=\"height: 17.60pt;\" height=\"17\">Precio<\/td>\n<td class=\"et2\">0,55-0,57USD\/bolsa<\/td>\n<\/tr>\n<tr style=\"height: 17.60pt;\">\n<td class=\"et2\" style=\"height: 17.60pt;\" height=\"17\">MOQ<\/td>\n<td class=\"et2\">800CTNS<\/td>\n<\/tr>\n<tr style=\"height: 17.60pt;\">\n<td class=\"et2\" style=\"height: 17.60pt;\" height=\"17\">Muestra<\/td>\n<td class=\"et2\">Disponible<\/td>\n<\/tr>\n<\/tbody>\n<\/table>","protected":false},"featured_media":929,"comment_status":"open","ping_status":"closed","template":"","meta":{"_acf_changed":false},"product_brand":[],"product_cat":[24,19],"product_tag":[],"class_list":{"0":"post-927","1":"product","2":"type-product","3":"status-publish","4":"has-post-thumbnail","6":"product_cat-3d-gummy-candy-manufacturer","7":"product_cat-wholesale-gummy-manufacturer","9":"first","10":"instock","11":"shipping-taxable","12":"product-type-simple"},"acf":[],"_links":{"self":[{"href":"https:\/\/www.lechaocandy.com\/es\/wp-json\/wp\/v2\/product\/927","targetHints":{"allow":["GET"]}}],"collection":[{"href":"https:\/\/www.lechaocandy.com\/es\/wp-json\/wp\/v2\/product"}],"about":[{"href":"https:\/\/www.lechaocandy.com\/es\/wp-json\/wp\/v2\/types\/product"}],"replies":[{"embeddable":true,"href":"https:\/\/www.lechaocandy.com\/es\/wp-json\/wp\/v2\/comments?post=927"}],"wp:featuredmedia":[{"embeddable":true,"href":"https:\/\/www.lechaocandy.com\/es\/wp-json\/wp\/v2\/media\/929"}],"wp:attachment":[{"href":"https:\/\/www.lechaocandy.com\/es\/wp-json\/wp\/v2\/media?parent=927"}],"wp:term":[{"taxonomy":"product_brand","embeddable":true,"href":"https:\/\/www.lechaocandy.com\/es\/wp-json\/wp\/v2\/product_brand?post=927"},{"taxonomy":"product_cat","embeddable":true,"href":"https:\/\/www.lechaocandy.com\/es\/wp-json\/wp\/v2\/product_cat?post=927"},{"taxonomy":"product_tag","embeddable":true,"href":"https:\/\/www.lechaocandy.com\/es\/wp-json\/wp\/v2\/product_tag?post=927"}],"curies":[{"name":"wp","href":"https:\/\/api.w.org\/{rel}","templated":true}]}}