{"id":999,"date":"2025-05-27T06:33:06","date_gmt":"2025-05-27T06:33:06","guid":{"rendered":"https:\/\/www.lechaocandy.com\/?post_type=product&#038;p=999"},"modified":"2025-05-27T06:44:23","modified_gmt":"2025-05-27T06:44:23","slug":"bulk-candy-jelly-beans","status":"publish","type":"product","link":"https:\/\/www.lechaocandy.com\/es\/producto\/bulk-candy-jelly-beans\/","title":{"rendered":"LeChao Caramelos de colores a granel, caramelos masticables al por mayor"},"content":{"rendered":"<div class=\"wp-block-columns is-layout-flex wp-container-core-columns-is-layout-9d6595d7 wp-block-columns-is-layout-flex\"><div class=\"wp-block-column is-layout-flow wp-block-column-is-layout-flow\"><h2 class=\"wp-block-heading\">Aspectos destacados de las gominolas a granel<\/h2>\n\n<ul class=\"wp-block-list\"><li><strong>Aspecto colorido, llamativo: <\/strong>Estas gominolas de caramelo a granel tienen un recubrimiento de az\u00facar de colores brillantes, lo que hace que la presentaci\u00f3n de los caramelos sea m\u00e1s impactante visualmente y aumente el deseo de compra de los consumidores.<\/li>\n\n<li><strong>Ricos sabores, satisfacen diversas necesidades: <\/strong>Nuestros caramelos masticables al por mayor tienen una gran variedad de sabores de frutas para elegir, y cada grano de caramelo aporta una experiencia diferente al paladar.<\/li>\n\n<li><strong>Masticable, suave por dentro y crujiente por fuera: <\/strong>Nuestras gominolas de caramelo a granel tienen una crujiente capa de az\u00facar, un interior suave y el\u00e1stico, ricas capas de sabor, y cuanto m\u00e1s se mastican, m\u00e1s fragantes son.<\/li>\n\n<li><strong>Paquete grande al por mayor, rentable: <\/strong>Estos caramelos masticables al por mayor son adecuados para la venta al por menor, OEM, supermercados, ocasiones de eventos y otras compras al por mayor para reducir los costes unitarios.<\/li>\n\n<li><strong>Adecuado para m\u00faltiples escenarios, los productos m\u00e1s vendidos:<\/strong> Ya se trate de caramelos para bodas, distribuci\u00f3n navide\u00f1a, tarros de caramelos o fiestas infantiles, estas gominolas de caramelo a granel son la opci\u00f3n m\u00e1s vendida.<\/li><\/ul><\/div>\n\n<div class=\"wp-block-column is-layout-flow wp-block-column-is-layout-flow\"><figure class=\"wp-block-image size-full\"><img decoding=\"async\" width=\"800\" height=\"800\" src=\"https:\/\/www.lechaocandy.com\/wp-content\/uploads\/2025\/05\/LeChao-Colorful-Bulk-Candy-Jelly-Beans-Chewy-Candies-Wholesale-1.webp\" alt=\"LeChao Colorido Caramelo a Granel Jelly Beans, Caramelos masticables al por mayor-1\" class=\"wp-image-1000\" srcset=\"https:\/\/www.lechaocandy.com\/wp-content\/uploads\/2025\/05\/LeChao-Colorful-Bulk-Candy-Jelly-Beans-Chewy-Candies-Wholesale-1.webp 800w, https:\/\/www.lechaocandy.com\/wp-content\/uploads\/2025\/05\/LeChao-Colorful-Bulk-Candy-Jelly-Beans-Chewy-Candies-Wholesale-1-300x300.webp 300w, https:\/\/www.lechaocandy.com\/wp-content\/uploads\/2025\/05\/LeChao-Colorful-Bulk-Candy-Jelly-Beans-Chewy-Candies-Wholesale-1-150x150.webp 150w, https:\/\/www.lechaocandy.com\/wp-content\/uploads\/2025\/05\/LeChao-Colorful-Bulk-Candy-Jelly-Beans-Chewy-Candies-Wholesale-1-768x768.webp 768w, https:\/\/www.lechaocandy.com\/wp-content\/uploads\/2025\/05\/LeChao-Colorful-Bulk-Candy-Jelly-Beans-Chewy-Candies-Wholesale-1-600x600.webp 600w, https:\/\/www.lechaocandy.com\/wp-content\/uploads\/2025\/05\/LeChao-Colorful-Bulk-Candy-Jelly-Beans-Chewy-Candies-Wholesale-1-100x100.webp 100w\" sizes=\"(max-width: 800px) 100vw, 800px\" \/><\/figure><\/div><\/div>","protected":false},"excerpt":{"rendered":"<p>Bienvenido a comprar caramelos masticables al por mayor. Las gominolas de caramelo al por mayor de LeChao de colores brillantes poseen sabores profundos, adecuados para fiestas, tiendas de caramelos de autoservicio, venta al por mayor de supermercados y otras ocasiones, satisfaciendo el gusto por lo dulce de diferentes personas, e ideales para comprar al por mayor.<\/p>\n<table style=\"border-collapse: collapse; width: 329.02pt;\" border=\"0\" width=\"329\" cellspacing=\"0\" cellpadding=\"0\">\n<tbody>\n<tr style=\"height: 17.60pt;\">\n<td class=\"et2\" style=\"height: 17.60pt; width: 110.80pt;\" width=\"110\" height=\"17\">Fabricante<\/td>\n<td class=\"et2\" style=\"width: 219.15pt;\" width=\"219\">Caramelos LeChao<\/td>\n<\/tr>\n<tr style=\"height: 18.00pt;\">\n<td class=\"et2\" style=\"height: 18.00pt;\" height=\"18\">Tipo de producto<\/td>\n<td class=\"et3\" style=\"width: 219.15pt;\" width=\"219\">Gominolas<\/td>\n<\/tr>\n<tr style=\"height: 18.00pt;\">\n<td class=\"et2\" style=\"height: 18.00pt;\" height=\"18\">Pruebe<\/td>\n<td class=\"et3\" style=\"width: 219.15pt;\" width=\"219\">Agridulce y resistente<\/td>\n<\/tr>\n<tr style=\"height: 17.60pt;\">\n<td class=\"et2\" style=\"height: 17.60pt;\" height=\"17\">Especificaci\u00f3n<\/td>\n<td class=\"et2\">26gX12bolsasX20cajas<\/td>\n<\/tr>\n<tr style=\"height: 17.60pt;\">\n<td class=\"et2\" style=\"height: 17.60pt;\" height=\"17\">Tama\u00f1o de la caja<\/td>\n<td class=\"et2\">53X39X33cm<\/td>\n<\/tr>\n<tr style=\"height: 17.60pt;\">\n<td class=\"et2\" style=\"height: 17.60pt;\" height=\"17\">N.W.\/Cart\u00f3n<\/td>\n<td class=\"et2\">8,2 kg<\/td>\n<\/tr>\n<tr style=\"height: 17.60pt;\">\n<td class=\"et2\" style=\"height: 17.60pt;\" height=\"17\">Muestra<\/td>\n<td class=\"et2\">Disponible<\/td>\n<\/tr>\n<\/tbody>\n<\/table>","protected":false},"featured_media":1004,"comment_status":"open","ping_status":"closed","template":"","meta":{"_acf_changed":false},"product_brand":[],"product_cat":[21],"product_tag":[],"class_list":{"0":"post-999","1":"product","2":"type-product","3":"status-publish","4":"has-post-thumbnail","6":"product_cat-jelly-bean-wholesale","8":"first","9":"instock","10":"shipping-taxable","11":"product-type-simple"},"acf":[],"_links":{"self":[{"href":"https:\/\/www.lechaocandy.com\/es\/wp-json\/wp\/v2\/product\/999","targetHints":{"allow":["GET"]}}],"collection":[{"href":"https:\/\/www.lechaocandy.com\/es\/wp-json\/wp\/v2\/product"}],"about":[{"href":"https:\/\/www.lechaocandy.com\/es\/wp-json\/wp\/v2\/types\/product"}],"replies":[{"embeddable":true,"href":"https:\/\/www.lechaocandy.com\/es\/wp-json\/wp\/v2\/comments?post=999"}],"wp:featuredmedia":[{"embeddable":true,"href":"https:\/\/www.lechaocandy.com\/es\/wp-json\/wp\/v2\/media\/1004"}],"wp:attachment":[{"href":"https:\/\/www.lechaocandy.com\/es\/wp-json\/wp\/v2\/media?parent=999"}],"wp:term":[{"taxonomy":"product_brand","embeddable":true,"href":"https:\/\/www.lechaocandy.com\/es\/wp-json\/wp\/v2\/product_brand?post=999"},{"taxonomy":"product_cat","embeddable":true,"href":"https:\/\/www.lechaocandy.com\/es\/wp-json\/wp\/v2\/product_cat?post=999"},{"taxonomy":"product_tag","embeddable":true,"href":"https:\/\/www.lechaocandy.com\/es\/wp-json\/wp\/v2\/product_tag?post=999"}],"curies":[{"name":"wp","href":"https:\/\/api.w.org\/{rel}","templated":true}]}}