{"id":1005,"date":"2025-05-27T06:50:25","date_gmt":"2025-05-27T06:50:25","guid":{"rendered":"https:\/\/www.lechaocandy.com\/?post_type=product&#038;p=1005"},"modified":"2025-05-27T07:00:27","modified_gmt":"2025-05-27T07:00:27","slug":"bulk-gummy-candy-mix","status":"publish","type":"product","link":"https:\/\/www.lechaocandy.com\/fr\/produit\/bulk-gummy-candy-mix\/","title":{"rendered":"M\u00e9lange de bonbons g\u00e9lifi\u00e9s pelables en vrac, Fruity Gummies Wholesale"},"content":{"rendered":"<div class=\"wp-block-columns is-layout-flex wp-container-core-columns-is-layout-9d6595d7 wp-block-columns-is-layout-flex\"><div class=\"wp-block-column is-layout-flow wp-block-column-is-layout-flow\"><h2 class=\"wp-block-heading\">Points forts du produit M\u00e9lange de bonbons g\u00e9lifi\u00e9s en vrac pelables<\/h2>\n\n<ul class=\"wp-block-list\"><li><strong>Conception pelable, originale et int\u00e9ressante : <\/strong>Notre m\u00e9lange de bonbons g\u00e9lifi\u00e9s en vrac a une peau ext\u00e9rieure pelable, ce qui accro\u00eet le plaisir de manger des bonbons et est tr\u00e8s appr\u00e9ci\u00e9 des enfants et des jeunes consommateurs.<\/li>\n\n<li><strong>Ar\u00f4me fruit\u00e9 puissant, plus d'une combinaison d'ar\u00f4mes : <\/strong>Nos gommes fruit\u00e9es en gros ont un riche ar\u00f4me fruit\u00e9 et une exp\u00e9rience de mastication distincte.<\/li>\n\n<li><strong>Structure \u00e0 double couche, douce et moelleuse :<\/strong> Ce m\u00e9lange de bonbons g\u00e9lifi\u00e9s en vrac pr\u00e9sente une couche ext\u00e9rieure l\u00e9g\u00e8rement dure et une couche int\u00e9rieure douce et moelleuse, offrant une exp\u00e9rience de mastication diff\u00e9rente.<\/li>\n\n<li><strong>M\u00e9lange en gros, couleurs riches : <\/strong>Ces gommes fruit\u00e9es en gros sont m\u00e9lang\u00e9es dans une vari\u00e9t\u00e9 de couleurs et de saveurs, adapt\u00e9es \u00e0 la pr\u00e9sentation et \u00e0 la vente en vrac.<\/li>\n\n<li><strong>Convient \u00e0 de multiples sc\u00e9narios : <\/strong>Ce m\u00e9lange de bonbons g\u00e9lifi\u00e9s en vrac convient pour les go\u00fbters d'enfants, les activit\u00e9s festives, les paquets-cadeaux de vacances et les ventes en vrac dans les supermarch\u00e9s.<\/li><\/ul><\/div>\n\n<div class=\"wp-block-column is-layout-flow wp-block-column-is-layout-flow\"><figure class=\"wp-block-image size-full\"><img decoding=\"async\" width=\"800\" height=\"800\" src=\"https:\/\/www.lechaocandy.com\/wp-content\/uploads\/2025\/05\/Peelable-Bulk-Gummy-Candy-Mix-Fruity-Gummies-Wholesale-1.webp\" alt=\"M\u00e9lange de bonbons g\u00e9lifi\u00e9s pelables en vrac, Fruity Gummies Wholesale-1\" class=\"wp-image-1006\" srcset=\"https:\/\/www.lechaocandy.com\/wp-content\/uploads\/2025\/05\/Peelable-Bulk-Gummy-Candy-Mix-Fruity-Gummies-Wholesale-1.webp 800w, https:\/\/www.lechaocandy.com\/wp-content\/uploads\/2025\/05\/Peelable-Bulk-Gummy-Candy-Mix-Fruity-Gummies-Wholesale-1-300x300.webp 300w, https:\/\/www.lechaocandy.com\/wp-content\/uploads\/2025\/05\/Peelable-Bulk-Gummy-Candy-Mix-Fruity-Gummies-Wholesale-1-150x150.webp 150w, https:\/\/www.lechaocandy.com\/wp-content\/uploads\/2025\/05\/Peelable-Bulk-Gummy-Candy-Mix-Fruity-Gummies-Wholesale-1-768x768.webp 768w, https:\/\/www.lechaocandy.com\/wp-content\/uploads\/2025\/05\/Peelable-Bulk-Gummy-Candy-Mix-Fruity-Gummies-Wholesale-1-600x600.webp 600w, https:\/\/www.lechaocandy.com\/wp-content\/uploads\/2025\/05\/Peelable-Bulk-Gummy-Candy-Mix-Fruity-Gummies-Wholesale-1-100x100.webp 100w\" sizes=\"(max-width: 800px) 100vw, 800px\" \/><\/figure><\/div><\/div>","protected":false},"excerpt":{"rendered":"<p>Nous vous invitons \u00e0 acheter en gros des bonbons g\u00e9lifi\u00e9s fruit\u00e9s. LeChao's peelable bulk gummy candy mix adopte une structure unique \u00e0 double couche, avec un ar\u00f4me fruit\u00e9 riche et un go\u00fbt int\u00e9ressant. Il s'agit d'un bonbon cr\u00e9atif pour la vente en gros, adapt\u00e9 \u00e0 la vente au d\u00e9tail, aux bocaux \u00e0 bonbons et aux promotions de vacances.<\/p>\n<table style=\"border-collapse: collapse; width: 329.02pt;\" border=\"0\" width=\"329\" cellspacing=\"0\" cellpadding=\"0\">\n<tbody>\n<tr style=\"height: 17.60pt;\">\n<td class=\"et2\" style=\"height: 17.60pt; width: 110.80pt;\" width=\"110\" height=\"17\">Fabricant<\/td>\n<td class=\"et2\" style=\"width: 219.15pt;\" width=\"219\">LeChao Candy<\/td>\n<\/tr>\n<tr style=\"height: 18.00pt;\">\n<td class=\"et2\" style=\"height: 18.00pt;\" height=\"18\">Type de produit<\/td>\n<td class=\"et3\" style=\"width: 219.15pt;\" width=\"219\">Bonbons g\u00e9lifi\u00e9s pel\u00e9s<\/td>\n<\/tr>\n<tr style=\"height: 18.00pt;\">\n<td class=\"et2\" style=\"height: 18.00pt;\" height=\"18\">Le go\u00fbt<\/td>\n<td class=\"et3\" style=\"width: 219.15pt;\" width=\"219\">Pelable, doux et r\u00e9sistant<\/td>\n<\/tr>\n<tr style=\"height: 17.60pt;\">\n<td class=\"et2\" style=\"height: 17.60pt;\" height=\"17\">Sp\u00e9cifications<\/td>\n<td class=\"et2\">80g*10 sachets*6 bo\u00eetes<\/td>\n<\/tr>\n<tr style=\"height: 17.60pt;\">\n<td class=\"et2\" style=\"height: 17.60pt;\" height=\"17\">Taille du carton<\/td>\n<td class=\"et2\">38*19*35cm<\/td>\n<\/tr>\n<tr style=\"height: 17.60pt;\">\n<td class=\"et2\" style=\"height: 17.60pt;\" height=\"17\">N.W.\/Carton<\/td>\n<td class=\"et2\">7,0 kg<\/td>\n<\/tr>\n<tr style=\"height: 17.60pt;\">\n<td class=\"et2\" style=\"height: 17.60pt;\" height=\"17\">Prix<\/td>\n<td class=\"et2\">22.8USD<\/td>\n<\/tr>\n<tr style=\"height: 17.60pt;\">\n<td class=\"et2\" style=\"height: 17.60pt;\" height=\"17\">MOQ<\/td>\n<td class=\"et2\">500CTNS<\/td>\n<\/tr>\n<tr style=\"height: 17.60pt;\">\n<td class=\"et2\" style=\"height: 17.60pt;\" height=\"17\">\u00c9chantillon<\/td>\n<td class=\"et2\">Disponible<\/td>\n<\/tr>\n<\/tbody>\n<\/table>","protected":false},"featured_media":1007,"comment_status":"open","ping_status":"closed","template":"","meta":{"_acf_changed":false},"product_brand":[],"product_cat":[19,29],"product_tag":[],"class_list":{"0":"post-1005","1":"product","2":"type-product","3":"status-publish","4":"has-post-thumbnail","6":"product_cat-wholesale-gummy-manufacturer","7":"product_cat-peelable-gummy-candy-supplier","9":"first","10":"instock","11":"shipping-taxable","12":"product-type-simple"},"acf":[],"_links":{"self":[{"href":"https:\/\/www.lechaocandy.com\/fr\/wp-json\/wp\/v2\/product\/1005","targetHints":{"allow":["GET"]}}],"collection":[{"href":"https:\/\/www.lechaocandy.com\/fr\/wp-json\/wp\/v2\/product"}],"about":[{"href":"https:\/\/www.lechaocandy.com\/fr\/wp-json\/wp\/v2\/types\/product"}],"replies":[{"embeddable":true,"href":"https:\/\/www.lechaocandy.com\/fr\/wp-json\/wp\/v2\/comments?post=1005"}],"wp:featuredmedia":[{"embeddable":true,"href":"https:\/\/www.lechaocandy.com\/fr\/wp-json\/wp\/v2\/media\/1007"}],"wp:attachment":[{"href":"https:\/\/www.lechaocandy.com\/fr\/wp-json\/wp\/v2\/media?parent=1005"}],"wp:term":[{"taxonomy":"product_brand","embeddable":true,"href":"https:\/\/www.lechaocandy.com\/fr\/wp-json\/wp\/v2\/product_brand?post=1005"},{"taxonomy":"product_cat","embeddable":true,"href":"https:\/\/www.lechaocandy.com\/fr\/wp-json\/wp\/v2\/product_cat?post=1005"},{"taxonomy":"product_tag","embeddable":true,"href":"https:\/\/www.lechaocandy.com\/fr\/wp-json\/wp\/v2\/product_tag?post=1005"}],"curies":[{"name":"wp","href":"https:\/\/api.w.org\/{rel}","templated":true}]}}