{"id":1009,"date":"2025-05-27T07:00:53","date_gmt":"2025-05-27T07:00:53","guid":{"rendered":"https:\/\/www.lechaocandy.com\/?post_type=product&#038;p=1009"},"modified":"2025-05-27T07:34:04","modified_gmt":"2025-05-27T07:34:04","slug":"peach-gummies-bulk","status":"publish","type":"product","link":"https:\/\/www.lechaocandy.com\/fr\/produit\/peach-gummies-bulk\/","title":{"rendered":"LeChao Peelable Peach Gummies Bulk, Gummy Candy Wholesale"},"content":{"rendered":"<div class=\"wp-block-columns is-layout-flex wp-container-core-columns-is-layout-9d6595d7 wp-block-columns-is-layout-flex\"><div class=\"wp-block-column is-layout-flow wp-block-column-is-layout-flow\"><h2 class=\"wp-block-heading\">Product Highlights of Peelable Peach Gummies Bulk<\/h2>\n\n<ul class=\"wp-block-list\"><li><strong>Unique peelable design: <\/strong>The outer layer of our peach gummies bulk can be easily peeled off, which enhances the fun of eating and attracts young consumers and children.<\/li>\n\n<li><strong>Rich peach flavor: <\/strong>These wholesale peelable gummies are restored with real juice flavor, sweet and natural, melt in the mouth, and have endless aftertaste.<\/li>\n\n<li><strong>Double-layer taste, rich layers:<\/strong> These peach gummies bulk have a slightly tough outer layer and a soft and elastic inner layer, bringing a rich chewing experience.<\/li>\n\n<li><strong>Attractive color and cute shape: <\/strong>Our wholesale peelable gummies are matched with soft pink colors to enhance shelf appeal.<\/li>\n\n<li><strong>Large packaging wholesale, wide application: <\/strong>Our peach gummies bulk have bulk packaging suitable for supermarket bulk weighing, as well as exquisite candy jars, supporting holiday gift boxes and OEM customization.<\/li><\/ul><\/div>\n\n<div class=\"wp-block-column is-layout-flow wp-block-column-is-layout-flow\"><figure class=\"wp-block-image size-full\"><img decoding=\"async\" width=\"800\" height=\"800\" src=\"https:\/\/www.lechaocandy.com\/wp-content\/uploads\/2025\/05\/LeChao-Peelable-Peach-Gummies-Bulk-Gummy-Candy-Wholesale-1.webp\" alt=\"LeChao Peelable Peach Gummies Bulk, Gummy Candy Wholesale-1\" class=\"wp-image-1010\" srcset=\"https:\/\/www.lechaocandy.com\/wp-content\/uploads\/2025\/05\/LeChao-Peelable-Peach-Gummies-Bulk-Gummy-Candy-Wholesale-1.webp 800w, https:\/\/www.lechaocandy.com\/wp-content\/uploads\/2025\/05\/LeChao-Peelable-Peach-Gummies-Bulk-Gummy-Candy-Wholesale-1-300x300.webp 300w, https:\/\/www.lechaocandy.com\/wp-content\/uploads\/2025\/05\/LeChao-Peelable-Peach-Gummies-Bulk-Gummy-Candy-Wholesale-1-150x150.webp 150w, https:\/\/www.lechaocandy.com\/wp-content\/uploads\/2025\/05\/LeChao-Peelable-Peach-Gummies-Bulk-Gummy-Candy-Wholesale-1-768x768.webp 768w, https:\/\/www.lechaocandy.com\/wp-content\/uploads\/2025\/05\/LeChao-Peelable-Peach-Gummies-Bulk-Gummy-Candy-Wholesale-1-600x600.webp 600w, https:\/\/www.lechaocandy.com\/wp-content\/uploads\/2025\/05\/LeChao-Peelable-Peach-Gummies-Bulk-Gummy-Candy-Wholesale-1-100x100.webp 100w\" sizes=\"(max-width: 800px) 100vw, 800px\" \/><\/figure><\/div><\/div>","protected":false},"excerpt":{"rendered":"<p>Bienvenue pour acheter en gros des gommes \u00e0 m\u00e2cher pelables. Nos gommes \u00e0 peler en vrac ont une couche int\u00e9rieure juteuse, un riche ar\u00f4me de p\u00eache, un go\u00fbt nouveau et amusant, et sont des bonbons cr\u00e9atifs fruit\u00e9s tr\u00e8s vendus sur le march\u00e9 de gros.<\/p>\n<table style=\"border-collapse: collapse; width: 329.02pt;\" border=\"0\" width=\"329\" cellspacing=\"0\" cellpadding=\"0\">\n<tbody>\n<tr style=\"height: 17.60pt;\">\n<td class=\"et2\" style=\"height: 17.60pt; width: 110.80pt;\" width=\"110\" height=\"17\">Fabricant<\/td>\n<td class=\"et2\" style=\"width: 219.15pt;\" width=\"219\">LeChao Candy<\/td>\n<\/tr>\n<tr style=\"height: 18.00pt;\">\n<td class=\"et2\" style=\"height: 18.00pt;\" height=\"18\">Type de produit<\/td>\n<td class=\"et3\" style=\"width: 219.15pt;\" width=\"219\">Bonbons g\u00e9lifi\u00e9s \u00e0 la p\u00eache pel\u00e9e<\/td>\n<\/tr>\n<tr style=\"height: 18.00pt;\">\n<td class=\"et2\" style=\"height: 18.00pt;\" height=\"18\">Le go\u00fbt<\/td>\n<td class=\"et3\" style=\"width: 219.15pt;\" width=\"219\">Pelable, doux et r\u00e9sistant<\/td>\n<\/tr>\n<tr style=\"height: 17.60pt;\">\n<td class=\"et2\" style=\"height: 17.60pt;\" height=\"17\">Sp\u00e9cifications<\/td>\n<td class=\"et2\">80g*10 sachets*6 bo\u00eetes<\/td>\n<\/tr>\n<tr style=\"height: 17.60pt;\">\n<td class=\"et2\" style=\"height: 17.60pt;\" height=\"17\">Taille du carton<\/td>\n<td class=\"et2\">38*19*35cm<\/td>\n<\/tr>\n<tr style=\"height: 17.60pt;\">\n<td class=\"et2\" style=\"height: 17.60pt;\" height=\"17\">N.W.\/Carton<\/td>\n<td class=\"et2\">7,0 kg<\/td>\n<\/tr>\n<tr style=\"height: 17.60pt;\">\n<td class=\"et2\" style=\"height: 17.60pt;\" height=\"17\">Prix<\/td>\n<td class=\"et2\">22.8USD<\/td>\n<\/tr>\n<tr style=\"height: 17.60pt;\">\n<td class=\"et2\" style=\"height: 17.60pt;\" height=\"17\">MOQ<\/td>\n<td class=\"et2\">500CTNS<\/td>\n<\/tr>\n<tr style=\"height: 17.60pt;\">\n<td class=\"et2\" style=\"height: 17.60pt;\" height=\"17\">\u00c9chantillon<\/td>\n<td class=\"et2\">Disponible<\/td>\n<\/tr>\n<\/tbody>\n<\/table>","protected":false},"featured_media":1011,"comment_status":"open","ping_status":"closed","template":"","meta":{"_acf_changed":false},"product_brand":[],"product_cat":[19,29],"product_tag":[],"class_list":{"0":"post-1009","1":"product","2":"type-product","3":"status-publish","4":"has-post-thumbnail","6":"product_cat-wholesale-gummy-manufacturer","7":"product_cat-peelable-gummy-candy-supplier","9":"first","10":"instock","11":"shipping-taxable","12":"product-type-simple"},"acf":[],"_links":{"self":[{"href":"https:\/\/www.lechaocandy.com\/fr\/wp-json\/wp\/v2\/product\/1009","targetHints":{"allow":["GET"]}}],"collection":[{"href":"https:\/\/www.lechaocandy.com\/fr\/wp-json\/wp\/v2\/product"}],"about":[{"href":"https:\/\/www.lechaocandy.com\/fr\/wp-json\/wp\/v2\/types\/product"}],"replies":[{"embeddable":true,"href":"https:\/\/www.lechaocandy.com\/fr\/wp-json\/wp\/v2\/comments?post=1009"}],"wp:featuredmedia":[{"embeddable":true,"href":"https:\/\/www.lechaocandy.com\/fr\/wp-json\/wp\/v2\/media\/1011"}],"wp:attachment":[{"href":"https:\/\/www.lechaocandy.com\/fr\/wp-json\/wp\/v2\/media?parent=1009"}],"wp:term":[{"taxonomy":"product_brand","embeddable":true,"href":"https:\/\/www.lechaocandy.com\/fr\/wp-json\/wp\/v2\/product_brand?post=1009"},{"taxonomy":"product_cat","embeddable":true,"href":"https:\/\/www.lechaocandy.com\/fr\/wp-json\/wp\/v2\/product_cat?post=1009"},{"taxonomy":"product_tag","embeddable":true,"href":"https:\/\/www.lechaocandy.com\/fr\/wp-json\/wp\/v2\/product_tag?post=1009"}],"curies":[{"name":"wp","href":"https:\/\/api.w.org\/{rel}","templated":true}]}}