{"id":1012,"date":"2025-05-27T07:40:26","date_gmt":"2025-05-27T07:40:26","guid":{"rendered":"https:\/\/www.lechaocandy.com\/?post_type=product&#038;p=1012"},"modified":"2025-05-27T08:17:36","modified_gmt":"2025-05-27T08:17:36","slug":"jelly-candy-wholesale","status":"publish","type":"product","link":"https:\/\/www.lechaocandy.com\/fr\/produit\/jelly-candy-wholesale\/","title":{"rendered":"Bonbons \u00e0 la gel\u00e9e de raisin en gros, bonbons g\u00e9lifi\u00e9s en vrac"},"content":{"rendered":"<div class=\"wp-block-columns is-layout-flex wp-container-core-columns-is-layout-9d6595d7 wp-block-columns-is-layout-flex\"><div class=\"wp-block-column is-layout-flow wp-block-column-is-layout-flow\"><h2 class=\"wp-block-heading\">Produits phares des bonbons \u00e0 la gel\u00e9e de raisin en gros<\/h2>\n\n<ul class=\"wp-block-list\"><li><strong>Riche go\u00fbt de raisin Kyoho : <\/strong>Ce bonbon g\u00e9lifi\u00e9 en gros restitue l'ar\u00f4me et la douceur du v\u00e9ritable raisin Kyoho, avec un ar\u00f4me fruit\u00e9 complet et un arri\u00e8re-go\u00fbt rafra\u00eechissant.<\/li>\n\n<li><strong>Une couche de sucre pelable, pleine d'humour : <\/strong>Nos gommes \u00e0 peler en vrac au go\u00fbt de raisin sont dot\u00e9es d'une couche ext\u00e9rieure imitant une peau de fruit, qui peut \u00eatre pel\u00e9e et mang\u00e9e, ce qui renforce le sentiment d'interaction et d'amusement.<\/li>\n\n<li><strong>Texture double couche, douce et moelleuse : <\/strong>Ce bonbon g\u00e9lifi\u00e9 en gros a une peau ext\u00e9rieure dure, un noyau int\u00e9rieur doux et juteux, et une exp\u00e9rience de mastication \u00e0 plusieurs niveaux.<\/li>\n\n<li><strong>Forme de simulation, couleur attrayante : <\/strong>Ces gommes pelables en vrac ont des couleurs vives, qui renforcent l'attrait de la pr\u00e9sentation du produit.<\/li>\n\n<li><strong>Grand emballage en gros, largement applicable : <\/strong>Nos bonbons g\u00e9lifi\u00e9s en gros conviennent au pesage en vrac dans les supermarch\u00e9s, \u00e0 la mise en conserve des bonbons, \u00e0 l'emballage des cadeaux et aux commandes OEM, avec un co\u00fbt \u00e9lev\u00e9.<\/li><\/ul><\/div>\n\n<div class=\"wp-block-column is-layout-flow wp-block-column-is-layout-flow\"><figure class=\"wp-block-image size-full\"><img decoding=\"async\" width=\"800\" height=\"800\" src=\"https:\/\/www.lechaocandy.com\/wp-content\/uploads\/2025\/05\/Grape-Peeling-Jelly-Candy-Wholesale-Soft-Gummy-Candies-Bulk-1.webp\" alt=\"Bonbons \u00e0 la gel\u00e9e de raisin en gros, Bonbons g\u00e9lifi\u00e9s mous en vrac-1\" class=\"wp-image-1013\" srcset=\"https:\/\/www.lechaocandy.com\/wp-content\/uploads\/2025\/05\/Grape-Peeling-Jelly-Candy-Wholesale-Soft-Gummy-Candies-Bulk-1.webp 800w, https:\/\/www.lechaocandy.com\/wp-content\/uploads\/2025\/05\/Grape-Peeling-Jelly-Candy-Wholesale-Soft-Gummy-Candies-Bulk-1-300x300.webp 300w, https:\/\/www.lechaocandy.com\/wp-content\/uploads\/2025\/05\/Grape-Peeling-Jelly-Candy-Wholesale-Soft-Gummy-Candies-Bulk-1-150x150.webp 150w, https:\/\/www.lechaocandy.com\/wp-content\/uploads\/2025\/05\/Grape-Peeling-Jelly-Candy-Wholesale-Soft-Gummy-Candies-Bulk-1-768x768.webp 768w, https:\/\/www.lechaocandy.com\/wp-content\/uploads\/2025\/05\/Grape-Peeling-Jelly-Candy-Wholesale-Soft-Gummy-Candies-Bulk-1-600x600.webp 600w, https:\/\/www.lechaocandy.com\/wp-content\/uploads\/2025\/05\/Grape-Peeling-Jelly-Candy-Wholesale-Soft-Gummy-Candies-Bulk-1-100x100.webp 100w\" sizes=\"(max-width: 800px) 100vw, 800px\" \/><\/figure><\/div><\/div>","protected":false},"excerpt":{"rendered":"<p>Bienvenue \u00e0 l'achat de gommes \u00e0 m\u00e2cher pelables en vrac. Ce bonbon g\u00e9lifi\u00e9 en gros LeChao au go\u00fbt de raisin pr\u00e9sente un motif de pelure de fruit simul\u00e9. Il d\u00e9gage un riche ar\u00f4me de raisin Kyoho d\u00e8s qu'il p\u00e9n\u00e8tre dans la bouche. Il est sucr\u00e9 et non gras, et est tr\u00e8s appr\u00e9ci\u00e9 des enfants et des amateurs de fruits.<\/p>\n<table style=\"border-collapse: collapse; width: 329.02pt;\" border=\"0\" width=\"329\" cellspacing=\"0\" cellpadding=\"0\">\n<tbody>\n<tr style=\"height: 17.60pt;\">\n<td class=\"et2\" style=\"height: 17.60pt; width: 110.80pt;\" width=\"110\" height=\"17\">Fabricant<\/td>\n<td class=\"et2\" style=\"width: 219.15pt;\" width=\"219\">LeChao Candy<\/td>\n<\/tr>\n<tr style=\"height: 18.00pt;\">\n<td class=\"et2\" style=\"height: 18.00pt;\" height=\"18\">Type de produit<\/td>\n<td class=\"et3\" style=\"width: 219.15pt;\" width=\"219\">Bonbons g\u00e9lifi\u00e9s au raisin pel\u00e9<\/td>\n<\/tr>\n<tr style=\"height: 18.00pt;\">\n<td class=\"et2\" style=\"height: 18.00pt;\" height=\"18\">Le go\u00fbt<\/td>\n<td class=\"et3\" style=\"width: 219.15pt;\" width=\"219\">Pelable, doux et r\u00e9sistant<\/td>\n<\/tr>\n<tr style=\"height: 17.60pt;\">\n<td class=\"et2\" style=\"height: 17.60pt;\" height=\"17\">Sp\u00e9cifications<\/td>\n<td class=\"et2\">80g*10 sachets*6 bo\u00eetes<\/td>\n<\/tr>\n<tr style=\"height: 17.60pt;\">\n<td class=\"et2\" style=\"height: 17.60pt;\" height=\"17\">Taille du carton<\/td>\n<td class=\"et2\">38*19*35cm<\/td>\n<\/tr>\n<tr style=\"height: 17.60pt;\">\n<td class=\"et2\" style=\"height: 17.60pt;\" height=\"17\">N.W.\/Carton<\/td>\n<td class=\"et2\">7,0 kg<\/td>\n<\/tr>\n<tr style=\"height: 17.60pt;\">\n<td class=\"et2\" style=\"height: 17.60pt;\" height=\"17\">Prix<\/td>\n<td class=\"et2\">22.8USD<\/td>\n<\/tr>\n<tr style=\"height: 17.60pt;\">\n<td class=\"et2\" style=\"height: 17.60pt;\" height=\"17\">MOQ<\/td>\n<td class=\"et2\">500CTNS<\/td>\n<\/tr>\n<tr style=\"height: 17.60pt;\">\n<td class=\"et2\" style=\"height: 17.60pt;\" height=\"17\">\u00c9chantillon<\/td>\n<td class=\"et2\">Disponible<\/td>\n<\/tr>\n<\/tbody>\n<\/table>","protected":false},"featured_media":1014,"comment_status":"open","ping_status":"closed","template":"","meta":{"_acf_changed":false},"product_brand":[],"product_cat":[19,29],"product_tag":[],"class_list":{"0":"post-1012","1":"product","2":"type-product","3":"status-publish","4":"has-post-thumbnail","6":"product_cat-wholesale-gummy-manufacturer","7":"product_cat-peelable-gummy-candy-supplier","9":"first","10":"instock","11":"shipping-taxable","12":"product-type-simple"},"acf":[],"_links":{"self":[{"href":"https:\/\/www.lechaocandy.com\/fr\/wp-json\/wp\/v2\/product\/1012","targetHints":{"allow":["GET"]}}],"collection":[{"href":"https:\/\/www.lechaocandy.com\/fr\/wp-json\/wp\/v2\/product"}],"about":[{"href":"https:\/\/www.lechaocandy.com\/fr\/wp-json\/wp\/v2\/types\/product"}],"replies":[{"embeddable":true,"href":"https:\/\/www.lechaocandy.com\/fr\/wp-json\/wp\/v2\/comments?post=1012"}],"wp:featuredmedia":[{"embeddable":true,"href":"https:\/\/www.lechaocandy.com\/fr\/wp-json\/wp\/v2\/media\/1014"}],"wp:attachment":[{"href":"https:\/\/www.lechaocandy.com\/fr\/wp-json\/wp\/v2\/media?parent=1012"}],"wp:term":[{"taxonomy":"product_brand","embeddable":true,"href":"https:\/\/www.lechaocandy.com\/fr\/wp-json\/wp\/v2\/product_brand?post=1012"},{"taxonomy":"product_cat","embeddable":true,"href":"https:\/\/www.lechaocandy.com\/fr\/wp-json\/wp\/v2\/product_cat?post=1012"},{"taxonomy":"product_tag","embeddable":true,"href":"https:\/\/www.lechaocandy.com\/fr\/wp-json\/wp\/v2\/product_tag?post=1012"}],"curies":[{"name":"wp","href":"https:\/\/api.w.org\/{rel}","templated":true}]}}