{"id":1015,"date":"2025-05-27T07:49:15","date_gmt":"2025-05-27T07:49:15","guid":{"rendered":"https:\/\/www.lechaocandy.com\/?post_type=product&#038;p=1015"},"modified":"2025-05-27T08:17:44","modified_gmt":"2025-05-27T08:17:44","slug":"jelly-candy-bulk","status":"publish","type":"product","link":"https:\/\/www.lechaocandy.com\/fr\/produit\/jelly-candy-bulk\/","title":{"rendered":"Bonbons en gel\u00e9e \u00e0 l'orange en vrac, bonbons mous en gros"},"content":{"rendered":"<div class=\"wp-block-columns is-layout-flex wp-container-core-columns-is-layout-9d6595d7 wp-block-columns-is-layout-flex\"><div class=\"wp-block-column is-layout-flow wp-block-column-is-layout-flow\"><h2 class=\"wp-block-heading\">Points forts du produit Bonbons \u00e0 la gel\u00e9e d'orange en vrac<\/h2>\n\n<ul class=\"wp-block-list\"><li><strong>Design pelable, tr\u00e8s amusant : <\/strong>La coquille imitant l'\u00e9corce de ce bonbon g\u00e9lifi\u00e9 en vrac peut \u00eatre facilement d\u00e9coll\u00e9e, ce qui renforce le sentiment d'interaction et est tr\u00e8s appr\u00e9ci\u00e9 des enfants et des jeunes consommateurs.<\/li>\n\n<li><strong>Parfum frais et naturel d'orange : <\/strong>Ces bonbons mous en gros utilisent des formulations d'ar\u00f4mes d'orange de premier ordre, avec un ar\u00f4me pro\u00e9minent, sucr\u00e9 mais pas huileux, excitant les palais.<\/li>\n\n<li><strong>Doux et moelleux, double go\u00fbt : <\/strong>L'ext\u00e9rieur de cette masse de bonbons g\u00e9lifi\u00e9s est pelable, tandis que l'int\u00e9rieur est lisse et moelleux, avec une riche sensation de mastication.<\/li>\n\n<li><strong>Soutenir la personnalisation de l'emballage pour r\u00e9pondre \u00e0 une vari\u00e9t\u00e9 de besoins commerciaux : <\/strong>Nos bonbons mous en gros peuvent \u00eatre personnalis\u00e9s avec un emballage de marque selon les sp\u00e9cifications du client, convenant \u00e0 une vari\u00e9t\u00e9 de contextes de vente tels que les supermarch\u00e9s, les sites de vente en ligne et les bo\u00eetes de cadeaux festifs.<\/li>\n\n<li><strong>Livraison rapide et approvisionnement stable :<\/strong> LeChao dispose d'un syst\u00e8me de production mature et d'une gestion des stocks qui lui permettent d'assurer l'exp\u00e9dition rapide des commandes en gros de bonbons g\u00e9lifi\u00e9s, ainsi qu'une livraison fiable dans les d\u00e9lais impartis.<\/li><\/ul><\/div>\n\n<div class=\"wp-block-column is-layout-flow wp-block-column-is-layout-flow\"><figure class=\"wp-block-image size-full\"><img decoding=\"async\" width=\"800\" height=\"800\" src=\"https:\/\/www.lechaocandy.com\/wp-content\/uploads\/2025\/05\/Orange-Flavor-Peeling-Jelly-Candy-Bulk-Soft-Candy-Wholesale-1.webp\" alt=\"Bonbons en gel\u00e9e \u00e0 l&#039;orange en vrac, bonbons mous en gros-1\" class=\"wp-image-1016\" srcset=\"https:\/\/www.lechaocandy.com\/wp-content\/uploads\/2025\/05\/Orange-Flavor-Peeling-Jelly-Candy-Bulk-Soft-Candy-Wholesale-1.webp 800w, https:\/\/www.lechaocandy.com\/wp-content\/uploads\/2025\/05\/Orange-Flavor-Peeling-Jelly-Candy-Bulk-Soft-Candy-Wholesale-1-300x300.webp 300w, https:\/\/www.lechaocandy.com\/wp-content\/uploads\/2025\/05\/Orange-Flavor-Peeling-Jelly-Candy-Bulk-Soft-Candy-Wholesale-1-150x150.webp 150w, https:\/\/www.lechaocandy.com\/wp-content\/uploads\/2025\/05\/Orange-Flavor-Peeling-Jelly-Candy-Bulk-Soft-Candy-Wholesale-1-768x768.webp 768w, https:\/\/www.lechaocandy.com\/wp-content\/uploads\/2025\/05\/Orange-Flavor-Peeling-Jelly-Candy-Bulk-Soft-Candy-Wholesale-1-600x600.webp 600w, https:\/\/www.lechaocandy.com\/wp-content\/uploads\/2025\/05\/Orange-Flavor-Peeling-Jelly-Candy-Bulk-Soft-Candy-Wholesale-1-100x100.webp 100w\" sizes=\"(max-width: 800px) 100vw, 800px\" \/><\/figure><\/div><\/div>","protected":false},"excerpt":{"rendered":"<p>Nous vous invitons \u00e0 acheter des bonbons mous en gros. LeChao, bonbon g\u00e9lifi\u00e9 pelable en vrac au go\u00fbt d'orange, est dot\u00e9 d'une imitation de peau qui se d\u00e9tache facilement, ce qui rend le processus de consommation amusant. Il est possible de personnaliser l'emballage et il convient \u00e0 la vente au d\u00e9tail, \u00e0 la vente en vrac et aux festivals, ce qui en fait un choix id\u00e9al pour les achats en gros.<\/p>\n<table style=\"border-collapse: collapse; width: 329.02pt;\" border=\"0\" width=\"329\" cellspacing=\"0\" cellpadding=\"0\">\n<tbody>\n<tr style=\"height: 17.60pt;\">\n<td class=\"et2\" style=\"height: 17.60pt; width: 110.80pt;\" width=\"110\" height=\"17\">Fabricant<\/td>\n<td class=\"et2\" style=\"width: 219.15pt;\" width=\"219\">LeChao Candy<\/td>\n<\/tr>\n<tr style=\"height: 18.00pt;\">\n<td class=\"et2\" style=\"height: 18.00pt;\" height=\"18\">Type de produit<\/td>\n<td class=\"et3\" style=\"width: 219.15pt;\" width=\"219\">Bonbons g\u00e9lifi\u00e9s \u00e0 l'orange pel\u00e9e<\/td>\n<\/tr>\n<tr style=\"height: 18.00pt;\">\n<td class=\"et2\" style=\"height: 18.00pt;\" height=\"18\">Le go\u00fbt<\/td>\n<td class=\"et3\" style=\"width: 219.15pt;\" width=\"219\">Pelable, doux et r\u00e9sistant<\/td>\n<\/tr>\n<tr style=\"height: 17.60pt;\">\n<td class=\"et2\" style=\"height: 17.60pt;\" height=\"17\">Sp\u00e9cifications<\/td>\n<td class=\"et2\">80g*10 sachets*6 bo\u00eetes<\/td>\n<\/tr>\n<tr style=\"height: 17.60pt;\">\n<td class=\"et2\" style=\"height: 17.60pt;\" height=\"17\">Taille du carton<\/td>\n<td class=\"et2\">38*19*35cm<\/td>\n<\/tr>\n<tr style=\"height: 17.60pt;\">\n<td class=\"et2\" style=\"height: 17.60pt;\" height=\"17\">N.W.\/Carton<\/td>\n<td class=\"et2\">7,0 kg<\/td>\n<\/tr>\n<tr style=\"height: 17.60pt;\">\n<td class=\"et2\" style=\"height: 17.60pt;\" height=\"17\">Prix<\/td>\n<td class=\"et2\">22.8USD<\/td>\n<\/tr>\n<tr style=\"height: 17.60pt;\">\n<td class=\"et2\" style=\"height: 17.60pt;\" height=\"17\">MOQ<\/td>\n<td class=\"et2\">500CTNS<\/td>\n<\/tr>\n<tr style=\"height: 17.60pt;\">\n<td class=\"et2\" style=\"height: 17.60pt;\" height=\"17\">\u00c9chantillon<\/td>\n<td class=\"et2\">Disponible<\/td>\n<\/tr>\n<\/tbody>\n<\/table>","protected":false},"featured_media":1017,"comment_status":"open","ping_status":"closed","template":"","meta":{"_acf_changed":false},"product_brand":[],"product_cat":[19,29],"product_tag":[],"class_list":{"0":"post-1015","1":"product","2":"type-product","3":"status-publish","4":"has-post-thumbnail","6":"product_cat-wholesale-gummy-manufacturer","7":"product_cat-peelable-gummy-candy-supplier","9":"first","10":"instock","11":"shipping-taxable","12":"product-type-simple"},"acf":[],"_links":{"self":[{"href":"https:\/\/www.lechaocandy.com\/fr\/wp-json\/wp\/v2\/product\/1015","targetHints":{"allow":["GET"]}}],"collection":[{"href":"https:\/\/www.lechaocandy.com\/fr\/wp-json\/wp\/v2\/product"}],"about":[{"href":"https:\/\/www.lechaocandy.com\/fr\/wp-json\/wp\/v2\/types\/product"}],"replies":[{"embeddable":true,"href":"https:\/\/www.lechaocandy.com\/fr\/wp-json\/wp\/v2\/comments?post=1015"}],"wp:featuredmedia":[{"embeddable":true,"href":"https:\/\/www.lechaocandy.com\/fr\/wp-json\/wp\/v2\/media\/1017"}],"wp:attachment":[{"href":"https:\/\/www.lechaocandy.com\/fr\/wp-json\/wp\/v2\/media?parent=1015"}],"wp:term":[{"taxonomy":"product_brand","embeddable":true,"href":"https:\/\/www.lechaocandy.com\/fr\/wp-json\/wp\/v2\/product_brand?post=1015"},{"taxonomy":"product_cat","embeddable":true,"href":"https:\/\/www.lechaocandy.com\/fr\/wp-json\/wp\/v2\/product_cat?post=1015"},{"taxonomy":"product_tag","embeddable":true,"href":"https:\/\/www.lechaocandy.com\/fr\/wp-json\/wp\/v2\/product_tag?post=1015"}],"curies":[{"name":"wp","href":"https:\/\/api.w.org\/{rel}","templated":true}]}}