{"id":1018,"date":"2025-05-27T08:03:37","date_gmt":"2025-05-27T08:03:37","guid":{"rendered":"https:\/\/www.lechaocandy.com\/?post_type=product&#038;p=1018"},"modified":"2025-05-27T08:16:58","modified_gmt":"2025-05-27T08:16:58","slug":"bulk-soft-candy","status":"publish","type":"product","link":"https:\/\/www.lechaocandy.com\/fr\/produit\/bulk-soft-candy\/","title":{"rendered":"Green Grape Bulk Soft Candy, Peeling Gummy Candies Wholesale"},"content":{"rendered":"<div class=\"wp-block-columns is-layout-flex wp-container-core-columns-is-layout-9d6595d7 wp-block-columns-is-layout-flex\"><div class=\"wp-block-column is-layout-flow wp-block-column-is-layout-flow\"><h2 class=\"wp-block-heading\">Points forts du produit Green Grape Bulk Soft Candy (bonbons mous en vrac au raisin vert)<\/h2>\n\n<ul class=\"wp-block-list\"><li><strong>Go\u00fbt de raisin vert frais : <\/strong>Nos bonbons mous en vrac au raisin vert ont un ar\u00f4me fruit\u00e9 naturel et frais et un go\u00fbt sucr\u00e9 mod\u00e9r\u00e9. Ils sont tr\u00e8s appr\u00e9ci\u00e9s des consommateurs de tous horizons.<\/li>\n\n<li><strong>Enveloppe de sucre pelable, amusante \u00e0 manger : <\/strong>Nos bonbons g\u00e9lifi\u00e9s \u00e0 peler en gros ont un go\u00fbt unique et d\u00e9licieux, et le design innovant des bonbons g\u00e9lifi\u00e9s attire facilement l'attention des consommateurs dans les rayons.<\/li>\n\n<li><strong>Structure \u00e0 double couche, go\u00fbt riche : <\/strong>Ces bonbons mous en vrac au raisin vert ont un go\u00fbt frais et d\u00e9licieux, et le design innovant des bonbons g\u00e9lifi\u00e9s peut attirer l'attention des consommateurs d\u00e8s le premier coup d'\u0153il dans les rayons.<\/li>\n\n<li><strong>Soutenir l'emballage personnalis\u00e9 pour r\u00e9pondre aux ventes multicanal :<\/strong> Nos bonbons g\u00e9lifi\u00e9s peuvent \u00eatre personnalis\u00e9s sur demande. L'emballage de marque convient aux supermarch\u00e9s, au commerce \u00e9lectronique, aux bo\u00eetes-cadeaux pour les f\u00eates et aux commandes OEM.<\/li>\n\n<li><strong>Approvisionnement en vrac, livraison rapide :<\/strong> LeChao dispose d'un syst\u00e8me de production et de logistique mature qui permet l'exp\u00e9dition rapide de commandes de gros volumes et garantit un approvisionnement stable de nos bonbons mous en vrac au raisin vert.<\/li><\/ul><\/div>\n\n<div class=\"wp-block-column is-layout-flow wp-block-column-is-layout-flow\"><figure class=\"wp-block-image size-full\"><img decoding=\"async\" width=\"800\" height=\"800\" src=\"https:\/\/www.lechaocandy.com\/wp-content\/uploads\/2025\/05\/Green-Grape-Bulk-Soft-Candy-Peeling-Gummy-Candies-Wholesale-2.webp\" alt=\"Raisin vert Bonbons mous en vrac, Bonbons g\u00e9lifi\u00e9s pelables Wholesale-2\" class=\"wp-image-1020\" srcset=\"https:\/\/www.lechaocandy.com\/wp-content\/uploads\/2025\/05\/Green-Grape-Bulk-Soft-Candy-Peeling-Gummy-Candies-Wholesale-2.webp 800w, https:\/\/www.lechaocandy.com\/wp-content\/uploads\/2025\/05\/Green-Grape-Bulk-Soft-Candy-Peeling-Gummy-Candies-Wholesale-2-300x300.webp 300w, https:\/\/www.lechaocandy.com\/wp-content\/uploads\/2025\/05\/Green-Grape-Bulk-Soft-Candy-Peeling-Gummy-Candies-Wholesale-2-150x150.webp 150w, https:\/\/www.lechaocandy.com\/wp-content\/uploads\/2025\/05\/Green-Grape-Bulk-Soft-Candy-Peeling-Gummy-Candies-Wholesale-2-768x768.webp 768w, https:\/\/www.lechaocandy.com\/wp-content\/uploads\/2025\/05\/Green-Grape-Bulk-Soft-Candy-Peeling-Gummy-Candies-Wholesale-2-600x600.webp 600w, https:\/\/www.lechaocandy.com\/wp-content\/uploads\/2025\/05\/Green-Grape-Bulk-Soft-Candy-Peeling-Gummy-Candies-Wholesale-2-100x100.webp 100w\" sizes=\"(max-width: 800px) 100vw, 800px\" \/><\/figure><\/div><\/div>","protected":false},"excerpt":{"rendered":"<p>Bienvenue \u00e0 l'achat en gros de bonbons g\u00e9lifi\u00e9s au raisin vert. LeChao's green grape bulk soft candy a le go\u00fbt de vrais raisins, avec un ar\u00f4me frais et fruit\u00e9. Couleur naturelle, go\u00fbt riche, personnalisation de l'emballage et livraison rapide.<\/p>\n<table style=\"border-collapse: collapse; width: 329.02pt;\" border=\"0\" width=\"329\" cellspacing=\"0\" cellpadding=\"0\">\n<tbody>\n<tr style=\"height: 17.60pt;\">\n<td class=\"et2\" style=\"height: 17.60pt; width: 110.80pt;\" width=\"110\" height=\"17\">Fabricant<\/td>\n<td class=\"et2\" style=\"width: 219.15pt;\" width=\"219\">LeChao Candy<\/td>\n<\/tr>\n<tr style=\"height: 18.00pt;\">\n<td class=\"et2\" style=\"height: 18.00pt;\" height=\"18\">Type de produit<\/td>\n<td class=\"et3\" style=\"width: 219.15pt;\" width=\"219\">Bonbons g\u00e9lifi\u00e9s au raisin vert pel\u00e9<\/td>\n<\/tr>\n<tr style=\"height: 18.00pt;\">\n<td class=\"et2\" style=\"height: 18.00pt;\" height=\"18\">Le go\u00fbt<\/td>\n<td class=\"et3\" style=\"width: 219.15pt;\" width=\"219\">Pelable, doux et r\u00e9sistant<\/td>\n<\/tr>\n<tr style=\"height: 17.60pt;\">\n<td class=\"et2\" style=\"height: 17.60pt;\" height=\"17\">Sp\u00e9cifications<\/td>\n<td class=\"et2\">80g*10 sachets*6 bo\u00eetes<\/td>\n<\/tr>\n<tr style=\"height: 17.60pt;\">\n<td class=\"et2\" style=\"height: 17.60pt;\" height=\"17\">Taille du carton<\/td>\n<td class=\"et2\">38*19*35cm<\/td>\n<\/tr>\n<tr style=\"height: 17.60pt;\">\n<td class=\"et2\" style=\"height: 17.60pt;\" height=\"17\">N.W.\/Carton<\/td>\n<td class=\"et2\">7,0 kg<\/td>\n<\/tr>\n<tr style=\"height: 17.60pt;\">\n<td class=\"et2\" style=\"height: 17.60pt;\" height=\"17\">Prix<\/td>\n<td class=\"et2\">22.8USD<\/td>\n<\/tr>\n<tr style=\"height: 17.60pt;\">\n<td class=\"et2\" style=\"height: 17.60pt;\" height=\"17\">MOQ<\/td>\n<td class=\"et2\">500CTNS<\/td>\n<\/tr>\n<tr style=\"height: 17.60pt;\">\n<td class=\"et2\" style=\"height: 17.60pt;\" height=\"17\">\u00c9chantillon<\/td>\n<td class=\"et2\">Disponible<\/td>\n<\/tr>\n<\/tbody>\n<\/table>","protected":false},"featured_media":1019,"comment_status":"open","ping_status":"closed","template":"","meta":{"_acf_changed":false},"product_brand":[],"product_cat":[19,29],"product_tag":[],"class_list":{"0":"post-1018","1":"product","2":"type-product","3":"status-publish","4":"has-post-thumbnail","6":"product_cat-wholesale-gummy-manufacturer","7":"product_cat-peelable-gummy-candy-supplier","9":"first","10":"instock","11":"shipping-taxable","12":"product-type-simple"},"acf":[],"_links":{"self":[{"href":"https:\/\/www.lechaocandy.com\/fr\/wp-json\/wp\/v2\/product\/1018","targetHints":{"allow":["GET"]}}],"collection":[{"href":"https:\/\/www.lechaocandy.com\/fr\/wp-json\/wp\/v2\/product"}],"about":[{"href":"https:\/\/www.lechaocandy.com\/fr\/wp-json\/wp\/v2\/types\/product"}],"replies":[{"embeddable":true,"href":"https:\/\/www.lechaocandy.com\/fr\/wp-json\/wp\/v2\/comments?post=1018"}],"wp:featuredmedia":[{"embeddable":true,"href":"https:\/\/www.lechaocandy.com\/fr\/wp-json\/wp\/v2\/media\/1019"}],"wp:attachment":[{"href":"https:\/\/www.lechaocandy.com\/fr\/wp-json\/wp\/v2\/media?parent=1018"}],"wp:term":[{"taxonomy":"product_brand","embeddable":true,"href":"https:\/\/www.lechaocandy.com\/fr\/wp-json\/wp\/v2\/product_brand?post=1018"},{"taxonomy":"product_cat","embeddable":true,"href":"https:\/\/www.lechaocandy.com\/fr\/wp-json\/wp\/v2\/product_cat?post=1018"},{"taxonomy":"product_tag","embeddable":true,"href":"https:\/\/www.lechaocandy.com\/fr\/wp-json\/wp\/v2\/product_tag?post=1018"}],"curies":[{"name":"wp","href":"https:\/\/api.w.org\/{rel}","templated":true}]}}