{"id":1027,"date":"2025-05-27T08:32:03","date_gmt":"2025-05-27T08:32:03","guid":{"rendered":"https:\/\/www.lechaocandy.com\/?post_type=product&#038;p=1027"},"modified":"2025-10-09T06:16:27","modified_gmt":"2025-10-09T06:16:27","slug":"watermelon-gummies-bulk","status":"publish","type":"product","link":"https:\/\/www.lechaocandy.com\/fr\/produit\/watermelon-gummies-bulk\/","title":{"rendered":"Sour Watermelon Gummies Bulk, Jelly Candy Wholesale Supply"},"content":{"rendered":"<div class=\"wp-block-columns is-layout-flex wp-container-core-columns-is-layout-9d6595d7 wp-block-columns-is-layout-flex\"><div class=\"wp-block-column is-layout-flow wp-block-column-is-layout-flow\"><h2 class=\"wp-block-heading\">Points forts des gommes \u00e0 la past\u00e8que en vrac<\/h2>\n\n<ul class=\"wp-block-list\"><li><strong>Saveur classique de past\u00e8que, sucr\u00e9e et acidul\u00e9e : <\/strong>Nos gommes \u00e0 la past\u00e8que en vrac combinent l'ar\u00f4me fruit\u00e9 de la past\u00e8que avec un l\u00e9ger go\u00fbt aigre-doux, rafra\u00eechissant, qui \u00e9veille les papilles gustatives.<\/li>\n\n<li><strong>Sucr\u00e9, go\u00fbt riche : <\/strong>ce bonbon g\u00e9lifi\u00e9 aux fruits en gros a un go\u00fbt croustillant avec un c\u0153ur doux et moelleux, formant un excellent contraste.<\/li>\n\n<li><strong>Le rouge et le vert ont une forme r\u00e9aliste, ce qui renforce l'attrait de l'exposition :<\/strong> Ces gommes \u00e0 la past\u00e8que en vrac sont de couleur vive, ce qui renforce la reconnaissance et l'attrait du produit dans les rayons.<\/li>\n\n<li><strong>Soutenir l'emballage personnalis\u00e9 pour r\u00e9pondre \u00e0 des besoins de vente diversifi\u00e9s :<\/strong> Notre grossiste en bonbons aux fruits prend en charge les services OEM\/ODM et est flexible, adapt\u00e9 aux march\u00e9s du vrac, du commerce \u00e9lectronique, de la vente au d\u00e9tail et des cadeaux.<\/li>\n\n<li><strong>Capacit\u00e9 de production stable et livraison rapide : <\/strong>Nos gommes \u00e0 la past\u00e8que en vrac sont directement fournies par l'usine de Lechao, ce qui permet d'exp\u00e9dier rapidement les commandes de gros volumes et de garantir l'efficacit\u00e9 de l'approvisionnement.<\/li><\/ul><\/div>\n\n<div class=\"wp-block-column is-layout-flow wp-block-column-is-layout-flow\"><figure class=\"wp-block-image size-full\"><img decoding=\"async\" width=\"800\" height=\"800\" src=\"https:\/\/www.lechaocandy.com\/wp-content\/uploads\/2025\/05\/Sugar-Coated-Watermelon-Gummies-Bulk-Jelly-Candy-Wholesale-4.webp\" alt=\"Gommes de past\u00e8que enrob\u00e9es de sucre en vrac, bonbons \u00e0 la gel\u00e9e en gros-4\" class=\"wp-image-1031\" srcset=\"https:\/\/www.lechaocandy.com\/wp-content\/uploads\/2025\/05\/Sugar-Coated-Watermelon-Gummies-Bulk-Jelly-Candy-Wholesale-4.webp 800w, https:\/\/www.lechaocandy.com\/wp-content\/uploads\/2025\/05\/Sugar-Coated-Watermelon-Gummies-Bulk-Jelly-Candy-Wholesale-4-300x300.webp 300w, https:\/\/www.lechaocandy.com\/wp-content\/uploads\/2025\/05\/Sugar-Coated-Watermelon-Gummies-Bulk-Jelly-Candy-Wholesale-4-150x150.webp 150w, https:\/\/www.lechaocandy.com\/wp-content\/uploads\/2025\/05\/Sugar-Coated-Watermelon-Gummies-Bulk-Jelly-Candy-Wholesale-4-768x768.webp 768w, https:\/\/www.lechaocandy.com\/wp-content\/uploads\/2025\/05\/Sugar-Coated-Watermelon-Gummies-Bulk-Jelly-Candy-Wholesale-4-600x600.webp 600w, https:\/\/www.lechaocandy.com\/wp-content\/uploads\/2025\/05\/Sugar-Coated-Watermelon-Gummies-Bulk-Jelly-Candy-Wholesale-4-100x100.webp 100w\" sizes=\"(max-width: 800px) 100vw, 800px\" \/><\/figure><\/div><\/div>","protected":false},"excerpt":{"rendered":"<p>Bienvenue sur le site de LeChao pour acheter en gros des bonbons \u00e0 la gel\u00e9e de fruits. Les gommes \u00e0 la past\u00e8que en vrac de LeChao sont enrob\u00e9es de fines particules de sucre, avec un go\u00fbt croustillant et moelleux, et la saveur aigre et sucr\u00e9e rafra\u00eechissante de la past\u00e8que est inoubliable.<\/p>\n<table style=\"border-collapse: collapse; width: 329.02pt;\" border=\"0\" width=\"329\" cellspacing=\"0\" cellpadding=\"0\">\n<tbody>\n<tr style=\"height: 17.60pt;\">\n<td class=\"et2\" style=\"height: 17.60pt; width: 110.80pt;\" width=\"110\" height=\"17\">Fabricant<\/td>\n<td class=\"et2\" style=\"width: 219.15pt;\" width=\"219\">LeChao Candy<\/td>\n<\/tr>\n<tr style=\"height: 18.00pt;\">\n<td class=\"et2\" style=\"height: 18.00pt;\" height=\"18\">Type de produit<\/td>\n<td class=\"et3\" style=\"width: 219.15pt;\" width=\"219\">Bonbons gommeux \u00e0 la past\u00e8que<\/td>\n<\/tr>\n<tr style=\"height: 18.00pt;\">\n<td class=\"et2\" style=\"height: 18.00pt;\" height=\"18\">Le go\u00fbt<\/td>\n<td class=\"et3\" style=\"width: 219.15pt;\" width=\"219\">Aigre-doux et r\u00e9silient<\/td>\n<\/tr>\n<tr style=\"height: 17.60pt;\">\n<td class=\"et2\" style=\"height: 17.60pt;\" height=\"17\">Sp\u00e9cifications<\/td>\n<td class=\"et2\">20gx24pcsx12boxes<\/td>\n<\/tr>\n<tr style=\"height: 17.60pt;\">\n<td class=\"et2\" style=\"height: 17.60pt;\" height=\"17\">Taille du carton<\/td>\n<td class=\"et2\">45*29*25cm<\/td>\n<\/tr>\n<tr style=\"height: 17.60pt;\">\n<td class=\"et2\" style=\"height: 17.60pt;\" height=\"17\">N.W.\/Carton<\/td>\n<td class=\"et2\">8,0 kg<\/td>\n<\/tr>\n<tr style=\"height: 17.60pt;\">\n<td class=\"et2\" style=\"height: 17.60pt;\" height=\"17\">Prix<\/td>\n<td class=\"et2\">23.5USD<\/td>\n<\/tr>\n<tr style=\"height: 17.60pt;\">\n<td class=\"et2\" style=\"height: 17.60pt;\" height=\"17\">MOQ<\/td>\n<td class=\"et2\">500CTNS<\/td>\n<\/tr>\n<tr style=\"height: 17.60pt;\">\n<td class=\"et2\" style=\"height: 17.60pt;\" height=\"17\">\u00c9chantillon<\/td>\n<td class=\"et2\">Disponible<\/td>\n<\/tr>\n<\/tbody>\n<\/table>","protected":false},"featured_media":1030,"comment_status":"open","ping_status":"closed","template":"","meta":{"_acf_changed":false},"product_brand":[],"product_cat":[19,28],"product_tag":[],"class_list":{"0":"post-1027","1":"product","2":"type-product","3":"status-publish","4":"has-post-thumbnail","6":"product_cat-wholesale-gummy-manufacturer","7":"product_cat-bulk-sour-gummies","9":"first","10":"instock","11":"shipping-taxable","12":"product-type-simple"},"acf":[],"_links":{"self":[{"href":"https:\/\/www.lechaocandy.com\/fr\/wp-json\/wp\/v2\/product\/1027","targetHints":{"allow":["GET"]}}],"collection":[{"href":"https:\/\/www.lechaocandy.com\/fr\/wp-json\/wp\/v2\/product"}],"about":[{"href":"https:\/\/www.lechaocandy.com\/fr\/wp-json\/wp\/v2\/types\/product"}],"replies":[{"embeddable":true,"href":"https:\/\/www.lechaocandy.com\/fr\/wp-json\/wp\/v2\/comments?post=1027"}],"wp:featuredmedia":[{"embeddable":true,"href":"https:\/\/www.lechaocandy.com\/fr\/wp-json\/wp\/v2\/media\/1030"}],"wp:attachment":[{"href":"https:\/\/www.lechaocandy.com\/fr\/wp-json\/wp\/v2\/media?parent=1027"}],"wp:term":[{"taxonomy":"product_brand","embeddable":true,"href":"https:\/\/www.lechaocandy.com\/fr\/wp-json\/wp\/v2\/product_brand?post=1027"},{"taxonomy":"product_cat","embeddable":true,"href":"https:\/\/www.lechaocandy.com\/fr\/wp-json\/wp\/v2\/product_cat?post=1027"},{"taxonomy":"product_tag","embeddable":true,"href":"https:\/\/www.lechaocandy.com\/fr\/wp-json\/wp\/v2\/product_tag?post=1027"}],"curies":[{"name":"wp","href":"https:\/\/api.w.org\/{rel}","templated":true}]}}