{"id":1034,"date":"2025-05-27T08:57:02","date_gmt":"2025-05-27T08:57:02","guid":{"rendered":"https:\/\/www.lechaocandy.com\/?post_type=product&#038;p=1034"},"modified":"2025-05-27T09:36:48","modified_gmt":"2025-05-27T09:36:48","slug":"wholesale-gummies","status":"publish","type":"product","link":"https:\/\/www.lechaocandy.com\/fr\/produit\/wholesale-gummies\/","title":{"rendered":"4D Building Blocks Grossiste Gummies, Bonbons en vrac"},"content":{"rendered":"<div class=\"wp-block-columns is-layout-flex wp-container-core-columns-is-layout-9d6595d7 wp-block-columns-is-layout-flex\"><div class=\"wp-block-column is-layout-flow wp-block-column-is-layout-flow\"><h2 class=\"wp-block-heading\">Points forts du produit Building Blocks Wholesale Gummies<\/h2>\n\n<ul class=\"wp-block-list\"><li><strong>Design empilable, tr\u00e8s amusant : <\/strong>Ces gommes en gros ont une forme unique de blocs de construction 4D, et les bonbons peuvent \u00eatre empil\u00e9s et construits pour stimuler l'imagination des enfants.<\/li>\n\n<li><strong>Diverses combinaisons de formes de blocs de construction : <\/strong>Ces bonbons aux fruits en gel\u00e9e comprennent une vari\u00e9t\u00e9 de formes et de tailles, ce qui est plus amusant \u00e0 assembler et am\u00e9liore le jeu interactif.<\/li>\n\n<li><strong>Doux et moelleux, riche en ar\u00f4mes de fruits :<\/strong> Nos gommes en gros prennent diverses recettes aux ar\u00f4mes de fruits, au go\u00fbt doux et moelleux, sucr\u00e9 et d\u00e9licieux.<\/li>\n\n<li><strong>Color\u00e9e et visuellement attrayante : <\/strong>Nos bonbons aux fruits en gros sont color\u00e9s et riches en attrait visuel, compl\u00e9tant la beaut\u00e9 de l'\u00e9talage et captant l'imagination des enfants.<\/li>\n\n<li><strong>Possibilit\u00e9 d'emballage personnalis\u00e9 et de livraison rapide : <\/strong>Nos gommes en gros peuvent \u00eatre personnalis\u00e9es avec un emballage de marque et des sp\u00e9cifications de taille sur demande, approvisionnement direct de l'usine, exp\u00e9dition rapide, adapt\u00e9 \u00e0 la vente en gros.<\/li><\/ul><\/div>\n\n<div class=\"wp-block-column is-layout-flow wp-block-column-is-layout-flow\"><figure class=\"wp-block-image size-full\"><img decoding=\"async\" width=\"800\" height=\"800\" src=\"https:\/\/www.lechaocandy.com\/wp-content\/uploads\/2025\/05\/4D-Building-Blocks-Wholesale-Gummies-Jelly-Candies-In-Bulk-5.webp\" alt=\"4D Building Blocks Grossiste Gummies, Bonbons \u00e0 la gel\u00e9e En vrac-5\" class=\"wp-image-1039\" srcset=\"https:\/\/www.lechaocandy.com\/wp-content\/uploads\/2025\/05\/4D-Building-Blocks-Wholesale-Gummies-Jelly-Candies-In-Bulk-5.webp 800w, https:\/\/www.lechaocandy.com\/wp-content\/uploads\/2025\/05\/4D-Building-Blocks-Wholesale-Gummies-Jelly-Candies-In-Bulk-5-300x300.webp 300w, https:\/\/www.lechaocandy.com\/wp-content\/uploads\/2025\/05\/4D-Building-Blocks-Wholesale-Gummies-Jelly-Candies-In-Bulk-5-150x150.webp 150w, https:\/\/www.lechaocandy.com\/wp-content\/uploads\/2025\/05\/4D-Building-Blocks-Wholesale-Gummies-Jelly-Candies-In-Bulk-5-768x768.webp 768w, https:\/\/www.lechaocandy.com\/wp-content\/uploads\/2025\/05\/4D-Building-Blocks-Wholesale-Gummies-Jelly-Candies-In-Bulk-5-600x600.webp 600w, https:\/\/www.lechaocandy.com\/wp-content\/uploads\/2025\/05\/4D-Building-Blocks-Wholesale-Gummies-Jelly-Candies-In-Bulk-5-100x100.webp 100w\" sizes=\"(max-width: 800px) 100vw, 800px\" \/><\/figure><\/div><\/div>","protected":false},"excerpt":{"rendered":"<p>Bienvenue sur le site de vente en gros de bonbons g\u00e9lifi\u00e9s aux fruits. Les gommes LeChao 4D building block wholesale peuvent \u00eatre empil\u00e9es et assembl\u00e9es librement, ce qui est d\u00e9licieux et amusant. Ils combinent une vari\u00e9t\u00e9 d'ar\u00f4mes de fruits et sont color\u00e9s. Ils sont tr\u00e8s appr\u00e9ci\u00e9s des enfants.<\/p>\n<table style=\"border-collapse: collapse; width: 329.02pt;\" border=\"0\" width=\"329\" cellspacing=\"0\" cellpadding=\"0\">\n<tbody>\n<tr style=\"height: 17.60pt;\">\n<td class=\"et2\" style=\"height: 17.60pt; width: 110.80pt;\" width=\"110\" height=\"17\">Fabricant<\/td>\n<td class=\"et2\" style=\"width: 219.15pt;\" width=\"219\">LeChao Candy<\/td>\n<\/tr>\n<tr style=\"height: 18.00pt;\">\n<td class=\"et2\" style=\"height: 18.00pt;\" height=\"18\">Type de produit<\/td>\n<td class=\"et3\" style=\"width: 219.15pt;\" width=\"219\">4D Building Blocks Bonbons g\u00e9lifi\u00e9s<\/td>\n<\/tr>\n<tr style=\"height: 18.00pt;\">\n<td class=\"et2\" style=\"height: 18.00pt;\" height=\"18\">Le go\u00fbt<\/td>\n<td class=\"et3\" style=\"width: 219.15pt;\" width=\"219\">Aigre-doux et r\u00e9silient<\/td>\n<\/tr>\n<tr style=\"height: 17.60pt;\">\n<td class=\"et2\" style=\"height: 17.60pt;\" height=\"17\">Sp\u00e9cifications<\/td>\n<td class=\"et2\">80gX10sacsX6bo\u00eetes<\/td>\n<\/tr>\n<tr style=\"height: 17.60pt;\">\n<td class=\"et2\" style=\"height: 17.60pt;\" height=\"17\">Taille du carton<\/td>\n<td class=\"et2\">39X22X34.5cm<\/td>\n<\/tr>\n<tr style=\"height: 17.60pt;\">\n<td class=\"et2\" style=\"height: 17.60pt;\" height=\"17\">N.W.\/Carton<\/td>\n<td class=\"et2\">6,8 kg<\/td>\n<\/tr>\n<tr style=\"height: 17.60pt;\">\n<td class=\"et2\" style=\"height: 17.60pt;\" height=\"17\">\u00c9chantillon<\/td>\n<td class=\"et2\">Disponible<\/td>\n<\/tr>\n<\/tbody>\n<\/table>","protected":false},"featured_media":1038,"comment_status":"open","ping_status":"closed","template":"","meta":{"_acf_changed":false},"product_brand":[],"product_cat":[24,19],"product_tag":[],"class_list":{"0":"post-1034","1":"product","2":"type-product","3":"status-publish","4":"has-post-thumbnail","6":"product_cat-3d-gummy-candy-manufacturer","7":"product_cat-wholesale-gummy-manufacturer","9":"first","10":"instock","11":"shipping-taxable","12":"product-type-simple"},"acf":[],"_links":{"self":[{"href":"https:\/\/www.lechaocandy.com\/fr\/wp-json\/wp\/v2\/product\/1034","targetHints":{"allow":["GET"]}}],"collection":[{"href":"https:\/\/www.lechaocandy.com\/fr\/wp-json\/wp\/v2\/product"}],"about":[{"href":"https:\/\/www.lechaocandy.com\/fr\/wp-json\/wp\/v2\/types\/product"}],"replies":[{"embeddable":true,"href":"https:\/\/www.lechaocandy.com\/fr\/wp-json\/wp\/v2\/comments?post=1034"}],"wp:featuredmedia":[{"embeddable":true,"href":"https:\/\/www.lechaocandy.com\/fr\/wp-json\/wp\/v2\/media\/1038"}],"wp:attachment":[{"href":"https:\/\/www.lechaocandy.com\/fr\/wp-json\/wp\/v2\/media?parent=1034"}],"wp:term":[{"taxonomy":"product_brand","embeddable":true,"href":"https:\/\/www.lechaocandy.com\/fr\/wp-json\/wp\/v2\/product_brand?post=1034"},{"taxonomy":"product_cat","embeddable":true,"href":"https:\/\/www.lechaocandy.com\/fr\/wp-json\/wp\/v2\/product_cat?post=1034"},{"taxonomy":"product_tag","embeddable":true,"href":"https:\/\/www.lechaocandy.com\/fr\/wp-json\/wp\/v2\/product_tag?post=1034"}],"curies":[{"name":"wp","href":"https:\/\/api.w.org\/{rel}","templated":true}]}}