{"id":1079,"date":"2025-06-02T01:38:56","date_gmt":"2025-06-02T01:38:56","guid":{"rendered":"https:\/\/www.lechaocandy.com\/?post_type=product&#038;p=1079"},"modified":"2026-03-30T09:15:17","modified_gmt":"2026-03-30T09:15:17","slug":"marshmallows-in-bulk","status":"publish","type":"product","link":"https:\/\/www.lechaocandy.com\/fr\/produit\/marshmallows-in-bulk\/","title":{"rendered":"Guimauves en vrac, guimauves personnalis\u00e9es LeChao"},"content":{"rendered":"<div class=\"wp-block-columns is-layout-flex wp-container-core-columns-is-layout-9d6595d7 wp-block-columns-is-layout-flex\"><div class=\"wp-block-column is-layout-flow wp-block-column-is-layout-flow\"><h2 class=\"wp-block-heading\">Points forts du produit Guimauves en fleur en vrac<\/h2>\n\n<ul class=\"wp-block-list\"><li><strong>Soutien aux services personnalis\u00e9s : <\/strong>Ces guimauves en vrac peuvent \u00eatre personnalis\u00e9es en termes de couleur, de taille et d'emballage en fonction des besoins. Elles r\u00e9pondent aux besoins de personnalisation de la marque et de diff\u00e9renciation du march\u00e9 et conviennent \u00e0 la coop\u00e9ration OEM\/ODM.<\/li>\n\n<li><strong>Forme de fleur tricolore : <\/strong>Nos fleurs de guimauve personnalis\u00e9es sont des macarons roses, verts et bleus, \u00e0 l'aspect mignon, qui attirent le regard et am\u00e9liorent l'effet de pr\u00e9sentation du produit.<\/li>\n\n<li><strong>Emballage portable : <\/strong>Ces guimauves en vrac sont conditionn\u00e9es en petits sachets de 20 grammes chacun, ce qui est pratique pour le transport, le partage et la vente au d\u00e9tail. Elles conviennent aux combinaisons de coffrets-cadeaux, aux magasins de proximit\u00e9, aux campus et \u00e0 d'autres sc\u00e9narios de vente.<\/li>\n\n<li><strong>Go\u00fbt doux et sucr\u00e9 : <\/strong>Nos guimauves personnalis\u00e9es ont un go\u00fbt doux et d\u00e9licat, fondent dans la bouche, sont sucr\u00e9es sans \u00eatre grasses, conviennent aux enfants et aux adultes et constituent des en-cas id\u00e9aux pour les f\u00eates et les loisirs.<\/li>\n\n<li><strong>Mati\u00e8res premi\u00e8res s\u00fbres et de haute qualit\u00e9 : <\/strong>Nos guimauves en vrac sont produites \u00e0 partir de mati\u00e8res premi\u00e8res de haute qualit\u00e9, r\u00e9pondent aux normes de s\u00e9curit\u00e9 alimentaire, soutiennent l'exportation et sont applicables \u00e0 de multiples march\u00e9s.<\/li><\/ul><\/div>\n\n<div class=\"wp-block-column is-layout-flow wp-block-column-is-layout-flow\"><figure class=\"wp-block-image size-full\"><img decoding=\"async\" width=\"800\" height=\"800\" src=\"https:\/\/www.lechaocandy.com\/wp-content\/uploads\/2025\/06\/Flower-Marshmallows-In-Bulk-LeChao-Custom-Made-Marshmallows-2.webp\" alt=\"Guimauves en vrac, guimauves personnalis\u00e9es LeChao-2\" class=\"wp-image-1081\" srcset=\"https:\/\/www.lechaocandy.com\/wp-content\/uploads\/2025\/06\/Flower-Marshmallows-In-Bulk-LeChao-Custom-Made-Marshmallows-2.webp 800w, https:\/\/www.lechaocandy.com\/wp-content\/uploads\/2025\/06\/Flower-Marshmallows-In-Bulk-LeChao-Custom-Made-Marshmallows-2-300x300.webp 300w, https:\/\/www.lechaocandy.com\/wp-content\/uploads\/2025\/06\/Flower-Marshmallows-In-Bulk-LeChao-Custom-Made-Marshmallows-2-150x150.webp 150w, https:\/\/www.lechaocandy.com\/wp-content\/uploads\/2025\/06\/Flower-Marshmallows-In-Bulk-LeChao-Custom-Made-Marshmallows-2-768x768.webp 768w, https:\/\/www.lechaocandy.com\/wp-content\/uploads\/2025\/06\/Flower-Marshmallows-In-Bulk-LeChao-Custom-Made-Marshmallows-2-12x12.webp 12w, https:\/\/www.lechaocandy.com\/wp-content\/uploads\/2025\/06\/Flower-Marshmallows-In-Bulk-LeChao-Custom-Made-Marshmallows-2-600x600.webp 600w, https:\/\/www.lechaocandy.com\/wp-content\/uploads\/2025\/06\/Flower-Marshmallows-In-Bulk-LeChao-Custom-Made-Marshmallows-2-100x100.webp 100w\" sizes=\"(max-width: 800px) 100vw, 800px\" \/><\/figure><\/div><\/div><figure class=\"wp-block-embed is-type-video is-provider-youtube wp-block-embed-youtube wp-embed-aspect-16-9 wp-has-aspect-ratio\"><div class=\"wp-block-embed__wrapper\">\n<iframe title=\"Guimauves en forme de fleur pour la vente en gros, douces et color\u00e9es\" width=\"500\" height=\"281\" src=\"https:\/\/www.youtube.com\/embed\/lYiKWrQycXQ?feature=oembed\" frameborder=\"0\" allow=\"accelerometer; autoplay; clipboard-write; encrypted-media; gyroscope; picture-in-picture; web-share\" referrerpolicy=\"strict-origin-when-cross-origin\" allowfullscreen><\/iframe>\n<\/div><\/figure>","protected":false},"excerpt":{"rendered":"<p>Nous vous invitons \u00e0 acheter des guimauves en vrac. Les fleurs de guimauve personnalis\u00e9es de LeChao sont assorties aux couleurs rose, verte et bleue, avec une forme fra\u00eeche et mignonne. Chaque paquet contient 20 grammes de petits paquets ind\u00e9pendants, faciles \u00e0 transporter et \u00e0 partager. Le produit permet de personnaliser la couleur, la taille et l'emballage.<\/p>\n<table style=\"border-collapse: collapse; width: 329.02pt;\" border=\"0\" width=\"329\" cellspacing=\"0\" cellpadding=\"0\">\n<tbody>\n<tr style=\"height: 17.60pt;\">\n<td class=\"et2\" style=\"height: 17.60pt; width: 110.80pt;\" width=\"110\" height=\"17\">Fabricant<\/td>\n<td class=\"et2\" style=\"width: 219.15pt;\" width=\"219\">LeChao Candy<\/td>\n<\/tr>\n<tr style=\"height: 18.00pt;\">\n<td class=\"et2\" style=\"height: 18.00pt;\" height=\"18\">Type de produit<\/td>\n<td class=\"et3\" style=\"width: 219.15pt;\" width=\"219\">Guimauves \u00e0 fleurs<\/td>\n<\/tr>\n<tr style=\"height: 18.00pt;\">\n<td class=\"et2\" style=\"height: 18.00pt;\" height=\"18\">Le go\u00fbt<\/td>\n<td class=\"et3\" style=\"width: 219.15pt;\" width=\"219\">Doux et sucr\u00e9<\/td>\n<\/tr>\n<tr style=\"height: 17.60pt;\">\n<td class=\"et2\" style=\"height: 17.60pt;\" height=\"17\">Sp\u00e9cifications<\/td>\n<td class=\"et2\">20gX24pcsX12bo\u00eetes<\/td>\n<\/tr>\n<tr style=\"height: 17.60pt;\">\n<td class=\"et2\" style=\"height: 17.60pt;\" height=\"17\">Taille du carton<\/td>\n<td class=\"et2\">58.5X29.5X40.5cm<\/td>\n<\/tr>\n<tr style=\"height: 17.60pt;\">\n<td class=\"et2\" style=\"height: 17.60pt;\" height=\"17\">N.W.\/Carton<\/td>\n<td class=\"et2\">8,0 kg<\/td>\n<\/tr>\n<tr style=\"height: 17.60pt;\">\n<td class=\"et2\" style=\"height: 17.60pt;\" height=\"17\">Prix<\/td>\n<td class=\"et2\">22-23.5USD<\/td>\n<\/tr>\n<tr style=\"height: 17.60pt;\">\n<td class=\"et2\" style=\"height: 17.60pt;\" height=\"17\">MOQ<\/td>\n<td class=\"et2\">400CTNS<\/td>\n<\/tr>\n<tr style=\"height: 17.60pt;\">\n<td class=\"et2\" style=\"height: 17.60pt;\" height=\"17\">\u00c9chantillon<\/td>\n<td class=\"et2\">Disponible<\/td>\n<\/tr>\n<\/tbody>\n<\/table>","protected":false},"featured_media":1084,"comment_status":"open","ping_status":"closed","template":"","meta":{"_acf_changed":false},"product_brand":[],"product_cat":[22],"product_tag":[],"class_list":{"0":"post-1079","1":"product","2":"type-product","3":"status-publish","4":"has-post-thumbnail","6":"product_cat-wholesale-marshmallows","8":"first","9":"instock","10":"shipping-taxable","11":"product-type-simple"},"acf":[],"_links":{"self":[{"href":"https:\/\/www.lechaocandy.com\/fr\/wp-json\/wp\/v2\/product\/1079","targetHints":{"allow":["GET"]}}],"collection":[{"href":"https:\/\/www.lechaocandy.com\/fr\/wp-json\/wp\/v2\/product"}],"about":[{"href":"https:\/\/www.lechaocandy.com\/fr\/wp-json\/wp\/v2\/types\/product"}],"replies":[{"embeddable":true,"href":"https:\/\/www.lechaocandy.com\/fr\/wp-json\/wp\/v2\/comments?post=1079"}],"wp:featuredmedia":[{"embeddable":true,"href":"https:\/\/www.lechaocandy.com\/fr\/wp-json\/wp\/v2\/media\/1084"}],"wp:attachment":[{"href":"https:\/\/www.lechaocandy.com\/fr\/wp-json\/wp\/v2\/media?parent=1079"}],"wp:term":[{"taxonomy":"product_brand","embeddable":true,"href":"https:\/\/www.lechaocandy.com\/fr\/wp-json\/wp\/v2\/product_brand?post=1079"},{"taxonomy":"product_cat","embeddable":true,"href":"https:\/\/www.lechaocandy.com\/fr\/wp-json\/wp\/v2\/product_cat?post=1079"},{"taxonomy":"product_tag","embeddable":true,"href":"https:\/\/www.lechaocandy.com\/fr\/wp-json\/wp\/v2\/product_tag?post=1079"}],"curies":[{"name":"wp","href":"https:\/\/api.w.org\/{rel}","templated":true}]}}