{"id":1087,"date":"2025-06-02T02:24:30","date_gmt":"2025-06-02T02:24:30","guid":{"rendered":"https:\/\/www.lechaocandy.com\/?post_type=product&#038;p=1087"},"modified":"2025-06-02T02:35:24","modified_gmt":"2025-06-02T02:35:24","slug":"color-marshmallow-wholesale","status":"publish","type":"product","link":"https:\/\/www.lechaocandy.com\/fr\/produit\/color-marshmallow-wholesale\/","title":{"rendered":"Color Marshmallow Wholesale, LeChao Marshmallow Bulk Order"},"content":{"rendered":"<div class=\"wp-block-columns is-layout-flex wp-container-core-columns-is-layout-9d6595d7 wp-block-columns-is-layout-flex\"><div class=\"wp-block-column is-layout-flow wp-block-column-is-layout-flow\"><h2 class=\"wp-block-heading\">Points forts du produit Color Marshmallow Wholesale<\/h2>\n\n<ul class=\"wp-block-list\"><li><strong>Design d'\u00e9pissure en trois couleurs : <\/strong>Nos guimauves color\u00e9es en gros sont des guimauves colonnaires roses, vertes et bleues, riches en couleurs, aux effets visuels remarquables, et qui renforcent l'attrait du produit.<\/li>\n\n<li><strong>Petit paquet ind\u00e9pendant :<\/strong> Notre guimauve en vrac contient 20 grammes par sac, ce qui est facile \u00e0 transporter, \u00e0 stocker et \u00e0 vendre au d\u00e9tail, et permet de r\u00e9pondre \u00e0 une grande vari\u00e9t\u00e9 de sc\u00e9narios de consommation.<\/li>\n\n<li><strong>Go\u00fbt doux et d\u00e9licat : <\/strong>Ces guimauves color\u00e9es en gros sont denses et douces, fondent dans la bouche, sont sucr\u00e9es mais non grasses, conviennent aux consommateurs de tous \u00e2ges.<\/li>\n\n<li><strong>Adaptabilit\u00e9 polyvalente : <\/strong>Notre guimauve en vrac convient aux bo\u00eetes-cadeaux festives, aux en-cas de f\u00eate, \u00e0 la vente au d\u00e9tail pour enfants, au commerce \u00e9lectronique transfrontalier et \u00e0 d'autres canaux de vente.<\/li>\n\n<li><strong>Soutien \u00e0 la personnalisation et \u00e0 la vente en gros : <\/strong>La couleur, l'emballage et le go\u00fbt peuvent \u00eatre personnalis\u00e9s. Notre guimauve color\u00e9e en gros peut r\u00e9pondre aux besoins OEM\/ODM et convient aux commandes en gros.<\/li><\/ul><\/div>\n\n<div class=\"wp-block-column is-layout-flow wp-block-column-is-layout-flow\"><figure class=\"wp-block-image size-full\"><img decoding=\"async\" width=\"800\" height=\"800\" src=\"https:\/\/www.lechaocandy.com\/wp-content\/uploads\/2025\/06\/Color-Marshmallow-Wholesale-LeChao-Marshmallow-Bulk-Order-1.webp\" alt=\"Color Marshmallow Wholesale, LeChao Marshmallow Bulk Order-1\" class=\"wp-image-1088\" srcset=\"https:\/\/www.lechaocandy.com\/wp-content\/uploads\/2025\/06\/Color-Marshmallow-Wholesale-LeChao-Marshmallow-Bulk-Order-1.webp 800w, https:\/\/www.lechaocandy.com\/wp-content\/uploads\/2025\/06\/Color-Marshmallow-Wholesale-LeChao-Marshmallow-Bulk-Order-1-300x300.webp 300w, https:\/\/www.lechaocandy.com\/wp-content\/uploads\/2025\/06\/Color-Marshmallow-Wholesale-LeChao-Marshmallow-Bulk-Order-1-150x150.webp 150w, https:\/\/www.lechaocandy.com\/wp-content\/uploads\/2025\/06\/Color-Marshmallow-Wholesale-LeChao-Marshmallow-Bulk-Order-1-768x768.webp 768w, https:\/\/www.lechaocandy.com\/wp-content\/uploads\/2025\/06\/Color-Marshmallow-Wholesale-LeChao-Marshmallow-Bulk-Order-1-12x12.webp 12w, https:\/\/www.lechaocandy.com\/wp-content\/uploads\/2025\/06\/Color-Marshmallow-Wholesale-LeChao-Marshmallow-Bulk-Order-1-600x600.webp 600w, https:\/\/www.lechaocandy.com\/wp-content\/uploads\/2025\/06\/Color-Marshmallow-Wholesale-LeChao-Marshmallow-Bulk-Order-1-100x100.webp 100w\" sizes=\"(max-width: 800px) 100vw, 800px\" \/><\/figure><\/div><\/div>","protected":false},"excerpt":{"rendered":"<p>Bienvenue pour commander en gros les bonbons \u00e0 la guimauve de LeChao. Nos guimauves color\u00e9es en gros sont simples et pleines de plaisir enfantin. Chaque sachet contient 20 grammes d'emballage ind\u00e9pendant, ce qui est facile \u00e0 transporter et \u00e0 partager. Nous prenons en charge la vente en gros et la personnalisation compl\u00e8te.<\/p>\n<table style=\"border-collapse: collapse; width: 329.02pt;\" border=\"0\" width=\"329\" cellspacing=\"0\" cellpadding=\"0\">\n<tbody>\n<tr style=\"height: 17.60pt;\">\n<td class=\"et2\" style=\"height: 17.60pt; width: 110.80pt;\" width=\"110\" height=\"17\">Fabricant<\/td>\n<td class=\"et2\" style=\"width: 219.15pt;\" width=\"219\">LeChao Candy<\/td>\n<\/tr>\n<tr style=\"height: 18.00pt;\">\n<td class=\"et2\" style=\"height: 18.00pt;\" height=\"18\">Type de produit<\/td>\n<td class=\"et3\" style=\"width: 219.15pt;\" width=\"219\">Guimauve color\u00e9e<\/td>\n<\/tr>\n<tr style=\"height: 18.00pt;\">\n<td class=\"et2\" style=\"height: 18.00pt;\" height=\"18\">Le go\u00fbt<\/td>\n<td class=\"et3\" style=\"width: 219.15pt;\" width=\"219\">Doux et sucr\u00e9<\/td>\n<\/tr>\n<tr style=\"height: 17.60pt;\">\n<td class=\"et2\" style=\"height: 17.60pt;\" height=\"17\">Sp\u00e9cifications<\/td>\n<td class=\"et2\">20gX24pcsX12bo\u00eetes<\/td>\n<\/tr>\n<tr style=\"height: 17.60pt;\">\n<td class=\"et2\" style=\"height: 17.60pt;\" height=\"17\">Taille du carton<\/td>\n<td class=\"et2\">58.5X29.5X40.5cm<\/td>\n<\/tr>\n<tr style=\"height: 17.60pt;\">\n<td class=\"et2\" style=\"height: 17.60pt;\" height=\"17\">N.W.\/Carton<\/td>\n<td class=\"et2\">8,0 kg<\/td>\n<\/tr>\n<tr style=\"height: 17.60pt;\">\n<td class=\"et2\" style=\"height: 17.60pt;\" height=\"17\">Prix<\/td>\n<td class=\"et2\">22-23.5USD<\/td>\n<\/tr>\n<tr style=\"height: 17.60pt;\">\n<td class=\"et2\" style=\"height: 17.60pt;\" height=\"17\">MOQ<\/td>\n<td class=\"et2\">400CTNS<\/td>\n<\/tr>\n<tr style=\"height: 17.60pt;\">\n<td class=\"et2\" style=\"height: 17.60pt;\" height=\"17\">\u00c9chantillon<\/td>\n<td class=\"et2\">Disponible<\/td>\n<\/tr>\n<\/tbody>\n<\/table>","protected":false},"featured_media":1091,"comment_status":"open","ping_status":"closed","template":"","meta":{"_acf_changed":false},"product_brand":[],"product_cat":[22],"product_tag":[],"class_list":{"0":"post-1087","1":"product","2":"type-product","3":"status-publish","4":"has-post-thumbnail","6":"product_cat-wholesale-marshmallows","8":"first","9":"instock","10":"shipping-taxable","11":"product-type-simple"},"acf":[],"_links":{"self":[{"href":"https:\/\/www.lechaocandy.com\/fr\/wp-json\/wp\/v2\/product\/1087","targetHints":{"allow":["GET"]}}],"collection":[{"href":"https:\/\/www.lechaocandy.com\/fr\/wp-json\/wp\/v2\/product"}],"about":[{"href":"https:\/\/www.lechaocandy.com\/fr\/wp-json\/wp\/v2\/types\/product"}],"replies":[{"embeddable":true,"href":"https:\/\/www.lechaocandy.com\/fr\/wp-json\/wp\/v2\/comments?post=1087"}],"wp:featuredmedia":[{"embeddable":true,"href":"https:\/\/www.lechaocandy.com\/fr\/wp-json\/wp\/v2\/media\/1091"}],"wp:attachment":[{"href":"https:\/\/www.lechaocandy.com\/fr\/wp-json\/wp\/v2\/media?parent=1087"}],"wp:term":[{"taxonomy":"product_brand","embeddable":true,"href":"https:\/\/www.lechaocandy.com\/fr\/wp-json\/wp\/v2\/product_brand?post=1087"},{"taxonomy":"product_cat","embeddable":true,"href":"https:\/\/www.lechaocandy.com\/fr\/wp-json\/wp\/v2\/product_cat?post=1087"},{"taxonomy":"product_tag","embeddable":true,"href":"https:\/\/www.lechaocandy.com\/fr\/wp-json\/wp\/v2\/product_tag?post=1087"}],"curies":[{"name":"wp","href":"https:\/\/api.w.org\/{rel}","templated":true}]}}