{"id":1094,"date":"2025-06-02T02:43:49","date_gmt":"2025-06-02T02:43:49","guid":{"rendered":"https:\/\/www.lechaocandy.com\/?post_type=product&#038;p=1094"},"modified":"2025-06-02T02:57:15","modified_gmt":"2025-06-02T02:57:15","slug":"sour-gummy-candy-bulk","status":"publish","type":"product","link":"https:\/\/www.lechaocandy.com\/fr\/produit\/sour-gummy-candy-bulk\/","title":{"rendered":"Mini bonbons g\u00e9lifi\u00e9s acidul\u00e9s en vrac, Vente en gros de bonbons g\u00e9lifi\u00e9s piquants et fruit\u00e9s"},"content":{"rendered":"<div class=\"wp-block-columns is-layout-flex wp-container-core-columns-is-layout-9d6595d7 wp-block-columns-is-layout-flex\"><div class=\"wp-block-column is-layout-flow wp-block-column-is-layout-flow\"><h2 class=\"wp-block-heading\">Points forts du produit Mini Sour Gummy Candy Bulk (bonbons g\u00e9lifi\u00e9s en vrac)<\/h2>\n\n<ul class=\"wp-block-list\"><li><strong>Six saveurs de fruits : <\/strong>Nos bonbons gommeux acidul\u00e9s en vrac contiennent 6 ar\u00f4mes de fruits courants : cassis, orange, cantaloup, p\u00eache, fraise et ananas, afin de satisfaire les papilles gustatives de divers consommateurs.<\/li>\n\n<li><strong>Double go\u00fbt aigre-doux : <\/strong>Ce bonbon acidul\u00e9 en gros est recouvert de poudre de sucre acidul\u00e9 \u00e0 l'ext\u00e9rieur, aigre et rafra\u00eechissant en bouche, sucr\u00e9 et moelleux au centre, \u00e9quilibre aigre et sucr\u00e9, et arri\u00e8re-go\u00fbt infini.<\/li>\n\n<li><strong>Forme mini, couleurs riches : <\/strong>Nos bonbons g\u00e9lifi\u00e9s acidul\u00e9s en vrac se caract\u00e9risent par une taille r\u00e9duite et d\u00e9licate, des couleurs vives et un fort impact visuel, et conviennent \u00e0 la conception de pr\u00e9sentoirs et d'emballages.<\/li>\n\n<li><strong>Convient \u00e0 une vari\u00e9t\u00e9 de sc\u00e9narios de vente :<\/strong> Ces bonbons acidul\u00e9s en gros conviennent pour les sacs \u00e0 collation, les f\u00eates en vrac, les paquets cadeaux, le commerce \u00e9lectronique transfrontalier et d'autres formes de distribution multicanaux.<\/li>\n\n<li><strong>Prise en charge de la vente en gros et de la personnalisation : <\/strong>Nous proposons la vente en gros de bonbons g\u00e9lifi\u00e9s en vrac. L'emballage, la saveur et la marque peuvent \u00eatre personnalis\u00e9s selon les besoins, et la coop\u00e9ration OEM\/ODM est possible.<\/li><\/ul><\/div>\n\n<div class=\"wp-block-column is-layout-flow wp-block-column-is-layout-flow\"><figure class=\"wp-block-image size-full\"><img decoding=\"async\" width=\"800\" height=\"800\" src=\"https:\/\/www.lechaocandy.com\/wp-content\/uploads\/2025\/06\/Mini-Sour-Gummy-Candy-Bulk-Zesty-Fruity-Gummy-Wholesale-8.webp\" alt=\"Mini bonbons g\u00e9lifi\u00e9s acidul\u00e9s en vrac, bonbons g\u00e9lifi\u00e9s piquants et fruit\u00e9s en gros-8\" class=\"wp-image-1102\" srcset=\"https:\/\/www.lechaocandy.com\/wp-content\/uploads\/2025\/06\/Mini-Sour-Gummy-Candy-Bulk-Zesty-Fruity-Gummy-Wholesale-8.webp 800w, https:\/\/www.lechaocandy.com\/wp-content\/uploads\/2025\/06\/Mini-Sour-Gummy-Candy-Bulk-Zesty-Fruity-Gummy-Wholesale-8-300x300.webp 300w, https:\/\/www.lechaocandy.com\/wp-content\/uploads\/2025\/06\/Mini-Sour-Gummy-Candy-Bulk-Zesty-Fruity-Gummy-Wholesale-8-150x150.webp 150w, https:\/\/www.lechaocandy.com\/wp-content\/uploads\/2025\/06\/Mini-Sour-Gummy-Candy-Bulk-Zesty-Fruity-Gummy-Wholesale-8-768x768.webp 768w, https:\/\/www.lechaocandy.com\/wp-content\/uploads\/2025\/06\/Mini-Sour-Gummy-Candy-Bulk-Zesty-Fruity-Gummy-Wholesale-8-12x12.webp 12w, https:\/\/www.lechaocandy.com\/wp-content\/uploads\/2025\/06\/Mini-Sour-Gummy-Candy-Bulk-Zesty-Fruity-Gummy-Wholesale-8-600x600.webp 600w, https:\/\/www.lechaocandy.com\/wp-content\/uploads\/2025\/06\/Mini-Sour-Gummy-Candy-Bulk-Zesty-Fruity-Gummy-Wholesale-8-100x100.webp 100w\" sizes=\"(max-width: 800px) 100vw, 800px\" \/><\/figure><\/div><\/div>","protected":false},"excerpt":{"rendered":"<p>Bienvenue pour acheter des bonbons acidul\u00e9s en gros. Nos mini bonbons g\u00e9lifi\u00e9s acidul\u00e9s en vrac utilisent 6 saveurs de fruits classiques, avec une poudre de sucre l\u00e9g\u00e8rement acidul\u00e9e envelopp\u00e9e \u00e0 l'ext\u00e9rieur, rafra\u00eechissante et acidul\u00e9e en bouche, sucr\u00e9e et moelleuse \u00e0 l'int\u00e9rieur, avec des couches riches, et peuvent \u00eatre emball\u00e9s de mani\u00e8re personnalis\u00e9e.<\/p>\n<table style=\"border-collapse: collapse; width: 329.02pt;\" border=\"0\" width=\"329\" cellspacing=\"0\" cellpadding=\"0\">\n<tbody>\n<tr style=\"height: 17.60pt;\">\n<td class=\"et2\" style=\"height: 17.60pt; width: 110.80pt;\" width=\"110\" height=\"17\">Fabricant<\/td>\n<td class=\"et2\" style=\"width: 219.15pt;\" width=\"219\">LeChao Candy<\/td>\n<\/tr>\n<tr style=\"height: 18.00pt;\">\n<td class=\"et2\" style=\"height: 18.00pt;\" height=\"18\">Type de produit<\/td>\n<td class=\"et3\" style=\"width: 219.15pt;\" width=\"219\">Mini bonbons mous acidul\u00e9s<\/td>\n<\/tr>\n<tr style=\"height: 18.00pt;\">\n<td class=\"et2\" style=\"height: 18.00pt;\" height=\"18\">Le go\u00fbt<\/td>\n<td class=\"et3\" style=\"width: 219.15pt;\" width=\"219\">Piquant et fruit\u00e9<\/td>\n<\/tr>\n<tr style=\"height: 17.60pt;\">\n<td class=\"et2\" style=\"height: 17.60pt;\" height=\"17\">Sp\u00e9cifications<\/td>\n<td class=\"et2\">14gx20mini box x30boxes<\/td>\n<\/tr>\n<tr style=\"height: 17.60pt;\">\n<td class=\"et2\" style=\"height: 17.60pt;\" height=\"17\">Taille du carton<\/td>\n<td class=\"et2\">47*46*30cm<\/td>\n<\/tr>\n<tr style=\"height: 17.60pt;\">\n<td class=\"et2\" style=\"height: 17.60pt;\" height=\"17\">N.W.\/Carton<\/td>\n<td class=\"et2\">13,0 kg<\/td>\n<\/tr>\n<tr style=\"height: 17.60pt;\">\n<td class=\"et2\" style=\"height: 17.60pt;\" height=\"17\">Prix<\/td>\n<td class=\"et2\">19.6USD<\/td>\n<\/tr>\n<tr style=\"height: 17.60pt;\">\n<td class=\"et2\" style=\"height: 17.60pt;\" height=\"17\">MOQ<\/td>\n<td class=\"et2\">500CTNS<\/td>\n<\/tr>\n<tr style=\"height: 17.60pt;\">\n<td class=\"et2\" style=\"height: 17.60pt;\" height=\"17\">\u00c9chantillon<\/td>\n<td class=\"et2\">Disponible<\/td>\n<\/tr>\n<\/tbody>\n<\/table>","protected":false},"featured_media":1095,"comment_status":"open","ping_status":"closed","template":"","meta":{"_acf_changed":false},"product_brand":[],"product_cat":[28,19],"product_tag":[],"class_list":{"0":"post-1094","1":"product","2":"type-product","3":"status-publish","4":"has-post-thumbnail","6":"product_cat-bulk-sour-gummies","7":"product_cat-wholesale-gummy-manufacturer","9":"first","10":"instock","11":"shipping-taxable","12":"product-type-simple"},"acf":[],"_links":{"self":[{"href":"https:\/\/www.lechaocandy.com\/fr\/wp-json\/wp\/v2\/product\/1094","targetHints":{"allow":["GET"]}}],"collection":[{"href":"https:\/\/www.lechaocandy.com\/fr\/wp-json\/wp\/v2\/product"}],"about":[{"href":"https:\/\/www.lechaocandy.com\/fr\/wp-json\/wp\/v2\/types\/product"}],"replies":[{"embeddable":true,"href":"https:\/\/www.lechaocandy.com\/fr\/wp-json\/wp\/v2\/comments?post=1094"}],"wp:featuredmedia":[{"embeddable":true,"href":"https:\/\/www.lechaocandy.com\/fr\/wp-json\/wp\/v2\/media\/1095"}],"wp:attachment":[{"href":"https:\/\/www.lechaocandy.com\/fr\/wp-json\/wp\/v2\/media?parent=1094"}],"wp:term":[{"taxonomy":"product_brand","embeddable":true,"href":"https:\/\/www.lechaocandy.com\/fr\/wp-json\/wp\/v2\/product_brand?post=1094"},{"taxonomy":"product_cat","embeddable":true,"href":"https:\/\/www.lechaocandy.com\/fr\/wp-json\/wp\/v2\/product_cat?post=1094"},{"taxonomy":"product_tag","embeddable":true,"href":"https:\/\/www.lechaocandy.com\/fr\/wp-json\/wp\/v2\/product_tag?post=1094"}],"curies":[{"name":"wp","href":"https:\/\/api.w.org\/{rel}","templated":true}]}}