{"id":1105,"date":"2025-06-02T03:01:29","date_gmt":"2025-06-02T03:01:29","guid":{"rendered":"https:\/\/www.lechaocandy.com\/?post_type=product&#038;p=1105"},"modified":"2025-10-09T06:13:36","modified_gmt":"2025-10-09T06:13:36","slug":"jelly-fruit-candy-wholesale","status":"publish","type":"product","link":"https:\/\/www.lechaocandy.com\/fr\/produit\/jelly-fruit-candy-wholesale\/","title":{"rendered":"Bonbons \u00e0 la gel\u00e9e de fruits en gros, gommes \u00e0 m\u00e2cher en forme d'\u00e9toile en vrac"},"content":{"rendered":"<div class=\"wp-block-columns is-layout-flex wp-container-core-columns-is-layout-9d6595d7 wp-block-columns-is-layout-flex\"><div class=\"wp-block-column is-layout-flow wp-block-column-is-layout-flow\"><h2 class=\"wp-block-heading\">Points forts du produit Jelly Fruit Candy Wholesale<\/h2>\n\n<ul class=\"wp-block-list\"><li><strong>Design en forme d'\u00e9toile : <\/strong>Nos bonbons \u00e0 la gel\u00e9e de fruits en forme d'\u00e9toile \u00e0 trois couleurs ont une forme enfantine qui attire l'attention des enfants et des jeunes consommateurs.<\/li>\n\n<li><strong>Couche ext\u00e9rieure de l'enrobage de sucre : <\/strong>Les d\u00e9licats granul\u00e9s de sucre ajoutent une couche de go\u00fbt \u00e0 ces bonbons en vrac, qui est l\u00e9g\u00e8rement sucr\u00e9e et acidul\u00e9e \u00e0 l'entr\u00e9e et rehausse l'exp\u00e9rience gustative.<\/li>\n\n<li><strong>Combinaison color\u00e9e et fruit\u00e9e :<\/strong> Ce bonbon g\u00e9lifi\u00e9 en forme d'\u00e9toile propose trois saveurs fruit\u00e9es classiques, des options gustatives riches et r\u00e9pond \u00e0 des besoins divers.<\/li>\n\n<li><strong>Emball\u00e9 individuellement en flocons : <\/strong>Ces bonbons en vrac sont faciles \u00e0 transporter et \u00e0 partager. Ils conviennent pour la vente au d\u00e9tail en vrac, les f\u00eates, les \u00e9coles ou les cadeaux.<\/li>\n\n<li><strong>Soutien \u00e0 la personnalisation et \u00e0 la vente en gros : <\/strong>Nous fournissons des services OEM\/ODM pour les bonbons \u00e0 la gel\u00e9e de fruits en gros, et les couleurs, l'emballage et les ar\u00f4mes peuvent \u00eatre personnalis\u00e9s, ce qui convient aux achats en gros sur le march\u00e9 mondial.<\/li><\/ul><\/div>\n\n<div class=\"wp-block-column is-layout-flow wp-block-column-is-layout-flow\"><figure class=\"wp-block-image size-full\"><img decoding=\"async\" width=\"800\" height=\"800\" src=\"https:\/\/www.lechaocandy.com\/wp-content\/uploads\/2025\/06\/Jelly-Fruit-Candy-Wholesale-Sugar-Coated-Star-Gummies-Bulk-1.webp\" alt=\"Jelly Fruit Candy Wholesale, Sugar Coated Star Gummies Bulk-1 (bonbons aux fruits enrob\u00e9s de sucre)\" class=\"wp-image-1106\" srcset=\"https:\/\/www.lechaocandy.com\/wp-content\/uploads\/2025\/06\/Jelly-Fruit-Candy-Wholesale-Sugar-Coated-Star-Gummies-Bulk-1.webp 800w, https:\/\/www.lechaocandy.com\/wp-content\/uploads\/2025\/06\/Jelly-Fruit-Candy-Wholesale-Sugar-Coated-Star-Gummies-Bulk-1-300x300.webp 300w, https:\/\/www.lechaocandy.com\/wp-content\/uploads\/2025\/06\/Jelly-Fruit-Candy-Wholesale-Sugar-Coated-Star-Gummies-Bulk-1-150x150.webp 150w, https:\/\/www.lechaocandy.com\/wp-content\/uploads\/2025\/06\/Jelly-Fruit-Candy-Wholesale-Sugar-Coated-Star-Gummies-Bulk-1-768x768.webp 768w, https:\/\/www.lechaocandy.com\/wp-content\/uploads\/2025\/06\/Jelly-Fruit-Candy-Wholesale-Sugar-Coated-Star-Gummies-Bulk-1-12x12.webp 12w, https:\/\/www.lechaocandy.com\/wp-content\/uploads\/2025\/06\/Jelly-Fruit-Candy-Wholesale-Sugar-Coated-Star-Gummies-Bulk-1-600x600.webp 600w, https:\/\/www.lechaocandy.com\/wp-content\/uploads\/2025\/06\/Jelly-Fruit-Candy-Wholesale-Sugar-Coated-Star-Gummies-Bulk-1-100x100.webp 100w\" sizes=\"(max-width: 800px) 100vw, 800px\" \/><\/figure><\/div><\/div>","protected":false},"excerpt":{"rendered":"<p>Bienvenue pour acheter des gommes enrob\u00e9es de sucre en vrac. Ces bonbons aux fruits enrob\u00e9s de sucre fin ont un go\u00fbt sucr\u00e9 avec une l\u00e9g\u00e8re acidit\u00e9. Il est emball\u00e9 individuellement en flocons, ce qui est propre et hygi\u00e9nique, facile \u00e0 distribuer et \u00e0 utiliser, et convient aux ventes en gros, aux bo\u00eetes de cadeaux de vacances ou aux combinaisons de collations pour enfants.<\/p>\n<table style=\"border-collapse: collapse; width: 329.02pt;\" border=\"0\" width=\"329\" cellspacing=\"0\" cellpadding=\"0\">\n<tbody>\n<tr style=\"height: 17.60pt;\">\n<td class=\"et2\" style=\"height: 17.60pt; width: 110.80pt;\" width=\"110\" height=\"17\">Fabricant<\/td>\n<td class=\"et2\" style=\"width: 219.15pt;\" width=\"219\">LeChao Candy<\/td>\n<\/tr>\n<tr style=\"height: 18.00pt;\">\n<td class=\"et2\" style=\"height: 18.00pt;\" height=\"18\">Type de produit<\/td>\n<td class=\"et3\" style=\"width: 219.15pt;\" width=\"219\">Bonbons g\u00e9lifi\u00e9s \u00e9toil\u00e9s enrob\u00e9s de sucre<\/td>\n<\/tr>\n<tr style=\"height: 18.00pt;\">\n<td class=\"et2\" style=\"height: 18.00pt;\" height=\"18\">Le go\u00fbt<\/td>\n<td class=\"et3\" style=\"width: 219.15pt;\" width=\"219\">Aigre-doux et r\u00e9silient<\/td>\n<\/tr>\n<tr style=\"height: 17.60pt;\">\n<td class=\"et2\" style=\"height: 17.60pt;\" height=\"17\">Sp\u00e9cifications<\/td>\n<td class=\"et2\">25gx24pcsx12boxes<\/td>\n<\/tr>\n<tr style=\"height: 17.60pt;\">\n<td class=\"et2\" style=\"height: 17.60pt;\" height=\"17\">Taille du carton<\/td>\n<td class=\"et2\">38.5\u00d738.5x26cm<\/td>\n<\/tr>\n<tr style=\"height: 17.60pt;\">\n<td class=\"et2\" style=\"height: 17.60pt;\" height=\"17\">N.W.\/Carton<\/td>\n<td class=\"et2\">9,4 kg<\/td>\n<\/tr>\n<tr style=\"height: 17.60pt;\">\n<td class=\"et2\" style=\"height: 17.60pt;\" height=\"17\">Prix<\/td>\n<td class=\"et2\">19.6USD<\/td>\n<\/tr>\n<tr style=\"height: 17.60pt;\">\n<td class=\"et2\" style=\"height: 17.60pt;\" height=\"17\">MOQ<\/td>\n<td class=\"et2\">500CTNS<\/td>\n<\/tr>\n<tr style=\"height: 17.60pt;\">\n<td class=\"et2\" style=\"height: 17.60pt;\" height=\"17\">\u00c9chantillon<\/td>\n<td class=\"et2\">Disponible<\/td>\n<\/tr>\n<\/tbody>\n<\/table>","protected":false},"featured_media":1107,"comment_status":"open","ping_status":"closed","template":"","meta":{"_acf_changed":false},"product_brand":[],"product_cat":[19,28],"product_tag":[],"class_list":{"0":"post-1105","1":"product","2":"type-product","3":"status-publish","4":"has-post-thumbnail","6":"product_cat-wholesale-gummy-manufacturer","7":"product_cat-bulk-sour-gummies","9":"first","10":"instock","11":"shipping-taxable","12":"product-type-simple"},"acf":[],"_links":{"self":[{"href":"https:\/\/www.lechaocandy.com\/fr\/wp-json\/wp\/v2\/product\/1105","targetHints":{"allow":["GET"]}}],"collection":[{"href":"https:\/\/www.lechaocandy.com\/fr\/wp-json\/wp\/v2\/product"}],"about":[{"href":"https:\/\/www.lechaocandy.com\/fr\/wp-json\/wp\/v2\/types\/product"}],"replies":[{"embeddable":true,"href":"https:\/\/www.lechaocandy.com\/fr\/wp-json\/wp\/v2\/comments?post=1105"}],"wp:featuredmedia":[{"embeddable":true,"href":"https:\/\/www.lechaocandy.com\/fr\/wp-json\/wp\/v2\/media\/1107"}],"wp:attachment":[{"href":"https:\/\/www.lechaocandy.com\/fr\/wp-json\/wp\/v2\/media?parent=1105"}],"wp:term":[{"taxonomy":"product_brand","embeddable":true,"href":"https:\/\/www.lechaocandy.com\/fr\/wp-json\/wp\/v2\/product_brand?post=1105"},{"taxonomy":"product_cat","embeddable":true,"href":"https:\/\/www.lechaocandy.com\/fr\/wp-json\/wp\/v2\/product_cat?post=1105"},{"taxonomy":"product_tag","embeddable":true,"href":"https:\/\/www.lechaocandy.com\/fr\/wp-json\/wp\/v2\/product_tag?post=1105"}],"curies":[{"name":"wp","href":"https:\/\/api.w.org\/{rel}","templated":true}]}}