{"id":1108,"date":"2025-06-02T03:11:32","date_gmt":"2025-06-02T03:11:32","guid":{"rendered":"https:\/\/www.lechaocandy.com\/?post_type=product&#038;p=1108"},"modified":"2025-06-02T03:46:56","modified_gmt":"2025-06-02T03:46:56","slug":"bulk-fruit-gummies","status":"publish","type":"product","link":"https:\/\/www.lechaocandy.com\/fr\/produit\/bulk-fruit-gummies\/","title":{"rendered":"Star Shape Bulk Fruit Gummies, Soft Chewy Candies Wholesale"},"content":{"rendered":"<div class=\"wp-block-columns is-layout-flex wp-container-core-columns-is-layout-9d6595d7 wp-block-columns-is-layout-flex\"><div class=\"wp-block-column is-layout-flow wp-block-column-is-layout-flow\"><h2 class=\"wp-block-heading\">Points forts du produit Star Shape Bulk Fruit Gummies (gommes de fruits en vrac)<\/h2>\n\n<ul class=\"wp-block-list\"><li><strong>Design en forme d'\u00e9toile : <\/strong>Ces gommes aux fruits en vrac ont une forme \u00e9toil\u00e9e, mignonne et intrigante, parfaite pour le march\u00e9 des enfants et des jeunes.<\/li>\n\n<li><strong>Combinaison de saveurs fruit\u00e9es \u00e0 trois couleurs : <\/strong>Nos gommes aux fruits en gros sont aromatis\u00e9es et color\u00e9es, ajoutant un niveau accru de visuel et de go\u00fbt \u00e0 l'article.<\/li>\n\n<li><strong>Go\u00fbt doux et moelleux : <\/strong>Nos gommes aux fruits en vrac sont fabriqu\u00e9es \u00e0 partir de mati\u00e8res premi\u00e8res de haute qualit\u00e9. Elles ont un go\u00fbt doux et moelleux, un fort parfum fruit\u00e9, sont sucr\u00e9es et non huileuses.<\/li>\n\n<li><strong>Emballage individuel en feuilles : <\/strong>Ces gommes aux fruits en gros sont emball\u00e9es dans des feuilles individuelles, qui sont hygi\u00e9niques et s\u00fbres, faciles \u00e0 transporter, \u00e0 stocker et \u00e0 partager.<\/li>\n\n<li><strong>Convient au commerce de gros multicanal : <\/strong>Nos gommes aux fruits en vrac peuvent faire l'objet de services de personnalisation OEM\/ODM et conviennent aux supermarch\u00e9s, \u00e0 la vente au d\u00e9tail, au commerce \u00e9lectronique, aux paquets-cadeaux festifs et \u00e0 d'autres sc\u00e9narios de vente.<\/li><\/ul><\/div>\n\n<div class=\"wp-block-column is-layout-flow wp-block-column-is-layout-flow\"><figure class=\"wp-block-image size-full\"><img decoding=\"async\" width=\"800\" height=\"800\" src=\"https:\/\/www.lechaocandy.com\/wp-content\/uploads\/2025\/06\/Star-Shape-Bulk-Fruit-Gummies-Soft-Chewy-Candies-Wholesale-4.webp\" alt=\"Star Shape Bulk Fruit Gummies, Soft Chewy Candies Wholesale-4\" class=\"wp-image-1112\" srcset=\"https:\/\/www.lechaocandy.com\/wp-content\/uploads\/2025\/06\/Star-Shape-Bulk-Fruit-Gummies-Soft-Chewy-Candies-Wholesale-4.webp 800w, https:\/\/www.lechaocandy.com\/wp-content\/uploads\/2025\/06\/Star-Shape-Bulk-Fruit-Gummies-Soft-Chewy-Candies-Wholesale-4-300x300.webp 300w, https:\/\/www.lechaocandy.com\/wp-content\/uploads\/2025\/06\/Star-Shape-Bulk-Fruit-Gummies-Soft-Chewy-Candies-Wholesale-4-150x150.webp 150w, https:\/\/www.lechaocandy.com\/wp-content\/uploads\/2025\/06\/Star-Shape-Bulk-Fruit-Gummies-Soft-Chewy-Candies-Wholesale-4-768x768.webp 768w, https:\/\/www.lechaocandy.com\/wp-content\/uploads\/2025\/06\/Star-Shape-Bulk-Fruit-Gummies-Soft-Chewy-Candies-Wholesale-4-12x12.webp 12w, https:\/\/www.lechaocandy.com\/wp-content\/uploads\/2025\/06\/Star-Shape-Bulk-Fruit-Gummies-Soft-Chewy-Candies-Wholesale-4-600x600.webp 600w, https:\/\/www.lechaocandy.com\/wp-content\/uploads\/2025\/06\/Star-Shape-Bulk-Fruit-Gummies-Soft-Chewy-Candies-Wholesale-4-100x100.webp 100w\" sizes=\"(max-width: 800px) 100vw, 800px\" \/><\/figure><\/div><\/div>","protected":false},"excerpt":{"rendered":"<p>Bienvenue \u00e0 l'achat de gommes de fruits en vrac. Nos gommes aux fruits en forme d'\u00e9toile sont mignonnes en apparence, douces et moelleuses en texture et pleines d'une odeur fruit\u00e9e. Ils conviennent pour les paquets d'encas, les f\u00eates, les festivals et le commerce de gros en vrac.<\/p>\n<table style=\"border-collapse: collapse; width: 329.02pt;\" border=\"0\" width=\"329\" cellspacing=\"0\" cellpadding=\"0\">\n<tbody>\n<tr style=\"height: 17.60pt;\">\n<td class=\"et2\" style=\"height: 17.60pt; width: 110.80pt;\" width=\"110\" height=\"17\">Fabricant<\/td>\n<td class=\"et2\" style=\"width: 219.15pt;\" width=\"219\">LeChao Candy<\/td>\n<\/tr>\n<tr style=\"height: 18.00pt;\">\n<td class=\"et2\" style=\"height: 18.00pt;\" height=\"18\">Type de produit<\/td>\n<td class=\"et3\" style=\"width: 219.15pt;\" width=\"219\">Bonbons g\u00e9lifi\u00e9s en forme d'\u00e9toile<\/td>\n<\/tr>\n<tr style=\"height: 18.00pt;\">\n<td class=\"et2\" style=\"height: 18.00pt;\" height=\"18\">Le go\u00fbt<\/td>\n<td class=\"et3\" style=\"width: 219.15pt;\" width=\"219\">Aigre-doux et r\u00e9silient<\/td>\n<\/tr>\n<tr style=\"height: 17.60pt;\">\n<td class=\"et2\" style=\"height: 17.60pt;\" height=\"17\">Sp\u00e9cifications<\/td>\n<td class=\"et2\">25gx24pcsx12boxes<\/td>\n<\/tr>\n<tr style=\"height: 17.60pt;\">\n<td class=\"et2\" style=\"height: 17.60pt;\" height=\"17\">Taille du carton<\/td>\n<td class=\"et2\">42.5x31x20cm<\/td>\n<\/tr>\n<tr style=\"height: 17.60pt;\">\n<td class=\"et2\" style=\"height: 17.60pt;\" height=\"17\">N.W.\/Carton<\/td>\n<td class=\"et2\">9,4 kg<\/td>\n<\/tr>\n<tr style=\"height: 17.60pt;\">\n<td class=\"et2\" style=\"height: 17.60pt;\" height=\"17\">Prix<\/td>\n<td class=\"et2\">19.6USD<\/td>\n<\/tr>\n<tr style=\"height: 17.60pt;\">\n<td class=\"et2\" style=\"height: 17.60pt;\" height=\"17\">MOQ<\/td>\n<td class=\"et2\">500CTNS<\/td>\n<\/tr>\n<tr style=\"height: 17.60pt;\">\n<td class=\"et2\" style=\"height: 17.60pt;\" height=\"17\">\u00c9chantillon<\/td>\n<td class=\"et2\">Disponible<\/td>\n<\/tr>\n<\/tbody>\n<\/table>","protected":false},"featured_media":1109,"comment_status":"open","ping_status":"closed","template":"","meta":{"_acf_changed":false},"product_brand":[],"product_cat":[19],"product_tag":[],"class_list":{"0":"post-1108","1":"product","2":"type-product","3":"status-publish","4":"has-post-thumbnail","6":"product_cat-wholesale-gummy-manufacturer","8":"first","9":"instock","10":"shipping-taxable","11":"product-type-simple"},"acf":[],"_links":{"self":[{"href":"https:\/\/www.lechaocandy.com\/fr\/wp-json\/wp\/v2\/product\/1108","targetHints":{"allow":["GET"]}}],"collection":[{"href":"https:\/\/www.lechaocandy.com\/fr\/wp-json\/wp\/v2\/product"}],"about":[{"href":"https:\/\/www.lechaocandy.com\/fr\/wp-json\/wp\/v2\/types\/product"}],"replies":[{"embeddable":true,"href":"https:\/\/www.lechaocandy.com\/fr\/wp-json\/wp\/v2\/comments?post=1108"}],"wp:featuredmedia":[{"embeddable":true,"href":"https:\/\/www.lechaocandy.com\/fr\/wp-json\/wp\/v2\/media\/1109"}],"wp:attachment":[{"href":"https:\/\/www.lechaocandy.com\/fr\/wp-json\/wp\/v2\/media?parent=1108"}],"wp:term":[{"taxonomy":"product_brand","embeddable":true,"href":"https:\/\/www.lechaocandy.com\/fr\/wp-json\/wp\/v2\/product_brand?post=1108"},{"taxonomy":"product_cat","embeddable":true,"href":"https:\/\/www.lechaocandy.com\/fr\/wp-json\/wp\/v2\/product_cat?post=1108"},{"taxonomy":"product_tag","embeddable":true,"href":"https:\/\/www.lechaocandy.com\/fr\/wp-json\/wp\/v2\/product_tag?post=1108"}],"curies":[{"name":"wp","href":"https:\/\/api.w.org\/{rel}","templated":true}]}}