{"id":1120,"date":"2025-06-02T07:07:23","date_gmt":"2025-06-02T07:07:23","guid":{"rendered":"https:\/\/www.lechaocandy.com\/?post_type=product&#038;p=1120"},"modified":"2026-03-30T09:29:09","modified_gmt":"2026-03-30T09:29:09","slug":"sour-gummies-bulk","status":"publish","type":"product","link":"https:\/\/www.lechaocandy.com\/fr\/produit\/sour-gummies-bulk\/","title":{"rendered":"LeChao Mango Sour Gummies Bulk, Wholesale Chewy Sweets (bonbons \u00e0 m\u00e2cher)"},"content":{"rendered":"<div class=\"wp-block-columns is-layout-flex wp-container-core-columns-is-layout-9d6595d7 wp-block-columns-is-layout-flex\"><div class=\"wp-block-column is-layout-flow wp-block-column-is-layout-flow\"><h2 class=\"wp-block-heading\">Points forts du produit Mango Sour Gummies Bulk<\/h2>\n\n<ul class=\"wp-block-list\"><li><strong>Saveur de mangue, fusion aigre-douce :<\/strong> LeChao's mango sour gummies bulk a un ar\u00f4me frais et riche de mangue, avec un go\u00fbt aigre-doux, apportant aux consommateurs une exp\u00e9rience gustative riche.<\/li>\n\n<li><strong>Coquille croustillante + c\u0153ur tendre :<\/strong> Ces bonbons \u00e0 m\u00e2cher en gros aromatis\u00e9s \u00e0 la mangue sont con\u00e7us avec une structure \u00e0 deux couches, avec une coquille de sucre acidul\u00e9 croustillante sur la couche ext\u00e9rieure et un noyau int\u00e9rieur doux et moelleux pour r\u00e9pondre \u00e0 diff\u00e9rents niveaux de besoins gustatifs.<\/li>\n\n<li><strong>Emballage ind\u00e9pendant, hygi\u00e9nique et pratique : <\/strong>Nous fournissons un emballage ind\u00e9pendant pour chaque gomme acidul\u00e9e en vrac, qui est propre et hygi\u00e9nique, facile \u00e0 transporter et adapt\u00e9 \u00e0 la d\u00e9gustation et au partage \u00e0 tout moment.<\/li>\n\n<li><strong>Applicable \u00e0 de multiples sc\u00e9narios et facile \u00e0 vendre : <\/strong>Ces bonbons \u00e0 m\u00e2cher \u00e0 la mangue conviennent aux supermarch\u00e9s, aux magasins de proximit\u00e9, aux plateformes de commerce \u00e9lectronique, aux combinaisons de coffrets-cadeaux et \u00e0 d'autres canaux pour aider les clients \u00e0 \u00e9tendre leur march\u00e9.<\/li>\n\n<li><strong>Fournit des services de gros et des services personnalis\u00e9s :<\/strong> Nos gommes acides en vrac fournissent des services en gros et personnalis\u00e9s, y compris les ar\u00f4mes, les couleurs, l'emballage, etc. pour r\u00e9pondre aux besoins personnalis\u00e9s des marques.<\/li><\/ul><\/div>\n\n<div class=\"wp-block-column is-layout-flow wp-block-column-is-layout-flow\"><figure class=\"wp-block-image size-full\"><img decoding=\"async\" width=\"800\" height=\"800\" src=\"https:\/\/www.lechaocandy.com\/wp-content\/uploads\/2025\/06\/LeChao-Mango-Sour-Gummies-Bulk-Wholesale-Chewy-Sweets-2.webp\" alt=\"LeChao Mango Sour Gummies Bulk, Wholesale Chewy Sweets-2\" class=\"wp-image-1122\" srcset=\"https:\/\/www.lechaocandy.com\/wp-content\/uploads\/2025\/06\/LeChao-Mango-Sour-Gummies-Bulk-Wholesale-Chewy-Sweets-2.webp 800w, https:\/\/www.lechaocandy.com\/wp-content\/uploads\/2025\/06\/LeChao-Mango-Sour-Gummies-Bulk-Wholesale-Chewy-Sweets-2-300x300.webp 300w, https:\/\/www.lechaocandy.com\/wp-content\/uploads\/2025\/06\/LeChao-Mango-Sour-Gummies-Bulk-Wholesale-Chewy-Sweets-2-150x150.webp 150w, https:\/\/www.lechaocandy.com\/wp-content\/uploads\/2025\/06\/LeChao-Mango-Sour-Gummies-Bulk-Wholesale-Chewy-Sweets-2-768x768.webp 768w, https:\/\/www.lechaocandy.com\/wp-content\/uploads\/2025\/06\/LeChao-Mango-Sour-Gummies-Bulk-Wholesale-Chewy-Sweets-2-12x12.webp 12w, https:\/\/www.lechaocandy.com\/wp-content\/uploads\/2025\/06\/LeChao-Mango-Sour-Gummies-Bulk-Wholesale-Chewy-Sweets-2-600x600.webp 600w, https:\/\/www.lechaocandy.com\/wp-content\/uploads\/2025\/06\/LeChao-Mango-Sour-Gummies-Bulk-Wholesale-Chewy-Sweets-2-100x100.webp 100w\" sizes=\"(max-width: 800px) 100vw, 800px\" \/><\/figure><\/div><\/div><figure class=\"wp-block-embed is-type-video is-provider-youtube wp-block-embed-youtube wp-embed-aspect-16-9 wp-has-aspect-ratio\"><div class=\"wp-block-embed__wrapper\">\n<iframe title=\"Sour Gummy Candy | Halal Candy Lechao\" width=\"500\" height=\"281\" src=\"https:\/\/www.youtube.com\/embed\/G4uCMpCQGSQ?feature=oembed\" frameborder=\"0\" allow=\"accelerometer; autoplay; clipboard-write; encrypted-media; gyroscope; picture-in-picture; web-share\" referrerpolicy=\"strict-origin-when-cross-origin\" allowfullscreen><\/iframe>\n<\/div><\/figure>","protected":false},"excerpt":{"rendered":"<p>Bienvenue sur le site d'achat en gros de bonbons \u00e0 m\u00e2cher. Les gommes acidul\u00e9es \u00e0 la mangue de LeChao sont envelopp\u00e9es d'une poudre de sucre sucr\u00e9e et acidul\u00e9e \u00e0 l'ext\u00e9rieur, et le noyau int\u00e9rieur est doux et \u00e9lastique, apportant un go\u00fbt de mangue avec une saveur sucr\u00e9e et acidul\u00e9e et un ar\u00f4me riche.<\/p>\n<table style=\"border-collapse: collapse; width: 329.02pt;\" border=\"0\" width=\"329\" cellspacing=\"0\" cellpadding=\"0\">\n<tbody>\n<tr style=\"height: 17.60pt;\">\n<td class=\"et2\" style=\"height: 17.60pt; width: 110.80pt;\" width=\"110\" height=\"17\">Fabricant<\/td>\n<td class=\"et2\" style=\"width: 219.15pt;\" width=\"219\">LeChao Candy<\/td>\n<\/tr>\n<tr style=\"height: 18.00pt;\">\n<td class=\"et2\" style=\"height: 18.00pt;\" height=\"18\">Type de produit<\/td>\n<td class=\"et3\" style=\"width: 219.15pt;\" width=\"219\">Mini bonbons mous acidul\u00e9s<\/td>\n<\/tr>\n<tr style=\"height: 18.00pt;\">\n<td class=\"et2\" style=\"height: 18.00pt;\" height=\"18\">Le go\u00fbt<\/td>\n<td class=\"et3\" style=\"width: 219.15pt;\" width=\"219\">Piquant et fruit\u00e9<\/td>\n<\/tr>\n<tr style=\"height: 17.60pt;\">\n<td class=\"et2\" style=\"height: 17.60pt;\" height=\"17\">Sp\u00e9cifications<\/td>\n<td class=\"et2\">14gx20mini box x30boxes<\/td>\n<\/tr>\n<tr style=\"height: 17.60pt;\">\n<td class=\"et2\" style=\"height: 17.60pt;\" height=\"17\">Taille du carton<\/td>\n<td class=\"et2\">47*46*30cm<\/td>\n<\/tr>\n<tr style=\"height: 17.60pt;\">\n<td class=\"et2\" style=\"height: 17.60pt;\" height=\"17\">N.W.\/Carton<\/td>\n<td class=\"et2\">13,0 kg<\/td>\n<\/tr>\n<tr style=\"height: 17.60pt;\">\n<td class=\"et2\" style=\"height: 17.60pt;\" height=\"17\">Prix<\/td>\n<td class=\"et2\">19.6USD<\/td>\n<\/tr>\n<tr style=\"height: 17.60pt;\">\n<td class=\"et2\" style=\"height: 17.60pt;\" height=\"17\">MOQ<\/td>\n<td class=\"et2\">500CTNS<\/td>\n<\/tr>\n<tr style=\"height: 17.60pt;\">\n<td class=\"et2\" style=\"height: 17.60pt;\" height=\"17\">\u00c9chantillon<\/td>\n<td class=\"et2\">Disponible<\/td>\n<\/tr>\n<\/tbody>\n<\/table>","protected":false},"featured_media":1121,"comment_status":"open","ping_status":"closed","template":"","meta":{"_acf_changed":false},"product_brand":[],"product_cat":[28,19],"product_tag":[],"class_list":{"0":"post-1120","1":"product","2":"type-product","3":"status-publish","4":"has-post-thumbnail","6":"product_cat-bulk-sour-gummies","7":"product_cat-wholesale-gummy-manufacturer","9":"first","10":"instock","11":"shipping-taxable","12":"product-type-simple"},"acf":[],"_links":{"self":[{"href":"https:\/\/www.lechaocandy.com\/fr\/wp-json\/wp\/v2\/product\/1120","targetHints":{"allow":["GET"]}}],"collection":[{"href":"https:\/\/www.lechaocandy.com\/fr\/wp-json\/wp\/v2\/product"}],"about":[{"href":"https:\/\/www.lechaocandy.com\/fr\/wp-json\/wp\/v2\/types\/product"}],"replies":[{"embeddable":true,"href":"https:\/\/www.lechaocandy.com\/fr\/wp-json\/wp\/v2\/comments?post=1120"}],"wp:featuredmedia":[{"embeddable":true,"href":"https:\/\/www.lechaocandy.com\/fr\/wp-json\/wp\/v2\/media\/1121"}],"wp:attachment":[{"href":"https:\/\/www.lechaocandy.com\/fr\/wp-json\/wp\/v2\/media?parent=1120"}],"wp:term":[{"taxonomy":"product_brand","embeddable":true,"href":"https:\/\/www.lechaocandy.com\/fr\/wp-json\/wp\/v2\/product_brand?post=1120"},{"taxonomy":"product_cat","embeddable":true,"href":"https:\/\/www.lechaocandy.com\/fr\/wp-json\/wp\/v2\/product_cat?post=1120"},{"taxonomy":"product_tag","embeddable":true,"href":"https:\/\/www.lechaocandy.com\/fr\/wp-json\/wp\/v2\/product_tag?post=1120"}],"curies":[{"name":"wp","href":"https:\/\/api.w.org\/{rel}","templated":true}]}}