{"id":1124,"date":"2025-06-02T07:25:52","date_gmt":"2025-06-02T07:25:52","guid":{"rendered":"https:\/\/www.lechaocandy.com\/?post_type=product&#038;p=1124"},"modified":"2025-06-02T07:53:08","modified_gmt":"2025-06-02T07:53:08","slug":"sour-gummy-candy-in-bulk","status":"publish","type":"product","link":"https:\/\/www.lechaocandy.com\/fr\/produit\/sour-gummy-candy-in-bulk\/","title":{"rendered":"Bonbons g\u00e9lifi\u00e9s acidul\u00e9s en forme de coeur en vrac, acheter des bonbons mous"},"content":{"rendered":"<div class=\"wp-block-columns is-layout-flex wp-container-core-columns-is-layout-9d6595d7 wp-block-columns-is-layout-flex\"><div class=\"wp-block-column is-layout-flow wp-block-column-is-layout-flow\"><h2 class=\"wp-block-heading\">Points forts du produit Bonbons g\u00e9lifi\u00e9s acidul\u00e9s en vrac<\/h2>\n\n<ul class=\"wp-block-list\"><li><strong>La forme en c\u0153ur attire l'attention : <\/strong>Ce bonbon g\u00e9lifi\u00e9 acidul\u00e9 en vrac est con\u00e7u en forme de c\u0153ur, ce qui est magnifique et augmente la volont\u00e9 d'achat des consommateurs. Il est particuli\u00e8rement adapt\u00e9 aux sc\u00e8nes th\u00e9matiques telles que la Saint-Valentin et les coffrets cadeaux pour les f\u00eates de fin d'ann\u00e9e.<\/li>\n\n<li><strong>Coutures en couleur, couleurs riches : <\/strong>Ces bonbons \u00e0 m\u00e2cher en gros utilisent un design de couture bicolore, avec des tons vifs, et cr\u00e9ent un effet visuel vivant et ludique, et am\u00e9liorent la reconnaissance du produit.<\/li>\n\n<li><strong>Envelopp\u00e9 de sucre acidul\u00e9, avec de riches couches de go\u00fbt : <\/strong>Ces bonbons g\u00e9lifi\u00e9s acidul\u00e9s en vrac sont recouverts d'une fine couche de sucre acidul\u00e9, ce qui leur conf\u00e8re un go\u00fbt initial acidul\u00e9 et savoureux, tandis que l'int\u00e9rieur est doux et moelleux, r\u00e9pondant ainsi \u00e0 divers besoins gustatifs.<\/li>\n\n<li><strong>Convient \u00e0 plusieurs canaux de vente :<\/strong> Nos bonbons \u00e0 m\u00e2cher en gros sont adapt\u00e9s \u00e0 diff\u00e9rents canaux tels que les emballages de vente au d\u00e9tail, les coffrets-cadeaux et la vente en vrac, et peuvent r\u00e9pondre aux diff\u00e9rentes demandes du march\u00e9.<\/li>\n\n<li><strong>Prise en charge de la vente en gros et de la personnalisation : <\/strong>LeChao's sour gummy candy in bulk fournit le commerce de gros et peut personnaliser le go\u00fbt, la couleur et l'emballage en fonction des exigences du client, ce qui permet aux marques de cr\u00e9er des lignes de produits uniques.<\/li><\/ul><\/div>\n\n<div class=\"wp-block-column is-layout-flow wp-block-column-is-layout-flow\"><figure class=\"wp-block-image size-full\"><img decoding=\"async\" width=\"800\" height=\"800\" src=\"https:\/\/www.lechaocandy.com\/wp-content\/uploads\/2025\/06\/Heart-Shaped-Sour-Gummy-Candy-In-Bulk-Purchase-Soft-Candy-1.webp\" alt=\"Bonbons g\u00e9lifi\u00e9s acidul\u00e9s en forme de coeur en vrac, acheter Soft Candy-1\" class=\"wp-image-1125\" srcset=\"https:\/\/www.lechaocandy.com\/wp-content\/uploads\/2025\/06\/Heart-Shaped-Sour-Gummy-Candy-In-Bulk-Purchase-Soft-Candy-1.webp 800w, https:\/\/www.lechaocandy.com\/wp-content\/uploads\/2025\/06\/Heart-Shaped-Sour-Gummy-Candy-In-Bulk-Purchase-Soft-Candy-1-300x300.webp 300w, https:\/\/www.lechaocandy.com\/wp-content\/uploads\/2025\/06\/Heart-Shaped-Sour-Gummy-Candy-In-Bulk-Purchase-Soft-Candy-1-150x150.webp 150w, https:\/\/www.lechaocandy.com\/wp-content\/uploads\/2025\/06\/Heart-Shaped-Sour-Gummy-Candy-In-Bulk-Purchase-Soft-Candy-1-768x768.webp 768w, https:\/\/www.lechaocandy.com\/wp-content\/uploads\/2025\/06\/Heart-Shaped-Sour-Gummy-Candy-In-Bulk-Purchase-Soft-Candy-1-12x12.webp 12w, https:\/\/www.lechaocandy.com\/wp-content\/uploads\/2025\/06\/Heart-Shaped-Sour-Gummy-Candy-In-Bulk-Purchase-Soft-Candy-1-600x600.webp 600w, https:\/\/www.lechaocandy.com\/wp-content\/uploads\/2025\/06\/Heart-Shaped-Sour-Gummy-Candy-In-Bulk-Purchase-Soft-Candy-1-100x100.webp 100w\" sizes=\"(max-width: 800px) 100vw, 800px\" \/><\/figure><\/div><\/div>","protected":false},"excerpt":{"rendered":"<p>Bienvenue \u00e0 l'achat en gros de bonbons \u00e0 m\u00e2cher. Ces bonbons g\u00e9lifi\u00e9s acidul\u00e9s en forme de c\u0153ur de couleur vive en vrac ont non seulement un bon go\u00fbt, mais sont \u00e9galement visuellement attrayants, id\u00e9aux pour les promotions de grignotage, les promotions de vacances et la coordination de coffrets-cadeaux.<\/p>\n<table style=\"border-collapse: collapse; width: 329.02pt;\" border=\"0\" width=\"329\" cellspacing=\"0\" cellpadding=\"0\">\n<tbody>\n<tr style=\"height: 17.60pt;\">\n<td class=\"et2\" style=\"height: 17.60pt; width: 110.80pt;\" width=\"110\" height=\"17\">Fabricant<\/td>\n<td class=\"et2\" style=\"width: 219.15pt;\" width=\"219\">LeChao Candy<\/td>\n<\/tr>\n<tr style=\"height: 18.00pt;\">\n<td class=\"et2\" style=\"height: 18.00pt;\" height=\"18\">Type de produit<\/td>\n<td class=\"et3\" style=\"width: 219.15pt;\" width=\"219\">Bonbons g\u00e9lifi\u00e9s acidul\u00e9s en forme de coeur<\/td>\n<\/tr>\n<tr style=\"height: 18.00pt;\">\n<td class=\"et2\" style=\"height: 18.00pt;\" height=\"18\">Le go\u00fbt<\/td>\n<td class=\"et3\" style=\"width: 219.15pt;\" width=\"219\">Aigre et r\u00e9sistant<\/td>\n<\/tr>\n<tr style=\"height: 17.60pt;\">\n<td class=\"et2\" style=\"height: 17.60pt;\" height=\"17\">Sp\u00e9cifications<\/td>\n<td class=\"et2\">118gx48bags<\/td>\n<\/tr>\n<tr style=\"height: 17.60pt;\">\n<td class=\"et2\" style=\"height: 17.60pt;\" height=\"17\">Taille du carton<\/td>\n<td class=\"et2\">39*26*24cm<\/td>\n<\/tr>\n<tr style=\"height: 17.60pt;\">\n<td class=\"et2\" style=\"height: 17.60pt;\" height=\"17\">N.W.\/Carton<\/td>\n<td class=\"et2\">7,5 kg<\/td>\n<\/tr>\n<tr style=\"height: 17.60pt;\">\n<td class=\"et2\" style=\"height: 17.60pt;\" height=\"17\">Prix<\/td>\n<td class=\"et2\">24USD<\/td>\n<\/tr>\n<tr style=\"height: 17.60pt;\">\n<td class=\"et2\" style=\"height: 17.60pt;\" height=\"17\">MOQ<\/td>\n<td class=\"et2\">500CTNS<\/td>\n<\/tr>\n<tr style=\"height: 17.60pt;\">\n<td class=\"et2\" style=\"height: 17.60pt;\" height=\"17\">\u00c9chantillon<\/td>\n<td class=\"et2\">Disponible<\/td>\n<\/tr>\n<\/tbody>\n<\/table>","protected":false},"featured_media":1126,"comment_status":"open","ping_status":"closed","template":"","meta":{"_acf_changed":false},"product_brand":[],"product_cat":[28,19],"product_tag":[],"class_list":{"0":"post-1124","1":"product","2":"type-product","3":"status-publish","4":"has-post-thumbnail","6":"product_cat-bulk-sour-gummies","7":"product_cat-wholesale-gummy-manufacturer","9":"first","10":"instock","11":"shipping-taxable","12":"product-type-simple"},"acf":[],"_links":{"self":[{"href":"https:\/\/www.lechaocandy.com\/fr\/wp-json\/wp\/v2\/product\/1124","targetHints":{"allow":["GET"]}}],"collection":[{"href":"https:\/\/www.lechaocandy.com\/fr\/wp-json\/wp\/v2\/product"}],"about":[{"href":"https:\/\/www.lechaocandy.com\/fr\/wp-json\/wp\/v2\/types\/product"}],"replies":[{"embeddable":true,"href":"https:\/\/www.lechaocandy.com\/fr\/wp-json\/wp\/v2\/comments?post=1124"}],"wp:featuredmedia":[{"embeddable":true,"href":"https:\/\/www.lechaocandy.com\/fr\/wp-json\/wp\/v2\/media\/1126"}],"wp:attachment":[{"href":"https:\/\/www.lechaocandy.com\/fr\/wp-json\/wp\/v2\/media?parent=1124"}],"wp:term":[{"taxonomy":"product_brand","embeddable":true,"href":"https:\/\/www.lechaocandy.com\/fr\/wp-json\/wp\/v2\/product_brand?post=1124"},{"taxonomy":"product_cat","embeddable":true,"href":"https:\/\/www.lechaocandy.com\/fr\/wp-json\/wp\/v2\/product_cat?post=1124"},{"taxonomy":"product_tag","embeddable":true,"href":"https:\/\/www.lechaocandy.com\/fr\/wp-json\/wp\/v2\/product_tag?post=1124"}],"curies":[{"name":"wp","href":"https:\/\/api.w.org\/{rel}","templated":true}]}}