{"id":1130,"date":"2025-06-02T07:53:45","date_gmt":"2025-06-02T07:53:45","guid":{"rendered":"https:\/\/www.lechaocandy.com\/?post_type=product&#038;p=1130"},"modified":"2025-06-02T08:06:01","modified_gmt":"2025-06-02T08:06:01","slug":"sour-gummy-candy-wholesale","status":"publish","type":"product","link":"https:\/\/www.lechaocandy.com\/fr\/produit\/sour-gummy-candy-wholesale\/","title":{"rendered":"Bonbons g\u00e9lifi\u00e9s acidul\u00e9s en forme de bouteille en gros, bonbons g\u00e9lifi\u00e9s en vrac"},"content":{"rendered":"<div class=\"wp-block-columns is-layout-flex wp-container-core-columns-is-layout-9d6595d7 wp-block-columns-is-layout-flex\"><div class=\"wp-block-column is-layout-flow wp-block-column-is-layout-flow\"><h2 class=\"wp-block-heading\">Produits phares de la vente en gros de bonbons g\u00e9lifi\u00e9s acidul\u00e9s<\/h2>\n\n<ul class=\"wp-block-list\"><li><strong>Une forme de bouteille mignonne et amusante :<\/strong> Ce bonbon g\u00e9lifi\u00e9 acidul\u00e9 en gros adopte une forme de bouteille unique, une forme innovante et incorpore le c\u00f4t\u00e9 amusant du produit, tr\u00e8s appr\u00e9ci\u00e9 des enfants et des jeunes consommateurs.<\/li>\n\n<li><strong>Les couleurs sont assorties, l'attrait visuel est fort :<\/strong> Ce bonbon g\u00e9lifi\u00e9 en vrac adopte un processus de mise en correspondance des couleurs, avec des couleurs vives, ce qui renforce l'effet de pr\u00e9sentation et am\u00e9liore la reconnaissance du produit dans les rayons.<\/li>\n\n<li><strong>Couche ext\u00e9rieure de sucre aigre, go\u00fbt riche : <\/strong>La surface de ce bonbon gommeux acidul\u00e9 est recouverte d'un sucre acidul\u00e9 d\u00e9licat, qui est acidul\u00e9 et rafra\u00eechissant, et est assorti \u00e0 un bonbon fruit\u00e9 doux et \u00e9lastique, offrant une exp\u00e9rience d\u00e9licieuse d'entrelacement sucr\u00e9 et acidul\u00e9.<\/li>\n\n<li><strong>Forte capacit\u00e9 d'adaptation aux ventes multi-sc\u00e9narios : <\/strong>Nos bonbons g\u00e9lifi\u00e9s en vrac conviennent aux supermarch\u00e9s, au commerce \u00e9lectronique, aux magasins de d\u00e9tail, aux paquets-cadeaux mixtes et \u00e0 d'autres canaux de vente, ainsi qu'aux promotions de vacances ou aux en-cas de f\u00eate.<\/li>\n\n<li><strong>Fournit des services de gros et des services personnalis\u00e9s : <\/strong>LeChao prend en charge la vente en gros et la personnalisation de la vente en gros de bonbons g\u00e9lifi\u00e9s acidul\u00e9s. La couleur, l'emballage et le go\u00fbt peuvent \u00eatre adapt\u00e9s aux besoins des clients afin de r\u00e9pondre aux diff\u00e9rents positionnements sur le march\u00e9.<\/li><\/ul><\/div>\n\n<div class=\"wp-block-column is-layout-flow wp-block-column-is-layout-flow\"><figure class=\"wp-block-image size-full\"><img decoding=\"async\" width=\"800\" height=\"800\" src=\"https:\/\/www.lechaocandy.com\/wp-content\/uploads\/2025\/06\/Bottle-Shape-Sour-Gummy-Candy-Wholesale-Jelly-Candy-In-Bulk-1.webp\" alt=\"Bonbons g\u00e9lifi\u00e9s acidul\u00e9s en forme de bouteille en gros, Bonbons g\u00e9lifi\u00e9s en vrac-1\" class=\"wp-image-1131\" srcset=\"https:\/\/www.lechaocandy.com\/wp-content\/uploads\/2025\/06\/Bottle-Shape-Sour-Gummy-Candy-Wholesale-Jelly-Candy-In-Bulk-1.webp 800w, https:\/\/www.lechaocandy.com\/wp-content\/uploads\/2025\/06\/Bottle-Shape-Sour-Gummy-Candy-Wholesale-Jelly-Candy-In-Bulk-1-300x300.webp 300w, https:\/\/www.lechaocandy.com\/wp-content\/uploads\/2025\/06\/Bottle-Shape-Sour-Gummy-Candy-Wholesale-Jelly-Candy-In-Bulk-1-150x150.webp 150w, https:\/\/www.lechaocandy.com\/wp-content\/uploads\/2025\/06\/Bottle-Shape-Sour-Gummy-Candy-Wholesale-Jelly-Candy-In-Bulk-1-768x768.webp 768w, https:\/\/www.lechaocandy.com\/wp-content\/uploads\/2025\/06\/Bottle-Shape-Sour-Gummy-Candy-Wholesale-Jelly-Candy-In-Bulk-1-12x12.webp 12w, https:\/\/www.lechaocandy.com\/wp-content\/uploads\/2025\/06\/Bottle-Shape-Sour-Gummy-Candy-Wholesale-Jelly-Candy-In-Bulk-1-600x600.webp 600w, https:\/\/www.lechaocandy.com\/wp-content\/uploads\/2025\/06\/Bottle-Shape-Sour-Gummy-Candy-Wholesale-Jelly-Candy-In-Bulk-1-100x100.webp 100w\" sizes=\"(max-width: 800px) 100vw, 800px\" \/><\/figure><\/div><\/div>","protected":false},"excerpt":{"rendered":"<p>Bienvenue \u00e0 l'achat de bonbons g\u00e9lifi\u00e9s en vrac. Ce bonbon g\u00e9lifi\u00e9 acidul\u00e9 en forme de bouteille absorbe le design de la couleur correspondante, avec une couche de sucre acidul\u00e9 \u00e0 l'ext\u00e9rieur, et est riche en saveur. Il offre un aspect ludique de snack sucr\u00e9 et acidul\u00e9, qui est parfait pour tout type de canaux de vente et d'atmosph\u00e8re de vacances.<\/p>\n<table style=\"border-collapse: collapse; width: 329.02pt;\" border=\"0\" width=\"329\" cellspacing=\"0\" cellpadding=\"0\">\n<tbody>\n<tr style=\"height: 17.60pt;\">\n<td class=\"et2\" style=\"height: 17.60pt; width: 110.80pt;\" width=\"110\" height=\"17\">Fabricant<\/td>\n<td class=\"et2\" style=\"width: 219.15pt;\" width=\"219\">LeChao Candy<\/td>\n<\/tr>\n<tr style=\"height: 18.00pt;\">\n<td class=\"et2\" style=\"height: 18.00pt;\" height=\"18\">Type de produit<\/td>\n<td class=\"et3\" style=\"width: 219.15pt;\" width=\"219\">Bonbons g\u00e9lifi\u00e9s acidul\u00e9s en forme de bouteille<\/td>\n<\/tr>\n<tr style=\"height: 18.00pt;\">\n<td class=\"et2\" style=\"height: 18.00pt;\" height=\"18\">Le go\u00fbt<\/td>\n<td class=\"et3\" style=\"width: 219.15pt;\" width=\"219\">Aigre et r\u00e9sistant<\/td>\n<\/tr>\n<tr style=\"height: 17.60pt;\">\n<td class=\"et2\" style=\"height: 17.60pt;\" height=\"17\">Sp\u00e9cifications<\/td>\n<td class=\"et2\">118gx48bags<\/td>\n<\/tr>\n<tr style=\"height: 17.60pt;\">\n<td class=\"et2\" style=\"height: 17.60pt;\" height=\"17\">Taille du carton<\/td>\n<td class=\"et2\">39*26*24cm<\/td>\n<\/tr>\n<tr style=\"height: 17.60pt;\">\n<td class=\"et2\" style=\"height: 17.60pt;\" height=\"17\">N.W.\/Carton<\/td>\n<td class=\"et2\">7,5 kg<\/td>\n<\/tr>\n<tr style=\"height: 17.60pt;\">\n<td class=\"et2\" style=\"height: 17.60pt;\" height=\"17\">Prix<\/td>\n<td class=\"et2\">24USD<\/td>\n<\/tr>\n<tr style=\"height: 17.60pt;\">\n<td class=\"et2\" style=\"height: 17.60pt;\" height=\"17\">MOQ<\/td>\n<td class=\"et2\">500CTNS<\/td>\n<\/tr>\n<tr style=\"height: 17.60pt;\">\n<td class=\"et2\" style=\"height: 17.60pt;\" height=\"17\">\u00c9chantillon<\/td>\n<td class=\"et2\">Disponible<\/td>\n<\/tr>\n<\/tbody>\n<\/table>","protected":false},"featured_media":1132,"comment_status":"open","ping_status":"closed","template":"","meta":{"_acf_changed":false},"product_brand":[],"product_cat":[28,19],"product_tag":[],"class_list":{"0":"post-1130","1":"product","2":"type-product","3":"status-publish","4":"has-post-thumbnail","6":"product_cat-bulk-sour-gummies","7":"product_cat-wholesale-gummy-manufacturer","9":"first","10":"instock","11":"shipping-taxable","12":"product-type-simple"},"acf":[],"_links":{"self":[{"href":"https:\/\/www.lechaocandy.com\/fr\/wp-json\/wp\/v2\/product\/1130","targetHints":{"allow":["GET"]}}],"collection":[{"href":"https:\/\/www.lechaocandy.com\/fr\/wp-json\/wp\/v2\/product"}],"about":[{"href":"https:\/\/www.lechaocandy.com\/fr\/wp-json\/wp\/v2\/types\/product"}],"replies":[{"embeddable":true,"href":"https:\/\/www.lechaocandy.com\/fr\/wp-json\/wp\/v2\/comments?post=1130"}],"wp:featuredmedia":[{"embeddable":true,"href":"https:\/\/www.lechaocandy.com\/fr\/wp-json\/wp\/v2\/media\/1132"}],"wp:attachment":[{"href":"https:\/\/www.lechaocandy.com\/fr\/wp-json\/wp\/v2\/media?parent=1130"}],"wp:term":[{"taxonomy":"product_brand","embeddable":true,"href":"https:\/\/www.lechaocandy.com\/fr\/wp-json\/wp\/v2\/product_brand?post=1130"},{"taxonomy":"product_cat","embeddable":true,"href":"https:\/\/www.lechaocandy.com\/fr\/wp-json\/wp\/v2\/product_cat?post=1130"},{"taxonomy":"product_tag","embeddable":true,"href":"https:\/\/www.lechaocandy.com\/fr\/wp-json\/wp\/v2\/product_tag?post=1130"}],"curies":[{"name":"wp","href":"https:\/\/api.w.org\/{rel}","templated":true}]}}