{"id":1171,"date":"2025-06-09T01:42:25","date_gmt":"2025-06-09T01:42:25","guid":{"rendered":"https:\/\/www.lechaocandy.com\/?post_type=product&#038;p=1171"},"modified":"2026-03-30T09:28:10","modified_gmt":"2026-03-30T09:28:10","slug":"bulk-sour-gummies","status":"publish","type":"product","link":"https:\/\/www.lechaocandy.com\/fr\/produit\/bulk-sour-gummies\/","title":{"rendered":"LeChao Bulk Sour Gummies, D\u00e9licieuse gel\u00e9e de raisin en gros"},"content":{"rendered":"<div class=\"wp-block-columns is-layout-flex wp-container-core-columns-is-layout-9d6595d7 wp-block-columns-is-layout-flex\"><div class=\"wp-block-column is-layout-flow wp-block-column-is-layout-flow\"><h2 class=\"wp-block-heading\">Points forts des gommes \u00e0 m\u00e2cher au raisin en vrac<\/h2>\n\n<ul class=\"wp-block-list\"><li><strong>Aigre-doux, r\u00e9veillez vos papilles : <\/strong>Nos gommes acidul\u00e9es en vrac utilisent une recette acidul\u00e9e sp\u00e9ciale au go\u00fbt de raisin parfum\u00e9, qui est mod\u00e9r\u00e9ment sucr\u00e9 et acidul\u00e9, et qui est inoubliable.<\/li>\n\n<li><strong>Un go\u00fbt riche et moelleux : <\/strong>Ces bonbons g\u00e9lifi\u00e9s en gros utilisent une technologie de g\u00e9latine de haute qualit\u00e9 pour cr\u00e9er une exp\u00e9rience de mastication souple et moelleuse, appr\u00e9ci\u00e9e des enfants et des adultes.<\/li>\n\n<li><strong>Forme de gel\u00e9e de grande valeur, accrocheuse et tentante : <\/strong>Ces gommes acidul\u00e9es en vrac pr\u00e9sentent une texture de gel\u00e9e cristalline, des couleurs riches, des formes mignonnes et sont tr\u00e8s attrayantes en rayon.<\/li>\n\n<li><strong>Emballage en gros, adapt\u00e9 \u00e0 de multiples canaux de vente : <\/strong>Nous fournissons des emballages en gros rentables pour les bonbons g\u00e9lifi\u00e9s, adapt\u00e9s aux supermarch\u00e9s, aux magasins de d\u00e9tail, aux f\u00eates et au remplissage d'emballages cadeaux.<\/li>\n\n<li><strong>Possibilit\u00e9 de personnalisation OEM pour r\u00e9pondre aux besoins personnalis\u00e9s des marques : <\/strong>nos gommes acidul\u00e9es en vrac b\u00e9n\u00e9ficient d'une vari\u00e9t\u00e9 de services personnalis\u00e9s tels que les ar\u00f4mes, l'emballage, les sp\u00e9cifications, etc. pour aider les clients \u00e0 cr\u00e9er des lignes de produits exclusives.<\/li><\/ul><\/div>\n\n<div class=\"wp-block-column is-layout-flow wp-block-column-is-layout-flow\"><figure class=\"wp-block-image size-full\"><img decoding=\"async\" width=\"800\" height=\"800\" src=\"https:\/\/www.lechaocandy.com\/wp-content\/uploads\/2025\/06\/LeChao-Bulk-Sour-Gummies-Delicious-Grape-Jelly-Wholesale-1.webp\" alt=\"LeChao Bulk Sour Gummies, D\u00e9licieux Gel\u00e9e de Raisin Wholesale-1\" class=\"wp-image-1173\" srcset=\"https:\/\/www.lechaocandy.com\/wp-content\/uploads\/2025\/06\/LeChao-Bulk-Sour-Gummies-Delicious-Grape-Jelly-Wholesale-1.webp 800w, https:\/\/www.lechaocandy.com\/wp-content\/uploads\/2025\/06\/LeChao-Bulk-Sour-Gummies-Delicious-Grape-Jelly-Wholesale-1-300x300.webp 300w, https:\/\/www.lechaocandy.com\/wp-content\/uploads\/2025\/06\/LeChao-Bulk-Sour-Gummies-Delicious-Grape-Jelly-Wholesale-1-150x150.webp 150w, https:\/\/www.lechaocandy.com\/wp-content\/uploads\/2025\/06\/LeChao-Bulk-Sour-Gummies-Delicious-Grape-Jelly-Wholesale-1-768x768.webp 768w, https:\/\/www.lechaocandy.com\/wp-content\/uploads\/2025\/06\/LeChao-Bulk-Sour-Gummies-Delicious-Grape-Jelly-Wholesale-1-12x12.webp 12w, https:\/\/www.lechaocandy.com\/wp-content\/uploads\/2025\/06\/LeChao-Bulk-Sour-Gummies-Delicious-Grape-Jelly-Wholesale-1-600x600.webp 600w, https:\/\/www.lechaocandy.com\/wp-content\/uploads\/2025\/06\/LeChao-Bulk-Sour-Gummies-Delicious-Grape-Jelly-Wholesale-1-100x100.webp 100w\" sizes=\"(max-width: 800px) 100vw, 800px\" \/><\/figure><\/div><\/div><figure class=\"wp-block-embed is-type-video is-provider-youtube wp-block-embed-youtube wp-embed-aspect-16-9 wp-has-aspect-ratio\"><div class=\"wp-block-embed__wrapper\">\n<iframe title=\"Sour Gummy Candy | Halal Candy Lechao\" width=\"500\" height=\"281\" src=\"https:\/\/www.youtube.com\/embed\/G4uCMpCQGSQ?feature=oembed\" frameborder=\"0\" allow=\"accelerometer; autoplay; clipboard-write; encrypted-media; gyroscope; picture-in-picture; web-share\" referrerpolicy=\"strict-origin-when-cross-origin\" allowfullscreen><\/iframe>\n<\/div><\/figure>","protected":false},"excerpt":{"rendered":"<p>Bienvenue sur le site d'achat en gros de bonbons g\u00e9lifi\u00e9s. Les bonbons acidul\u00e9s en vrac LeChao, aromatis\u00e9s au raisin, adoptent une formule \u00e9quilibr\u00e9e entre le sucr\u00e9 et l'acide, combinant l'ar\u00f4me complet du fruit du raisin avec un go\u00fbt printanier. Nous pouvons vous fournir des solutions d'emballage en gros de haute qualit\u00e9.<\/p>\n<table style=\"border-collapse: collapse; width: 329.02pt;\" border=\"0\" width=\"329\" cellspacing=\"0\" cellpadding=\"0\">\n<tbody>\n<tr style=\"height: 17.60pt;\">\n<td class=\"et2\" style=\"height: 17.60pt; width: 110.80pt;\" width=\"110\" height=\"17\">Fabricant<\/td>\n<td class=\"et2\" style=\"width: 219.15pt;\" width=\"219\">LeChao Candy<\/td>\n<\/tr>\n<tr style=\"height: 18.00pt;\">\n<td class=\"et2\" style=\"height: 18.00pt;\" height=\"18\">Type de produit<\/td>\n<td class=\"et3\" style=\"width: 219.15pt;\" width=\"219\">Bonbons g\u00e9lifi\u00e9s au raisin<\/td>\n<\/tr>\n<tr style=\"height: 18.00pt;\">\n<td class=\"et2\" style=\"height: 18.00pt;\" height=\"18\">Le go\u00fbt<\/td>\n<td class=\"et3\" style=\"width: 219.15pt;\" width=\"219\">Piquant et fruit\u00e9<\/td>\n<\/tr>\n<tr style=\"height: 17.60pt;\">\n<td class=\"et2\" style=\"height: 17.60pt;\" height=\"17\">Sp\u00e9cifications<\/td>\n<td class=\"et2\">100gX48sacs<\/td>\n<\/tr>\n<tr style=\"height: 17.60pt;\">\n<td class=\"et2\" style=\"height: 17.60pt;\" height=\"17\">Taille du carton<\/td>\n<td class=\"et2\">45*33*30cm<\/td>\n<\/tr>\n<tr style=\"height: 17.60pt;\">\n<td class=\"et2\" style=\"height: 17.60pt;\" height=\"17\">N.W.\/Carton<\/td>\n<td class=\"et2\">6,0 kg<\/td>\n<\/tr>\n<tr style=\"height: 17.60pt;\">\n<td class=\"et2\" style=\"height: 17.60pt;\" height=\"17\">\u00c9chantillon<\/td>\n<td class=\"et2\">Disponible<\/td>\n<\/tr>\n<\/tbody>\n<\/table>","protected":false},"featured_media":1172,"comment_status":"open","ping_status":"closed","template":"","meta":{"_acf_changed":false},"product_brand":[],"product_cat":[28,19],"product_tag":[],"class_list":{"0":"post-1171","1":"product","2":"type-product","3":"status-publish","4":"has-post-thumbnail","6":"product_cat-bulk-sour-gummies","7":"product_cat-wholesale-gummy-manufacturer","9":"first","10":"instock","11":"shipping-taxable","12":"product-type-simple"},"acf":[],"_links":{"self":[{"href":"https:\/\/www.lechaocandy.com\/fr\/wp-json\/wp\/v2\/product\/1171","targetHints":{"allow":["GET"]}}],"collection":[{"href":"https:\/\/www.lechaocandy.com\/fr\/wp-json\/wp\/v2\/product"}],"about":[{"href":"https:\/\/www.lechaocandy.com\/fr\/wp-json\/wp\/v2\/types\/product"}],"replies":[{"embeddable":true,"href":"https:\/\/www.lechaocandy.com\/fr\/wp-json\/wp\/v2\/comments?post=1171"}],"wp:featuredmedia":[{"embeddable":true,"href":"https:\/\/www.lechaocandy.com\/fr\/wp-json\/wp\/v2\/media\/1172"}],"wp:attachment":[{"href":"https:\/\/www.lechaocandy.com\/fr\/wp-json\/wp\/v2\/media?parent=1171"}],"wp:term":[{"taxonomy":"product_brand","embeddable":true,"href":"https:\/\/www.lechaocandy.com\/fr\/wp-json\/wp\/v2\/product_brand?post=1171"},{"taxonomy":"product_cat","embeddable":true,"href":"https:\/\/www.lechaocandy.com\/fr\/wp-json\/wp\/v2\/product_cat?post=1171"},{"taxonomy":"product_tag","embeddable":true,"href":"https:\/\/www.lechaocandy.com\/fr\/wp-json\/wp\/v2\/product_tag?post=1171"}],"curies":[{"name":"wp","href":"https:\/\/api.w.org\/{rel}","templated":true}]}}