{"id":1189,"date":"2025-06-09T10:02:30","date_gmt":"2025-06-09T10:02:30","guid":{"rendered":"https:\/\/www.lechaocandy.com\/?post_type=product&#038;p=1189"},"modified":"2025-06-09T10:12:53","modified_gmt":"2025-06-09T10:12:53","slug":"bulk-gummy-mix","status":"publish","type":"product","link":"https:\/\/www.lechaocandy.com\/fr\/produit\/bulk-gummy-mix\/","title":{"rendered":"M\u00e9lange de gommes en forme de champignon, gommes acidul\u00e9es en gros"},"content":{"rendered":"<div class=\"wp-block-columns is-layout-flex wp-container-core-columns-is-layout-9d6595d7 wp-block-columns-is-layout-flex\"><div class=\"wp-block-column is-layout-flow wp-block-column-is-layout-flow\"><h2 class=\"wp-block-heading\">Points forts du produit M\u00e9lange de gommes en vrac en forme de champignon<\/h2>\n\n<ul class=\"wp-block-list\"><li><strong>Forme amusante de champignon, pleine de cr\u00e9ativit\u00e9 :<\/strong> Ce m\u00e9lange de gommes en vrac a la forme d'un champignon amusant, d'un dessin anim\u00e9 mignon, qui attire l'attention, et peut am\u00e9liorer la reconnaissance du produit, ce qui convient \u00e0 la fabrication de bonbons populaires.<\/li>\n\n<li><strong>M\u00e9lange de saveurs, riche et d\u00e9licieux : <\/strong>Ces gommes acidul\u00e9es en gros combinent une vari\u00e9t\u00e9 d'ar\u00f4mes de fruits, et chaque bouch\u00e9e est une exp\u00e9rience fra\u00eeche pour r\u00e9pondre \u00e0 des besoins gustatifs divers.<\/li>\n\n<li><strong>Envelopp\u00e9 de poudre acide pour stimuler les papilles gustatives : <\/strong>Nos bonbons gommeux en vrac en forme de champignon sont enrob\u00e9s d'une d\u00e9licate poudre acidul\u00e9e \u00e0 la surface, ce qui donne un effet acidul\u00e9 et app\u00e9tissant \u00e0 la premi\u00e8re bouch\u00e9e et convient aux consommateurs qui aiment les saveurs fortes.<\/li>\n\n<li><strong>Plus on m\u00e2che, plus c'est d\u00e9licieux : <\/strong>Nos gommes acidul\u00e9es en gros utilisent de la g\u00e9latine de haute qualit\u00e9 pour cr\u00e9er une sensation de mastication douce et moelleuse, apportant un plaisir oral riche, adapt\u00e9 \u00e0 tous les \u00e2ges.<\/li>\n\n<li><strong>Emballage en vrac, vente en gros, soutien \u00e0 la personnalisation : <\/strong>Nous fournissons des emballages en vrac rentables pour les m\u00e9langes g\u00e9lifi\u00e9s en vrac, adapt\u00e9s \u00e0 la vente au d\u00e9tail, au reconditionnement, aux bonbons de f\u00eate, aux bo\u00eetes-cadeaux de vacances et \u00e0 d'autres sc\u00e9narios, et nous prenons en charge la personnalisation des saveurs et des emballages par les OEM.<\/li><\/ul><\/div>\n\n<div class=\"wp-block-column is-layout-flow wp-block-column-is-layout-flow\"><figure class=\"wp-block-image size-full\"><img decoding=\"async\" width=\"800\" height=\"800\" src=\"https:\/\/www.lechaocandy.com\/wp-content\/uploads\/2025\/06\/Mushroom-Shaped-Bulk-Gummy-Mix-Sour-Gummies-Wholesale-1.webp\" alt=\"M\u00e9lange de gommes en forme de champignon, gommes aigres en gros-1\" class=\"wp-image-1190\" srcset=\"https:\/\/www.lechaocandy.com\/wp-content\/uploads\/2025\/06\/Mushroom-Shaped-Bulk-Gummy-Mix-Sour-Gummies-Wholesale-1.webp 800w, https:\/\/www.lechaocandy.com\/wp-content\/uploads\/2025\/06\/Mushroom-Shaped-Bulk-Gummy-Mix-Sour-Gummies-Wholesale-1-300x300.webp 300w, https:\/\/www.lechaocandy.com\/wp-content\/uploads\/2025\/06\/Mushroom-Shaped-Bulk-Gummy-Mix-Sour-Gummies-Wholesale-1-150x150.webp 150w, https:\/\/www.lechaocandy.com\/wp-content\/uploads\/2025\/06\/Mushroom-Shaped-Bulk-Gummy-Mix-Sour-Gummies-Wholesale-1-768x768.webp 768w, https:\/\/www.lechaocandy.com\/wp-content\/uploads\/2025\/06\/Mushroom-Shaped-Bulk-Gummy-Mix-Sour-Gummies-Wholesale-1-12x12.webp 12w, https:\/\/www.lechaocandy.com\/wp-content\/uploads\/2025\/06\/Mushroom-Shaped-Bulk-Gummy-Mix-Sour-Gummies-Wholesale-1-600x600.webp 600w, https:\/\/www.lechaocandy.com\/wp-content\/uploads\/2025\/06\/Mushroom-Shaped-Bulk-Gummy-Mix-Sour-Gummies-Wholesale-1-100x100.webp 100w\" sizes=\"(max-width: 800px) 100vw, 800px\" \/><\/figure><\/div><\/div>","protected":false},"excerpt":{"rendered":"<p>Bienvenue sur le site d'achat en gros de gommes acidul\u00e9es. Les gommes acidul\u00e9es en forme de champignon de LeChao combinent parfaitement des formes mignonnes et cr\u00e9atives avec une vari\u00e9t\u00e9 d'ar\u00f4mes de fruits. C'est un choix id\u00e9al pour les snacks, les emballages cadeaux et la personnalisation des marques.<\/p>\n<table style=\"border-collapse: collapse; width: 329.02pt;\" border=\"0\" width=\"329\" cellspacing=\"0\" cellpadding=\"0\">\n<tbody>\n<tr style=\"height: 17.60pt;\">\n<td class=\"et2\" style=\"height: 17.60pt; width: 110.80pt;\" width=\"110\" height=\"17\">Fabricant<\/td>\n<td class=\"et2\" style=\"width: 219.15pt;\" width=\"219\">LeChao Candy<\/td>\n<\/tr>\n<tr style=\"height: 18.00pt;\">\n<td class=\"et2\" style=\"height: 18.00pt;\" height=\"18\">Type de produit<\/td>\n<td class=\"et3\" style=\"width: 219.15pt;\" width=\"219\">Bonbons g\u00e9lifi\u00e9s Champignon Sour<\/td>\n<\/tr>\n<tr style=\"height: 18.00pt;\">\n<td class=\"et2\" style=\"height: 18.00pt;\" height=\"18\">Le go\u00fbt<\/td>\n<td class=\"et3\" style=\"width: 219.15pt;\" width=\"219\">Aigre-doux et r\u00e9silient<\/td>\n<\/tr>\n<tr style=\"height: 17.60pt;\">\n<td class=\"et2\" style=\"height: 17.60pt;\" height=\"17\">Sp\u00e9cifications<\/td>\n<td class=\"et2\">118gx48bags<\/td>\n<\/tr>\n<tr style=\"height: 17.60pt;\">\n<td class=\"et2\" style=\"height: 17.60pt;\" height=\"17\">Taille du carton<\/td>\n<td class=\"et2\">39*26*24cm<\/td>\n<\/tr>\n<tr style=\"height: 17.60pt;\">\n<td class=\"et2\" style=\"height: 17.60pt;\" height=\"17\">N.W.\/Carton<\/td>\n<td class=\"et2\">7,5 kg<\/td>\n<\/tr>\n<tr style=\"height: 17.60pt;\">\n<td class=\"et2\" style=\"height: 17.60pt;\" height=\"17\">Prix<\/td>\n<td class=\"et2\">24USD<\/td>\n<\/tr>\n<tr style=\"height: 17.60pt;\">\n<td class=\"et2\" style=\"height: 17.60pt;\" height=\"17\">MOQ<\/td>\n<td class=\"et2\">500CTNS<\/td>\n<\/tr>\n<tr style=\"height: 17.60pt;\">\n<td class=\"et2\" style=\"height: 17.60pt;\" height=\"17\">\u00c9chantillon<\/td>\n<td class=\"et2\">Disponible<\/td>\n<\/tr>\n<\/tbody>\n<\/table>","protected":false},"featured_media":1191,"comment_status":"open","ping_status":"closed","template":"","meta":{"_acf_changed":false},"product_brand":[],"product_cat":[28,19],"product_tag":[],"class_list":{"0":"post-1189","1":"product","2":"type-product","3":"status-publish","4":"has-post-thumbnail","6":"product_cat-bulk-sour-gummies","7":"product_cat-wholesale-gummy-manufacturer","9":"first","10":"instock","11":"shipping-taxable","12":"product-type-simple"},"acf":[],"_links":{"self":[{"href":"https:\/\/www.lechaocandy.com\/fr\/wp-json\/wp\/v2\/product\/1189","targetHints":{"allow":["GET"]}}],"collection":[{"href":"https:\/\/www.lechaocandy.com\/fr\/wp-json\/wp\/v2\/product"}],"about":[{"href":"https:\/\/www.lechaocandy.com\/fr\/wp-json\/wp\/v2\/types\/product"}],"replies":[{"embeddable":true,"href":"https:\/\/www.lechaocandy.com\/fr\/wp-json\/wp\/v2\/comments?post=1189"}],"wp:featuredmedia":[{"embeddable":true,"href":"https:\/\/www.lechaocandy.com\/fr\/wp-json\/wp\/v2\/media\/1191"}],"wp:attachment":[{"href":"https:\/\/www.lechaocandy.com\/fr\/wp-json\/wp\/v2\/media?parent=1189"}],"wp:term":[{"taxonomy":"product_brand","embeddable":true,"href":"https:\/\/www.lechaocandy.com\/fr\/wp-json\/wp\/v2\/product_brand?post=1189"},{"taxonomy":"product_cat","embeddable":true,"href":"https:\/\/www.lechaocandy.com\/fr\/wp-json\/wp\/v2\/product_cat?post=1189"},{"taxonomy":"product_tag","embeddable":true,"href":"https:\/\/www.lechaocandy.com\/fr\/wp-json\/wp\/v2\/product_tag?post=1189"}],"curies":[{"name":"wp","href":"https:\/\/api.w.org\/{rel}","templated":true}]}}