{"id":1212,"date":"2025-06-12T09:33:10","date_gmt":"2025-06-12T09:33:10","guid":{"rendered":"https:\/\/www.lechaocandy.com\/?post_type=product&#038;p=1212"},"modified":"2025-06-12T09:39:59","modified_gmt":"2025-06-12T09:39:59","slug":"bulk-candy-marshmallow","status":"publish","type":"product","link":"https:\/\/www.lechaocandy.com\/fr\/produit\/bulk-candy-marshmallow\/","title":{"rendered":"Guimauve en vrac en forme de craie, longues bouch\u00e9es de guimauve"},"content":{"rendered":"<div class=\"wp-block-columns is-layout-flex wp-container-core-columns-is-layout-9d6595d7 wp-block-columns-is-layout-flex\"><div class=\"wp-block-column is-layout-flow wp-block-column-is-layout-flow\"><h2 class=\"wp-block-heading\">Points forts du produit Bonbons en vrac Guimauve<\/h2>\n\n<ul class=\"wp-block-list\"><li><strong>Forme cr\u00e9ative de craie : <\/strong>Ce bonbon de guimauve en vrac pr\u00e9sente une longue bande, des couleurs riches, une apparence originale et mignonne, un fort attrait, et am\u00e9liore la beaut\u00e9 de l'\u00e9talage et l'exp\u00e9rience du consommateur.<\/li>\n\n<li><strong>Un go\u00fbt moelleux et doux : <\/strong>Nos guimauves en gros sont denses et moelleuses, fondent dans la bouche, sont sucr\u00e9es sans \u00eatre grasses et sont tr\u00e8s appr\u00e9ci\u00e9es des enfants et des jeunes.<\/li>\n\n<li><strong>Sc\u00e9narios d'application polyvalents : <\/strong>Nos guimauves en vrac conviennent aux sacs de vente au d\u00e9tail, aux bonbons festifs, aux f\u00eates d'enfants, aux d\u00e9corations de desserts DIY et \u00e0 d'autres fins.<\/li>\n\n<li><strong>Prise en charge de la personnalisation : <\/strong>Ces guimauves en gros peuvent \u00eatre personnalis\u00e9es en fonction des besoins du client en termes de couleurs, de taille, d'ar\u00f4mes et de formules sp\u00e9ciales (telles que v\u00e9g\u00e9talien, halal, sans gluten).<\/li>\n\n<li><strong>Approvisionnement en gros stable et fiable : <\/strong>Nos guimauves en vrac sont livr\u00e9es rapidement et conviennent pour une coop\u00e9ration \u00e0 long terme avec les importateurs, les supermarch\u00e9s, le commerce \u00e9lectronique et les distributeurs.<\/li><\/ul><\/div>\n\n<div class=\"wp-block-column is-layout-flow wp-block-column-is-layout-flow\"><figure class=\"wp-block-image size-full\"><img decoding=\"async\" width=\"651\" height=\"592\" src=\"https:\/\/www.lechaocandy.com\/wp-content\/uploads\/2025\/06\/Chalk-Shape-Bulk-Candy-Marshmallow-Long-Marshmallow-Bites-3.webp\" alt=\"Guimauve en vrac en forme de craie, longues bouch\u00e9es de guimauve-3\" class=\"wp-image-1215\" srcset=\"https:\/\/www.lechaocandy.com\/wp-content\/uploads\/2025\/06\/Chalk-Shape-Bulk-Candy-Marshmallow-Long-Marshmallow-Bites-3.webp 651w, https:\/\/www.lechaocandy.com\/wp-content\/uploads\/2025\/06\/Chalk-Shape-Bulk-Candy-Marshmallow-Long-Marshmallow-Bites-3-300x273.webp 300w, https:\/\/www.lechaocandy.com\/wp-content\/uploads\/2025\/06\/Chalk-Shape-Bulk-Candy-Marshmallow-Long-Marshmallow-Bites-3-13x12.webp 13w, https:\/\/www.lechaocandy.com\/wp-content\/uploads\/2025\/06\/Chalk-Shape-Bulk-Candy-Marshmallow-Long-Marshmallow-Bites-3-600x546.webp 600w\" sizes=\"(max-width: 651px) 100vw, 651px\" \/><\/figure><\/div><\/div>","protected":false},"excerpt":{"rendered":"<p>Nous vous invitons \u00e0 acheter des guimauves en vrac. Nos guimauves en gros en forme de craie ont une forme unique, avec une longue bande et un go\u00fbt doux. Elles sont int\u00e9ressantes et reconnaissables. Nous proposons des formules de vente en gros et des formules personnalis\u00e9es.<\/p>\n<table style=\"border-collapse: collapse; width: 329.02pt;\" border=\"0\" width=\"329\" cellspacing=\"0\" cellpadding=\"0\">\n<tbody>\n<tr style=\"height: 17.60pt;\">\n<td class=\"et2\" style=\"height: 17.60pt; width: 110.80pt;\" width=\"110\" height=\"17\">Fabricant<\/td>\n<td class=\"et2\" style=\"width: 219.15pt;\" width=\"219\">LeChao Candy<\/td>\n<\/tr>\n<tr style=\"height: 18.00pt;\">\n<td class=\"et2\" style=\"height: 18.00pt;\" height=\"18\">Type de produit<\/td>\n<td class=\"et3\" style=\"width: 219.15pt;\" width=\"219\">Guimauves en forme de craie<\/td>\n<\/tr>\n<tr style=\"height: 18.00pt;\">\n<td class=\"et2\" style=\"height: 18.00pt;\" height=\"18\">Le go\u00fbt<\/td>\n<td class=\"et3\" style=\"width: 219.15pt;\" width=\"219\">Doux et sucr\u00e9<\/td>\n<\/tr>\n<tr style=\"height: 17.60pt;\">\n<td class=\"et2\" style=\"height: 17.60pt;\" height=\"17\">Sp\u00e9cifications<\/td>\n<td class=\"et2\">20gX24pcsX12bo\u00eetes<\/td>\n<\/tr>\n<tr style=\"height: 17.60pt;\">\n<td class=\"et2\" style=\"height: 17.60pt;\" height=\"17\">Taille du carton<\/td>\n<td class=\"et2\">58.5X29.5X40.5cm<\/td>\n<\/tr>\n<tr style=\"height: 17.60pt;\">\n<td class=\"et2\" style=\"height: 17.60pt;\" height=\"17\">N.W.\/Carton<\/td>\n<td class=\"et2\">8,0 kg<\/td>\n<\/tr>\n<tr style=\"height: 17.60pt;\">\n<td class=\"et2\" style=\"height: 17.60pt;\" height=\"17\">Prix<\/td>\n<td class=\"et2\">22-23.5USD<\/td>\n<\/tr>\n<tr style=\"height: 17.60pt;\">\n<td class=\"et2\" style=\"height: 17.60pt;\" height=\"17\">MOQ<\/td>\n<td class=\"et2\">400CTNS<\/td>\n<\/tr>\n<tr style=\"height: 17.60pt;\">\n<td class=\"et2\" style=\"height: 17.60pt;\" height=\"17\">\u00c9chantillon<\/td>\n<td class=\"et2\">Disponible<\/td>\n<\/tr>\n<\/tbody>\n<\/table>","protected":false},"featured_media":1214,"comment_status":"open","ping_status":"closed","template":"","meta":{"_acf_changed":false},"product_brand":[],"product_cat":[22],"product_tag":[],"class_list":{"0":"post-1212","1":"product","2":"type-product","3":"status-publish","4":"has-post-thumbnail","6":"product_cat-wholesale-marshmallows","8":"first","9":"instock","10":"shipping-taxable","11":"product-type-simple"},"acf":[],"_links":{"self":[{"href":"https:\/\/www.lechaocandy.com\/fr\/wp-json\/wp\/v2\/product\/1212","targetHints":{"allow":["GET"]}}],"collection":[{"href":"https:\/\/www.lechaocandy.com\/fr\/wp-json\/wp\/v2\/product"}],"about":[{"href":"https:\/\/www.lechaocandy.com\/fr\/wp-json\/wp\/v2\/types\/product"}],"replies":[{"embeddable":true,"href":"https:\/\/www.lechaocandy.com\/fr\/wp-json\/wp\/v2\/comments?post=1212"}],"wp:featuredmedia":[{"embeddable":true,"href":"https:\/\/www.lechaocandy.com\/fr\/wp-json\/wp\/v2\/media\/1214"}],"wp:attachment":[{"href":"https:\/\/www.lechaocandy.com\/fr\/wp-json\/wp\/v2\/media?parent=1212"}],"wp:term":[{"taxonomy":"product_brand","embeddable":true,"href":"https:\/\/www.lechaocandy.com\/fr\/wp-json\/wp\/v2\/product_brand?post=1212"},{"taxonomy":"product_cat","embeddable":true,"href":"https:\/\/www.lechaocandy.com\/fr\/wp-json\/wp\/v2\/product_cat?post=1212"},{"taxonomy":"product_tag","embeddable":true,"href":"https:\/\/www.lechaocandy.com\/fr\/wp-json\/wp\/v2\/product_tag?post=1212"}],"curies":[{"name":"wp","href":"https:\/\/api.w.org\/{rel}","templated":true}]}}